{"id":3267,"date":"2023-07-08T00:02:02","date_gmt":"2023-07-07T21:02:02","guid":{"rendered":"https:\/\/pdricma.com.tr\/?page_id=3267"},"modified":"2023-07-08T00:02:45","modified_gmt":"2023-07-07T21:02:45","slug":"binnur-kayabey-pcc","status":"publish","type":"page","link":"https:\/\/pdricma.com.tr\/en\/binnur-kayabey-pcc\/","title":{"rendered":"Binnur Kayabey (PCC)"},"content":{"rendered":"\t\t<div data-elementor-type=\"wp-post\" data-elementor-id=\"3267\" class=\"elementor elementor-3267\">\n\t\t\t\t\t\t<section class=\"elementor-section elementor-top-section elementor-element elementor-element-ff60954 elementor-section-boxed elementor-section-height-default elementor-section-height-default\" data-id=\"ff60954\" data-element_type=\"section\" data-settings=\"{&quot;background_background&quot;:&quot;classic&quot;,&quot;ekit_has_onepagescroll_dot&quot;:&quot;yes&quot;}\">\n\t\t\t\t\t\t<div class=\"elementor-container elementor-column-gap-default\">\n\t\t\t\t\t<div class=\"elementor-column elementor-col-100 elementor-top-column elementor-element elementor-element-350388e\" data-id=\"350388e\" data-element_type=\"column\">\n\t\t\t<div class=\"elementor-widget-wrap elementor-element-populated\">\n\t\t\t\t\t\t<div class=\"elementor-element elementor-element-fa56586 elementor-widget elementor-widget-heading\" data-id=\"fa56586\" data-element_type=\"widget\" data-settings=\"{&quot;ekit_we_effect_on&quot;:&quot;none&quot;}\" data-widget_type=\"heading.default\">\n\t\t\t\t<div class=\"elementor-widget-container\">\n\t\t\t<style>\/*! elementor - v3.21.0 - 08-05-2024 *\/\n.elementor-heading-title{padding:0;margin:0;line-height:1}.elementor-widget-heading .elementor-heading-title[class*=elementor-size-]>a{color:inherit;font-size:inherit;line-height:inherit}.elementor-widget-heading .elementor-heading-title.elementor-size-small{font-size:15px}.elementor-widget-heading .elementor-heading-title.elementor-size-medium{font-size:19px}.elementor-widget-heading .elementor-heading-title.elementor-size-large{font-size:29px}.elementor-widget-heading .elementor-heading-title.elementor-size-xl{font-size:39px}.elementor-widget-heading .elementor-heading-title.elementor-size-xxl{font-size:59px}<\/style><h1 class=\"elementor-heading-title elementor-size-default\">ICF Onayl\u0131 Dan\u0131\u015fmanlar\u0131m\u0131z<\/h1>\t\t<\/div>\n\t\t\t\t<\/div>\n\t\t\t\t\t<\/div>\n\t\t<\/div>\n\t\t\t\t\t<\/div>\n\t\t<\/section>\n\t\t\t\t<section class=\"elementor-section elementor-top-section elementor-element elementor-element-51f23c3 elementor-section-boxed elementor-section-height-default elementor-section-height-default\" data-id=\"51f23c3\" data-element_type=\"section\" data-settings=\"{&quot;ekit_has_onepagescroll_dot&quot;:&quot;yes&quot;}\">\n\t\t\t\t\t\t<div class=\"elementor-container elementor-column-gap-default\">\n\t\t\t\t\t<div class=\"elementor-column elementor-col-50 elementor-top-column elementor-element elementor-element-939a380\" data-id=\"939a380\" data-element_type=\"column\">\n\t\t\t<div class=\"elementor-widget-wrap elementor-element-populated\">\n\t\t\t\t\t\t<div class=\"elementor-element elementor-element-2b1addd elementor-widget elementor-widget-image\" data-id=\"2b1addd\" data-element_type=\"widget\" data-settings=\"{&quot;ekit_we_effect_on&quot;:&quot;none&quot;}\" data-widget_type=\"image.default\">\n\t\t\t\t<div class=\"elementor-widget-container\">\n\t\t\t<style>\/*! elementor - v3.21.0 - 08-05-2024 *\/\n.elementor-widget-image{text-align:center}.elementor-widget-image a{display:inline-block}.elementor-widget-image a img[src$=\".svg\"]{width:48px}.elementor-widget-image img{vertical-align:middle;display:inline-block}<\/style>\t\t\t\t\t\t\t\t\t\t<img fetchpriority=\"high\" decoding=\"async\" width=\"265\" height=\"300\" src=\"https:\/\/pdricma.com.tr\/wp-content\/uploads\/2023\/07\/4554-265x300.jpg\" class=\"attachment-medium size-medium wp-image-3201\" alt=\"\" srcset=\"https:\/\/pdricma.com.tr\/wp-content\/uploads\/2023\/07\/4554-265x300.jpg 265w, https:\/\/pdricma.com.tr\/wp-content\/uploads\/2023\/07\/4554-486x550.jpg 486w, https:\/\/pdricma.com.tr\/wp-content\/uploads\/2023\/07\/4554-550x623.jpg 550w, https:\/\/pdricma.com.tr\/wp-content\/uploads\/2023\/07\/4554-442x500.jpg 442w, https:\/\/pdricma.com.tr\/wp-content\/uploads\/2023\/07\/4554.jpg 636w\" sizes=\"(max-width: 265px) 100vw, 265px\" \/>\t\t\t\t\t\t\t\t\t\t\t\t\t<\/div>\n\t\t\t\t<\/div>\n\t\t\t\t\t<\/div>\n\t\t<\/div>\n\t\t\t\t<div class=\"elementor-column elementor-col-50 elementor-top-column elementor-element elementor-element-a209023\" data-id=\"a209023\" data-element_type=\"column\">\n\t\t\t<div class=\"elementor-widget-wrap elementor-element-populated\">\n\t\t\t\t\t\t<div class=\"elementor-element elementor-element-76e5e9f elementor-widget elementor-widget-jet-team-member\" data-id=\"76e5e9f\" data-element_type=\"widget\" data-settings=\"{&quot;ekit_we_effect_on&quot;:&quot;none&quot;}\" data-widget_type=\"jet-team-member.default\">\n\t\t\t\t<div class=\"elementor-widget-container\">\n\t\t\t<div class=\"elementor-jet-team-member jet-elements\"><div class=\"jet-team-member\">\n\t<div class=\"jet-team-member__inner\">\n\t\t<div class=\"jet-team-member__image\">\n\t\t\t<div class=\"jet-team-member__cover\"><\/div>\n\t\t\t\t\t<\/div>\n\t\t<div class=\"jet-team-member__content\"><h3 class=\"jet-team-member__name\"><span class=\"jet-team-member__name-first\">Binnur Kayabey<\/span><span class=\"jet-team-member__name-last\"> (PCC)<\/span><\/h3><div class=\"jet-team-member__position\"><span>PDRICMA Fak\u00fclte Lideri<\/span><\/div><div class=\"jet-team-member__socials\"><div class=\"jet-team-member__socials-item\"><a href=\"https:\/\/www.linkedin.com\/in\/binnur-h-kayabey-70194237\/\" aria-label=\"lindedin\"><div class=\"jet-team-member__socials-icon\"><div class=\"inner\"><span class=\"jet-elements-icon\"><i aria-hidden=\"true\" class=\"fab fa-linkedin\"><\/i><\/span><\/div><\/div><\/a><\/div><div class=\"jet-team-member__socials-item\"><a href=\"https:\/\/youtu.be\/sENMw5B7KXE\" aria-label=\"youtube\"><div class=\"jet-team-member__socials-icon\"><div class=\"inner\"><span class=\"jet-elements-icon\"><i aria-hidden=\"true\" class=\"fab fa-youtube\"><\/i><\/span><\/div><\/div><\/a><\/div><\/div><\/div>\n\t<\/div>\n<\/div>\n<\/div>\t\t<\/div>\n\t\t\t\t<\/div>\n\t\t\t\t<div class=\"elementor-element elementor-element-be1928a elementor-widget elementor-widget-text-editor\" data-id=\"be1928a\" data-element_type=\"widget\" data-settings=\"{&quot;ekit_we_effect_on&quot;:&quot;none&quot;}\" data-widget_type=\"text-editor.default\">\n\t\t\t\t<div class=\"elementor-widget-container\">\n\t\t\t<style>\/*! elementor - v3.21.0 - 08-05-2024 *\/\n.elementor-widget-text-editor.elementor-drop-cap-view-stacked .elementor-drop-cap{background-color:#69727d;color:#fff}.elementor-widget-text-editor.elementor-drop-cap-view-framed .elementor-drop-cap{color:#69727d;border:3px solid;background-color:transparent}.elementor-widget-text-editor:not(.elementor-drop-cap-view-default) .elementor-drop-cap{margin-top:8px}.elementor-widget-text-editor:not(.elementor-drop-cap-view-default) .elementor-drop-cap-letter{width:1em;height:1em}.elementor-widget-text-editor .elementor-drop-cap{float:left;text-align:center;line-height:1;font-size:50px}.elementor-widget-text-editor .elementor-drop-cap-letter{display:inline-block}<\/style>\t\t\t\t<p>\u0130stanbul \u00dcniversitesi I\u0307s\u0327letme Fak\u00fcltesi\u2019nden 1995 y\u0131l\u0131nda mezun olan Binnur Kayabey, profesyonel ya\u015fam\u0131na Eczac\u0131bas\u0327\u0131 Menkul Deg\u0306erler\u2019de ba\u015flad\u0131. Sonras\u0131nda kurumsal etkinlik y\u00f6netimi ve medical cihaz sat\u0131\u015f\u0131 alan\u0131nda faaliyet g\u00f6steren 2 \u015firketin kurucusu olarak giri\u015fimcilik rol\u00fcne ge\u00e7ti. Profesyonel kariyerinin ilk 20 y\u0131l\u0131nda farkl\u0131 organizasyon yap\u0131lar\u0131n\u0131n olu\u015fturulmas\u0131, sat\u0131s\u0327 ve pazarlama ekiplerinin yap\u0131land\u0131r\u0131lmas\u0131, y\u00f6netimi, stratejik \u00f6ncelikli hedeflerin belirlenmesi, performans sistemlerinin kurulumu, de\u011ferlendirilmesi ve geli\u015ftirilmesi, rakiplerin analizi ile ilgili sorumluluklar ald\u0131.<\/p><p>2016 Y\u0131l\u0131ndan itibaren Dan\u0131\u015fmanl\u0131k ve Profesyonel Ko\u00e7luk alanlar\u0131nda \u00e7al\u0131\u015fmalar\u0131n\u0131 s\u00fcrd\u00fcren Binnur, \u00a0\u0130nsan Kaynaklar\u0131 Y\u00f6netimi Sertifika Program\u0131n\u0131, Uluslararas\u0131 Ko\u00e7luk Federasyonu (ICF) \u2018nundan akredite Profesyonel Ko\u00e7luk Temel ve \u0130leri Seviye e\u011fitimleri ile Tak\u0131m Ko\u00e7lu\u011fu e\u011fitimini ve Transaksiyonel Analiz, N\u00f6robilim alanlar\u0131nda e\u011fitimlerini tamamlam\u0131\u015ft\u0131r. Uluslararas\u0131 Ko\u00e7luk Federasyonu (ICF) taraf\u0131ndan verilen Professional Certified Coach (PCC) \u00fcnvan\u0131na sahiptir.<\/p><p>\u0130nsan\u0131n, kendine yolculu\u011funun \u00e7ok k\u0131ymetli oldu\u011funa olan inanc\u0131yla, kurumlar\u0131n ve bireylerin istedikleri performans ya da doyuma ula\u015fmalar\u0131 konusunda, var olan sonsuz potansiyellerini harekete ge\u00e7irmek \u00fczere, bilgiye, g\u00fcvene ve samimiyete dayal\u0131 yol arkada\u015fl\u0131klar\u0131n\u0131 payla\u015farak, hedefledikleri geli\u015fim ve d\u00f6n\u00fc\u015f\u00fcmlerine destek vermektedir.<\/p><p>\u00c7e\u015fitli sosyal sorumluluk projeleri ile topluma hizmet etme konusunda \u00e7al\u0131\u015fmalar\u0131 olan Binnur Kayabey, bir \u00e7ocuk annesidir.<\/p>\t\t\t\t\t\t<\/div>\n\t\t\t\t<\/div>\n\t\t\t\t\t<\/div>\n\t\t<\/div>\n\t\t\t\t\t<\/div>\n\t\t<\/section>\n\t\t\t\t<section class=\"elementor-section elementor-top-section elementor-element elementor-element-000c387 elementor-section-boxed elementor-section-height-default elementor-section-height-default\" data-id=\"000c387\" data-element_type=\"section\" data-settings=\"{&quot;ekit_has_onepagescroll_dot&quot;:&quot;yes&quot;}\">\n\t\t\t\t\t\t<div class=\"elementor-container elementor-column-gap-default\">\n\t\t\t\t\t<div class=\"elementor-column elementor-col-100 elementor-top-column elementor-element elementor-element-3e7a8e9\" data-id=\"3e7a8e9\" data-element_type=\"column\">\n\t\t\t<div class=\"elementor-widget-wrap\">\n\t\t\t\t\t\t\t<\/div>\n\t\t<\/div>\n\t\t\t\t\t<\/div>\n\t\t<\/section>\n\t\t\t\t<\/div>\n\t\t","protected":false},"excerpt":{"rendered":"<p>ICF Onayl\u0131 Dan\u0131\u015fmanlar\u0131m\u0131z Binnur Kayabey (PCC) PDRICMA Fak\u00fclte Lideri \u0130stanbul \u00dcniversitesi I\u0307s\u0327letme Fak\u00fcltesi\u2019nden 1995 y\u0131l\u0131nda mezun olan Binnur Kayabey, profesyonel ya\u015fam\u0131na Eczac\u0131bas\u0327\u0131 Menkul Deg\u0306erler\u2019de ba\u015flad\u0131. Sonras\u0131nda kurumsal etkinlik y\u00f6netimi ve medical cihaz sat\u0131\u015f\u0131 alan\u0131nda faaliyet g\u00f6steren 2 \u015firketin kurucusu olarak giri\u015fimcilik rol\u00fcne ge\u00e7ti. Profesyonel kariyerinin ilk 20 y\u0131l\u0131nda farkl\u0131 organizasyon yap\u0131lar\u0131n\u0131n olu\u015fturulmas\u0131, sat\u0131s\u0327 ve pazarlama ekiplerinin yap\u0131land\u0131r\u0131lmas\u0131, y\u00f6netimi, stratejik \u00f6ncelikli hedeflerin belirlenmesi, performans sistemlerinin kurulumu,&#8230; <\/p>\n<p class=\"more\"><a class=\"more-link\" href=\"https:\/\/pdricma.com.tr\/en\/binnur-kayabey-pcc\/\">Read More<\/a><\/p>","protected":false},"author":1,"featured_media":0,"parent":0,"menu_order":0,"comment_status":"closed","ping_status":"closed","template":"elementor_header_footer","meta":{"footnotes":""},"class_list":["post-3267","page","type-page","status-publish","hentry","is-cat-link-solid-light is-cat-link-rounded"],"yoast_head":"<!-- This site is optimized with the Yoast SEO Premium plugin v24.0 (Yoast SEO v26.9) - https:\/\/yoast.com\/product\/yoast-seo-premium-wordpress\/ -->\n<title>Binnur Kayabey (PCC) - PDR International Coaching &amp; Mentoring Academy<\/title>\n<meta name=\"robots\" content=\"index, follow, max-snippet:-1, max-image-preview:large, max-video-preview:-1\" \/>\n<link rel=\"canonical\" href=\"https:\/\/pdricma.com.tr\/en\/binnur-kayabey-pcc\/\" \/>\n<meta property=\"og:locale\" content=\"en_US\" \/>\n<meta property=\"og:type\" content=\"article\" \/>\n<meta property=\"og:title\" content=\"Binnur Kayabey (PCC)\" \/>\n<meta property=\"og:description\" content=\"ICF Onayl\u0131 Dan\u0131\u015fmanlar\u0131m\u0131z Binnur Kayabey (PCC) PDRICMA Fak\u00fclte Lideri \u0130stanbul \u00dcniversitesi I\u0307s\u0327letme Fak\u00fcltesi\u2019nden 1995 y\u0131l\u0131nda mezun olan Binnur Kayabey, profesyonel ya\u015fam\u0131na Eczac\u0131bas\u0327\u0131 Menkul Deg\u0306erler\u2019de ba\u015flad\u0131. Sonras\u0131nda kurumsal etkinlik y\u00f6netimi ve medical cihaz sat\u0131\u015f\u0131 alan\u0131nda faaliyet g\u00f6steren 2 \u015firketin kurucusu olarak giri\u015fimcilik rol\u00fcne ge\u00e7ti. Profesyonel kariyerinin ilk 20 y\u0131l\u0131nda farkl\u0131 organizasyon yap\u0131lar\u0131n\u0131n olu\u015fturulmas\u0131, sat\u0131s\u0327 ve pazarlama ekiplerinin yap\u0131land\u0131r\u0131lmas\u0131, y\u00f6netimi, stratejik \u00f6ncelikli hedeflerin belirlenmesi, performans sistemlerinin kurulumu,... Read More\" \/>\n<meta property=\"og:url\" content=\"https:\/\/pdricma.com.tr\/en\/binnur-kayabey-pcc\/\" \/>\n<meta property=\"og:site_name\" content=\"PDR International Coaching &amp; Mentoring Academy\" \/>\n<meta property=\"article:publisher\" content=\"https:\/\/www.facebook.com\/people\/PDR-ICMA\/100064844886292\/\" \/>\n<meta property=\"article:modified_time\" content=\"2023-07-07T21:02:45+00:00\" \/>\n<meta property=\"og:image\" content=\"https:\/\/pdricma.com.tr\/wp-content\/uploads\/2023\/07\/4554-265x300.jpg\" \/>\n<meta name=\"twitter:card\" content=\"summary_large_image\" \/>\n<meta name=\"twitter:label1\" content=\"Est. reading time\" \/>\n\t<meta name=\"twitter:data1\" content=\"1 minute\" \/>\n<script type=\"application\/ld+json\" class=\"yoast-schema-graph\">{\"@context\":\"https:\/\/schema.org\",\"@graph\":[{\"@type\":\"WebPage\",\"@id\":\"https:\/\/pdricma.com.tr\/binnur-kayabey-pcc\/\",\"url\":\"https:\/\/pdricma.com.tr\/binnur-kayabey-pcc\/\",\"name\":\"Binnur Kayabey (PCC) - PDR International Coaching &amp; Mentoring Academy\",\"isPartOf\":{\"@id\":\"https:\/\/pdricma.com.tr\/#website\"},\"primaryImageOfPage\":{\"@id\":\"https:\/\/pdricma.com.tr\/binnur-kayabey-pcc\/#primaryimage\"},\"image\":{\"@id\":\"https:\/\/pdricma.com.tr\/binnur-kayabey-pcc\/#primaryimage\"},\"thumbnailUrl\":\"https:\/\/pdricma.com.tr\/wp-content\/uploads\/2023\/07\/4554-265x300.jpg\",\"datePublished\":\"2023-07-07T21:02:02+00:00\",\"dateModified\":\"2023-07-07T21:02:45+00:00\",\"breadcrumb\":{\"@id\":\"https:\/\/pdricma.com.tr\/binnur-kayabey-pcc\/#breadcrumb\"},\"inLanguage\":\"en-US\",\"potentialAction\":[{\"@type\":\"ReadAction\",\"target\":[\"https:\/\/pdricma.com.tr\/binnur-kayabey-pcc\/\"]}]},{\"@type\":\"ImageObject\",\"inLanguage\":\"en-US\",\"@id\":\"https:\/\/pdricma.com.tr\/binnur-kayabey-pcc\/#primaryimage\",\"url\":\"https:\/\/pdricma.com.tr\/wp-content\/uploads\/2023\/07\/4554-265x300.jpg\",\"contentUrl\":\"https:\/\/pdricma.com.tr\/wp-content\/uploads\/2023\/07\/4554-265x300.jpg\"},{\"@type\":\"BreadcrumbList\",\"@id\":\"https:\/\/pdricma.com.tr\/binnur-kayabey-pcc\/#breadcrumb\",\"itemListElement\":[{\"@type\":\"ListItem\",\"position\":1,\"name\":\"Anasayfa\",\"item\":\"https:\/\/pdricma.com.tr\/\"},{\"@type\":\"ListItem\",\"position\":2,\"name\":\"Binnur Kayabey (PCC)\"}]},{\"@type\":\"WebSite\",\"@id\":\"https:\/\/pdricma.com.tr\/#website\",\"url\":\"https:\/\/pdricma.com.tr\/\",\"name\":\"PDR International Coaching & Mentoring Academy\",\"description\":\"\",\"publisher\":{\"@id\":\"https:\/\/pdricma.com.tr\/#organization\"},\"potentialAction\":[{\"@type\":\"SearchAction\",\"target\":{\"@type\":\"EntryPoint\",\"urlTemplate\":\"https:\/\/pdricma.com.tr\/?s={search_term_string}\"},\"query-input\":{\"@type\":\"PropertyValueSpecification\",\"valueRequired\":true,\"valueName\":\"search_term_string\"}}],\"inLanguage\":\"en-US\"},{\"@type\":\"Organization\",\"@id\":\"https:\/\/pdricma.com.tr\/#organization\",\"name\":\"PDR International Coaching & Mentoring Academy\",\"url\":\"https:\/\/pdricma.com.tr\/\",\"logo\":{\"@type\":\"ImageObject\",\"inLanguage\":\"en-US\",\"@id\":\"https:\/\/pdricma.com.tr\/#\/schema\/logo\/image\/\",\"url\":\"https:\/\/pdricma.com.tr\/wp-content\/uploads\/2023\/07\/PDRCOACHINGLOGO-01-002-1.png\",\"contentUrl\":\"https:\/\/pdricma.com.tr\/wp-content\/uploads\/2023\/07\/PDRCOACHINGLOGO-01-002-1.png\",\"width\":2307,\"height\":785,\"caption\":\"PDR International Coaching & Mentoring Academy\"},\"image\":{\"@id\":\"https:\/\/pdricma.com.tr\/#\/schema\/logo\/image\/\"},\"sameAs\":[\"https:\/\/www.facebook.com\/people\/PDR-ICMA\/100064844886292\/\",\"https:\/\/www.instagram.com\/pdricma\/\"]}]}<\/script>\n<!-- \/ Yoast SEO Premium plugin. -->","yoast_head_json":{"title":"Binnur Kayabey (PCC) - PDR International Coaching &amp; Mentoring Academy","robots":{"index":"index","follow":"follow","max-snippet":"max-snippet:-1","max-image-preview":"max-image-preview:large","max-video-preview":"max-video-preview:-1"},"canonical":"https:\/\/pdricma.com.tr\/en\/binnur-kayabey-pcc\/","og_locale":"en_US","og_type":"article","og_title":"Binnur Kayabey (PCC)","og_description":"ICF Onayl\u0131 Dan\u0131\u015fmanlar\u0131m\u0131z Binnur Kayabey (PCC) PDRICMA Fak\u00fclte Lideri \u0130stanbul \u00dcniversitesi I\u0307s\u0327letme Fak\u00fcltesi\u2019nden 1995 y\u0131l\u0131nda mezun olan Binnur Kayabey, profesyonel ya\u015fam\u0131na Eczac\u0131bas\u0327\u0131 Menkul Deg\u0306erler\u2019de ba\u015flad\u0131. Sonras\u0131nda kurumsal etkinlik y\u00f6netimi ve medical cihaz sat\u0131\u015f\u0131 alan\u0131nda faaliyet g\u00f6steren 2 \u015firketin kurucusu olarak giri\u015fimcilik rol\u00fcne ge\u00e7ti. Profesyonel kariyerinin ilk 20 y\u0131l\u0131nda farkl\u0131 organizasyon yap\u0131lar\u0131n\u0131n olu\u015fturulmas\u0131, sat\u0131s\u0327 ve pazarlama ekiplerinin yap\u0131land\u0131r\u0131lmas\u0131, y\u00f6netimi, stratejik \u00f6ncelikli hedeflerin belirlenmesi, performans sistemlerinin kurulumu,... Read More","og_url":"https:\/\/pdricma.com.tr\/en\/binnur-kayabey-pcc\/","og_site_name":"PDR International Coaching &amp; Mentoring Academy","article_publisher":"https:\/\/www.facebook.com\/people\/PDR-ICMA\/100064844886292\/","article_modified_time":"2023-07-07T21:02:45+00:00","og_image":[{"url":"https:\/\/pdricma.com.tr\/wp-content\/uploads\/2023\/07\/4554-265x300.jpg","type":"","width":"","height":""}],"twitter_card":"summary_large_image","twitter_misc":{"Est. reading time":"1 minute"},"schema":{"@context":"https:\/\/schema.org","@graph":[{"@type":"WebPage","@id":"https:\/\/pdricma.com.tr\/binnur-kayabey-pcc\/","url":"https:\/\/pdricma.com.tr\/binnur-kayabey-pcc\/","name":"Binnur Kayabey (PCC) - PDR International Coaching &amp; Mentoring Academy","isPartOf":{"@id":"https:\/\/pdricma.com.tr\/#website"},"primaryImageOfPage":{"@id":"https:\/\/pdricma.com.tr\/binnur-kayabey-pcc\/#primaryimage"},"image":{"@id":"https:\/\/pdricma.com.tr\/binnur-kayabey-pcc\/#primaryimage"},"thumbnailUrl":"https:\/\/pdricma.com.tr\/wp-content\/uploads\/2023\/07\/4554-265x300.jpg","datePublished":"2023-07-07T21:02:02+00:00","dateModified":"2023-07-07T21:02:45+00:00","breadcrumb":{"@id":"https:\/\/pdricma.com.tr\/binnur-kayabey-pcc\/#breadcrumb"},"inLanguage":"en-US","potentialAction":[{"@type":"ReadAction","target":["https:\/\/pdricma.com.tr\/binnur-kayabey-pcc\/"]}]},{"@type":"ImageObject","inLanguage":"en-US","@id":"https:\/\/pdricma.com.tr\/binnur-kayabey-pcc\/#primaryimage","url":"https:\/\/pdricma.com.tr\/wp-content\/uploads\/2023\/07\/4554-265x300.jpg","contentUrl":"https:\/\/pdricma.com.tr\/wp-content\/uploads\/2023\/07\/4554-265x300.jpg"},{"@type":"BreadcrumbList","@id":"https:\/\/pdricma.com.tr\/binnur-kayabey-pcc\/#breadcrumb","itemListElement":[{"@type":"ListItem","position":1,"name":"Anasayfa","item":"https:\/\/pdricma.com.tr\/"},{"@type":"ListItem","position":2,"name":"Binnur Kayabey (PCC)"}]},{"@type":"WebSite","@id":"https:\/\/pdricma.com.tr\/#website","url":"https:\/\/pdricma.com.tr\/","name":"PDR International Coaching & Mentoring Academy","description":"","publisher":{"@id":"https:\/\/pdricma.com.tr\/#organization"},"potentialAction":[{"@type":"SearchAction","target":{"@type":"EntryPoint","urlTemplate":"https:\/\/pdricma.com.tr\/?s={search_term_string}"},"query-input":{"@type":"PropertyValueSpecification","valueRequired":true,"valueName":"search_term_string"}}],"inLanguage":"en-US"},{"@type":"Organization","@id":"https:\/\/pdricma.com.tr\/#organization","name":"PDR International Coaching & Mentoring Academy","url":"https:\/\/pdricma.com.tr\/","logo":{"@type":"ImageObject","inLanguage":"en-US","@id":"https:\/\/pdricma.com.tr\/#\/schema\/logo\/image\/","url":"https:\/\/pdricma.com.tr\/wp-content\/uploads\/2023\/07\/PDRCOACHINGLOGO-01-002-1.png","contentUrl":"https:\/\/pdricma.com.tr\/wp-content\/uploads\/2023\/07\/PDRCOACHINGLOGO-01-002-1.png","width":2307,"height":785,"caption":"PDR International Coaching & Mentoring Academy"},"image":{"@id":"https:\/\/pdricma.com.tr\/#\/schema\/logo\/image\/"},"sameAs":["https:\/\/www.facebook.com\/people\/PDR-ICMA\/100064844886292\/","https:\/\/www.instagram.com\/pdricma\/"]}]}},"_links":{"self":[{"href":"https:\/\/pdricma.com.tr\/en\/wp-json\/wp\/v2\/pages\/3267","targetHints":{"allow":["GET"]}}],"collection":[{"href":"https:\/\/pdricma.com.tr\/en\/wp-json\/wp\/v2\/pages"}],"about":[{"href":"https:\/\/pdricma.com.tr\/en\/wp-json\/wp\/v2\/types\/page"}],"author":[{"embeddable":true,"href":"https:\/\/pdricma.com.tr\/en\/wp-json\/wp\/v2\/users\/1"}],"replies":[{"embeddable":true,"href":"https:\/\/pdricma.com.tr\/en\/wp-json\/wp\/v2\/comments?post=3267"}],"version-history":[{"count":4,"href":"https:\/\/pdricma.com.tr\/en\/wp-json\/wp\/v2\/pages\/3267\/revisions"}],"predecessor-version":[{"id":3271,"href":"https:\/\/pdricma.com.tr\/en\/wp-json\/wp\/v2\/pages\/3267\/revisions\/3271"}],"wp:attachment":[{"href":"https:\/\/pdricma.com.tr\/en\/wp-json\/wp\/v2\/media?parent=3267"}],"curies":[{"name":"wp","href":"https:\/\/api.w.org\/{rel}","templated":true}]}}