{"id":3394,"date":"2023-07-10T20:25:20","date_gmt":"2023-07-10T17:25:20","guid":{"rendered":"https:\/\/pdricma.com.tr\/?page_id=3394"},"modified":"2023-07-10T20:26:16","modified_gmt":"2023-07-10T17:26:16","slug":"ali-yeteroglu","status":"publish","type":"page","link":"https:\/\/pdricma.com.tr\/en\/ali-yeteroglu\/","title":{"rendered":"Ali Yetero\u011flu"},"content":{"rendered":"\t\t<div data-elementor-type=\"wp-post\" data-elementor-id=\"3394\" class=\"elementor elementor-3394\">\n\t\t\t\t\t\t<section class=\"elementor-section elementor-top-section elementor-element elementor-element-ff60954 elementor-section-boxed elementor-section-height-default elementor-section-height-default\" data-id=\"ff60954\" data-element_type=\"section\" data-settings=\"{&quot;background_background&quot;:&quot;classic&quot;,&quot;ekit_has_onepagescroll_dot&quot;:&quot;yes&quot;}\">\n\t\t\t\t\t\t<div class=\"elementor-container elementor-column-gap-default\">\n\t\t\t\t\t<div class=\"elementor-column elementor-col-100 elementor-top-column elementor-element elementor-element-350388e\" data-id=\"350388e\" data-element_type=\"column\">\n\t\t\t<div class=\"elementor-widget-wrap elementor-element-populated\">\n\t\t\t\t\t\t<div class=\"elementor-element elementor-element-fa56586 elementor-widget elementor-widget-heading\" data-id=\"fa56586\" data-element_type=\"widget\" data-settings=\"{&quot;ekit_we_effect_on&quot;:&quot;none&quot;}\" data-widget_type=\"heading.default\">\n\t\t\t\t<div class=\"elementor-widget-container\">\n\t\t\t<style>\/*! elementor - v3.21.0 - 08-05-2024 *\/\n.elementor-heading-title{padding:0;margin:0;line-height:1}.elementor-widget-heading .elementor-heading-title[class*=elementor-size-]>a{color:inherit;font-size:inherit;line-height:inherit}.elementor-widget-heading .elementor-heading-title.elementor-size-small{font-size:15px}.elementor-widget-heading .elementor-heading-title.elementor-size-medium{font-size:19px}.elementor-widget-heading .elementor-heading-title.elementor-size-large{font-size:29px}.elementor-widget-heading .elementor-heading-title.elementor-size-xl{font-size:39px}.elementor-widget-heading .elementor-heading-title.elementor-size-xxl{font-size:59px}<\/style><h1 class=\"elementor-heading-title elementor-size-default\">Dan\u0131\u015fmanlar\u0131m\u0131z<\/h1>\t\t<\/div>\n\t\t\t\t<\/div>\n\t\t\t\t\t<\/div>\n\t\t<\/div>\n\t\t\t\t\t<\/div>\n\t\t<\/section>\n\t\t\t\t<section class=\"elementor-section elementor-top-section elementor-element elementor-element-4ce850d elementor-section-boxed elementor-section-height-default elementor-section-height-default\" data-id=\"4ce850d\" data-element_type=\"section\" data-settings=\"{&quot;ekit_has_onepagescroll_dot&quot;:&quot;yes&quot;}\">\n\t\t\t\t\t\t<div class=\"elementor-container elementor-column-gap-default\">\n\t\t\t\t\t<div class=\"elementor-column elementor-col-50 elementor-top-column elementor-element elementor-element-f8f5a80\" data-id=\"f8f5a80\" data-element_type=\"column\">\n\t\t\t<div class=\"elementor-widget-wrap elementor-element-populated\">\n\t\t\t\t\t\t<div class=\"elementor-element elementor-element-a77dfa2 elementor-widget elementor-widget-image\" data-id=\"a77dfa2\" data-element_type=\"widget\" data-settings=\"{&quot;ekit_we_effect_on&quot;:&quot;none&quot;}\" data-widget_type=\"image.default\">\n\t\t\t\t<div class=\"elementor-widget-container\">\n\t\t\t<style>\/*! elementor - v3.21.0 - 08-05-2024 *\/\n.elementor-widget-image{text-align:center}.elementor-widget-image a{display:inline-block}.elementor-widget-image a img[src$=\".svg\"]{width:48px}.elementor-widget-image img{vertical-align:middle;display:inline-block}<\/style>\t\t\t\t\t\t\t\t\t\t<img decoding=\"async\" src=\"https:\/\/pdricma.com.tr\/wp-content\/uploads\/2023\/07\/3622.jpg\" title=\"\" alt=\"\" loading=\"lazy\" \/>\t\t\t\t\t\t\t\t\t\t\t\t\t<\/div>\n\t\t\t\t<\/div>\n\t\t\t\t\t<\/div>\n\t\t<\/div>\n\t\t\t\t<div class=\"elementor-column elementor-col-50 elementor-top-column elementor-element elementor-element-4738063\" data-id=\"4738063\" data-element_type=\"column\">\n\t\t\t<div class=\"elementor-widget-wrap elementor-element-populated\">\n\t\t\t\t\t\t<div class=\"elementor-element elementor-element-9b3f26f elementor-widget elementor-widget-jet-team-member\" data-id=\"9b3f26f\" data-element_type=\"widget\" data-settings=\"{&quot;ekit_we_effect_on&quot;:&quot;none&quot;}\" data-widget_type=\"jet-team-member.default\">\n\t\t\t\t<div class=\"elementor-widget-container\">\n\t\t\t<div class=\"elementor-jet-team-member jet-elements\"><div class=\"jet-team-member\">\n\t<div class=\"jet-team-member__inner\">\n\t\t<div class=\"jet-team-member__image\">\n\t\t\t<div class=\"jet-team-member__cover\"><\/div>\n\t\t\t\t\t<\/div>\n\t\t<div class=\"jet-team-member__content\"><h3 class=\"jet-team-member__name\"><span class=\"jet-team-member__name-first\">Ali<\/span><span class=\"jet-team-member__name-last\"> Yetero\u011flu<\/span><\/h3><div class=\"jet-team-member__position\"><span>PDR Group Dan\u0131\u015fman\u0131<\/span><\/div><div class=\"jet-team-member__socials\"><div class=\"jet-team-member__socials-item\"><a href=\"https:\/\/www.linkedin.com\/in\/ali-yeteroglu\/\" aria-label=\"lindedin\"><div class=\"jet-team-member__socials-icon\"><div class=\"inner\"><span class=\"jet-elements-icon\"><i aria-hidden=\"true\" class=\"fab fa-linkedin\"><\/i><\/span><\/div><\/div><\/a><\/div><div class=\"jet-team-member__socials-item\"><a href=\"https:\/\/youtu.be\/eehXwRdTEj4\" aria-label=\"youtube\"><div class=\"jet-team-member__socials-icon\"><div class=\"inner\"><span class=\"jet-elements-icon\"><i aria-hidden=\"true\" class=\"fab fa-youtube\"><\/i><\/span><\/div><\/div><\/a><\/div><\/div><\/div>\n\t<\/div>\n<\/div>\n<\/div>\t\t<\/div>\n\t\t\t\t<\/div>\n\t\t\t\t<div class=\"elementor-element elementor-element-5a44767 elementor-widget elementor-widget-text-editor\" data-id=\"5a44767\" data-element_type=\"widget\" data-settings=\"{&quot;ekit_we_effect_on&quot;:&quot;none&quot;}\" data-widget_type=\"text-editor.default\">\n\t\t\t\t<div class=\"elementor-widget-container\">\n\t\t\t<style>\/*! elementor - v3.21.0 - 08-05-2024 *\/\n.elementor-widget-text-editor.elementor-drop-cap-view-stacked .elementor-drop-cap{background-color:#69727d;color:#fff}.elementor-widget-text-editor.elementor-drop-cap-view-framed .elementor-drop-cap{color:#69727d;border:3px solid;background-color:transparent}.elementor-widget-text-editor:not(.elementor-drop-cap-view-default) .elementor-drop-cap{margin-top:8px}.elementor-widget-text-editor:not(.elementor-drop-cap-view-default) .elementor-drop-cap-letter{width:1em;height:1em}.elementor-widget-text-editor .elementor-drop-cap{float:left;text-align:center;line-height:1;font-size:50px}.elementor-widget-text-editor .elementor-drop-cap-letter{display:inline-block}<\/style>\t\t\t\t<p>Ali Yetero\u011flu, ABD&#8217;de The University of Tennessee Stratejik Pazarlama b\u00f6l\u00fcm\u00fc\u2019nden mezun olduktan ve Bo\u011fazi\u00e7i \u00dcniversitesinde MBA derecesini ald\u0131ktan sonra, Sabanc\u0131 \u00dcniversitesi\u2019nde Y\u00f6netim Sanat\u0131 ve Marmara \u00dcniversitesi\u2019nde E\u011fitimcinin E\u011fitimi programlar\u0131n\u0131 tamamlad\u0131.<\/p><p>Medikal sekt\u00f6rde sat\u0131\u015f tecr\u00fcbesiyle ba\u015flad\u0131\u011f\u0131 kariyerini tekstil sekt\u00f6r\u00fcnde Ertu\u011f Giyim firmas\u0131nda Sat\u0131\u015f ve Pazarlama M\u00fcd\u00fcr\u00fc, h\u0131zl\u0131 t\u00fcketim k\u0131rtasiye sekt\u00f6r\u00fcnde Adel Kalemcilik\u2019te Pazarlama ve \u0130\u015f Geli\u015ftirme M\u00fcd\u00fcr\u00fc, Anadolu Grubu ve Alman Faber-Castell ortakl\u0131\u011f\u0131 olan \u00dclk\u00fc Kirtasiye&#8217;de Genel M\u00fcd\u00fcr ve medikal sekt\u00f6rde VSY Biotechnology\u2019de Genel M\u00fcd\u00fcr Yard\u0131mc\u0131l\u0131\u011f\u0131 pozisyonlar\u0131 ile devam ettirdi. G\u0131da sekt\u00f6r\u00fcnde Sat\u0131\u015f ve Pazarlama Direkt\u00f6rl\u00fc\u011f\u00fc de yapan dan\u0131\u015fman\u0131m\u0131z, Yurti\u00e7i ve Yurtd\u0131\u015f\u0131 Sat\u0131\u015f Pazarlama, \u0130\u015f Geli\u015ftirme ve Stratejik Y\u00f6netim Dan\u0131\u015fmanl\u0131\u011f\u0131 konular\u0131nda \u00e7e\u015fitli firmalara hizmet verdi. Alt\u0131nba\u015f \u00dcniversitesinde Stratejik Pazarlama master program\u0131nda dersler de veren Yetero\u011flu PDR International b\u00fcnyesinde Liderlik Geli\u015fimi, Inovasyon ve Yarat\u0131c\u0131l\u0131k, Stratejik D\u00fc\u015f\u00fcnme\/Planlama ve Sat\u0131\u015f&amp;Pazarlama konular\u0131nda e\u011fitim ve dan\u0131\u015fmanl\u0131k hizmetleri vermektedir. ICF Onayl\u0131 Temel Ko\u00e7luk e\u011fitimlerini tamamlayan Yetero\u011flu, PDRICMA b\u00fcnyesinde bireylere ve kurumlara ko\u00e7luk ve mentorluk hizmetleri vermektedir.<\/p>\t\t\t\t\t\t<\/div>\n\t\t\t\t<\/div>\n\t\t\t\t\t<\/div>\n\t\t<\/div>\n\t\t\t\t\t<\/div>\n\t\t<\/section>\n\t\t\t\t<\/div>\n\t\t","protected":false},"excerpt":{"rendered":"<p>Dan\u0131\u015fmanlar\u0131m\u0131z Ali Yetero\u011flu PDR Group Dan\u0131\u015fman\u0131 Ali Yetero\u011flu, ABD&#8217;de The University of Tennessee Stratejik Pazarlama b\u00f6l\u00fcm\u00fc\u2019nden mezun olduktan ve Bo\u011fazi\u00e7i \u00dcniversitesinde MBA derecesini ald\u0131ktan sonra, Sabanc\u0131 \u00dcniversitesi\u2019nde Y\u00f6netim Sanat\u0131 ve Marmara \u00dcniversitesi\u2019nde E\u011fitimcinin E\u011fitimi programlar\u0131n\u0131 tamamlad\u0131. Medikal sekt\u00f6rde sat\u0131\u015f tecr\u00fcbesiyle ba\u015flad\u0131\u011f\u0131 kariyerini tekstil sekt\u00f6r\u00fcnde Ertu\u011f Giyim firmas\u0131nda Sat\u0131\u015f ve Pazarlama M\u00fcd\u00fcr\u00fc, h\u0131zl\u0131 t\u00fcketim k\u0131rtasiye sekt\u00f6r\u00fcnde Adel Kalemcilik\u2019te Pazarlama ve \u0130\u015f Geli\u015ftirme M\u00fcd\u00fcr\u00fc, Anadolu Grubu ve&#8230; <\/p>\n<p class=\"more\"><a class=\"more-link\" href=\"https:\/\/pdricma.com.tr\/en\/ali-yeteroglu\/\">Read More<\/a><\/p>","protected":false},"author":1,"featured_media":0,"parent":0,"menu_order":0,"comment_status":"closed","ping_status":"closed","template":"elementor_header_footer","meta":{"footnotes":""},"class_list":["post-3394","page","type-page","status-publish","hentry","is-cat-link-solid-light is-cat-link-rounded"],"yoast_head":"<!-- This site is optimized with the Yoast SEO Premium plugin v24.0 (Yoast SEO v26.9) - https:\/\/yoast.com\/product\/yoast-seo-premium-wordpress\/ -->\n<title>Ali Yetero\u011flu - PDR International Coaching &amp; Mentoring Academy<\/title>\n<meta name=\"robots\" content=\"index, follow, max-snippet:-1, max-image-preview:large, max-video-preview:-1\" \/>\n<link rel=\"canonical\" href=\"https:\/\/pdricma.com.tr\/en\/ali-yeteroglu\/\" \/>\n<meta property=\"og:locale\" content=\"en_US\" \/>\n<meta property=\"og:type\" content=\"article\" \/>\n<meta property=\"og:title\" content=\"Ali Yetero\u011flu\" \/>\n<meta property=\"og:description\" content=\"Dan\u0131\u015fmanlar\u0131m\u0131z Ali Yetero\u011flu PDR Group Dan\u0131\u015fman\u0131 Ali Yetero\u011flu, ABD&#8217;de The University of Tennessee Stratejik Pazarlama b\u00f6l\u00fcm\u00fc\u2019nden mezun olduktan ve Bo\u011fazi\u00e7i \u00dcniversitesinde MBA derecesini ald\u0131ktan sonra, Sabanc\u0131 \u00dcniversitesi\u2019nde Y\u00f6netim Sanat\u0131 ve Marmara \u00dcniversitesi\u2019nde E\u011fitimcinin E\u011fitimi programlar\u0131n\u0131 tamamlad\u0131. Medikal sekt\u00f6rde sat\u0131\u015f tecr\u00fcbesiyle ba\u015flad\u0131\u011f\u0131 kariyerini tekstil sekt\u00f6r\u00fcnde Ertu\u011f Giyim firmas\u0131nda Sat\u0131\u015f ve Pazarlama M\u00fcd\u00fcr\u00fc, h\u0131zl\u0131 t\u00fcketim k\u0131rtasiye sekt\u00f6r\u00fcnde Adel Kalemcilik\u2019te Pazarlama ve \u0130\u015f Geli\u015ftirme M\u00fcd\u00fcr\u00fc, Anadolu Grubu ve... Read More\" \/>\n<meta property=\"og:url\" content=\"https:\/\/pdricma.com.tr\/en\/ali-yeteroglu\/\" \/>\n<meta property=\"og:site_name\" content=\"PDR International Coaching &amp; Mentoring Academy\" \/>\n<meta property=\"article:publisher\" content=\"https:\/\/www.facebook.com\/people\/PDR-ICMA\/100064844886292\/\" \/>\n<meta property=\"article:modified_time\" content=\"2023-07-10T17:26:16+00:00\" \/>\n<meta property=\"og:image\" content=\"https:\/\/pdricma.com.tr\/wp-content\/uploads\/2023\/07\/3622-300x300.jpg\" \/>\n<meta name=\"twitter:card\" content=\"summary_large_image\" \/>\n<meta name=\"twitter:label1\" content=\"Est. reading time\" \/>\n\t<meta name=\"twitter:data1\" content=\"1 minute\" \/>\n<script type=\"application\/ld+json\" class=\"yoast-schema-graph\">{\"@context\":\"https:\/\/schema.org\",\"@graph\":[{\"@type\":\"WebPage\",\"@id\":\"https:\/\/pdricma.com.tr\/ali-yeteroglu\/\",\"url\":\"https:\/\/pdricma.com.tr\/ali-yeteroglu\/\",\"name\":\"Ali Yetero\u011flu - PDR International Coaching &amp; Mentoring Academy\",\"isPartOf\":{\"@id\":\"https:\/\/pdricma.com.tr\/#website\"},\"primaryImageOfPage\":{\"@id\":\"https:\/\/pdricma.com.tr\/ali-yeteroglu\/#primaryimage\"},\"image\":{\"@id\":\"https:\/\/pdricma.com.tr\/ali-yeteroglu\/#primaryimage\"},\"thumbnailUrl\":\"https:\/\/pdricma.com.tr\/wp-content\/uploads\/2023\/07\/3622-300x300.jpg\",\"datePublished\":\"2023-07-10T17:25:20+00:00\",\"dateModified\":\"2023-07-10T17:26:16+00:00\",\"breadcrumb\":{\"@id\":\"https:\/\/pdricma.com.tr\/ali-yeteroglu\/#breadcrumb\"},\"inLanguage\":\"en-US\",\"potentialAction\":[{\"@type\":\"ReadAction\",\"target\":[\"https:\/\/pdricma.com.tr\/ali-yeteroglu\/\"]}]},{\"@type\":\"ImageObject\",\"inLanguage\":\"en-US\",\"@id\":\"https:\/\/pdricma.com.tr\/ali-yeteroglu\/#primaryimage\",\"url\":\"https:\/\/pdricma.com.tr\/wp-content\/uploads\/2023\/07\/3622-300x300.jpg\",\"contentUrl\":\"https:\/\/pdricma.com.tr\/wp-content\/uploads\/2023\/07\/3622-300x300.jpg\"},{\"@type\":\"BreadcrumbList\",\"@id\":\"https:\/\/pdricma.com.tr\/ali-yeteroglu\/#breadcrumb\",\"itemListElement\":[{\"@type\":\"ListItem\",\"position\":1,\"name\":\"Anasayfa\",\"item\":\"https:\/\/pdricma.com.tr\/\"},{\"@type\":\"ListItem\",\"position\":2,\"name\":\"Ali Yetero\u011flu\"}]},{\"@type\":\"WebSite\",\"@id\":\"https:\/\/pdricma.com.tr\/#website\",\"url\":\"https:\/\/pdricma.com.tr\/\",\"name\":\"PDR International Coaching & Mentoring Academy\",\"description\":\"\",\"publisher\":{\"@id\":\"https:\/\/pdricma.com.tr\/#organization\"},\"potentialAction\":[{\"@type\":\"SearchAction\",\"target\":{\"@type\":\"EntryPoint\",\"urlTemplate\":\"https:\/\/pdricma.com.tr\/?s={search_term_string}\"},\"query-input\":{\"@type\":\"PropertyValueSpecification\",\"valueRequired\":true,\"valueName\":\"search_term_string\"}}],\"inLanguage\":\"en-US\"},{\"@type\":\"Organization\",\"@id\":\"https:\/\/pdricma.com.tr\/#organization\",\"name\":\"PDR International Coaching & Mentoring Academy\",\"url\":\"https:\/\/pdricma.com.tr\/\",\"logo\":{\"@type\":\"ImageObject\",\"inLanguage\":\"en-US\",\"@id\":\"https:\/\/pdricma.com.tr\/#\/schema\/logo\/image\/\",\"url\":\"https:\/\/pdricma.com.tr\/wp-content\/uploads\/2023\/07\/PDRCOACHINGLOGO-01-002-1.png\",\"contentUrl\":\"https:\/\/pdricma.com.tr\/wp-content\/uploads\/2023\/07\/PDRCOACHINGLOGO-01-002-1.png\",\"width\":2307,\"height\":785,\"caption\":\"PDR International Coaching & Mentoring Academy\"},\"image\":{\"@id\":\"https:\/\/pdricma.com.tr\/#\/schema\/logo\/image\/\"},\"sameAs\":[\"https:\/\/www.facebook.com\/people\/PDR-ICMA\/100064844886292\/\",\"https:\/\/www.instagram.com\/pdricma\/\"]}]}<\/script>\n<!-- \/ Yoast SEO Premium plugin. -->","yoast_head_json":{"title":"Ali Yetero\u011flu - PDR International Coaching &amp; Mentoring Academy","robots":{"index":"index","follow":"follow","max-snippet":"max-snippet:-1","max-image-preview":"max-image-preview:large","max-video-preview":"max-video-preview:-1"},"canonical":"https:\/\/pdricma.com.tr\/en\/ali-yeteroglu\/","og_locale":"en_US","og_type":"article","og_title":"Ali Yetero\u011flu","og_description":"Dan\u0131\u015fmanlar\u0131m\u0131z Ali Yetero\u011flu PDR Group Dan\u0131\u015fman\u0131 Ali Yetero\u011flu, ABD&#8217;de The University of Tennessee Stratejik Pazarlama b\u00f6l\u00fcm\u00fc\u2019nden mezun olduktan ve Bo\u011fazi\u00e7i \u00dcniversitesinde MBA derecesini ald\u0131ktan sonra, Sabanc\u0131 \u00dcniversitesi\u2019nde Y\u00f6netim Sanat\u0131 ve Marmara \u00dcniversitesi\u2019nde E\u011fitimcinin E\u011fitimi programlar\u0131n\u0131 tamamlad\u0131. Medikal sekt\u00f6rde sat\u0131\u015f tecr\u00fcbesiyle ba\u015flad\u0131\u011f\u0131 kariyerini tekstil sekt\u00f6r\u00fcnde Ertu\u011f Giyim firmas\u0131nda Sat\u0131\u015f ve Pazarlama M\u00fcd\u00fcr\u00fc, h\u0131zl\u0131 t\u00fcketim k\u0131rtasiye sekt\u00f6r\u00fcnde Adel Kalemcilik\u2019te Pazarlama ve \u0130\u015f Geli\u015ftirme M\u00fcd\u00fcr\u00fc, Anadolu Grubu ve... Read More","og_url":"https:\/\/pdricma.com.tr\/en\/ali-yeteroglu\/","og_site_name":"PDR International Coaching &amp; Mentoring Academy","article_publisher":"https:\/\/www.facebook.com\/people\/PDR-ICMA\/100064844886292\/","article_modified_time":"2023-07-10T17:26:16+00:00","og_image":[{"url":"https:\/\/pdricma.com.tr\/wp-content\/uploads\/2023\/07\/3622-300x300.jpg","type":"","width":"","height":""}],"twitter_card":"summary_large_image","twitter_misc":{"Est. reading time":"1 minute"},"schema":{"@context":"https:\/\/schema.org","@graph":[{"@type":"WebPage","@id":"https:\/\/pdricma.com.tr\/ali-yeteroglu\/","url":"https:\/\/pdricma.com.tr\/ali-yeteroglu\/","name":"Ali Yetero\u011flu - PDR International Coaching &amp; Mentoring Academy","isPartOf":{"@id":"https:\/\/pdricma.com.tr\/#website"},"primaryImageOfPage":{"@id":"https:\/\/pdricma.com.tr\/ali-yeteroglu\/#primaryimage"},"image":{"@id":"https:\/\/pdricma.com.tr\/ali-yeteroglu\/#primaryimage"},"thumbnailUrl":"https:\/\/pdricma.com.tr\/wp-content\/uploads\/2023\/07\/3622-300x300.jpg","datePublished":"2023-07-10T17:25:20+00:00","dateModified":"2023-07-10T17:26:16+00:00","breadcrumb":{"@id":"https:\/\/pdricma.com.tr\/ali-yeteroglu\/#breadcrumb"},"inLanguage":"en-US","potentialAction":[{"@type":"ReadAction","target":["https:\/\/pdricma.com.tr\/ali-yeteroglu\/"]}]},{"@type":"ImageObject","inLanguage":"en-US","@id":"https:\/\/pdricma.com.tr\/ali-yeteroglu\/#primaryimage","url":"https:\/\/pdricma.com.tr\/wp-content\/uploads\/2023\/07\/3622-300x300.jpg","contentUrl":"https:\/\/pdricma.com.tr\/wp-content\/uploads\/2023\/07\/3622-300x300.jpg"},{"@type":"BreadcrumbList","@id":"https:\/\/pdricma.com.tr\/ali-yeteroglu\/#breadcrumb","itemListElement":[{"@type":"ListItem","position":1,"name":"Anasayfa","item":"https:\/\/pdricma.com.tr\/"},{"@type":"ListItem","position":2,"name":"Ali Yetero\u011flu"}]},{"@type":"WebSite","@id":"https:\/\/pdricma.com.tr\/#website","url":"https:\/\/pdricma.com.tr\/","name":"PDR International Coaching & Mentoring Academy","description":"","publisher":{"@id":"https:\/\/pdricma.com.tr\/#organization"},"potentialAction":[{"@type":"SearchAction","target":{"@type":"EntryPoint","urlTemplate":"https:\/\/pdricma.com.tr\/?s={search_term_string}"},"query-input":{"@type":"PropertyValueSpecification","valueRequired":true,"valueName":"search_term_string"}}],"inLanguage":"en-US"},{"@type":"Organization","@id":"https:\/\/pdricma.com.tr\/#organization","name":"PDR International Coaching & Mentoring Academy","url":"https:\/\/pdricma.com.tr\/","logo":{"@type":"ImageObject","inLanguage":"en-US","@id":"https:\/\/pdricma.com.tr\/#\/schema\/logo\/image\/","url":"https:\/\/pdricma.com.tr\/wp-content\/uploads\/2023\/07\/PDRCOACHINGLOGO-01-002-1.png","contentUrl":"https:\/\/pdricma.com.tr\/wp-content\/uploads\/2023\/07\/PDRCOACHINGLOGO-01-002-1.png","width":2307,"height":785,"caption":"PDR International Coaching & Mentoring Academy"},"image":{"@id":"https:\/\/pdricma.com.tr\/#\/schema\/logo\/image\/"},"sameAs":["https:\/\/www.facebook.com\/people\/PDR-ICMA\/100064844886292\/","https:\/\/www.instagram.com\/pdricma\/"]}]}},"_links":{"self":[{"href":"https:\/\/pdricma.com.tr\/en\/wp-json\/wp\/v2\/pages\/3394","targetHints":{"allow":["GET"]}}],"collection":[{"href":"https:\/\/pdricma.com.tr\/en\/wp-json\/wp\/v2\/pages"}],"about":[{"href":"https:\/\/pdricma.com.tr\/en\/wp-json\/wp\/v2\/types\/page"}],"author":[{"embeddable":true,"href":"https:\/\/pdricma.com.tr\/en\/wp-json\/wp\/v2\/users\/1"}],"replies":[{"embeddable":true,"href":"https:\/\/pdricma.com.tr\/en\/wp-json\/wp\/v2\/comments?post=3394"}],"version-history":[{"count":4,"href":"https:\/\/pdricma.com.tr\/en\/wp-json\/wp\/v2\/pages\/3394\/revisions"}],"predecessor-version":[{"id":3398,"href":"https:\/\/pdricma.com.tr\/en\/wp-json\/wp\/v2\/pages\/3394\/revisions\/3398"}],"wp:attachment":[{"href":"https:\/\/pdricma.com.tr\/en\/wp-json\/wp\/v2\/media?parent=3394"}],"curies":[{"name":"wp","href":"https:\/\/api.w.org\/{rel}","templated":true}]}}