{"id":3426,"date":"2023-07-10T20:41:53","date_gmt":"2023-07-10T17:41:53","guid":{"rendered":"https:\/\/pdricma.com.tr\/?page_id=3426"},"modified":"2023-07-10T20:42:52","modified_gmt":"2023-07-10T17:42:52","slug":"ece-agabeyoglu-acc","status":"publish","type":"page","link":"https:\/\/pdricma.com.tr\/en\/ece-agabeyoglu-acc\/","title":{"rendered":"Ece A\u011fabeyo\u011flu (ACC)"},"content":{"rendered":"\t\t<div data-elementor-type=\"wp-post\" data-elementor-id=\"3426\" class=\"elementor elementor-3426\">\n\t\t\t\t\t\t<section class=\"elementor-section elementor-top-section elementor-element elementor-element-ff60954 elementor-section-boxed elementor-section-height-default elementor-section-height-default\" data-id=\"ff60954\" data-element_type=\"section\" data-settings=\"{&quot;background_background&quot;:&quot;classic&quot;,&quot;ekit_has_onepagescroll_dot&quot;:&quot;yes&quot;}\">\n\t\t\t\t\t\t<div class=\"elementor-container elementor-column-gap-default\">\n\t\t\t\t\t<div class=\"elementor-column elementor-col-100 elementor-top-column elementor-element elementor-element-350388e\" data-id=\"350388e\" data-element_type=\"column\">\n\t\t\t<div class=\"elementor-widget-wrap elementor-element-populated\">\n\t\t\t\t\t\t<div class=\"elementor-element elementor-element-fa56586 elementor-widget elementor-widget-heading\" data-id=\"fa56586\" data-element_type=\"widget\" data-settings=\"{&quot;ekit_we_effect_on&quot;:&quot;none&quot;}\" data-widget_type=\"heading.default\">\n\t\t\t\t<div class=\"elementor-widget-container\">\n\t\t\t<style>\/*! elementor - v3.21.0 - 08-05-2024 *\/\n.elementor-heading-title{padding:0;margin:0;line-height:1}.elementor-widget-heading .elementor-heading-title[class*=elementor-size-]>a{color:inherit;font-size:inherit;line-height:inherit}.elementor-widget-heading .elementor-heading-title.elementor-size-small{font-size:15px}.elementor-widget-heading .elementor-heading-title.elementor-size-medium{font-size:19px}.elementor-widget-heading .elementor-heading-title.elementor-size-large{font-size:29px}.elementor-widget-heading .elementor-heading-title.elementor-size-xl{font-size:39px}.elementor-widget-heading .elementor-heading-title.elementor-size-xxl{font-size:59px}<\/style><h1 class=\"elementor-heading-title elementor-size-default\">Dan\u0131\u015fmanlar\u0131m\u0131z<\/h1>\t\t<\/div>\n\t\t\t\t<\/div>\n\t\t\t\t\t<\/div>\n\t\t<\/div>\n\t\t\t\t\t<\/div>\n\t\t<\/section>\n\t\t\t\t<section class=\"elementor-section elementor-top-section elementor-element elementor-element-1c417bd elementor-section-boxed elementor-section-height-default elementor-section-height-default\" data-id=\"1c417bd\" data-element_type=\"section\" data-settings=\"{&quot;ekit_has_onepagescroll_dot&quot;:&quot;yes&quot;}\">\n\t\t\t\t\t\t<div class=\"elementor-container elementor-column-gap-default\">\n\t\t\t\t\t<div class=\"elementor-column elementor-col-50 elementor-top-column elementor-element elementor-element-6a20ced\" data-id=\"6a20ced\" data-element_type=\"column\">\n\t\t\t<div class=\"elementor-widget-wrap elementor-element-populated\">\n\t\t\t\t\t\t<div class=\"elementor-element elementor-element-e02cf52 elementor-widget elementor-widget-image\" data-id=\"e02cf52\" data-element_type=\"widget\" data-settings=\"{&quot;ekit_we_effect_on&quot;:&quot;none&quot;}\" data-widget_type=\"image.default\">\n\t\t\t\t<div class=\"elementor-widget-container\">\n\t\t\t<style>\/*! elementor - v3.21.0 - 08-05-2024 *\/\n.elementor-widget-image{text-align:center}.elementor-widget-image a{display:inline-block}.elementor-widget-image a img[src$=\".svg\"]{width:48px}.elementor-widget-image img{vertical-align:middle;display:inline-block}<\/style>\t\t\t\t\t\t\t\t\t\t<img fetchpriority=\"high\" decoding=\"async\" width=\"300\" height=\"287\" src=\"https:\/\/pdricma.com.tr\/wp-content\/uploads\/2023\/07\/4175-300x287.jpg\" class=\"attachment-medium size-medium wp-image-3310\" alt=\"\" srcset=\"https:\/\/pdricma.com.tr\/wp-content\/uploads\/2023\/07\/4175-300x287.jpg 300w, https:\/\/pdricma.com.tr\/wp-content\/uploads\/2023\/07\/4175-1024x981.jpg 1024w, https:\/\/pdricma.com.tr\/wp-content\/uploads\/2023\/07\/4175-768x736.jpg 768w, https:\/\/pdricma.com.tr\/wp-content\/uploads\/2023\/07\/4175-574x550.jpg 574w, https:\/\/pdricma.com.tr\/wp-content\/uploads\/2023\/07\/4175-1060x1015.jpg 1060w, https:\/\/pdricma.com.tr\/wp-content\/uploads\/2023\/07\/4175-1536x1471.jpg 1536w, https:\/\/pdricma.com.tr\/wp-content\/uploads\/2023\/07\/4175-2048x1962.jpg 2048w, https:\/\/pdricma.com.tr\/wp-content\/uploads\/2023\/07\/4175-550x527.jpg 550w, https:\/\/pdricma.com.tr\/wp-content\/uploads\/2023\/07\/4175-522x500.jpg 522w, https:\/\/pdricma.com.tr\/wp-content\/uploads\/2023\/07\/4175-1920x1839.jpg 1920w, https:\/\/pdricma.com.tr\/wp-content\/uploads\/2023\/07\/4175-1127x1080.jpg 1127w\" sizes=\"(max-width: 300px) 100vw, 300px\" \/>\t\t\t\t\t\t\t\t\t\t\t\t\t<\/div>\n\t\t\t\t<\/div>\n\t\t\t\t\t<\/div>\n\t\t<\/div>\n\t\t\t\t<div class=\"elementor-column elementor-col-50 elementor-top-column elementor-element elementor-element-3376bf7\" data-id=\"3376bf7\" data-element_type=\"column\">\n\t\t\t<div class=\"elementor-widget-wrap elementor-element-populated\">\n\t\t\t\t\t\t<div class=\"elementor-element elementor-element-7672314 elementor-widget elementor-widget-jet-team-member\" data-id=\"7672314\" data-element_type=\"widget\" data-settings=\"{&quot;ekit_we_effect_on&quot;:&quot;none&quot;}\" data-widget_type=\"jet-team-member.default\">\n\t\t\t\t<div class=\"elementor-widget-container\">\n\t\t\t<div class=\"elementor-jet-team-member jet-elements\"><div class=\"jet-team-member\">\n\t<div class=\"jet-team-member__inner\">\n\t\t<div class=\"jet-team-member__image\">\n\t\t\t<div class=\"jet-team-member__cover\"><\/div>\n\t\t\t\t\t<\/div>\n\t\t<div class=\"jet-team-member__content\"><h3 class=\"jet-team-member__name\"><span class=\"jet-team-member__name-first\">Ece A\u011fabeyo\u011flu <\/span><span class=\"jet-team-member__name-last\"> (ACC)<\/span><\/h3><div class=\"jet-team-member__position\"><span>PDR Group Dan\u0131\u015fman\u0131<\/span><\/div><div class=\"jet-team-member__socials\"><div class=\"jet-team-member__socials-item\"><a href=\"https:\/\/www.linkedin.com\/in\/eceagabeyoglu\/\" aria-label=\"lindedin\"><div class=\"jet-team-member__socials-icon\"><div class=\"inner\"><span class=\"jet-elements-icon\"><i aria-hidden=\"true\" class=\"fab fa-linkedin\"><\/i><\/span><\/div><\/div><\/a><\/div><\/div><\/div>\n\t<\/div>\n<\/div>\n<\/div>\t\t<\/div>\n\t\t\t\t<\/div>\n\t\t\t\t<div class=\"elementor-element elementor-element-dc2c2e0 elementor-widget elementor-widget-text-editor\" data-id=\"dc2c2e0\" data-element_type=\"widget\" data-settings=\"{&quot;ekit_we_effect_on&quot;:&quot;none&quot;}\" data-widget_type=\"text-editor.default\">\n\t\t\t\t<div class=\"elementor-widget-container\">\n\t\t\t<style>\/*! elementor - v3.21.0 - 08-05-2024 *\/\n.elementor-widget-text-editor.elementor-drop-cap-view-stacked .elementor-drop-cap{background-color:#69727d;color:#fff}.elementor-widget-text-editor.elementor-drop-cap-view-framed .elementor-drop-cap{color:#69727d;border:3px solid;background-color:transparent}.elementor-widget-text-editor:not(.elementor-drop-cap-view-default) .elementor-drop-cap{margin-top:8px}.elementor-widget-text-editor:not(.elementor-drop-cap-view-default) .elementor-drop-cap-letter{width:1em;height:1em}.elementor-widget-text-editor .elementor-drop-cap{float:left;text-align:center;line-height:1;font-size:50px}.elementor-widget-text-editor .elementor-drop-cap-letter{display:inline-block}<\/style>\t\t\t\t<p><strong>Hacettepe \u00dcniversitesi \u0130statistik B\u00f6l\u00fcm\u00fc<\/strong>\u00a0lisans,\u00a0<strong>\u0130stanbul Bilgi \u00dcniversitesi \u00d6rg\u00fctsel\/End\u00fcstriyel Psikoloji<\/strong>\u00a0y\u00fcksek lisans programlar\u0131ndan mezun olmu\u015ftur.<\/p><p><strong>1998<\/strong>\u2019den itibaren kurumsal \u00e7at\u0131 alt\u0131ndaki ilk 16 y\u0131l\u0131 boyunca s\u0131ras\u0131yla;\u00a0<strong>Commercial Union Hayat Sigorta (Avivasa)<\/strong>\u00a0\u2013 finansal dan\u0131\u015fmanl\u0131k,\u00a0<strong>\u0130\u015f Bankas\u0131<\/strong>\u00a0&#8211; kurumsal kredi uzmanl\u0131\u011f\u0131,\u00a0<strong>HSBC<\/strong>\u00a0\u0130nsan Kaynaklar\u0131 &#8211; E\u011fitim ve Geli\u015ftirme M\u00fcd\u00fcr Yard\u0131mc\u0131s\u0131\/E\u011fitmenlik, yetkinlik e\u011fitimleri y\u00f6neticili\u011fi, Gen\u00e7 Yetenek program\u0131 de\u011ferlendirme merkezi dan\u0131\u015fmanl\u0131\u011f\u0131 yapm\u0131\u015f, kurum i\u00e7i ko\u00e7luk, yenilenen \u015fube yap\u0131lanmas\u0131nda proje koordinat\u00f6rl\u00fc\u011f\u00fc ve\u00a0<strong>De\u011ferler Bazl\u0131 Liderlik<\/strong>\u00a0projesinin ba\u015flat\u0131lmas\u0131nda Avrupa B\u00f6lgesi liderli\u011fini \u00fcstlenmi\u015ftir. Bankan\u0131n oryantasyon s\u00fcre\u00e7lerini u\u00e7tan uca y\u00f6netmi\u015ftir. 2010\u2019dan bu yana 20\u2019den fazla kuruma dan\u0131\u015fmanl\u0131k ve e\u011fitmenlik hizmeti vermi\u015ftir. De\u011ferlendirme Merkezi dan\u0131\u015fmanl\u0131\u011f\u0131 yapm\u0131\u015ft\u0131r. Verdi\u011fi e\u011fitimler aras\u0131nda Liderlik Bilinci, Zaman Y\u00f6netimi, Sunum Becerileri, Gri Yaka \u0130\u00e7in \u0130leti\u015fim Becerileri, Kurumsal Kimli\u011fe Uyum, Tak\u0131m Motivasyonu bulunmaktad\u0131r.<\/p><p>Sivil toplum alan\u0131nda\u00a0<strong>meslek liselerine y\u00f6nelik<\/strong>\u00a0projelerde\u00a0<strong>e\u011fitmen ve dan\u0131\u015fman<\/strong>\u00a0olarak, baz\u0131 vak\u0131flar ve\u00a0<strong>\u0130stanbul Bilgi \u00dcniversitesi\u2019<\/strong>n\u0131n programlar\u0131nda\u00a0<strong>mentor<\/strong>\u00a0olarak g\u00f6rev yapm\u0131\u015ft\u0131r. Bah\u00e7e\u015fehir \u00dcniversitesi kariyer merkezinde yerli ve yabanc\u0131 \u00f6\u011frencilere kariyer ko\u00e7lu\u011fu yapm\u0131\u015f,\u00a0<strong>Yeditepe \u00dcniversitesi G\u0131da M\u00fchendisli\u011fi<\/strong>\u2019nde i\u015f hayat\u0131 becerileri e\u011fitimleri vermi\u015ftir.<\/p><p>Profesyonel ko\u00e7lu\u011fa 2018\u2019de Sola Unitas mezunu olarak ba\u015flam\u0131\u015f, 2020\u2019de ICF\u2019ten ACC \u00fcnvanlamas\u0131n\u0131 alm\u0131\u015ft\u0131r. Ayr\u0131ca,\u00a0<strong>Alliant International University I\/O Psychology<\/strong>\u00a0dan\u0131\u015fmanl\u0131k sertifikas\u0131 sahibi ve mesleki yeterlilik belgeli\u00a0<strong>\u0130\u015f ve Meslek Dan\u0131\u015fman\u0131 olan Ece,\u00a0<\/strong><strong>\u0130\u015fte ve Ya\u015famda Kendi Yolun<\/strong>\u00a0ve\u00a0<strong>Bilsen \u0130yi Olur<\/strong>\u00a0podcast yay\u0131nlar\u0131n\u0131n sahibidir.\u00a0<strong>IODA T\u00fcrkiye Uluslararas\u0131 Organizasyonel Geli\u015fim Derne\u011fi<\/strong>\u00a0kurucu \u00fcyesidir. Ko\u015fu ve filantropi ilgi alanlar\u0131d\u0131r.<\/p>\t\t\t\t\t\t<\/div>\n\t\t\t\t<\/div>\n\t\t\t\t\t<\/div>\n\t\t<\/div>\n\t\t\t\t\t<\/div>\n\t\t<\/section>\n\t\t\t\t<\/div>\n\t\t","protected":false},"excerpt":{"rendered":"<p>Dan\u0131\u015fmanlar\u0131m\u0131z Ece A\u011fabeyo\u011flu (ACC) PDR Group Dan\u0131\u015fman\u0131 Hacettepe \u00dcniversitesi \u0130statistik B\u00f6l\u00fcm\u00fc\u00a0lisans,\u00a0\u0130stanbul Bilgi \u00dcniversitesi \u00d6rg\u00fctsel\/End\u00fcstriyel Psikoloji\u00a0y\u00fcksek lisans programlar\u0131ndan mezun olmu\u015ftur. 1998\u2019den itibaren kurumsal \u00e7at\u0131 alt\u0131ndaki ilk 16 y\u0131l\u0131 boyunca s\u0131ras\u0131yla;\u00a0Commercial Union Hayat Sigorta (Avivasa)\u00a0\u2013 finansal dan\u0131\u015fmanl\u0131k,\u00a0\u0130\u015f Bankas\u0131\u00a0&#8211; kurumsal kredi uzmanl\u0131\u011f\u0131,\u00a0HSBC\u00a0\u0130nsan Kaynaklar\u0131 &#8211; E\u011fitim ve Geli\u015ftirme M\u00fcd\u00fcr Yard\u0131mc\u0131s\u0131\/E\u011fitmenlik, yetkinlik e\u011fitimleri y\u00f6neticili\u011fi, Gen\u00e7 Yetenek program\u0131 de\u011ferlendirme merkezi dan\u0131\u015fmanl\u0131\u011f\u0131 yapm\u0131\u015f, kurum i\u00e7i ko\u00e7luk, yenilenen \u015fube yap\u0131lanmas\u0131nda proje koordinat\u00f6rl\u00fc\u011f\u00fc ve\u00a0De\u011ferler&#8230; <\/p>\n<p class=\"more\"><a class=\"more-link\" href=\"https:\/\/pdricma.com.tr\/en\/ece-agabeyoglu-acc\/\">Read More<\/a><\/p>","protected":false},"author":1,"featured_media":0,"parent":0,"menu_order":0,"comment_status":"closed","ping_status":"closed","template":"elementor_header_footer","meta":{"footnotes":""},"class_list":["post-3426","page","type-page","status-publish","hentry","is-cat-link-solid-light is-cat-link-rounded"],"yoast_head":"<!-- This site is optimized with the Yoast SEO Premium plugin v24.0 (Yoast SEO v26.9) - https:\/\/yoast.com\/product\/yoast-seo-premium-wordpress\/ -->\n<title>Ece A\u011fabeyo\u011flu (ACC) - PDR International Coaching &amp; Mentoring Academy<\/title>\n<meta name=\"robots\" content=\"index, follow, max-snippet:-1, max-image-preview:large, max-video-preview:-1\" \/>\n<link rel=\"canonical\" href=\"https:\/\/pdricma.com.tr\/en\/ece-agabeyoglu-acc\/\" \/>\n<meta property=\"og:locale\" content=\"en_US\" \/>\n<meta property=\"og:type\" content=\"article\" \/>\n<meta property=\"og:title\" content=\"Ece A\u011fabeyo\u011flu (ACC)\" \/>\n<meta property=\"og:description\" content=\"Dan\u0131\u015fmanlar\u0131m\u0131z Ece A\u011fabeyo\u011flu (ACC) PDR Group Dan\u0131\u015fman\u0131 Hacettepe \u00dcniversitesi \u0130statistik B\u00f6l\u00fcm\u00fc\u00a0lisans,\u00a0\u0130stanbul Bilgi \u00dcniversitesi \u00d6rg\u00fctsel\/End\u00fcstriyel Psikoloji\u00a0y\u00fcksek lisans programlar\u0131ndan mezun olmu\u015ftur. 1998\u2019den itibaren kurumsal \u00e7at\u0131 alt\u0131ndaki ilk 16 y\u0131l\u0131 boyunca s\u0131ras\u0131yla;\u00a0Commercial Union Hayat Sigorta (Avivasa)\u00a0\u2013 finansal dan\u0131\u015fmanl\u0131k,\u00a0\u0130\u015f Bankas\u0131\u00a0&#8211; kurumsal kredi uzmanl\u0131\u011f\u0131,\u00a0HSBC\u00a0\u0130nsan Kaynaklar\u0131 &#8211; E\u011fitim ve Geli\u015ftirme M\u00fcd\u00fcr Yard\u0131mc\u0131s\u0131\/E\u011fitmenlik, yetkinlik e\u011fitimleri y\u00f6neticili\u011fi, Gen\u00e7 Yetenek program\u0131 de\u011ferlendirme merkezi dan\u0131\u015fmanl\u0131\u011f\u0131 yapm\u0131\u015f, kurum i\u00e7i ko\u00e7luk, yenilenen \u015fube yap\u0131lanmas\u0131nda proje koordinat\u00f6rl\u00fc\u011f\u00fc ve\u00a0De\u011ferler... Read More\" \/>\n<meta property=\"og:url\" content=\"https:\/\/pdricma.com.tr\/en\/ece-agabeyoglu-acc\/\" \/>\n<meta property=\"og:site_name\" content=\"PDR International Coaching &amp; Mentoring Academy\" \/>\n<meta property=\"article:publisher\" content=\"https:\/\/www.facebook.com\/people\/PDR-ICMA\/100064844886292\/\" \/>\n<meta property=\"article:modified_time\" content=\"2023-07-10T17:42:52+00:00\" \/>\n<meta property=\"og:image\" content=\"https:\/\/pdricma.com.tr\/wp-content\/uploads\/2023\/07\/4175-300x287.jpg\" \/>\n<meta name=\"twitter:card\" content=\"summary_large_image\" \/>\n<meta name=\"twitter:label1\" content=\"Est. reading time\" \/>\n\t<meta name=\"twitter:data1\" content=\"2 minutes\" \/>\n<script type=\"application\/ld+json\" class=\"yoast-schema-graph\">{\"@context\":\"https:\/\/schema.org\",\"@graph\":[{\"@type\":\"WebPage\",\"@id\":\"https:\/\/pdricma.com.tr\/ece-agabeyoglu-acc\/\",\"url\":\"https:\/\/pdricma.com.tr\/ece-agabeyoglu-acc\/\",\"name\":\"Ece A\u011fabeyo\u011flu (ACC) - PDR International Coaching &amp; Mentoring Academy\",\"isPartOf\":{\"@id\":\"https:\/\/pdricma.com.tr\/#website\"},\"primaryImageOfPage\":{\"@id\":\"https:\/\/pdricma.com.tr\/ece-agabeyoglu-acc\/#primaryimage\"},\"image\":{\"@id\":\"https:\/\/pdricma.com.tr\/ece-agabeyoglu-acc\/#primaryimage\"},\"thumbnailUrl\":\"https:\/\/pdricma.com.tr\/wp-content\/uploads\/2023\/07\/4175-300x287.jpg\",\"datePublished\":\"2023-07-10T17:41:53+00:00\",\"dateModified\":\"2023-07-10T17:42:52+00:00\",\"breadcrumb\":{\"@id\":\"https:\/\/pdricma.com.tr\/ece-agabeyoglu-acc\/#breadcrumb\"},\"inLanguage\":\"en-US\",\"potentialAction\":[{\"@type\":\"ReadAction\",\"target\":[\"https:\/\/pdricma.com.tr\/ece-agabeyoglu-acc\/\"]}]},{\"@type\":\"ImageObject\",\"inLanguage\":\"en-US\",\"@id\":\"https:\/\/pdricma.com.tr\/ece-agabeyoglu-acc\/#primaryimage\",\"url\":\"https:\/\/pdricma.com.tr\/wp-content\/uploads\/2023\/07\/4175-300x287.jpg\",\"contentUrl\":\"https:\/\/pdricma.com.tr\/wp-content\/uploads\/2023\/07\/4175-300x287.jpg\"},{\"@type\":\"BreadcrumbList\",\"@id\":\"https:\/\/pdricma.com.tr\/ece-agabeyoglu-acc\/#breadcrumb\",\"itemListElement\":[{\"@type\":\"ListItem\",\"position\":1,\"name\":\"Anasayfa\",\"item\":\"https:\/\/pdricma.com.tr\/\"},{\"@type\":\"ListItem\",\"position\":2,\"name\":\"Ece A\u011fabeyo\u011flu (ACC)\"}]},{\"@type\":\"WebSite\",\"@id\":\"https:\/\/pdricma.com.tr\/#website\",\"url\":\"https:\/\/pdricma.com.tr\/\",\"name\":\"PDR International Coaching & Mentoring Academy\",\"description\":\"\",\"publisher\":{\"@id\":\"https:\/\/pdricma.com.tr\/#organization\"},\"potentialAction\":[{\"@type\":\"SearchAction\",\"target\":{\"@type\":\"EntryPoint\",\"urlTemplate\":\"https:\/\/pdricma.com.tr\/?s={search_term_string}\"},\"query-input\":{\"@type\":\"PropertyValueSpecification\",\"valueRequired\":true,\"valueName\":\"search_term_string\"}}],\"inLanguage\":\"en-US\"},{\"@type\":\"Organization\",\"@id\":\"https:\/\/pdricma.com.tr\/#organization\",\"name\":\"PDR International Coaching & Mentoring Academy\",\"url\":\"https:\/\/pdricma.com.tr\/\",\"logo\":{\"@type\":\"ImageObject\",\"inLanguage\":\"en-US\",\"@id\":\"https:\/\/pdricma.com.tr\/#\/schema\/logo\/image\/\",\"url\":\"https:\/\/pdricma.com.tr\/wp-content\/uploads\/2023\/07\/PDRCOACHINGLOGO-01-002-1.png\",\"contentUrl\":\"https:\/\/pdricma.com.tr\/wp-content\/uploads\/2023\/07\/PDRCOACHINGLOGO-01-002-1.png\",\"width\":2307,\"height\":785,\"caption\":\"PDR International Coaching & Mentoring Academy\"},\"image\":{\"@id\":\"https:\/\/pdricma.com.tr\/#\/schema\/logo\/image\/\"},\"sameAs\":[\"https:\/\/www.facebook.com\/people\/PDR-ICMA\/100064844886292\/\",\"https:\/\/www.instagram.com\/pdricma\/\"]}]}<\/script>\n<!-- \/ Yoast SEO Premium plugin. -->","yoast_head_json":{"title":"Ece A\u011fabeyo\u011flu (ACC) - PDR International Coaching &amp; Mentoring Academy","robots":{"index":"index","follow":"follow","max-snippet":"max-snippet:-1","max-image-preview":"max-image-preview:large","max-video-preview":"max-video-preview:-1"},"canonical":"https:\/\/pdricma.com.tr\/en\/ece-agabeyoglu-acc\/","og_locale":"en_US","og_type":"article","og_title":"Ece A\u011fabeyo\u011flu (ACC)","og_description":"Dan\u0131\u015fmanlar\u0131m\u0131z Ece A\u011fabeyo\u011flu (ACC) PDR Group Dan\u0131\u015fman\u0131 Hacettepe \u00dcniversitesi \u0130statistik B\u00f6l\u00fcm\u00fc\u00a0lisans,\u00a0\u0130stanbul Bilgi \u00dcniversitesi \u00d6rg\u00fctsel\/End\u00fcstriyel Psikoloji\u00a0y\u00fcksek lisans programlar\u0131ndan mezun olmu\u015ftur. 1998\u2019den itibaren kurumsal \u00e7at\u0131 alt\u0131ndaki ilk 16 y\u0131l\u0131 boyunca s\u0131ras\u0131yla;\u00a0Commercial Union Hayat Sigorta (Avivasa)\u00a0\u2013 finansal dan\u0131\u015fmanl\u0131k,\u00a0\u0130\u015f Bankas\u0131\u00a0&#8211; kurumsal kredi uzmanl\u0131\u011f\u0131,\u00a0HSBC\u00a0\u0130nsan Kaynaklar\u0131 &#8211; E\u011fitim ve Geli\u015ftirme M\u00fcd\u00fcr Yard\u0131mc\u0131s\u0131\/E\u011fitmenlik, yetkinlik e\u011fitimleri y\u00f6neticili\u011fi, Gen\u00e7 Yetenek program\u0131 de\u011ferlendirme merkezi dan\u0131\u015fmanl\u0131\u011f\u0131 yapm\u0131\u015f, kurum i\u00e7i ko\u00e7luk, yenilenen \u015fube yap\u0131lanmas\u0131nda proje koordinat\u00f6rl\u00fc\u011f\u00fc ve\u00a0De\u011ferler... Read More","og_url":"https:\/\/pdricma.com.tr\/en\/ece-agabeyoglu-acc\/","og_site_name":"PDR International Coaching &amp; Mentoring Academy","article_publisher":"https:\/\/www.facebook.com\/people\/PDR-ICMA\/100064844886292\/","article_modified_time":"2023-07-10T17:42:52+00:00","og_image":[{"url":"https:\/\/pdricma.com.tr\/wp-content\/uploads\/2023\/07\/4175-300x287.jpg","type":"","width":"","height":""}],"twitter_card":"summary_large_image","twitter_misc":{"Est. reading time":"2 minutes"},"schema":{"@context":"https:\/\/schema.org","@graph":[{"@type":"WebPage","@id":"https:\/\/pdricma.com.tr\/ece-agabeyoglu-acc\/","url":"https:\/\/pdricma.com.tr\/ece-agabeyoglu-acc\/","name":"Ece A\u011fabeyo\u011flu (ACC) - PDR International Coaching &amp; Mentoring Academy","isPartOf":{"@id":"https:\/\/pdricma.com.tr\/#website"},"primaryImageOfPage":{"@id":"https:\/\/pdricma.com.tr\/ece-agabeyoglu-acc\/#primaryimage"},"image":{"@id":"https:\/\/pdricma.com.tr\/ece-agabeyoglu-acc\/#primaryimage"},"thumbnailUrl":"https:\/\/pdricma.com.tr\/wp-content\/uploads\/2023\/07\/4175-300x287.jpg","datePublished":"2023-07-10T17:41:53+00:00","dateModified":"2023-07-10T17:42:52+00:00","breadcrumb":{"@id":"https:\/\/pdricma.com.tr\/ece-agabeyoglu-acc\/#breadcrumb"},"inLanguage":"en-US","potentialAction":[{"@type":"ReadAction","target":["https:\/\/pdricma.com.tr\/ece-agabeyoglu-acc\/"]}]},{"@type":"ImageObject","inLanguage":"en-US","@id":"https:\/\/pdricma.com.tr\/ece-agabeyoglu-acc\/#primaryimage","url":"https:\/\/pdricma.com.tr\/wp-content\/uploads\/2023\/07\/4175-300x287.jpg","contentUrl":"https:\/\/pdricma.com.tr\/wp-content\/uploads\/2023\/07\/4175-300x287.jpg"},{"@type":"BreadcrumbList","@id":"https:\/\/pdricma.com.tr\/ece-agabeyoglu-acc\/#breadcrumb","itemListElement":[{"@type":"ListItem","position":1,"name":"Anasayfa","item":"https:\/\/pdricma.com.tr\/"},{"@type":"ListItem","position":2,"name":"Ece A\u011fabeyo\u011flu (ACC)"}]},{"@type":"WebSite","@id":"https:\/\/pdricma.com.tr\/#website","url":"https:\/\/pdricma.com.tr\/","name":"PDR International Coaching & Mentoring Academy","description":"","publisher":{"@id":"https:\/\/pdricma.com.tr\/#organization"},"potentialAction":[{"@type":"SearchAction","target":{"@type":"EntryPoint","urlTemplate":"https:\/\/pdricma.com.tr\/?s={search_term_string}"},"query-input":{"@type":"PropertyValueSpecification","valueRequired":true,"valueName":"search_term_string"}}],"inLanguage":"en-US"},{"@type":"Organization","@id":"https:\/\/pdricma.com.tr\/#organization","name":"PDR International Coaching & Mentoring Academy","url":"https:\/\/pdricma.com.tr\/","logo":{"@type":"ImageObject","inLanguage":"en-US","@id":"https:\/\/pdricma.com.tr\/#\/schema\/logo\/image\/","url":"https:\/\/pdricma.com.tr\/wp-content\/uploads\/2023\/07\/PDRCOACHINGLOGO-01-002-1.png","contentUrl":"https:\/\/pdricma.com.tr\/wp-content\/uploads\/2023\/07\/PDRCOACHINGLOGO-01-002-1.png","width":2307,"height":785,"caption":"PDR International Coaching & Mentoring Academy"},"image":{"@id":"https:\/\/pdricma.com.tr\/#\/schema\/logo\/image\/"},"sameAs":["https:\/\/www.facebook.com\/people\/PDR-ICMA\/100064844886292\/","https:\/\/www.instagram.com\/pdricma\/"]}]}},"_links":{"self":[{"href":"https:\/\/pdricma.com.tr\/en\/wp-json\/wp\/v2\/pages\/3426","targetHints":{"allow":["GET"]}}],"collection":[{"href":"https:\/\/pdricma.com.tr\/en\/wp-json\/wp\/v2\/pages"}],"about":[{"href":"https:\/\/pdricma.com.tr\/en\/wp-json\/wp\/v2\/types\/page"}],"author":[{"embeddable":true,"href":"https:\/\/pdricma.com.tr\/en\/wp-json\/wp\/v2\/users\/1"}],"replies":[{"embeddable":true,"href":"https:\/\/pdricma.com.tr\/en\/wp-json\/wp\/v2\/comments?post=3426"}],"version-history":[{"count":7,"href":"https:\/\/pdricma.com.tr\/en\/wp-json\/wp\/v2\/pages\/3426\/revisions"}],"predecessor-version":[{"id":3433,"href":"https:\/\/pdricma.com.tr\/en\/wp-json\/wp\/v2\/pages\/3426\/revisions\/3433"}],"wp:attachment":[{"href":"https:\/\/pdricma.com.tr\/en\/wp-json\/wp\/v2\/media?parent=3426"}],"curies":[{"name":"wp","href":"https:\/\/api.w.org\/{rel}","templated":true}]}}