{"id":3511,"date":"2023-07-10T21:11:21","date_gmt":"2023-07-10T18:11:21","guid":{"rendered":"https:\/\/pdricma.com.tr\/?page_id=3511"},"modified":"2023-07-10T21:12:01","modified_gmt":"2023-07-10T18:12:01","slug":"oya-fadiloglu-acc-actp","status":"publish","type":"page","link":"https:\/\/pdricma.com.tr\/en\/oya-fadiloglu-acc-actp\/","title":{"rendered":"Oya Fad\u0131lo\u011flu ACC &amp; ACTP"},"content":{"rendered":"\t\t<div data-elementor-type=\"wp-post\" data-elementor-id=\"3511\" class=\"elementor elementor-3511\">\n\t\t\t\t\t\t<section class=\"elementor-section elementor-top-section elementor-element elementor-element-ff60954 elementor-section-boxed elementor-section-height-default elementor-section-height-default\" data-id=\"ff60954\" data-element_type=\"section\" data-settings=\"{&quot;background_background&quot;:&quot;classic&quot;,&quot;ekit_has_onepagescroll_dot&quot;:&quot;yes&quot;}\">\n\t\t\t\t\t\t<div class=\"elementor-container elementor-column-gap-default\">\n\t\t\t\t\t<div class=\"elementor-column elementor-col-100 elementor-top-column elementor-element elementor-element-350388e\" data-id=\"350388e\" data-element_type=\"column\">\n\t\t\t<div class=\"elementor-widget-wrap elementor-element-populated\">\n\t\t\t\t\t\t<div class=\"elementor-element elementor-element-fa56586 elementor-widget elementor-widget-heading\" data-id=\"fa56586\" data-element_type=\"widget\" data-settings=\"{&quot;ekit_we_effect_on&quot;:&quot;none&quot;}\" data-widget_type=\"heading.default\">\n\t\t\t\t<div class=\"elementor-widget-container\">\n\t\t\t<style>\/*! elementor - v3.21.0 - 08-05-2024 *\/\n.elementor-heading-title{padding:0;margin:0;line-height:1}.elementor-widget-heading .elementor-heading-title[class*=elementor-size-]>a{color:inherit;font-size:inherit;line-height:inherit}.elementor-widget-heading .elementor-heading-title.elementor-size-small{font-size:15px}.elementor-widget-heading .elementor-heading-title.elementor-size-medium{font-size:19px}.elementor-widget-heading .elementor-heading-title.elementor-size-large{font-size:29px}.elementor-widget-heading .elementor-heading-title.elementor-size-xl{font-size:39px}.elementor-widget-heading .elementor-heading-title.elementor-size-xxl{font-size:59px}<\/style><h1 class=\"elementor-heading-title elementor-size-default\">Dan\u0131\u015fmanlar\u0131m\u0131z<\/h1>\t\t<\/div>\n\t\t\t\t<\/div>\n\t\t\t\t\t<\/div>\n\t\t<\/div>\n\t\t\t\t\t<\/div>\n\t\t<\/section>\n\t\t\t\t<section class=\"elementor-section elementor-top-section elementor-element elementor-element-373f11d elementor-section-boxed elementor-section-height-default elementor-section-height-default\" data-id=\"373f11d\" data-element_type=\"section\" data-settings=\"{&quot;ekit_has_onepagescroll_dot&quot;:&quot;yes&quot;}\">\n\t\t\t\t\t\t<div class=\"elementor-container elementor-column-gap-default\">\n\t\t\t\t\t<div class=\"elementor-column elementor-col-50 elementor-top-column elementor-element elementor-element-61fcca8\" data-id=\"61fcca8\" data-element_type=\"column\">\n\t\t\t<div class=\"elementor-widget-wrap elementor-element-populated\">\n\t\t\t\t\t\t<div class=\"elementor-element elementor-element-38265ad elementor-widget elementor-widget-image\" data-id=\"38265ad\" data-element_type=\"widget\" data-settings=\"{&quot;ekit_we_effect_on&quot;:&quot;none&quot;}\" data-widget_type=\"image.default\">\n\t\t\t\t<div class=\"elementor-widget-container\">\n\t\t\t<style>\/*! elementor - v3.21.0 - 08-05-2024 *\/\n.elementor-widget-image{text-align:center}.elementor-widget-image a{display:inline-block}.elementor-widget-image a img[src$=\".svg\"]{width:48px}.elementor-widget-image img{vertical-align:middle;display:inline-block}<\/style>\t\t\t\t\t\t\t\t\t\t<img decoding=\"async\" width=\"200\" height=\"200\" src=\"https:\/\/pdricma.com.tr\/wp-content\/uploads\/2023\/07\/4263.jpg\" class=\"attachment-medium size-medium wp-image-3350\" alt=\"\" srcset=\"https:\/\/pdricma.com.tr\/wp-content\/uploads\/2023\/07\/4263.jpg 200w, https:\/\/pdricma.com.tr\/wp-content\/uploads\/2023\/07\/4263-150x150.jpg 150w\" sizes=\"(max-width: 200px) 100vw, 200px\" \/>\t\t\t\t\t\t\t\t\t\t\t\t\t<\/div>\n\t\t\t\t<\/div>\n\t\t\t\t\t<\/div>\n\t\t<\/div>\n\t\t\t\t<div class=\"elementor-column elementor-col-50 elementor-top-column elementor-element elementor-element-efbd3b6\" data-id=\"efbd3b6\" data-element_type=\"column\">\n\t\t\t<div class=\"elementor-widget-wrap elementor-element-populated\">\n\t\t\t\t\t\t<div class=\"elementor-element elementor-element-3978d1d elementor-widget__width-initial elementor-widget elementor-widget-jet-team-member\" data-id=\"3978d1d\" data-element_type=\"widget\" data-settings=\"{&quot;ekit_we_effect_on&quot;:&quot;none&quot;}\" data-widget_type=\"jet-team-member.default\">\n\t\t\t\t<div class=\"elementor-widget-container\">\n\t\t\t<div class=\"elementor-jet-team-member jet-elements\"><div class=\"jet-team-member\">\n\t<div class=\"jet-team-member__inner\">\n\t\t<div class=\"jet-team-member__image\">\n\t\t\t<div class=\"jet-team-member__cover\"><\/div>\n\t\t\t\t\t<\/div>\n\t\t<div class=\"jet-team-member__content\"><h3 class=\"jet-team-member__name\"><span class=\"jet-team-member__name-first\">Oya Fad\u0131lo\u011flu, <\/span><span class=\"jet-team-member__name-last\"> ACC & ACTP<\/span><\/h3><div class=\"jet-team-member__position\"><span>PDR Group Dan\u0131\u015fman\u0131<\/span><\/div><div class=\"jet-team-member__socials\"><div class=\"jet-team-member__socials-item\"><a href=\"https:\/\/www.linkedin.com\/in\/oya-fadiloglu\/\" aria-label=\"lindedin\"><div class=\"jet-team-member__socials-icon\"><div class=\"inner\"><span class=\"jet-elements-icon\"><i aria-hidden=\"true\" class=\"fab fa-linkedin\"><\/i><\/span><\/div><\/div><\/a><\/div><\/div><\/div>\n\t<\/div>\n<\/div>\n<\/div>\t\t<\/div>\n\t\t\t\t<\/div>\n\t\t\t\t<div class=\"elementor-element elementor-element-d9bf334 elementor-widget elementor-widget-text-editor\" data-id=\"d9bf334\" data-element_type=\"widget\" data-settings=\"{&quot;ekit_we_effect_on&quot;:&quot;none&quot;}\" data-widget_type=\"text-editor.default\">\n\t\t\t\t<div class=\"elementor-widget-container\">\n\t\t\t<style>\/*! elementor - v3.21.0 - 08-05-2024 *\/\n.elementor-widget-text-editor.elementor-drop-cap-view-stacked .elementor-drop-cap{background-color:#69727d;color:#fff}.elementor-widget-text-editor.elementor-drop-cap-view-framed .elementor-drop-cap{color:#69727d;border:3px solid;background-color:transparent}.elementor-widget-text-editor:not(.elementor-drop-cap-view-default) .elementor-drop-cap{margin-top:8px}.elementor-widget-text-editor:not(.elementor-drop-cap-view-default) .elementor-drop-cap-letter{width:1em;height:1em}.elementor-widget-text-editor .elementor-drop-cap{float:left;text-align:center;line-height:1;font-size:50px}.elementor-widget-text-editor .elementor-drop-cap-letter{display:inline-block}<\/style>\t\t\t\t<p>Oya Fad\u0131lo\u011flu, Dokuz Eyl\u00fcl \u00dcniversitesi \u0130\u015fletme Fak\u00fcltesi Uluslararas\u0131 \u0130li\u015fkiler B\u00f6l\u00fcm\u00fc mezunu olup, e\u011fitim hayat\u0131na Bo\u011fazi\u00e7i \u00dcniversitesi \u0130novasyon ve Giri\u015fimcilik, Paris Sorbonne \u00dcniversitesi Cours de Civilization Fran\u00e7aise, Ba\u015fkent \u00dcniversitesi \u0130nsan Kaynaklar\u0131 Y\u00f6netimi alanlar\u0131nda ald\u0131\u011f\u0131 sertifikasyon programlar\u0131 ile devam etmi\u015ftir. Halen, Anadolu \u00dcniversitesi Felsefe B\u00f6l\u00fcm\u00fc Lisans \u00f6\u011frencisidir.<\/p><p>14 y\u0131l s\u00fcren bankac\u0131l\u0131k kariyerine Yap\u0131 ve Kredi Bankas\u0131\u2019nda Management Trainee olarak ad\u0131m atm\u0131\u015ft\u0131r. Bankac\u0131l\u0131k kariyeri boyunca, \u0130zmir ve \u0130stanbul&#8217;da sat\u0131\u015f, pazarlama, kurumsal ve ticari m\u00fc\u015fteri y\u00f6netimi, d\u0131\u015f ticaretin finansman\u0131, kredi risk y\u00f6netimi, reorganizasyon konular\u0131nda uzmanl\u0131k ve y\u00f6neticilik rolleri \u00fcstlenmi\u015ftir. 2011 y\u0131l\u0131nda \u0130talyan Candy Hoover Group&#8217;a Kredi Risk ve Kontrol M\u00fcd\u00fcr\u00fc olarak ge\u00e7erek T\u00fcrkiye ve Ingiltere merkezine ba\u011fl\u0131 kredi risk ve alacak operasyonlar\u0131n\u0131n y\u00f6netimi rol\u00fcn\u00fc \u00fcstlenmi\u015ftir.<\/p><p>2015-2018 y\u0131llar\u0131 aras\u0131nda Paris&#8217;te ya\u015fam\u0131\u015f, 2019 y\u0131l\u0131ndan itibaren Profesyonel Ko\u00e7luk ve Harrison Assessments Dan\u0131\u015fmanl\u0131k alanlar\u0131nda \u00e7al\u0131\u015fmalar\u0131n\u0131 s\u00fcrd\u00fcren Oya, Uluslararas\u0131 Ko\u00e7luk Federasyonu (ICF) \u2018nundan akredite Profesyonel Ko\u00e7luk Temel &amp; \u0130leri Seviye e\u011fitimleri ile Y\u00f6netici ve Tak\u0131m Ko\u00e7lu\u011fu e\u011fitimlerini alm\u0131\u015ft\u0131r. Akabinde, ICF taraf\u0131ndan ger\u00e7ekle\u015ftirilen yetkinlik s\u0131navlar\u0131n\u0131 ba\u015far\u0131 ile ge\u00e7erek Associated Certified Coach (ACC) \u00fcnvan\u0131na sahip olmu\u015ftur. 2020 y\u0131l\u0131ndan itibaren ICF T\u00fcrkiye Proje ve \u00c7al\u0131\u015fma Kurulu \u00fcyesi olup STK ve Dernekler ile y\u00fcr\u00fct\u00fclen ICF projelerinde aktif rol oynamaktad\u0131r. Evli ve 2 k\u0131z \u00e7ocu\u011fu sahibidir.<\/p><p>PDR International b\u00fcnyesinde Y\u00f6netici Ko\u00e7u, E\u011fitmen ve Dan\u0131\u015fman olarak hizmet vermektedir. Bireylerin ve tak\u0131mlar\u0131n performanslar\u0131n\u0131 en \u00fcst d\u00fczeye \u00e7\u0131kartarak, istediklerini elde etmek, kendilerinin en iyi versiyonlar\u0131 olmalar\u0131n\u0131 sa\u011flamak i\u00e7in odakl\u0131 Ko\u00e7luk, Mentorluk ve E\u011fitim hizmetleri sunmaktad\u0131r.<\/p>\t\t\t\t\t\t<\/div>\n\t\t\t\t<\/div>\n\t\t\t\t\t<\/div>\n\t\t<\/div>\n\t\t\t\t\t<\/div>\n\t\t<\/section>\n\t\t\t\t<\/div>\n\t\t","protected":false},"excerpt":{"rendered":"<p>Dan\u0131\u015fmanlar\u0131m\u0131z Oya Fad\u0131lo\u011flu, ACC &#038; ACTP PDR Group Dan\u0131\u015fman\u0131 Oya Fad\u0131lo\u011flu, Dokuz Eyl\u00fcl \u00dcniversitesi \u0130\u015fletme Fak\u00fcltesi Uluslararas\u0131 \u0130li\u015fkiler B\u00f6l\u00fcm\u00fc mezunu olup, e\u011fitim hayat\u0131na Bo\u011fazi\u00e7i \u00dcniversitesi \u0130novasyon ve Giri\u015fimcilik, Paris Sorbonne \u00dcniversitesi Cours de Civilization Fran\u00e7aise, Ba\u015fkent \u00dcniversitesi \u0130nsan Kaynaklar\u0131 Y\u00f6netimi alanlar\u0131nda ald\u0131\u011f\u0131 sertifikasyon programlar\u0131 ile devam etmi\u015ftir. Halen, Anadolu \u00dcniversitesi Felsefe B\u00f6l\u00fcm\u00fc Lisans \u00f6\u011frencisidir. 14 y\u0131l s\u00fcren bankac\u0131l\u0131k kariyerine Yap\u0131 ve Kredi Bankas\u0131\u2019nda Management Trainee&#8230; <\/p>\n<p class=\"more\"><a class=\"more-link\" href=\"https:\/\/pdricma.com.tr\/en\/oya-fadiloglu-acc-actp\/\">Read More<\/a><\/p>","protected":false},"author":1,"featured_media":0,"parent":0,"menu_order":0,"comment_status":"closed","ping_status":"closed","template":"elementor_header_footer","meta":{"footnotes":""},"class_list":["post-3511","page","type-page","status-publish","hentry","is-cat-link-solid-light is-cat-link-rounded"],"yoast_head":"<!-- This site is optimized with the Yoast SEO Premium plugin v24.0 (Yoast SEO v26.9) - https:\/\/yoast.com\/product\/yoast-seo-premium-wordpress\/ -->\n<title>Oya Fad\u0131lo\u011flu ACC &amp; ACTP - PDR International Coaching &amp; Mentoring Academy<\/title>\n<meta name=\"robots\" content=\"index, follow, max-snippet:-1, max-image-preview:large, max-video-preview:-1\" \/>\n<link rel=\"canonical\" href=\"https:\/\/pdricma.com.tr\/en\/oya-fadiloglu-acc-actp\/\" \/>\n<meta property=\"og:locale\" content=\"en_US\" \/>\n<meta property=\"og:type\" content=\"article\" \/>\n<meta property=\"og:title\" content=\"Oya Fad\u0131lo\u011flu ACC &amp; ACTP\" \/>\n<meta property=\"og:description\" content=\"Dan\u0131\u015fmanlar\u0131m\u0131z Oya Fad\u0131lo\u011flu, ACC &#038; ACTP PDR Group Dan\u0131\u015fman\u0131 Oya Fad\u0131lo\u011flu, Dokuz Eyl\u00fcl \u00dcniversitesi \u0130\u015fletme Fak\u00fcltesi Uluslararas\u0131 \u0130li\u015fkiler B\u00f6l\u00fcm\u00fc mezunu olup, e\u011fitim hayat\u0131na Bo\u011fazi\u00e7i \u00dcniversitesi \u0130novasyon ve Giri\u015fimcilik, Paris Sorbonne \u00dcniversitesi Cours de Civilization Fran\u00e7aise, Ba\u015fkent \u00dcniversitesi \u0130nsan Kaynaklar\u0131 Y\u00f6netimi alanlar\u0131nda ald\u0131\u011f\u0131 sertifikasyon programlar\u0131 ile devam etmi\u015ftir. Halen, Anadolu \u00dcniversitesi Felsefe B\u00f6l\u00fcm\u00fc Lisans \u00f6\u011frencisidir. 14 y\u0131l s\u00fcren bankac\u0131l\u0131k kariyerine Yap\u0131 ve Kredi Bankas\u0131\u2019nda Management Trainee... Read More\" \/>\n<meta property=\"og:url\" content=\"https:\/\/pdricma.com.tr\/en\/oya-fadiloglu-acc-actp\/\" \/>\n<meta property=\"og:site_name\" content=\"PDR International Coaching &amp; Mentoring Academy\" \/>\n<meta property=\"article:publisher\" content=\"https:\/\/www.facebook.com\/people\/PDR-ICMA\/100064844886292\/\" \/>\n<meta property=\"article:modified_time\" content=\"2023-07-10T18:12:01+00:00\" \/>\n<meta property=\"og:image\" content=\"https:\/\/pdricma.com.tr\/wp-content\/uploads\/2023\/07\/4263.jpg\" \/>\n<meta name=\"twitter:card\" content=\"summary_large_image\" \/>\n<meta name=\"twitter:label1\" content=\"Est. reading time\" \/>\n\t<meta name=\"twitter:data1\" content=\"2 minutes\" \/>\n<script type=\"application\/ld+json\" class=\"yoast-schema-graph\">{\"@context\":\"https:\/\/schema.org\",\"@graph\":[{\"@type\":\"WebPage\",\"@id\":\"https:\/\/pdricma.com.tr\/oya-fadiloglu-acc-actp\/\",\"url\":\"https:\/\/pdricma.com.tr\/oya-fadiloglu-acc-actp\/\",\"name\":\"Oya Fad\u0131lo\u011flu ACC &amp; ACTP - PDR International Coaching &amp; Mentoring Academy\",\"isPartOf\":{\"@id\":\"https:\/\/pdricma.com.tr\/#website\"},\"primaryImageOfPage\":{\"@id\":\"https:\/\/pdricma.com.tr\/oya-fadiloglu-acc-actp\/#primaryimage\"},\"image\":{\"@id\":\"https:\/\/pdricma.com.tr\/oya-fadiloglu-acc-actp\/#primaryimage\"},\"thumbnailUrl\":\"https:\/\/pdricma.com.tr\/wp-content\/uploads\/2023\/07\/4263.jpg\",\"datePublished\":\"2023-07-10T18:11:21+00:00\",\"dateModified\":\"2023-07-10T18:12:01+00:00\",\"breadcrumb\":{\"@id\":\"https:\/\/pdricma.com.tr\/oya-fadiloglu-acc-actp\/#breadcrumb\"},\"inLanguage\":\"en-US\",\"potentialAction\":[{\"@type\":\"ReadAction\",\"target\":[\"https:\/\/pdricma.com.tr\/oya-fadiloglu-acc-actp\/\"]}]},{\"@type\":\"ImageObject\",\"inLanguage\":\"en-US\",\"@id\":\"https:\/\/pdricma.com.tr\/oya-fadiloglu-acc-actp\/#primaryimage\",\"url\":\"https:\/\/pdricma.com.tr\/wp-content\/uploads\/2023\/07\/4263.jpg\",\"contentUrl\":\"https:\/\/pdricma.com.tr\/wp-content\/uploads\/2023\/07\/4263.jpg\"},{\"@type\":\"BreadcrumbList\",\"@id\":\"https:\/\/pdricma.com.tr\/oya-fadiloglu-acc-actp\/#breadcrumb\",\"itemListElement\":[{\"@type\":\"ListItem\",\"position\":1,\"name\":\"Anasayfa\",\"item\":\"https:\/\/pdricma.com.tr\/\"},{\"@type\":\"ListItem\",\"position\":2,\"name\":\"Oya Fad\u0131lo\u011flu ACC &amp; ACTP\"}]},{\"@type\":\"WebSite\",\"@id\":\"https:\/\/pdricma.com.tr\/#website\",\"url\":\"https:\/\/pdricma.com.tr\/\",\"name\":\"PDR International Coaching & Mentoring Academy\",\"description\":\"\",\"publisher\":{\"@id\":\"https:\/\/pdricma.com.tr\/#organization\"},\"potentialAction\":[{\"@type\":\"SearchAction\",\"target\":{\"@type\":\"EntryPoint\",\"urlTemplate\":\"https:\/\/pdricma.com.tr\/?s={search_term_string}\"},\"query-input\":{\"@type\":\"PropertyValueSpecification\",\"valueRequired\":true,\"valueName\":\"search_term_string\"}}],\"inLanguage\":\"en-US\"},{\"@type\":\"Organization\",\"@id\":\"https:\/\/pdricma.com.tr\/#organization\",\"name\":\"PDR International Coaching & Mentoring Academy\",\"url\":\"https:\/\/pdricma.com.tr\/\",\"logo\":{\"@type\":\"ImageObject\",\"inLanguage\":\"en-US\",\"@id\":\"https:\/\/pdricma.com.tr\/#\/schema\/logo\/image\/\",\"url\":\"https:\/\/pdricma.com.tr\/wp-content\/uploads\/2023\/07\/PDRCOACHINGLOGO-01-002-1.png\",\"contentUrl\":\"https:\/\/pdricma.com.tr\/wp-content\/uploads\/2023\/07\/PDRCOACHINGLOGO-01-002-1.png\",\"width\":2307,\"height\":785,\"caption\":\"PDR International Coaching & Mentoring Academy\"},\"image\":{\"@id\":\"https:\/\/pdricma.com.tr\/#\/schema\/logo\/image\/\"},\"sameAs\":[\"https:\/\/www.facebook.com\/people\/PDR-ICMA\/100064844886292\/\",\"https:\/\/www.instagram.com\/pdricma\/\"]}]}<\/script>\n<!-- \/ Yoast SEO Premium plugin. -->","yoast_head_json":{"title":"Oya Fad\u0131lo\u011flu ACC &amp; ACTP - PDR International Coaching &amp; Mentoring Academy","robots":{"index":"index","follow":"follow","max-snippet":"max-snippet:-1","max-image-preview":"max-image-preview:large","max-video-preview":"max-video-preview:-1"},"canonical":"https:\/\/pdricma.com.tr\/en\/oya-fadiloglu-acc-actp\/","og_locale":"en_US","og_type":"article","og_title":"Oya Fad\u0131lo\u011flu ACC &amp; ACTP","og_description":"Dan\u0131\u015fmanlar\u0131m\u0131z Oya Fad\u0131lo\u011flu, ACC &#038; ACTP PDR Group Dan\u0131\u015fman\u0131 Oya Fad\u0131lo\u011flu, Dokuz Eyl\u00fcl \u00dcniversitesi \u0130\u015fletme Fak\u00fcltesi Uluslararas\u0131 \u0130li\u015fkiler B\u00f6l\u00fcm\u00fc mezunu olup, e\u011fitim hayat\u0131na Bo\u011fazi\u00e7i \u00dcniversitesi \u0130novasyon ve Giri\u015fimcilik, Paris Sorbonne \u00dcniversitesi Cours de Civilization Fran\u00e7aise, Ba\u015fkent \u00dcniversitesi \u0130nsan Kaynaklar\u0131 Y\u00f6netimi alanlar\u0131nda ald\u0131\u011f\u0131 sertifikasyon programlar\u0131 ile devam etmi\u015ftir. Halen, Anadolu \u00dcniversitesi Felsefe B\u00f6l\u00fcm\u00fc Lisans \u00f6\u011frencisidir. 14 y\u0131l s\u00fcren bankac\u0131l\u0131k kariyerine Yap\u0131 ve Kredi Bankas\u0131\u2019nda Management Trainee... Read More","og_url":"https:\/\/pdricma.com.tr\/en\/oya-fadiloglu-acc-actp\/","og_site_name":"PDR International Coaching &amp; Mentoring Academy","article_publisher":"https:\/\/www.facebook.com\/people\/PDR-ICMA\/100064844886292\/","article_modified_time":"2023-07-10T18:12:01+00:00","og_image":[{"url":"https:\/\/pdricma.com.tr\/wp-content\/uploads\/2023\/07\/4263.jpg","type":"","width":"","height":""}],"twitter_card":"summary_large_image","twitter_misc":{"Est. reading time":"2 minutes"},"schema":{"@context":"https:\/\/schema.org","@graph":[{"@type":"WebPage","@id":"https:\/\/pdricma.com.tr\/oya-fadiloglu-acc-actp\/","url":"https:\/\/pdricma.com.tr\/oya-fadiloglu-acc-actp\/","name":"Oya Fad\u0131lo\u011flu ACC &amp; ACTP - PDR International Coaching &amp; Mentoring Academy","isPartOf":{"@id":"https:\/\/pdricma.com.tr\/#website"},"primaryImageOfPage":{"@id":"https:\/\/pdricma.com.tr\/oya-fadiloglu-acc-actp\/#primaryimage"},"image":{"@id":"https:\/\/pdricma.com.tr\/oya-fadiloglu-acc-actp\/#primaryimage"},"thumbnailUrl":"https:\/\/pdricma.com.tr\/wp-content\/uploads\/2023\/07\/4263.jpg","datePublished":"2023-07-10T18:11:21+00:00","dateModified":"2023-07-10T18:12:01+00:00","breadcrumb":{"@id":"https:\/\/pdricma.com.tr\/oya-fadiloglu-acc-actp\/#breadcrumb"},"inLanguage":"en-US","potentialAction":[{"@type":"ReadAction","target":["https:\/\/pdricma.com.tr\/oya-fadiloglu-acc-actp\/"]}]},{"@type":"ImageObject","inLanguage":"en-US","@id":"https:\/\/pdricma.com.tr\/oya-fadiloglu-acc-actp\/#primaryimage","url":"https:\/\/pdricma.com.tr\/wp-content\/uploads\/2023\/07\/4263.jpg","contentUrl":"https:\/\/pdricma.com.tr\/wp-content\/uploads\/2023\/07\/4263.jpg"},{"@type":"BreadcrumbList","@id":"https:\/\/pdricma.com.tr\/oya-fadiloglu-acc-actp\/#breadcrumb","itemListElement":[{"@type":"ListItem","position":1,"name":"Anasayfa","item":"https:\/\/pdricma.com.tr\/"},{"@type":"ListItem","position":2,"name":"Oya Fad\u0131lo\u011flu ACC &amp; ACTP"}]},{"@type":"WebSite","@id":"https:\/\/pdricma.com.tr\/#website","url":"https:\/\/pdricma.com.tr\/","name":"PDR International Coaching & Mentoring Academy","description":"","publisher":{"@id":"https:\/\/pdricma.com.tr\/#organization"},"potentialAction":[{"@type":"SearchAction","target":{"@type":"EntryPoint","urlTemplate":"https:\/\/pdricma.com.tr\/?s={search_term_string}"},"query-input":{"@type":"PropertyValueSpecification","valueRequired":true,"valueName":"search_term_string"}}],"inLanguage":"en-US"},{"@type":"Organization","@id":"https:\/\/pdricma.com.tr\/#organization","name":"PDR International Coaching & Mentoring Academy","url":"https:\/\/pdricma.com.tr\/","logo":{"@type":"ImageObject","inLanguage":"en-US","@id":"https:\/\/pdricma.com.tr\/#\/schema\/logo\/image\/","url":"https:\/\/pdricma.com.tr\/wp-content\/uploads\/2023\/07\/PDRCOACHINGLOGO-01-002-1.png","contentUrl":"https:\/\/pdricma.com.tr\/wp-content\/uploads\/2023\/07\/PDRCOACHINGLOGO-01-002-1.png","width":2307,"height":785,"caption":"PDR International Coaching & Mentoring Academy"},"image":{"@id":"https:\/\/pdricma.com.tr\/#\/schema\/logo\/image\/"},"sameAs":["https:\/\/www.facebook.com\/people\/PDR-ICMA\/100064844886292\/","https:\/\/www.instagram.com\/pdricma\/"]}]}},"_links":{"self":[{"href":"https:\/\/pdricma.com.tr\/en\/wp-json\/wp\/v2\/pages\/3511","targetHints":{"allow":["GET"]}}],"collection":[{"href":"https:\/\/pdricma.com.tr\/en\/wp-json\/wp\/v2\/pages"}],"about":[{"href":"https:\/\/pdricma.com.tr\/en\/wp-json\/wp\/v2\/types\/page"}],"author":[{"embeddable":true,"href":"https:\/\/pdricma.com.tr\/en\/wp-json\/wp\/v2\/users\/1"}],"replies":[{"embeddable":true,"href":"https:\/\/pdricma.com.tr\/en\/wp-json\/wp\/v2\/comments?post=3511"}],"version-history":[{"count":4,"href":"https:\/\/pdricma.com.tr\/en\/wp-json\/wp\/v2\/pages\/3511\/revisions"}],"predecessor-version":[{"id":3515,"href":"https:\/\/pdricma.com.tr\/en\/wp-json\/wp\/v2\/pages\/3511\/revisions\/3515"}],"wp:attachment":[{"href":"https:\/\/pdricma.com.tr\/en\/wp-json\/wp\/v2\/media?parent=3511"}],"curies":[{"name":"wp","href":"https:\/\/api.w.org\/{rel}","templated":true}]}}