{"id":3527,"date":"2023-07-10T21:14:21","date_gmt":"2023-07-10T18:14:21","guid":{"rendered":"https:\/\/pdricma.com.tr\/?page_id=3527"},"modified":"2023-07-10T21:14:50","modified_gmt":"2023-07-10T18:14:50","slug":"rengin-pakman","status":"publish","type":"page","link":"https:\/\/pdricma.com.tr\/en\/rengin-pakman\/","title":{"rendered":"Rengin Pakman"},"content":{"rendered":"\t\t<div data-elementor-type=\"wp-post\" data-elementor-id=\"3527\" class=\"elementor elementor-3527\">\n\t\t\t\t\t\t<section class=\"elementor-section elementor-top-section elementor-element elementor-element-ff60954 elementor-section-boxed elementor-section-height-default elementor-section-height-default\" data-id=\"ff60954\" data-element_type=\"section\" data-settings=\"{&quot;background_background&quot;:&quot;classic&quot;,&quot;ekit_has_onepagescroll_dot&quot;:&quot;yes&quot;}\">\n\t\t\t\t\t\t<div class=\"elementor-container elementor-column-gap-default\">\n\t\t\t\t\t<div class=\"elementor-column elementor-col-100 elementor-top-column elementor-element elementor-element-350388e\" data-id=\"350388e\" data-element_type=\"column\">\n\t\t\t<div class=\"elementor-widget-wrap elementor-element-populated\">\n\t\t\t\t\t\t<div class=\"elementor-element elementor-element-fa56586 elementor-widget elementor-widget-heading\" data-id=\"fa56586\" data-element_type=\"widget\" data-settings=\"{&quot;ekit_we_effect_on&quot;:&quot;none&quot;}\" data-widget_type=\"heading.default\">\n\t\t\t\t<div class=\"elementor-widget-container\">\n\t\t\t<style>\/*! elementor - v3.21.0 - 08-05-2024 *\/\n.elementor-heading-title{padding:0;margin:0;line-height:1}.elementor-widget-heading .elementor-heading-title[class*=elementor-size-]>a{color:inherit;font-size:inherit;line-height:inherit}.elementor-widget-heading .elementor-heading-title.elementor-size-small{font-size:15px}.elementor-widget-heading .elementor-heading-title.elementor-size-medium{font-size:19px}.elementor-widget-heading .elementor-heading-title.elementor-size-large{font-size:29px}.elementor-widget-heading .elementor-heading-title.elementor-size-xl{font-size:39px}.elementor-widget-heading .elementor-heading-title.elementor-size-xxl{font-size:59px}<\/style><h1 class=\"elementor-heading-title elementor-size-default\">Dan\u0131\u015fmanlar\u0131m\u0131z<\/h1>\t\t<\/div>\n\t\t\t\t<\/div>\n\t\t\t\t\t<\/div>\n\t\t<\/div>\n\t\t\t\t\t<\/div>\n\t\t<\/section>\n\t\t\t\t<section class=\"elementor-section elementor-top-section elementor-element elementor-element-b2357a7 elementor-section-boxed elementor-section-height-default elementor-section-height-default\" data-id=\"b2357a7\" data-element_type=\"section\" data-settings=\"{&quot;ekit_has_onepagescroll_dot&quot;:&quot;yes&quot;}\">\n\t\t\t\t\t\t<div class=\"elementor-container elementor-column-gap-default\">\n\t\t\t\t\t<div class=\"elementor-column elementor-col-50 elementor-top-column elementor-element elementor-element-4b16c13\" data-id=\"4b16c13\" data-element_type=\"column\">\n\t\t\t<div class=\"elementor-widget-wrap elementor-element-populated\">\n\t\t\t\t\t\t<div class=\"elementor-element elementor-element-553d7f5 elementor-widget elementor-widget-image\" data-id=\"553d7f5\" data-element_type=\"widget\" data-settings=\"{&quot;ekit_we_effect_on&quot;:&quot;none&quot;}\" data-widget_type=\"image.default\">\n\t\t\t\t<div class=\"elementor-widget-container\">\n\t\t\t<style>\/*! elementor - v3.21.0 - 08-05-2024 *\/\n.elementor-widget-image{text-align:center}.elementor-widget-image a{display:inline-block}.elementor-widget-image a img[src$=\".svg\"]{width:48px}.elementor-widget-image img{vertical-align:middle;display:inline-block}<\/style>\t\t\t\t\t\t\t\t\t\t<img fetchpriority=\"high\" decoding=\"async\" width=\"300\" height=\"300\" src=\"https:\/\/pdricma.com.tr\/wp-content\/uploads\/2023\/07\/3549-300x300.jpg\" class=\"attachment-medium size-medium wp-image-3359\" alt=\"\" srcset=\"https:\/\/pdricma.com.tr\/wp-content\/uploads\/2023\/07\/3549-300x300.jpg 300w, https:\/\/pdricma.com.tr\/wp-content\/uploads\/2023\/07\/3549-150x150.jpg 150w, https:\/\/pdricma.com.tr\/wp-content\/uploads\/2023\/07\/3549-550x550.jpg 550w, https:\/\/pdricma.com.tr\/wp-content\/uploads\/2023\/07\/3549-500x500.jpg 500w, https:\/\/pdricma.com.tr\/wp-content\/uploads\/2023\/07\/3549-250x250.jpg 250w, https:\/\/pdricma.com.tr\/wp-content\/uploads\/2023\/07\/3549.jpg 559w\" sizes=\"(max-width: 300px) 100vw, 300px\" \/>\t\t\t\t\t\t\t\t\t\t\t\t\t<\/div>\n\t\t\t\t<\/div>\n\t\t\t\t\t<\/div>\n\t\t<\/div>\n\t\t\t\t<div class=\"elementor-column elementor-col-50 elementor-top-column elementor-element elementor-element-f650f1d\" data-id=\"f650f1d\" data-element_type=\"column\">\n\t\t\t<div class=\"elementor-widget-wrap elementor-element-populated\">\n\t\t\t\t\t\t<div class=\"elementor-element elementor-element-584e79f elementor-widget elementor-widget-jet-team-member\" data-id=\"584e79f\" data-element_type=\"widget\" data-settings=\"{&quot;ekit_we_effect_on&quot;:&quot;none&quot;}\" data-widget_type=\"jet-team-member.default\">\n\t\t\t\t<div class=\"elementor-widget-container\">\n\t\t\t<div class=\"elementor-jet-team-member jet-elements\"><div class=\"jet-team-member\">\n\t<div class=\"jet-team-member__inner\">\n\t\t<div class=\"jet-team-member__image\">\n\t\t\t<div class=\"jet-team-member__cover\"><\/div>\n\t\t\t\t\t<\/div>\n\t\t<div class=\"jet-team-member__content\"><h3 class=\"jet-team-member__name\"><span class=\"jet-team-member__name-first\">Rengin <\/span><span class=\"jet-team-member__name-last\"> Pakman<\/span><\/h3><div class=\"jet-team-member__position\"><span>PDR Group Dan\u0131\u015fman\u0131<\/span><\/div><div class=\"jet-team-member__socials\"><div class=\"jet-team-member__socials-item\"><a href=\"https:\/\/www.linkedin.com\/in\/renginpakman\/\" aria-label=\"lindedin\"><div class=\"jet-team-member__socials-icon\"><div class=\"inner\"><span class=\"jet-elements-icon\"><i aria-hidden=\"true\" class=\"fab fa-linkedin\"><\/i><\/span><\/div><\/div><\/a><\/div><\/div><\/div>\n\t<\/div>\n<\/div>\n<\/div>\t\t<\/div>\n\t\t\t\t<\/div>\n\t\t\t\t<div class=\"elementor-element elementor-element-6be5698 elementor-widget elementor-widget-text-editor\" data-id=\"6be5698\" data-element_type=\"widget\" data-settings=\"{&quot;ekit_we_effect_on&quot;:&quot;none&quot;}\" data-widget_type=\"text-editor.default\">\n\t\t\t\t<div class=\"elementor-widget-container\">\n\t\t\t<style>\/*! elementor - v3.21.0 - 08-05-2024 *\/\n.elementor-widget-text-editor.elementor-drop-cap-view-stacked .elementor-drop-cap{background-color:#69727d;color:#fff}.elementor-widget-text-editor.elementor-drop-cap-view-framed .elementor-drop-cap{color:#69727d;border:3px solid;background-color:transparent}.elementor-widget-text-editor:not(.elementor-drop-cap-view-default) .elementor-drop-cap{margin-top:8px}.elementor-widget-text-editor:not(.elementor-drop-cap-view-default) .elementor-drop-cap-letter{width:1em;height:1em}.elementor-widget-text-editor .elementor-drop-cap{float:left;text-align:center;line-height:1;font-size:50px}.elementor-widget-text-editor .elementor-drop-cap-letter{display:inline-block}<\/style>\t\t\t\t<p>Rengin Pakman, \u0130zmir Amerikan K\u0131z Koleji\u2019nden mezun olmu\u015ftur.<\/p><p>EES (Europen Exchange Systems)\u2019de Perakende Operasyonlar\u0131 B\u00f6l\u00fcm Ba\u015fkan Asistan\u0131 olarak ba\u015flad\u0131\u011f\u0131 kariyerini, NATO, LSE HQ\u2019de B\u00fct\u00e7e ve Maliye Dairesi Ba\u015fkan Sekreteri olarak devam ettirdi. Raks Holding A.\u015e.\u2019de Y\u00f6netim Kurulu Ba\u015fkan\u0131 Asistan\u0131 g\u00f6revinde bulunan Pakman, kariyeri boyunca \u0130ngiltere, \u0130spanya, Avustralya ve Danimarka&#8217;da farkl\u0131 e\u011fitim programlar\u0131n\u0131 tamamlad\u0131.<\/p><p>ICF Onayl\u0131 Temel Ko\u00e7luk E\u011fitimini tamamlayan Rengin Pakman, PDR Group b\u00fcnyesinde E\u011fitimcinin E\u011fitimi, Sunu\u015f Teknikleri, \u0130\u015fyerinde Duygusal Zeka, Y\u00f6netici Asistanl\u0131k ve Sekreterlik ve G\u00fcvenli \u0130leti\u015fim konular\u0131nda e\u011fitim ve dan\u0131\u015fmanl\u0131k, PDRICMA b\u00fcnyesinde Ko\u00e7luk ve Mentorluk hizmetleri vermektedir.<\/p>\t\t\t\t\t\t<\/div>\n\t\t\t\t<\/div>\n\t\t\t\t\t<\/div>\n\t\t<\/div>\n\t\t\t\t\t<\/div>\n\t\t<\/section>\n\t\t\t\t<section class=\"elementor-section elementor-top-section elementor-element elementor-element-000c387 elementor-section-boxed elementor-section-height-default elementor-section-height-default\" data-id=\"000c387\" data-element_type=\"section\" data-settings=\"{&quot;ekit_has_onepagescroll_dot&quot;:&quot;yes&quot;}\">\n\t\t\t\t\t\t<div class=\"elementor-container elementor-column-gap-default\">\n\t\t\t\t\t<div class=\"elementor-column elementor-col-100 elementor-top-column elementor-element elementor-element-3e7a8e9\" data-id=\"3e7a8e9\" data-element_type=\"column\">\n\t\t\t<div class=\"elementor-widget-wrap\">\n\t\t\t\t\t\t\t<\/div>\n\t\t<\/div>\n\t\t\t\t\t<\/div>\n\t\t<\/section>\n\t\t\t\t<\/div>\n\t\t","protected":false},"excerpt":{"rendered":"<p>Dan\u0131\u015fmanlar\u0131m\u0131z Rengin Pakman PDR Group Dan\u0131\u015fman\u0131 Rengin Pakman, \u0130zmir Amerikan K\u0131z Koleji\u2019nden mezun olmu\u015ftur. EES (Europen Exchange Systems)\u2019de Perakende Operasyonlar\u0131 B\u00f6l\u00fcm Ba\u015fkan Asistan\u0131 olarak ba\u015flad\u0131\u011f\u0131 kariyerini, NATO, LSE HQ\u2019de B\u00fct\u00e7e ve Maliye Dairesi Ba\u015fkan Sekreteri olarak devam ettirdi. Raks Holding A.\u015e.\u2019de Y\u00f6netim Kurulu Ba\u015fkan\u0131 Asistan\u0131 g\u00f6revinde bulunan Pakman, kariyeri boyunca \u0130ngiltere, \u0130spanya, Avustralya ve Danimarka&#8217;da farkl\u0131 e\u011fitim programlar\u0131n\u0131 tamamlad\u0131. ICF Onayl\u0131 Temel Ko\u00e7luk E\u011fitimini tamamlayan&#8230; <\/p>\n<p class=\"more\"><a class=\"more-link\" href=\"https:\/\/pdricma.com.tr\/en\/rengin-pakman\/\">Read More<\/a><\/p>","protected":false},"author":1,"featured_media":0,"parent":0,"menu_order":0,"comment_status":"closed","ping_status":"closed","template":"elementor_header_footer","meta":{"footnotes":""},"class_list":["post-3527","page","type-page","status-publish","hentry","is-cat-link-solid-light is-cat-link-rounded"],"yoast_head":"<!-- This site is optimized with the Yoast SEO Premium plugin v24.0 (Yoast SEO v26.9) - https:\/\/yoast.com\/product\/yoast-seo-premium-wordpress\/ -->\n<title>Rengin Pakman - PDR International Coaching &amp; Mentoring Academy<\/title>\n<meta name=\"robots\" content=\"index, follow, max-snippet:-1, max-image-preview:large, max-video-preview:-1\" \/>\n<link rel=\"canonical\" href=\"https:\/\/pdricma.com.tr\/en\/rengin-pakman\/\" \/>\n<meta property=\"og:locale\" content=\"en_US\" \/>\n<meta property=\"og:type\" content=\"article\" \/>\n<meta property=\"og:title\" content=\"Rengin Pakman\" \/>\n<meta property=\"og:description\" content=\"Dan\u0131\u015fmanlar\u0131m\u0131z Rengin Pakman PDR Group Dan\u0131\u015fman\u0131 Rengin Pakman, \u0130zmir Amerikan K\u0131z Koleji\u2019nden mezun olmu\u015ftur. EES (Europen Exchange Systems)\u2019de Perakende Operasyonlar\u0131 B\u00f6l\u00fcm Ba\u015fkan Asistan\u0131 olarak ba\u015flad\u0131\u011f\u0131 kariyerini, NATO, LSE HQ\u2019de B\u00fct\u00e7e ve Maliye Dairesi Ba\u015fkan Sekreteri olarak devam ettirdi. Raks Holding A.\u015e.\u2019de Y\u00f6netim Kurulu Ba\u015fkan\u0131 Asistan\u0131 g\u00f6revinde bulunan Pakman, kariyeri boyunca \u0130ngiltere, \u0130spanya, Avustralya ve Danimarka&#8217;da farkl\u0131 e\u011fitim programlar\u0131n\u0131 tamamlad\u0131. ICF Onayl\u0131 Temel Ko\u00e7luk E\u011fitimini tamamlayan... Read More\" \/>\n<meta property=\"og:url\" content=\"https:\/\/pdricma.com.tr\/en\/rengin-pakman\/\" \/>\n<meta property=\"og:site_name\" content=\"PDR International Coaching &amp; Mentoring Academy\" \/>\n<meta property=\"article:publisher\" content=\"https:\/\/www.facebook.com\/people\/PDR-ICMA\/100064844886292\/\" \/>\n<meta property=\"article:modified_time\" content=\"2023-07-10T18:14:50+00:00\" \/>\n<meta property=\"og:image\" content=\"https:\/\/pdricma.com.tr\/wp-content\/uploads\/2023\/07\/3549-300x300.jpg\" \/>\n<meta name=\"twitter:card\" content=\"summary_large_image\" \/>\n<meta name=\"twitter:label1\" content=\"Est. reading time\" \/>\n\t<meta name=\"twitter:data1\" content=\"1 minute\" \/>\n<script type=\"application\/ld+json\" class=\"yoast-schema-graph\">{\"@context\":\"https:\/\/schema.org\",\"@graph\":[{\"@type\":\"WebPage\",\"@id\":\"https:\/\/pdricma.com.tr\/rengin-pakman\/\",\"url\":\"https:\/\/pdricma.com.tr\/rengin-pakman\/\",\"name\":\"Rengin Pakman - PDR International Coaching &amp; Mentoring Academy\",\"isPartOf\":{\"@id\":\"https:\/\/pdricma.com.tr\/#website\"},\"primaryImageOfPage\":{\"@id\":\"https:\/\/pdricma.com.tr\/rengin-pakman\/#primaryimage\"},\"image\":{\"@id\":\"https:\/\/pdricma.com.tr\/rengin-pakman\/#primaryimage\"},\"thumbnailUrl\":\"https:\/\/pdricma.com.tr\/wp-content\/uploads\/2023\/07\/3549-300x300.jpg\",\"datePublished\":\"2023-07-10T18:14:21+00:00\",\"dateModified\":\"2023-07-10T18:14:50+00:00\",\"breadcrumb\":{\"@id\":\"https:\/\/pdricma.com.tr\/rengin-pakman\/#breadcrumb\"},\"inLanguage\":\"en-US\",\"potentialAction\":[{\"@type\":\"ReadAction\",\"target\":[\"https:\/\/pdricma.com.tr\/rengin-pakman\/\"]}]},{\"@type\":\"ImageObject\",\"inLanguage\":\"en-US\",\"@id\":\"https:\/\/pdricma.com.tr\/rengin-pakman\/#primaryimage\",\"url\":\"https:\/\/pdricma.com.tr\/wp-content\/uploads\/2023\/07\/3549-300x300.jpg\",\"contentUrl\":\"https:\/\/pdricma.com.tr\/wp-content\/uploads\/2023\/07\/3549-300x300.jpg\"},{\"@type\":\"BreadcrumbList\",\"@id\":\"https:\/\/pdricma.com.tr\/rengin-pakman\/#breadcrumb\",\"itemListElement\":[{\"@type\":\"ListItem\",\"position\":1,\"name\":\"Anasayfa\",\"item\":\"https:\/\/pdricma.com.tr\/\"},{\"@type\":\"ListItem\",\"position\":2,\"name\":\"Rengin Pakman\"}]},{\"@type\":\"WebSite\",\"@id\":\"https:\/\/pdricma.com.tr\/#website\",\"url\":\"https:\/\/pdricma.com.tr\/\",\"name\":\"PDR International Coaching & Mentoring Academy\",\"description\":\"\",\"publisher\":{\"@id\":\"https:\/\/pdricma.com.tr\/#organization\"},\"potentialAction\":[{\"@type\":\"SearchAction\",\"target\":{\"@type\":\"EntryPoint\",\"urlTemplate\":\"https:\/\/pdricma.com.tr\/?s={search_term_string}\"},\"query-input\":{\"@type\":\"PropertyValueSpecification\",\"valueRequired\":true,\"valueName\":\"search_term_string\"}}],\"inLanguage\":\"en-US\"},{\"@type\":\"Organization\",\"@id\":\"https:\/\/pdricma.com.tr\/#organization\",\"name\":\"PDR International Coaching & Mentoring Academy\",\"url\":\"https:\/\/pdricma.com.tr\/\",\"logo\":{\"@type\":\"ImageObject\",\"inLanguage\":\"en-US\",\"@id\":\"https:\/\/pdricma.com.tr\/#\/schema\/logo\/image\/\",\"url\":\"https:\/\/pdricma.com.tr\/wp-content\/uploads\/2023\/07\/PDRCOACHINGLOGO-01-002-1.png\",\"contentUrl\":\"https:\/\/pdricma.com.tr\/wp-content\/uploads\/2023\/07\/PDRCOACHINGLOGO-01-002-1.png\",\"width\":2307,\"height\":785,\"caption\":\"PDR International Coaching & Mentoring Academy\"},\"image\":{\"@id\":\"https:\/\/pdricma.com.tr\/#\/schema\/logo\/image\/\"},\"sameAs\":[\"https:\/\/www.facebook.com\/people\/PDR-ICMA\/100064844886292\/\",\"https:\/\/www.instagram.com\/pdricma\/\"]}]}<\/script>\n<!-- \/ Yoast SEO Premium plugin. -->","yoast_head_json":{"title":"Rengin Pakman - PDR International Coaching &amp; Mentoring Academy","robots":{"index":"index","follow":"follow","max-snippet":"max-snippet:-1","max-image-preview":"max-image-preview:large","max-video-preview":"max-video-preview:-1"},"canonical":"https:\/\/pdricma.com.tr\/en\/rengin-pakman\/","og_locale":"en_US","og_type":"article","og_title":"Rengin Pakman","og_description":"Dan\u0131\u015fmanlar\u0131m\u0131z Rengin Pakman PDR Group Dan\u0131\u015fman\u0131 Rengin Pakman, \u0130zmir Amerikan K\u0131z Koleji\u2019nden mezun olmu\u015ftur. EES (Europen Exchange Systems)\u2019de Perakende Operasyonlar\u0131 B\u00f6l\u00fcm Ba\u015fkan Asistan\u0131 olarak ba\u015flad\u0131\u011f\u0131 kariyerini, NATO, LSE HQ\u2019de B\u00fct\u00e7e ve Maliye Dairesi Ba\u015fkan Sekreteri olarak devam ettirdi. Raks Holding A.\u015e.\u2019de Y\u00f6netim Kurulu Ba\u015fkan\u0131 Asistan\u0131 g\u00f6revinde bulunan Pakman, kariyeri boyunca \u0130ngiltere, \u0130spanya, Avustralya ve Danimarka&#8217;da farkl\u0131 e\u011fitim programlar\u0131n\u0131 tamamlad\u0131. ICF Onayl\u0131 Temel Ko\u00e7luk E\u011fitimini tamamlayan... Read More","og_url":"https:\/\/pdricma.com.tr\/en\/rengin-pakman\/","og_site_name":"PDR International Coaching &amp; Mentoring Academy","article_publisher":"https:\/\/www.facebook.com\/people\/PDR-ICMA\/100064844886292\/","article_modified_time":"2023-07-10T18:14:50+00:00","og_image":[{"url":"https:\/\/pdricma.com.tr\/wp-content\/uploads\/2023\/07\/3549-300x300.jpg","type":"","width":"","height":""}],"twitter_card":"summary_large_image","twitter_misc":{"Est. reading time":"1 minute"},"schema":{"@context":"https:\/\/schema.org","@graph":[{"@type":"WebPage","@id":"https:\/\/pdricma.com.tr\/rengin-pakman\/","url":"https:\/\/pdricma.com.tr\/rengin-pakman\/","name":"Rengin Pakman - PDR International Coaching &amp; Mentoring Academy","isPartOf":{"@id":"https:\/\/pdricma.com.tr\/#website"},"primaryImageOfPage":{"@id":"https:\/\/pdricma.com.tr\/rengin-pakman\/#primaryimage"},"image":{"@id":"https:\/\/pdricma.com.tr\/rengin-pakman\/#primaryimage"},"thumbnailUrl":"https:\/\/pdricma.com.tr\/wp-content\/uploads\/2023\/07\/3549-300x300.jpg","datePublished":"2023-07-10T18:14:21+00:00","dateModified":"2023-07-10T18:14:50+00:00","breadcrumb":{"@id":"https:\/\/pdricma.com.tr\/rengin-pakman\/#breadcrumb"},"inLanguage":"en-US","potentialAction":[{"@type":"ReadAction","target":["https:\/\/pdricma.com.tr\/rengin-pakman\/"]}]},{"@type":"ImageObject","inLanguage":"en-US","@id":"https:\/\/pdricma.com.tr\/rengin-pakman\/#primaryimage","url":"https:\/\/pdricma.com.tr\/wp-content\/uploads\/2023\/07\/3549-300x300.jpg","contentUrl":"https:\/\/pdricma.com.tr\/wp-content\/uploads\/2023\/07\/3549-300x300.jpg"},{"@type":"BreadcrumbList","@id":"https:\/\/pdricma.com.tr\/rengin-pakman\/#breadcrumb","itemListElement":[{"@type":"ListItem","position":1,"name":"Anasayfa","item":"https:\/\/pdricma.com.tr\/"},{"@type":"ListItem","position":2,"name":"Rengin Pakman"}]},{"@type":"WebSite","@id":"https:\/\/pdricma.com.tr\/#website","url":"https:\/\/pdricma.com.tr\/","name":"PDR International Coaching & Mentoring Academy","description":"","publisher":{"@id":"https:\/\/pdricma.com.tr\/#organization"},"potentialAction":[{"@type":"SearchAction","target":{"@type":"EntryPoint","urlTemplate":"https:\/\/pdricma.com.tr\/?s={search_term_string}"},"query-input":{"@type":"PropertyValueSpecification","valueRequired":true,"valueName":"search_term_string"}}],"inLanguage":"en-US"},{"@type":"Organization","@id":"https:\/\/pdricma.com.tr\/#organization","name":"PDR International Coaching & Mentoring Academy","url":"https:\/\/pdricma.com.tr\/","logo":{"@type":"ImageObject","inLanguage":"en-US","@id":"https:\/\/pdricma.com.tr\/#\/schema\/logo\/image\/","url":"https:\/\/pdricma.com.tr\/wp-content\/uploads\/2023\/07\/PDRCOACHINGLOGO-01-002-1.png","contentUrl":"https:\/\/pdricma.com.tr\/wp-content\/uploads\/2023\/07\/PDRCOACHINGLOGO-01-002-1.png","width":2307,"height":785,"caption":"PDR International Coaching & Mentoring Academy"},"image":{"@id":"https:\/\/pdricma.com.tr\/#\/schema\/logo\/image\/"},"sameAs":["https:\/\/www.facebook.com\/people\/PDR-ICMA\/100064844886292\/","https:\/\/www.instagram.com\/pdricma\/"]}]}},"_links":{"self":[{"href":"https:\/\/pdricma.com.tr\/en\/wp-json\/wp\/v2\/pages\/3527","targetHints":{"allow":["GET"]}}],"collection":[{"href":"https:\/\/pdricma.com.tr\/en\/wp-json\/wp\/v2\/pages"}],"about":[{"href":"https:\/\/pdricma.com.tr\/en\/wp-json\/wp\/v2\/types\/page"}],"author":[{"embeddable":true,"href":"https:\/\/pdricma.com.tr\/en\/wp-json\/wp\/v2\/users\/1"}],"replies":[{"embeddable":true,"href":"https:\/\/pdricma.com.tr\/en\/wp-json\/wp\/v2\/comments?post=3527"}],"version-history":[{"count":4,"href":"https:\/\/pdricma.com.tr\/en\/wp-json\/wp\/v2\/pages\/3527\/revisions"}],"predecessor-version":[{"id":3531,"href":"https:\/\/pdricma.com.tr\/en\/wp-json\/wp\/v2\/pages\/3527\/revisions\/3531"}],"wp:attachment":[{"href":"https:\/\/pdricma.com.tr\/en\/wp-json\/wp\/v2\/media?parent=3527"}],"curies":[{"name":"wp","href":"https:\/\/api.w.org\/{rel}","templated":true}]}}