{"id":3543,"date":"2023-07-10T21:17:16","date_gmt":"2023-07-10T18:17:16","guid":{"rendered":"https:\/\/pdricma.com.tr\/?page_id=3543"},"modified":"2023-07-10T21:17:51","modified_gmt":"2023-07-10T18:17:51","slug":"tuba-gunay","status":"publish","type":"page","link":"https:\/\/pdricma.com.tr\/en\/tuba-gunay\/","title":{"rendered":"Tuba G\u00fcnay"},"content":{"rendered":"\t\t<div data-elementor-type=\"wp-post\" data-elementor-id=\"3543\" class=\"elementor elementor-3543\">\n\t\t\t\t\t\t<section class=\"elementor-section elementor-top-section elementor-element elementor-element-ff60954 elementor-section-boxed elementor-section-height-default elementor-section-height-default\" data-id=\"ff60954\" data-element_type=\"section\" data-settings=\"{&quot;background_background&quot;:&quot;classic&quot;,&quot;ekit_has_onepagescroll_dot&quot;:&quot;yes&quot;}\">\n\t\t\t\t\t\t<div class=\"elementor-container elementor-column-gap-default\">\n\t\t\t\t\t<div class=\"elementor-column elementor-col-100 elementor-top-column elementor-element elementor-element-350388e\" data-id=\"350388e\" data-element_type=\"column\">\n\t\t\t<div class=\"elementor-widget-wrap elementor-element-populated\">\n\t\t\t\t\t\t<div class=\"elementor-element elementor-element-fa56586 elementor-widget elementor-widget-heading\" data-id=\"fa56586\" data-element_type=\"widget\" data-settings=\"{&quot;ekit_we_effect_on&quot;:&quot;none&quot;}\" data-widget_type=\"heading.default\">\n\t\t\t\t<div class=\"elementor-widget-container\">\n\t\t\t<style>\/*! elementor - v3.21.0 - 08-05-2024 *\/\n.elementor-heading-title{padding:0;margin:0;line-height:1}.elementor-widget-heading .elementor-heading-title[class*=elementor-size-]>a{color:inherit;font-size:inherit;line-height:inherit}.elementor-widget-heading .elementor-heading-title.elementor-size-small{font-size:15px}.elementor-widget-heading .elementor-heading-title.elementor-size-medium{font-size:19px}.elementor-widget-heading .elementor-heading-title.elementor-size-large{font-size:29px}.elementor-widget-heading .elementor-heading-title.elementor-size-xl{font-size:39px}.elementor-widget-heading .elementor-heading-title.elementor-size-xxl{font-size:59px}<\/style><h1 class=\"elementor-heading-title elementor-size-default\">Dan\u0131\u015fmanlar\u0131m\u0131z<\/h1>\t\t<\/div>\n\t\t\t\t<\/div>\n\t\t\t\t\t<\/div>\n\t\t<\/div>\n\t\t\t\t\t<\/div>\n\t\t<\/section>\n\t\t\t\t<section class=\"elementor-section elementor-top-section elementor-element elementor-element-317db56 elementor-section-boxed elementor-section-height-default elementor-section-height-default\" data-id=\"317db56\" data-element_type=\"section\" data-settings=\"{&quot;ekit_has_onepagescroll_dot&quot;:&quot;yes&quot;}\">\n\t\t\t\t\t\t<div class=\"elementor-container elementor-column-gap-default\">\n\t\t\t\t\t<div class=\"elementor-column elementor-col-50 elementor-top-column elementor-element elementor-element-8ea730e\" data-id=\"8ea730e\" data-element_type=\"column\">\n\t\t\t<div class=\"elementor-widget-wrap elementor-element-populated\">\n\t\t\t\t\t\t<div class=\"elementor-element elementor-element-7e45b98 elementor-widget elementor-widget-image\" data-id=\"7e45b98\" data-element_type=\"widget\" data-settings=\"{&quot;ekit_we_effect_on&quot;:&quot;none&quot;}\" data-widget_type=\"image.default\">\n\t\t\t\t<div class=\"elementor-widget-container\">\n\t\t\t<style>\/*! elementor - v3.21.0 - 08-05-2024 *\/\n.elementor-widget-image{text-align:center}.elementor-widget-image a{display:inline-block}.elementor-widget-image a img[src$=\".svg\"]{width:48px}.elementor-widget-image img{vertical-align:middle;display:inline-block}<\/style>\t\t\t\t\t\t\t\t\t\t<img decoding=\"async\" width=\"200\" height=\"200\" src=\"https:\/\/pdricma.com.tr\/wp-content\/uploads\/2023\/07\/3777.jpg\" class=\"attachment-medium size-medium wp-image-3357\" alt=\"\" srcset=\"https:\/\/pdricma.com.tr\/wp-content\/uploads\/2023\/07\/3777.jpg 200w, https:\/\/pdricma.com.tr\/wp-content\/uploads\/2023\/07\/3777-150x150.jpg 150w\" sizes=\"(max-width: 200px) 100vw, 200px\" \/>\t\t\t\t\t\t\t\t\t\t\t\t\t<\/div>\n\t\t\t\t<\/div>\n\t\t\t\t\t<\/div>\n\t\t<\/div>\n\t\t\t\t<div class=\"elementor-column elementor-col-50 elementor-top-column elementor-element elementor-element-017383e\" data-id=\"017383e\" data-element_type=\"column\">\n\t\t\t<div class=\"elementor-widget-wrap elementor-element-populated\">\n\t\t\t\t\t\t<div class=\"elementor-element elementor-element-42ce1a7 elementor-widget elementor-widget-jet-team-member\" data-id=\"42ce1a7\" data-element_type=\"widget\" data-settings=\"{&quot;ekit_we_effect_on&quot;:&quot;none&quot;}\" data-widget_type=\"jet-team-member.default\">\n\t\t\t\t<div class=\"elementor-widget-container\">\n\t\t\t<div class=\"elementor-jet-team-member jet-elements\"><div class=\"jet-team-member\">\n\t<div class=\"jet-team-member__inner\">\n\t\t<div class=\"jet-team-member__image\">\n\t\t\t<div class=\"jet-team-member__cover\"><\/div>\n\t\t\t\t\t<\/div>\n\t\t<div class=\"jet-team-member__content\"><h3 class=\"jet-team-member__name\"><span class=\"jet-team-member__name-first\">Tuba <\/span><span class=\"jet-team-member__name-last\"> G\u00fcnay<\/span><\/h3><div class=\"jet-team-member__position\"><span>PDR Group Dan\u0131\u015fman\u0131<\/span><\/div><div class=\"jet-team-member__socials\"><div class=\"jet-team-member__socials-item\"><a href=\"https:\/\/www.linkedin.com\/in\/tubag%C3%BCnay-429b107\/\" aria-label=\"lindedin\"><div class=\"jet-team-member__socials-icon\"><div class=\"inner\"><span class=\"jet-elements-icon\"><i aria-hidden=\"true\" class=\"fab fa-linkedin\"><\/i><\/span><\/div><\/div><\/a><\/div><\/div><\/div>\n\t<\/div>\n<\/div>\n<\/div>\t\t<\/div>\n\t\t\t\t<\/div>\n\t\t\t\t<div class=\"elementor-element elementor-element-c2ef335 elementor-widget elementor-widget-text-editor\" data-id=\"c2ef335\" data-element_type=\"widget\" data-settings=\"{&quot;ekit_we_effect_on&quot;:&quot;none&quot;}\" data-widget_type=\"text-editor.default\">\n\t\t\t\t<div class=\"elementor-widget-container\">\n\t\t\t<style>\/*! elementor - v3.21.0 - 08-05-2024 *\/\n.elementor-widget-text-editor.elementor-drop-cap-view-stacked .elementor-drop-cap{background-color:#69727d;color:#fff}.elementor-widget-text-editor.elementor-drop-cap-view-framed .elementor-drop-cap{color:#69727d;border:3px solid;background-color:transparent}.elementor-widget-text-editor:not(.elementor-drop-cap-view-default) .elementor-drop-cap{margin-top:8px}.elementor-widget-text-editor:not(.elementor-drop-cap-view-default) .elementor-drop-cap-letter{width:1em;height:1em}.elementor-widget-text-editor .elementor-drop-cap{float:left;text-align:center;line-height:1;font-size:50px}.elementor-widget-text-editor .elementor-drop-cap-letter{display:inline-block}<\/style>\t\t\t\t<p>\u0130stanbul \u00dcniversitesi \u00c7al\u0131\u015fma Ekonomisi ve End\u00fcstri \u0130li\u015fkileri B\u00f6l\u00fcm\u00fcnden 1999 y\u0131l\u0131nda mezun olmu\u015ftur.<\/p><p><span class=\"collapse in\" aria-expanded=\"true\">2008 y\u0131l\u0131nda Maltepe \u00dcniversitesi\u2019nde \u0130\u015fletme MBA program\u0131n\u0131 tamamlad\u0131. 1999 y\u0131l\u0131nda ba\u015flad\u0131\u011f\u0131 profesyonel deneyimini Bili\u015fim ve Telekom sekt\u00f6rlerinde farkl\u0131 kurumlarda Sat\u0131\u015f ve Pazarlama alan\u0131nda yakla\u015f\u0131k 10 y\u0131l emek vererek s\u00fcrd\u00fcrd\u00fc.<\/span><\/p><p>2009 y\u0131l\u0131ndan sonra kariyerine e\u011fitimini ald\u0131\u011f\u0131 ve hayalini kurdu\u011fu \u0130nsan Kaynaklar\u0131 alan\u0131nda devam ettirdi. Metropol Dan\u0131\u015fmanl\u0131k\u2019da \u0130nsan Kaynaklar\u0131 ve \u0130\u015fe Al\u0131m Dan\u0131\u015fmanl\u0131\u011f\u0131 yapt\u0131ktan sonra Senkron Yaz\u0131l\u0131m ve Radore Veri Merkezi\u2019nde \u0130nsan Kaynaklar\u0131 M\u00fcd\u00fcrl\u00fc\u011f\u00fc g\u00f6revini y\u00fcr\u00fctt\u00fc.<\/p><p>SAP Dan\u0131\u015fmanl\u0131\u011f\u0131 alan\u0131nda faaliyet g\u00f6steren Felece Teknoloji\u2019de \u0130nsan Kaynaklar\u0131 Direkt\u00f6r\u00fc olarak g\u00f6rev yapt\u0131. Bili\u015fim sekt\u00f6r\u00fc i\u00e7inde 20 y\u0131l\u0131 a\u015fk\u0131n s\u00fcre sorumluluk ald\u0131.<\/p><p>\u0130nsan Kaynaklar\u0131n\u0131n b\u00fct\u00fcn fonksiyonlar\u0131nda bazen kurgulay\u0131c\u0131 bazen y\u00fcr\u00fct\u00fcc\u00fc olarak aktif g\u00f6rev alan G\u00fcnay, ICF onayl\u0131 temel ko\u00e7luk ve \u0130leri Seviye Ko\u00e7luk e\u011fitimlerini tamamlad\u0131ktan sonra bireylere ve kurumlara ko\u00e7luk ve dan\u0131\u015fmanl\u0131k konusunda destek olmaktad\u0131r.<\/p><p>PDR International b\u00fcnyesinde \u0130nsan Kaynaklar\u0131 alan\u0131nda s\u00fcre\u00e7 tasar\u0131m\u0131 ve organizasyonel geli\u015fim konular\u0131nda e\u011fitim ve dan\u0131\u015fmanl\u0131k, PDRICMA b\u00fcnyesinde ko\u00e7luk ve mentorluk hizmetleri sunmaktad\u0131r.<\/p>\t\t\t\t\t\t<\/div>\n\t\t\t\t<\/div>\n\t\t\t\t\t<\/div>\n\t\t<\/div>\n\t\t\t\t\t<\/div>\n\t\t<\/section>\n\t\t\t\t<\/div>\n\t\t","protected":false},"excerpt":{"rendered":"<p>Dan\u0131\u015fmanlar\u0131m\u0131z Tuba G\u00fcnay PDR Group Dan\u0131\u015fman\u0131 \u0130stanbul \u00dcniversitesi \u00c7al\u0131\u015fma Ekonomisi ve End\u00fcstri \u0130li\u015fkileri B\u00f6l\u00fcm\u00fcnden 1999 y\u0131l\u0131nda mezun olmu\u015ftur. 2008 y\u0131l\u0131nda Maltepe \u00dcniversitesi\u2019nde \u0130\u015fletme MBA program\u0131n\u0131 tamamlad\u0131. 1999 y\u0131l\u0131nda ba\u015flad\u0131\u011f\u0131 profesyonel deneyimini Bili\u015fim ve Telekom sekt\u00f6rlerinde farkl\u0131 kurumlarda Sat\u0131\u015f ve Pazarlama alan\u0131nda yakla\u015f\u0131k 10 y\u0131l emek vererek s\u00fcrd\u00fcrd\u00fc. 2009 y\u0131l\u0131ndan sonra kariyerine e\u011fitimini ald\u0131\u011f\u0131 ve hayalini kurdu\u011fu \u0130nsan Kaynaklar\u0131 alan\u0131nda devam ettirdi. Metropol Dan\u0131\u015fmanl\u0131k\u2019da \u0130nsan Kaynaklar\u0131&#8230; <\/p>\n<p class=\"more\"><a class=\"more-link\" href=\"https:\/\/pdricma.com.tr\/en\/tuba-gunay\/\">Read More<\/a><\/p>","protected":false},"author":1,"featured_media":0,"parent":0,"menu_order":0,"comment_status":"closed","ping_status":"closed","template":"elementor_header_footer","meta":{"footnotes":""},"class_list":["post-3543","page","type-page","status-publish","hentry","is-cat-link-solid-light is-cat-link-rounded"],"yoast_head":"<!-- This site is optimized with the Yoast SEO Premium plugin v24.0 (Yoast SEO v26.9) - https:\/\/yoast.com\/product\/yoast-seo-premium-wordpress\/ -->\n<title>Tuba G\u00fcnay - PDR International Coaching &amp; Mentoring Academy<\/title>\n<meta name=\"robots\" content=\"index, follow, max-snippet:-1, max-image-preview:large, max-video-preview:-1\" \/>\n<link rel=\"canonical\" href=\"https:\/\/pdricma.com.tr\/en\/tuba-gunay\/\" \/>\n<meta property=\"og:locale\" content=\"en_US\" \/>\n<meta property=\"og:type\" content=\"article\" \/>\n<meta property=\"og:title\" content=\"Tuba G\u00fcnay\" \/>\n<meta property=\"og:description\" content=\"Dan\u0131\u015fmanlar\u0131m\u0131z Tuba G\u00fcnay PDR Group Dan\u0131\u015fman\u0131 \u0130stanbul \u00dcniversitesi \u00c7al\u0131\u015fma Ekonomisi ve End\u00fcstri \u0130li\u015fkileri B\u00f6l\u00fcm\u00fcnden 1999 y\u0131l\u0131nda mezun olmu\u015ftur. 2008 y\u0131l\u0131nda Maltepe \u00dcniversitesi\u2019nde \u0130\u015fletme MBA program\u0131n\u0131 tamamlad\u0131. 1999 y\u0131l\u0131nda ba\u015flad\u0131\u011f\u0131 profesyonel deneyimini Bili\u015fim ve Telekom sekt\u00f6rlerinde farkl\u0131 kurumlarda Sat\u0131\u015f ve Pazarlama alan\u0131nda yakla\u015f\u0131k 10 y\u0131l emek vererek s\u00fcrd\u00fcrd\u00fc. 2009 y\u0131l\u0131ndan sonra kariyerine e\u011fitimini ald\u0131\u011f\u0131 ve hayalini kurdu\u011fu \u0130nsan Kaynaklar\u0131 alan\u0131nda devam ettirdi. Metropol Dan\u0131\u015fmanl\u0131k\u2019da \u0130nsan Kaynaklar\u0131... Read More\" \/>\n<meta property=\"og:url\" content=\"https:\/\/pdricma.com.tr\/en\/tuba-gunay\/\" \/>\n<meta property=\"og:site_name\" content=\"PDR International Coaching &amp; Mentoring Academy\" \/>\n<meta property=\"article:publisher\" content=\"https:\/\/www.facebook.com\/people\/PDR-ICMA\/100064844886292\/\" \/>\n<meta property=\"article:modified_time\" content=\"2023-07-10T18:17:51+00:00\" \/>\n<meta property=\"og:image\" content=\"https:\/\/pdricma.com.tr\/wp-content\/uploads\/2023\/07\/3777.jpg\" \/>\n<meta name=\"twitter:card\" content=\"summary_large_image\" \/>\n<meta name=\"twitter:label1\" content=\"Est. reading time\" \/>\n\t<meta name=\"twitter:data1\" content=\"1 minute\" \/>\n<script type=\"application\/ld+json\" class=\"yoast-schema-graph\">{\"@context\":\"https:\/\/schema.org\",\"@graph\":[{\"@type\":\"WebPage\",\"@id\":\"https:\/\/pdricma.com.tr\/tuba-gunay\/\",\"url\":\"https:\/\/pdricma.com.tr\/tuba-gunay\/\",\"name\":\"Tuba G\u00fcnay - PDR International Coaching &amp; Mentoring Academy\",\"isPartOf\":{\"@id\":\"https:\/\/pdricma.com.tr\/#website\"},\"primaryImageOfPage\":{\"@id\":\"https:\/\/pdricma.com.tr\/tuba-gunay\/#primaryimage\"},\"image\":{\"@id\":\"https:\/\/pdricma.com.tr\/tuba-gunay\/#primaryimage\"},\"thumbnailUrl\":\"https:\/\/pdricma.com.tr\/wp-content\/uploads\/2023\/07\/3777.jpg\",\"datePublished\":\"2023-07-10T18:17:16+00:00\",\"dateModified\":\"2023-07-10T18:17:51+00:00\",\"breadcrumb\":{\"@id\":\"https:\/\/pdricma.com.tr\/tuba-gunay\/#breadcrumb\"},\"inLanguage\":\"en-US\",\"potentialAction\":[{\"@type\":\"ReadAction\",\"target\":[\"https:\/\/pdricma.com.tr\/tuba-gunay\/\"]}]},{\"@type\":\"ImageObject\",\"inLanguage\":\"en-US\",\"@id\":\"https:\/\/pdricma.com.tr\/tuba-gunay\/#primaryimage\",\"url\":\"https:\/\/pdricma.com.tr\/wp-content\/uploads\/2023\/07\/3777.jpg\",\"contentUrl\":\"https:\/\/pdricma.com.tr\/wp-content\/uploads\/2023\/07\/3777.jpg\"},{\"@type\":\"BreadcrumbList\",\"@id\":\"https:\/\/pdricma.com.tr\/tuba-gunay\/#breadcrumb\",\"itemListElement\":[{\"@type\":\"ListItem\",\"position\":1,\"name\":\"Anasayfa\",\"item\":\"https:\/\/pdricma.com.tr\/\"},{\"@type\":\"ListItem\",\"position\":2,\"name\":\"Tuba G\u00fcnay\"}]},{\"@type\":\"WebSite\",\"@id\":\"https:\/\/pdricma.com.tr\/#website\",\"url\":\"https:\/\/pdricma.com.tr\/\",\"name\":\"PDR International Coaching & Mentoring Academy\",\"description\":\"\",\"publisher\":{\"@id\":\"https:\/\/pdricma.com.tr\/#organization\"},\"potentialAction\":[{\"@type\":\"SearchAction\",\"target\":{\"@type\":\"EntryPoint\",\"urlTemplate\":\"https:\/\/pdricma.com.tr\/?s={search_term_string}\"},\"query-input\":{\"@type\":\"PropertyValueSpecification\",\"valueRequired\":true,\"valueName\":\"search_term_string\"}}],\"inLanguage\":\"en-US\"},{\"@type\":\"Organization\",\"@id\":\"https:\/\/pdricma.com.tr\/#organization\",\"name\":\"PDR International Coaching & Mentoring Academy\",\"url\":\"https:\/\/pdricma.com.tr\/\",\"logo\":{\"@type\":\"ImageObject\",\"inLanguage\":\"en-US\",\"@id\":\"https:\/\/pdricma.com.tr\/#\/schema\/logo\/image\/\",\"url\":\"https:\/\/pdricma.com.tr\/wp-content\/uploads\/2023\/07\/PDRCOACHINGLOGO-01-002-1.png\",\"contentUrl\":\"https:\/\/pdricma.com.tr\/wp-content\/uploads\/2023\/07\/PDRCOACHINGLOGO-01-002-1.png\",\"width\":2307,\"height\":785,\"caption\":\"PDR International Coaching & Mentoring Academy\"},\"image\":{\"@id\":\"https:\/\/pdricma.com.tr\/#\/schema\/logo\/image\/\"},\"sameAs\":[\"https:\/\/www.facebook.com\/people\/PDR-ICMA\/100064844886292\/\",\"https:\/\/www.instagram.com\/pdricma\/\"]}]}<\/script>\n<!-- \/ Yoast SEO Premium plugin. -->","yoast_head_json":{"title":"Tuba G\u00fcnay - PDR International Coaching &amp; Mentoring Academy","robots":{"index":"index","follow":"follow","max-snippet":"max-snippet:-1","max-image-preview":"max-image-preview:large","max-video-preview":"max-video-preview:-1"},"canonical":"https:\/\/pdricma.com.tr\/en\/tuba-gunay\/","og_locale":"en_US","og_type":"article","og_title":"Tuba G\u00fcnay","og_description":"Dan\u0131\u015fmanlar\u0131m\u0131z Tuba G\u00fcnay PDR Group Dan\u0131\u015fman\u0131 \u0130stanbul \u00dcniversitesi \u00c7al\u0131\u015fma Ekonomisi ve End\u00fcstri \u0130li\u015fkileri B\u00f6l\u00fcm\u00fcnden 1999 y\u0131l\u0131nda mezun olmu\u015ftur. 2008 y\u0131l\u0131nda Maltepe \u00dcniversitesi\u2019nde \u0130\u015fletme MBA program\u0131n\u0131 tamamlad\u0131. 1999 y\u0131l\u0131nda ba\u015flad\u0131\u011f\u0131 profesyonel deneyimini Bili\u015fim ve Telekom sekt\u00f6rlerinde farkl\u0131 kurumlarda Sat\u0131\u015f ve Pazarlama alan\u0131nda yakla\u015f\u0131k 10 y\u0131l emek vererek s\u00fcrd\u00fcrd\u00fc. 2009 y\u0131l\u0131ndan sonra kariyerine e\u011fitimini ald\u0131\u011f\u0131 ve hayalini kurdu\u011fu \u0130nsan Kaynaklar\u0131 alan\u0131nda devam ettirdi. Metropol Dan\u0131\u015fmanl\u0131k\u2019da \u0130nsan Kaynaklar\u0131... Read More","og_url":"https:\/\/pdricma.com.tr\/en\/tuba-gunay\/","og_site_name":"PDR International Coaching &amp; Mentoring Academy","article_publisher":"https:\/\/www.facebook.com\/people\/PDR-ICMA\/100064844886292\/","article_modified_time":"2023-07-10T18:17:51+00:00","og_image":[{"url":"https:\/\/pdricma.com.tr\/wp-content\/uploads\/2023\/07\/3777.jpg","type":"","width":"","height":""}],"twitter_card":"summary_large_image","twitter_misc":{"Est. reading time":"1 minute"},"schema":{"@context":"https:\/\/schema.org","@graph":[{"@type":"WebPage","@id":"https:\/\/pdricma.com.tr\/tuba-gunay\/","url":"https:\/\/pdricma.com.tr\/tuba-gunay\/","name":"Tuba G\u00fcnay - PDR International Coaching &amp; Mentoring Academy","isPartOf":{"@id":"https:\/\/pdricma.com.tr\/#website"},"primaryImageOfPage":{"@id":"https:\/\/pdricma.com.tr\/tuba-gunay\/#primaryimage"},"image":{"@id":"https:\/\/pdricma.com.tr\/tuba-gunay\/#primaryimage"},"thumbnailUrl":"https:\/\/pdricma.com.tr\/wp-content\/uploads\/2023\/07\/3777.jpg","datePublished":"2023-07-10T18:17:16+00:00","dateModified":"2023-07-10T18:17:51+00:00","breadcrumb":{"@id":"https:\/\/pdricma.com.tr\/tuba-gunay\/#breadcrumb"},"inLanguage":"en-US","potentialAction":[{"@type":"ReadAction","target":["https:\/\/pdricma.com.tr\/tuba-gunay\/"]}]},{"@type":"ImageObject","inLanguage":"en-US","@id":"https:\/\/pdricma.com.tr\/tuba-gunay\/#primaryimage","url":"https:\/\/pdricma.com.tr\/wp-content\/uploads\/2023\/07\/3777.jpg","contentUrl":"https:\/\/pdricma.com.tr\/wp-content\/uploads\/2023\/07\/3777.jpg"},{"@type":"BreadcrumbList","@id":"https:\/\/pdricma.com.tr\/tuba-gunay\/#breadcrumb","itemListElement":[{"@type":"ListItem","position":1,"name":"Anasayfa","item":"https:\/\/pdricma.com.tr\/"},{"@type":"ListItem","position":2,"name":"Tuba G\u00fcnay"}]},{"@type":"WebSite","@id":"https:\/\/pdricma.com.tr\/#website","url":"https:\/\/pdricma.com.tr\/","name":"PDR International Coaching & Mentoring Academy","description":"","publisher":{"@id":"https:\/\/pdricma.com.tr\/#organization"},"potentialAction":[{"@type":"SearchAction","target":{"@type":"EntryPoint","urlTemplate":"https:\/\/pdricma.com.tr\/?s={search_term_string}"},"query-input":{"@type":"PropertyValueSpecification","valueRequired":true,"valueName":"search_term_string"}}],"inLanguage":"en-US"},{"@type":"Organization","@id":"https:\/\/pdricma.com.tr\/#organization","name":"PDR International Coaching & Mentoring Academy","url":"https:\/\/pdricma.com.tr\/","logo":{"@type":"ImageObject","inLanguage":"en-US","@id":"https:\/\/pdricma.com.tr\/#\/schema\/logo\/image\/","url":"https:\/\/pdricma.com.tr\/wp-content\/uploads\/2023\/07\/PDRCOACHINGLOGO-01-002-1.png","contentUrl":"https:\/\/pdricma.com.tr\/wp-content\/uploads\/2023\/07\/PDRCOACHINGLOGO-01-002-1.png","width":2307,"height":785,"caption":"PDR International Coaching & Mentoring Academy"},"image":{"@id":"https:\/\/pdricma.com.tr\/#\/schema\/logo\/image\/"},"sameAs":["https:\/\/www.facebook.com\/people\/PDR-ICMA\/100064844886292\/","https:\/\/www.instagram.com\/pdricma\/"]}]}},"_links":{"self":[{"href":"https:\/\/pdricma.com.tr\/en\/wp-json\/wp\/v2\/pages\/3543","targetHints":{"allow":["GET"]}}],"collection":[{"href":"https:\/\/pdricma.com.tr\/en\/wp-json\/wp\/v2\/pages"}],"about":[{"href":"https:\/\/pdricma.com.tr\/en\/wp-json\/wp\/v2\/types\/page"}],"author":[{"embeddable":true,"href":"https:\/\/pdricma.com.tr\/en\/wp-json\/wp\/v2\/users\/1"}],"replies":[{"embeddable":true,"href":"https:\/\/pdricma.com.tr\/en\/wp-json\/wp\/v2\/comments?post=3543"}],"version-history":[{"count":4,"href":"https:\/\/pdricma.com.tr\/en\/wp-json\/wp\/v2\/pages\/3543\/revisions"}],"predecessor-version":[{"id":3547,"href":"https:\/\/pdricma.com.tr\/en\/wp-json\/wp\/v2\/pages\/3543\/revisions\/3547"}],"wp:attachment":[{"href":"https:\/\/pdricma.com.tr\/en\/wp-json\/wp\/v2\/media?parent=3543"}],"curies":[{"name":"wp","href":"https:\/\/api.w.org\/{rel}","templated":true}]}}