{"id":3633,"date":"2023-07-10T22:07:14","date_gmt":"2023-07-10T19:07:14","guid":{"rendered":"https:\/\/pdricma.com.tr\/?page_id=3633"},"modified":"2026-04-03T13:34:18","modified_gmt":"2026-04-03T10:34:18","slug":"hakkimizda","status":"publish","type":"page","link":"https:\/\/pdricma.com.tr\/en\/hakkimizda\/","title":{"rendered":"About Us"},"content":{"rendered":"\t\t<div data-elementor-type=\"wp-post\" data-elementor-id=\"3633\" class=\"elementor elementor-3633\">\n\t\t\t\t\t\t<section class=\"elementor-section elementor-top-section elementor-element elementor-element-86b3131 elementor-section-content-middle elementor-section-boxed elementor-section-height-default elementor-section-height-default\" data-id=\"86b3131\" data-element_type=\"section\" data-settings=\"{&quot;background_background&quot;:&quot;classic&quot;,&quot;ekit_has_onepagescroll_dot&quot;:&quot;yes&quot;}\">\n\t\t\t\t\t\t\t<div class=\"elementor-background-overlay\"><\/div>\n\t\t\t\t\t\t\t<div class=\"elementor-container elementor-column-gap-default\">\n\t\t\t\t\t<div class=\"elementor-column elementor-col-100 elementor-top-column elementor-element elementor-element-6727d67\" data-id=\"6727d67\" data-element_type=\"column\">\n\t\t\t<div class=\"elementor-widget-wrap elementor-element-populated\">\n\t\t\t\t\t\t<div class=\"elementor-element elementor-element-d1f3ef9 elementor-widget elementor-widget-heading\" data-id=\"d1f3ef9\" data-element_type=\"widget\" data-settings=\"{&quot;ekit_we_effect_on&quot;:&quot;none&quot;}\" data-widget_type=\"heading.default\">\n\t\t\t\t<div class=\"elementor-widget-container\">\n\t\t\t<style>\/*! elementor - v3.21.0 - 08-05-2024 *\/\n.elementor-heading-title{padding:0;margin:0;line-height:1}.elementor-widget-heading .elementor-heading-title[class*=elementor-size-]>a{color:inherit;font-size:inherit;line-height:inherit}.elementor-widget-heading .elementor-heading-title.elementor-size-small{font-size:15px}.elementor-widget-heading .elementor-heading-title.elementor-size-medium{font-size:19px}.elementor-widget-heading .elementor-heading-title.elementor-size-large{font-size:29px}.elementor-widget-heading .elementor-heading-title.elementor-size-xl{font-size:39px}.elementor-widget-heading .elementor-heading-title.elementor-size-xxl{font-size:59px}<\/style><h2 class=\"elementor-heading-title elementor-size-default\">Hakk\u0131m\u0131zda<\/h2>\t\t<\/div>\n\t\t\t\t<\/div>\n\t\t\t\t\t<\/div>\n\t\t<\/div>\n\t\t\t\t\t<\/div>\n\t\t<\/section>\n\t\t\t\t<section class=\"elementor-section elementor-top-section elementor-element elementor-element-5d265dc elementor-section-full_width elementor-section-height-default elementor-section-height-default\" data-id=\"5d265dc\" data-element_type=\"section\" data-settings=\"{&quot;ekit_has_onepagescroll_dot&quot;:&quot;yes&quot;}\">\n\t\t\t\t\t\t<div class=\"elementor-container elementor-column-gap-default\">\n\t\t\t\t\t<div class=\"elementor-column elementor-col-100 elementor-top-column elementor-element elementor-element-e7ebdf4\" data-id=\"e7ebdf4\" data-element_type=\"column\">\n\t\t\t<div class=\"elementor-widget-wrap elementor-element-populated\">\n\t\t\t\t\t\t<div class=\"elementor-element elementor-element-1ec13ad elementor-widget elementor-widget-text-editor\" data-id=\"1ec13ad\" data-element_type=\"widget\" data-settings=\"{&quot;ekit_we_effect_on&quot;:&quot;none&quot;}\" data-widget_type=\"text-editor.default\">\n\t\t\t\t<div class=\"elementor-widget-container\">\n\t\t\t<style>\/*! elementor - v3.21.0 - 08-05-2024 *\/\n.elementor-widget-text-editor.elementor-drop-cap-view-stacked .elementor-drop-cap{background-color:#69727d;color:#fff}.elementor-widget-text-editor.elementor-drop-cap-view-framed .elementor-drop-cap{color:#69727d;border:3px solid;background-color:transparent}.elementor-widget-text-editor:not(.elementor-drop-cap-view-default) .elementor-drop-cap{margin-top:8px}.elementor-widget-text-editor:not(.elementor-drop-cap-view-default) .elementor-drop-cap-letter{width:1em;height:1em}.elementor-widget-text-editor .elementor-drop-cap{float:left;text-align:center;line-height:1;font-size:50px}.elementor-widget-text-editor .elementor-drop-cap-letter{display:inline-block}<\/style>\t\t\t\t\n<div style=\"font-family:'Segoe UI',Tahoma,Geneva,Verdana,sans-serif;color:#2d3748;line-height:1.7;padding:40px 0;max-width:1140px;margin:0 auto\">\n\n  <div style=\"background:linear-gradient(135deg,#006699,#0099cc);color:#fff;padding:40px 45px;border-radius:16px;margin-bottom:50px;position:relative;overflow:hidden\">\n    <p style=\"font-size:18px;font-style:italic;margin:0;position:relative;z-index:1\">&#8220;Geli\u015fime, payla\u015f\u0131ma ve d\u00f6n\u00fc\u015f\u00fcme ilham verme amac\u0131m\u0131z do\u011frultusunda, ko\u00e7luk ve mentorluk alan\u0131nda uluslararas\u0131 standartlarda hizmet sunuyoruz.&#8221;<\/p>\n  <\/div>\n\n  <div style=\"margin-bottom:50px\">\n    <h2 style=\"font-size:28px;font-weight:700;color:#006699;margin-bottom:15px;padding-bottom:10px;border-bottom:3px solid #00ccaa;display:inline-block\">Biz Kimiz?<\/h2>\n    <p>1989&#8217;da y\u0131l\u0131nda kurulan <strong>PDR Group<\/strong>, T\u00fcrkiye&#8217;deki e\u011fitim dan\u0131\u015fmanl\u0131k sekt\u00f6r\u00fcndeki en kurumsal, en k\u00f6kl\u00fc ve \u00f6nc\u00fc kurulu\u015ftur.<\/p>\n    <p>D\u00fcnya&#8217;daki e\u011fitim ve geli\u015fim faaliyetlerindeki yenilikleri, T\u00fcrkiye&#8217;deki 4500&#8217;\u00fcn \u00fczerinde \u015firketin, 1.000.000&#8217;un \u00fczerindeki kat\u0131l\u0131mc\u0131s\u0131yla payla\u015fan PDR Group olarak, &#8221;Geli\u015fime, payla\u015f\u0131ma ve d\u00f6n\u00fc\u015f\u00fcme ilham verme&#8221; amac\u0131m\u0131z do\u011frultusunda 2020 y\u0131l\u0131 May\u0131s ay\u0131nda <strong>PDRICMA\/PDR International Coaching &amp; Mentoring Academy<\/strong>&#8216;yi kurduk.<\/p>\n    <p>Ko\u00e7luk felsefesini ve duru\u015funu i\u00e7selle\u015ftirmi\u015f, evrensel de\u011ferlerle donanm\u0131\u015f ICF unvanl\u0131 profesyonel ko\u00e7 ve mentorlar\u0131m\u0131zdan olu\u015fan PDRICMA ekibimizle sizlere, ICF Onayl\u0131 Profesyonel Ko\u00e7luk Sertifikasyon Programlar\u0131m\u0131z\u0131, Bireysel ve Kurumsal Ko\u00e7luk ve Mentorluk Hizmetlerimizi sunuyoruz.<\/p>\n  <\/div>\n\n  <div style=\"margin-bottom:50px\">\n    <h2 style=\"font-size:28px;font-weight:700;color:#006699;margin-bottom:15px;padding-bottom:10px;border-bottom:3px solid #00ccaa;display:inline-block\">Vizyonumuz, Misyonumuz ve De\u011ferlerimiz<\/h2>\n    <div style=\"display:grid;grid-template-columns:repeat(3,1fr);gap:25px;margin-top:20px\">\n      <div style=\"background:#f8f9fa;border-radius:12px;padding:30px;text-align:center;border-top:4px solid #006699\">\n        <div style=\"font-size:40px;margin-bottom:15px\">\ud83c\udfaf<\/div>\n        <h3 style=\"color:#006699;margin-bottom:10px\">Vizyonumuz<\/h3>\n        <p>T\u00fcrkiye&#8217;nin en \u00e7ok tercih edilen ve ilham veren &#8221;Profesyonel Ko\u00e7luk ve Mentorluk Akademisi&#8221; olmak.<\/p>\n      <\/div>\n      <div style=\"background:#f8f9fa;border-radius:12px;padding:30px;text-align:center;border-top:4px solid #006699\">\n        <div style=\"font-size:40px;margin-bottom:15px\">\ud83d\ude80<\/div>\n        <h3 style=\"color:#006699;margin-bottom:10px\">Misyonumuz<\/h3>\n        <p>Ko\u00e7luk felsefesini ve duru\u015funu i\u00e7selle\u015ftirmi\u015f, evrensel de\u011ferlerle donanm\u0131\u015f profesyonel ko\u00e7lar ve mentorlar yeti\u015ftirmek.<\/p>\n      <\/div>\n      <div style=\"background:#f8f9fa;border-radius:12px;padding:30px;text-align:center;border-top:4px solid #006699\">\n        <div style=\"font-size:40px;margin-bottom:15px\">\ud83d\udc8e<\/div>\n        <h3 style=\"color:#006699;margin-bottom:10px\">De\u011ferlerimiz<\/h3>\n        <p>PDRICMA olarak de\u011ferlerimiz bizi biz yapan kaynaklar\u0131m\u0131z. T\u00fcm bireysel ve kurumsal hizmetlerimizde sizlere bu de\u011ferlerimizle \u00e7\u00f6z\u00fcm sunuyor, sizlerin de\u011ferlerine sayg\u0131 duyuyoruz.<\/p>\n      <\/div>\n    <\/div>\n  <\/div>\n\n  <div style=\"margin-bottom:50px\">\n    <h2 style=\"font-size:28px;font-weight:700;color:#006699;margin-bottom:15px;padding-bottom:10px;border-bottom:3px solid #00ccaa;display:inline-block\">Neden PDRICMA&#8217;y\u0131 Tercih Etmelisiniz?<\/h2>\n    <div style=\"display:grid;grid-template-columns:repeat(2,1fr);gap:20px;margin-top:20px\">\n      <div style=\"background:#fff;border:1px solid #e2e8f0;border-radius:10px;padding:25px;border-left:4px solid #006699\"><h3 style=\"color:#006699;margin-bottom:8px\">Kurumsal Ko\u00e7luk K\u00fclt\u00fcr\u00fc<\/h3><p>Profesyonel i\u015f hayat\u0131nda Kurumsal Ko\u00e7luk K\u00fclt\u00fcr\u00fc&#8217;n\u00fcn yarat\u0131lmas\u0131 ve i\u015f hayat\u0131ndaki organizasyon i\u00e7inden yeni d\u00fcnya liderleri \u00e7\u0131karabilmeleri i\u00e7in gereken Kurum \u0130\u00e7i Ko\u00e7luk ve Kurum \u0130\u00e7i Mentorluk projeleri y\u00fcr\u00fct\u00fcyoruz.<\/p><\/div>\n      <div style=\"background:#fff;border:1px solid #e2e8f0;border-radius:10px;padding:25px;border-left:4px solid #006699\"><h3 style=\"color:#006699;margin-bottom:8px\">G\u00fcncel Yetkinlikler<\/h3><p>Her yeni program\u0131m\u0131z\u0131, en yeni yetkinlikler ve ICF etik de\u011ferleriyle haz\u0131rlay\u0131p, ko\u00e7 ve mentorlar\u0131n g\u00fcn\u00fcm\u00fczde sahip olmas\u0131 gereken yetkinlikleri ve g\u00fcncel geli\u015fmeleri sizlere aktar\u0131yoruz.<\/p><\/div>\n      <div style=\"background:#fff;border:1px solid #e2e8f0;border-radius:10px;padding:25px;border-left:4px solid #006699\"><h3 style=\"color:#006699;margin-bottom:8px\">D\u00fcnya Platformlar\u0131na Yol G\u00f6sterme<\/h3><p>G\u00f6n\u00fcll\u00fc ko\u00e7lar\u0131m\u0131za d\u00fcnya ko\u00e7luk platformlar\u0131na \u00fcye olabilmeleri i\u00e7in yol g\u00f6steriyoruz.<\/p><\/div>\n      <div style=\"background:#fff;border:1px solid #e2e8f0;border-radius:10px;padding:25px;border-left:4px solid #006699\"><h3 style=\"color:#006699;margin-bottom:8px\">En Geni\u015f Ko\u00e7 Kadrosu<\/h3><p>PDRICMA b\u00fcnyesinde yer alan ko\u00e7lar\u0131m\u0131z ile sekt\u00f6rdeki en fazla say\u0131da ko\u00e7a sahip okul olarak \u00e7e\u015fitlili\u011fimizi sizlere sunuyoruz.<\/p><\/div>\n      <div style=\"background:#fff;border:1px solid #e2e8f0;border-radius:10px;padding:25px;border-left:4px solid #006699\"><h3 style=\"color:#006699;margin-bottom:8px\">ICF Unvanl\u0131 Ko\u00e7lara F\u0131rsat<\/h3><p>Ko\u00e7luk yolculu\u011funda g\u00fc\u00e7l\u00fc ve istikrarl\u0131 bir \u015fekilde ilerleyen ICF unvan sahibi ko\u00e7lar\u0131m\u0131za, kriterleri kar\u015f\u0131lamalar\u0131 halinde PDRICMA b\u00fcnyesinde yer alma f\u0131rsat\u0131 veriyoruz.<\/p><\/div>\n      <div style=\"background:#fff;border:1px solid #e2e8f0;border-radius:10px;padding:25px;border-left:4px solid #006699\"><h3 style=\"color:#006699;margin-bottom:8px\">Ya\u015fam Boyu E\u011fitim Deste\u011fi<\/h3><p>Ko\u00e7luk program\u0131m\u0131z\u0131 bitiren ko\u00e7lar\u0131m\u0131za ya\u015fam boyu s\u00fcrd\u00fcr\u00fclebilir e\u011fitim ve geli\u015fim deste\u011fi sunmak ad\u0131na PDR Group b\u00fcnyesindeki programlar\u0131m\u0131zda belli oranlarda indirimler sa\u011fl\u0131yoruz.<\/p><\/div>\n      <div style=\"background:#fff;border:1px solid #e2e8f0;border-radius:10px;padding:25px;border-left:4px solid #006699\"><h3 style=\"color:#006699;margin-bottom:8px\">Tan\u0131nm\u0131\u015f Ko\u00e7larla Bulu\u015fma<\/h3><p>T\u00fcrkiye ve d\u00fcnyada tan\u0131nm\u0131\u015f ko\u00e7lar\u0131, deneyimlerini payla\u015fmak \u00fczere sizlerle bulu\u015fturuyoruz.<\/p><\/div>\n      <div style=\"background:#fff;border:1px solid #e2e8f0;border-radius:10px;padding:25px;border-left:4px solid #006699\"><h3 style=\"color:#006699;margin-bottom:8px\">\u0130\u015f D\u00fcnyas\u0131 Liderleriyle Etkile\u015fim<\/h3><p>Programlar\u0131m\u0131z i\u00e7erisinde sekt\u00f6r\u00fcnde \u00f6nc\u00fc \u015firketlerin \u00fcst seviye liderleri ile ko\u00e7lar\u0131m\u0131z\u0131 bulu\u015fturarak, i\u015f d\u00fcnyas\u0131n\u0131n ko\u00e7luk ihtiya\u00e7lar\u0131n\u0131 ilk a\u011f\u0131zdan duyman\u0131z\u0131 sa\u011fl\u0131yoruz.<\/p><\/div>\n      <div style=\"background:#fff;border:1px solid #e2e8f0;border-radius:10px;padding:25px;border-left:4px solid #006699\"><h3 style=\"color:#006699;margin-bottom:8px\">Asistanl\u0131k ve Pratik F\u0131rsat\u0131<\/h3><p>ICF Onayl\u0131 PDRICMA Profesyonel Ko\u00e7luk Sertifikasyon Programlar\u0131m\u0131z\u0131 tamamlayan ko\u00e7lar\u0131m\u0131za, belirlenen kriterleri kar\u015f\u0131lamalar\u0131 halinde ilerleyen programlar\u0131m\u0131zda asistanl\u0131k yaparak pratik edinmelerini sa\u011fl\u0131yoruz.<\/p><\/div>\n      <div style=\"background:#fff;border:1px solid #e2e8f0;border-radius:10px;padding:25px;border-left:4px solid #006699\"><h3 style=\"color:#006699;margin-bottom:8px\">Envanter ve Dijital Destek<\/h3><p>PDRICMA Sertifikasyon Programlar\u0131m\u0131za kat\u0131lan kat\u0131l\u0131mc\u0131lar\u0131m\u0131z\u0131 program i\u00e7inde farkl\u0131 envanter, \u00f6l\u00e7\u00fcmlemeler ve dijital e\u011fitimler ile destekliyoruz.<\/p><\/div>\n      <div style=\"background:#fff;border:1px solid #e2e8f0;border-radius:10px;padding:25px;border-left:4px solid #006699\"><h3 style=\"color:#006699;margin-bottom:8px\">Ask\u0131da Ko\u00e7luk Projesi<\/h3><p>&#8220;Ask\u0131da Ko\u00e7luk&#8221; projelerimizle, PDRICMA Mezunlar\u0131m\u0131z\u0131n dan\u0131\u015fan bulmas\u0131na ve ko\u00e7luk saatleri konusunda deneyim kazanmas\u0131na yard\u0131mc\u0131 oluyoruz.<\/p><\/div>\n    <\/div>\n  <\/div>\n\n  <div style=\"background:linear-gradient(135deg,#006699,#004466);color:#fff;border-radius:16px;padding:50px;text-align:center;margin-bottom:50px\">\n    <h2 style=\"color:#fff;margin-bottom:15px\">Bizimle \u0130leti\u015fime Ge\u00e7in<\/h2>\n    <p>PDRICMA hizmetlerimiz hakk\u0131nda detayl\u0131 bilgi almak ve ihtiya\u00e7lar\u0131n\u0131za \u00f6zel \u00e7\u00f6z\u00fcmlerimizi ke\u015ffetmek i\u00e7in bizimle ileti\u015fime ge\u00e7in.<\/p>\n    <p style=\"margin-top:15px\">\ud83d\udce7 info@pdricma.com.tr | \ud83d\udcde 0216 709 17 37<\/p>\n  <\/div>\n\n<\/div>\t\t\t\t\t\t<\/div>\n\t\t\t\t<\/div>\n\t\t\t\t\t<\/div>\n\t\t<\/div>\n\t\t\t\t\t<\/div>\n\t\t<\/section>\n\t\t\t\t<\/div>\n\t\t","protected":false},"excerpt":{"rendered":"<p>Hakk\u0131m\u0131zda &#8220;Geli\u015fime, payla\u015f\u0131ma ve d\u00f6n\u00fc\u015f\u00fcme ilham verme amac\u0131m\u0131z do\u011frultusunda, ko\u00e7luk ve mentorluk alan\u0131nda uluslararas\u0131 standartlarda hizmet sunuyoruz.&#8221; Biz Kimiz? 1989&#8217;da y\u0131l\u0131nda kurulan PDR Group, T\u00fcrkiye&#8217;deki e\u011fitim dan\u0131\u015fmanl\u0131k sekt\u00f6r\u00fcndeki en kurumsal, en k\u00f6kl\u00fc ve \u00f6nc\u00fc kurulu\u015ftur. D\u00fcnya&#8217;daki e\u011fitim ve geli\u015fim faaliyetlerindeki yenilikleri, T\u00fcrkiye&#8217;deki 4500&#8217;\u00fcn \u00fczerinde \u015firketin, 1.000.000&#8217;un \u00fczerindeki kat\u0131l\u0131mc\u0131s\u0131yla payla\u015fan PDR Group olarak, &#8221;Geli\u015fime, payla\u015f\u0131ma ve d\u00f6n\u00fc\u015f\u00fcme ilham verme&#8221; amac\u0131m\u0131z do\u011frultusunda 2020 y\u0131l\u0131 May\u0131s ay\u0131nda PDRICMA\/PDR&#8230; <\/p>\n<p class=\"more\"><a class=\"more-link\" href=\"https:\/\/pdricma.com.tr\/en\/hakkimizda\/\">Read More<\/a><\/p>","protected":false},"author":1,"featured_media":0,"parent":0,"menu_order":0,"comment_status":"closed","ping_status":"closed","template":"elementor_header_footer","meta":{"footnotes":""},"class_list":["post-3633","page","type-page","status-publish","hentry","is-cat-link-solid-light is-cat-link-rounded"],"yoast_head":"<!-- This site is optimized with the Yoast SEO Premium plugin v24.0 (Yoast SEO v26.9) - https:\/\/yoast.com\/product\/yoast-seo-premium-wordpress\/ -->\n<title>Hakk\u0131m\u0131zda - PDR International Coaching &amp; Mentoring Academy<\/title>\n<meta name=\"robots\" content=\"index, follow, max-snippet:-1, max-image-preview:large, max-video-preview:-1\" \/>\n<link rel=\"canonical\" href=\"https:\/\/pdricma.com.tr\/en\/hakkimizda\/\" \/>\n<meta property=\"og:locale\" content=\"en_US\" \/>\n<meta property=\"og:type\" content=\"article\" \/>\n<meta property=\"og:title\" content=\"Hakk\u0131m\u0131zda\" \/>\n<meta property=\"og:description\" content=\"Hakk\u0131m\u0131zda &#8220;Geli\u015fime, payla\u015f\u0131ma ve d\u00f6n\u00fc\u015f\u00fcme ilham verme amac\u0131m\u0131z do\u011frultusunda, ko\u00e7luk ve mentorluk alan\u0131nda uluslararas\u0131 standartlarda hizmet sunuyoruz.&#8221; Biz Kimiz? 1989&#8217;da y\u0131l\u0131nda kurulan PDR Group, T\u00fcrkiye&#8217;deki e\u011fitim dan\u0131\u015fmanl\u0131k sekt\u00f6r\u00fcndeki en kurumsal, en k\u00f6kl\u00fc ve \u00f6nc\u00fc kurulu\u015ftur. D\u00fcnya&#8217;daki e\u011fitim ve geli\u015fim faaliyetlerindeki yenilikleri, T\u00fcrkiye&#8217;deki 4500&#8217;\u00fcn \u00fczerinde \u015firketin, 1.000.000&#8217;un \u00fczerindeki kat\u0131l\u0131mc\u0131s\u0131yla payla\u015fan PDR Group olarak, &#8221;Geli\u015fime, payla\u015f\u0131ma ve d\u00f6n\u00fc\u015f\u00fcme ilham verme&#8221; amac\u0131m\u0131z do\u011frultusunda 2020 y\u0131l\u0131 May\u0131s ay\u0131nda PDRICMA\/PDR... Read More\" \/>\n<meta property=\"og:url\" content=\"https:\/\/pdricma.com.tr\/en\/hakkimizda\/\" \/>\n<meta property=\"og:site_name\" content=\"PDR International Coaching &amp; Mentoring Academy\" \/>\n<meta property=\"article:publisher\" content=\"https:\/\/www.facebook.com\/people\/PDR-ICMA\/100064844886292\/\" \/>\n<meta property=\"article:modified_time\" content=\"2026-04-03T10:34:18+00:00\" \/>\n<meta name=\"twitter:card\" content=\"summary_large_image\" \/>\n<meta name=\"twitter:label1\" content=\"Est. reading time\" \/>\n\t<meta name=\"twitter:data1\" content=\"3 minutes\" \/>\n<script type=\"application\/ld+json\" class=\"yoast-schema-graph\">{\"@context\":\"https:\/\/schema.org\",\"@graph\":[{\"@type\":\"WebPage\",\"@id\":\"https:\/\/pdricma.com.tr\/hakkimizda\/\",\"url\":\"https:\/\/pdricma.com.tr\/hakkimizda\/\",\"name\":\"Hakk\u0131m\u0131zda - PDR International Coaching &amp; Mentoring Academy\",\"isPartOf\":{\"@id\":\"https:\/\/pdricma.com.tr\/#website\"},\"datePublished\":\"2023-07-10T19:07:14+00:00\",\"dateModified\":\"2026-04-03T10:34:18+00:00\",\"breadcrumb\":{\"@id\":\"https:\/\/pdricma.com.tr\/hakkimizda\/#breadcrumb\"},\"inLanguage\":\"en-US\",\"potentialAction\":[{\"@type\":\"ReadAction\",\"target\":[\"https:\/\/pdricma.com.tr\/hakkimizda\/\"]}]},{\"@type\":\"BreadcrumbList\",\"@id\":\"https:\/\/pdricma.com.tr\/hakkimizda\/#breadcrumb\",\"itemListElement\":[{\"@type\":\"ListItem\",\"position\":1,\"name\":\"Anasayfa\",\"item\":\"https:\/\/pdricma.com.tr\/\"},{\"@type\":\"ListItem\",\"position\":2,\"name\":\"Hakk\u0131m\u0131zda\"}]},{\"@type\":\"WebSite\",\"@id\":\"https:\/\/pdricma.com.tr\/#website\",\"url\":\"https:\/\/pdricma.com.tr\/\",\"name\":\"PDR International Coaching & Mentoring Academy\",\"description\":\"\",\"publisher\":{\"@id\":\"https:\/\/pdricma.com.tr\/#organization\"},\"potentialAction\":[{\"@type\":\"SearchAction\",\"target\":{\"@type\":\"EntryPoint\",\"urlTemplate\":\"https:\/\/pdricma.com.tr\/?s={search_term_string}\"},\"query-input\":{\"@type\":\"PropertyValueSpecification\",\"valueRequired\":true,\"valueName\":\"search_term_string\"}}],\"inLanguage\":\"en-US\"},{\"@type\":\"Organization\",\"@id\":\"https:\/\/pdricma.com.tr\/#organization\",\"name\":\"PDR International Coaching & Mentoring Academy\",\"url\":\"https:\/\/pdricma.com.tr\/\",\"logo\":{\"@type\":\"ImageObject\",\"inLanguage\":\"en-US\",\"@id\":\"https:\/\/pdricma.com.tr\/#\/schema\/logo\/image\/\",\"url\":\"https:\/\/pdricma.com.tr\/wp-content\/uploads\/2023\/07\/PDRCOACHINGLOGO-01-002-1.png\",\"contentUrl\":\"https:\/\/pdricma.com.tr\/wp-content\/uploads\/2023\/07\/PDRCOACHINGLOGO-01-002-1.png\",\"width\":2307,\"height\":785,\"caption\":\"PDR International Coaching & Mentoring Academy\"},\"image\":{\"@id\":\"https:\/\/pdricma.com.tr\/#\/schema\/logo\/image\/\"},\"sameAs\":[\"https:\/\/www.facebook.com\/people\/PDR-ICMA\/100064844886292\/\",\"https:\/\/www.instagram.com\/pdricma\/\"]}]}<\/script>\n<!-- \/ Yoast SEO Premium plugin. -->","yoast_head_json":{"title":"Hakk\u0131m\u0131zda - PDR International Coaching &amp; Mentoring Academy","robots":{"index":"index","follow":"follow","max-snippet":"max-snippet:-1","max-image-preview":"max-image-preview:large","max-video-preview":"max-video-preview:-1"},"canonical":"https:\/\/pdricma.com.tr\/en\/hakkimizda\/","og_locale":"en_US","og_type":"article","og_title":"Hakk\u0131m\u0131zda","og_description":"Hakk\u0131m\u0131zda &#8220;Geli\u015fime, payla\u015f\u0131ma ve d\u00f6n\u00fc\u015f\u00fcme ilham verme amac\u0131m\u0131z do\u011frultusunda, ko\u00e7luk ve mentorluk alan\u0131nda uluslararas\u0131 standartlarda hizmet sunuyoruz.&#8221; Biz Kimiz? 1989&#8217;da y\u0131l\u0131nda kurulan PDR Group, T\u00fcrkiye&#8217;deki e\u011fitim dan\u0131\u015fmanl\u0131k sekt\u00f6r\u00fcndeki en kurumsal, en k\u00f6kl\u00fc ve \u00f6nc\u00fc kurulu\u015ftur. D\u00fcnya&#8217;daki e\u011fitim ve geli\u015fim faaliyetlerindeki yenilikleri, T\u00fcrkiye&#8217;deki 4500&#8217;\u00fcn \u00fczerinde \u015firketin, 1.000.000&#8217;un \u00fczerindeki kat\u0131l\u0131mc\u0131s\u0131yla payla\u015fan PDR Group olarak, &#8221;Geli\u015fime, payla\u015f\u0131ma ve d\u00f6n\u00fc\u015f\u00fcme ilham verme&#8221; amac\u0131m\u0131z do\u011frultusunda 2020 y\u0131l\u0131 May\u0131s ay\u0131nda PDRICMA\/PDR... Read More","og_url":"https:\/\/pdricma.com.tr\/en\/hakkimizda\/","og_site_name":"PDR International Coaching &amp; Mentoring Academy","article_publisher":"https:\/\/www.facebook.com\/people\/PDR-ICMA\/100064844886292\/","article_modified_time":"2026-04-03T10:34:18+00:00","twitter_card":"summary_large_image","twitter_misc":{"Est. reading time":"3 minutes"},"schema":{"@context":"https:\/\/schema.org","@graph":[{"@type":"WebPage","@id":"https:\/\/pdricma.com.tr\/hakkimizda\/","url":"https:\/\/pdricma.com.tr\/hakkimizda\/","name":"Hakk\u0131m\u0131zda - PDR International Coaching &amp; Mentoring Academy","isPartOf":{"@id":"https:\/\/pdricma.com.tr\/#website"},"datePublished":"2023-07-10T19:07:14+00:00","dateModified":"2026-04-03T10:34:18+00:00","breadcrumb":{"@id":"https:\/\/pdricma.com.tr\/hakkimizda\/#breadcrumb"},"inLanguage":"en-US","potentialAction":[{"@type":"ReadAction","target":["https:\/\/pdricma.com.tr\/hakkimizda\/"]}]},{"@type":"BreadcrumbList","@id":"https:\/\/pdricma.com.tr\/hakkimizda\/#breadcrumb","itemListElement":[{"@type":"ListItem","position":1,"name":"Anasayfa","item":"https:\/\/pdricma.com.tr\/"},{"@type":"ListItem","position":2,"name":"Hakk\u0131m\u0131zda"}]},{"@type":"WebSite","@id":"https:\/\/pdricma.com.tr\/#website","url":"https:\/\/pdricma.com.tr\/","name":"PDR International Coaching & Mentoring Academy","description":"","publisher":{"@id":"https:\/\/pdricma.com.tr\/#organization"},"potentialAction":[{"@type":"SearchAction","target":{"@type":"EntryPoint","urlTemplate":"https:\/\/pdricma.com.tr\/?s={search_term_string}"},"query-input":{"@type":"PropertyValueSpecification","valueRequired":true,"valueName":"search_term_string"}}],"inLanguage":"en-US"},{"@type":"Organization","@id":"https:\/\/pdricma.com.tr\/#organization","name":"PDR International Coaching & Mentoring Academy","url":"https:\/\/pdricma.com.tr\/","logo":{"@type":"ImageObject","inLanguage":"en-US","@id":"https:\/\/pdricma.com.tr\/#\/schema\/logo\/image\/","url":"https:\/\/pdricma.com.tr\/wp-content\/uploads\/2023\/07\/PDRCOACHINGLOGO-01-002-1.png","contentUrl":"https:\/\/pdricma.com.tr\/wp-content\/uploads\/2023\/07\/PDRCOACHINGLOGO-01-002-1.png","width":2307,"height":785,"caption":"PDR International Coaching & Mentoring Academy"},"image":{"@id":"https:\/\/pdricma.com.tr\/#\/schema\/logo\/image\/"},"sameAs":["https:\/\/www.facebook.com\/people\/PDR-ICMA\/100064844886292\/","https:\/\/www.instagram.com\/pdricma\/"]}]}},"_links":{"self":[{"href":"https:\/\/pdricma.com.tr\/en\/wp-json\/wp\/v2\/pages\/3633","targetHints":{"allow":["GET"]}}],"collection":[{"href":"https:\/\/pdricma.com.tr\/en\/wp-json\/wp\/v2\/pages"}],"about":[{"href":"https:\/\/pdricma.com.tr\/en\/wp-json\/wp\/v2\/types\/page"}],"author":[{"embeddable":true,"href":"https:\/\/pdricma.com.tr\/en\/wp-json\/wp\/v2\/users\/1"}],"replies":[{"embeddable":true,"href":"https:\/\/pdricma.com.tr\/en\/wp-json\/wp\/v2\/comments?post=3633"}],"version-history":[{"count":71,"href":"https:\/\/pdricma.com.tr\/en\/wp-json\/wp\/v2\/pages\/3633\/revisions"}],"predecessor-version":[{"id":8032,"href":"https:\/\/pdricma.com.tr\/en\/wp-json\/wp\/v2\/pages\/3633\/revisions\/8032"}],"wp:attachment":[{"href":"https:\/\/pdricma.com.tr\/en\/wp-json\/wp\/v2\/media?parent=3633"}],"curies":[{"name":"wp","href":"https:\/\/api.w.org\/{rel}","templated":true}]}}