{"id":3653,"date":"2023-07-10T22:18:22","date_gmt":"2023-07-10T19:18:22","guid":{"rendered":"https:\/\/pdricma.com.tr\/?page_id=3653"},"modified":"2026-04-05T11:57:36","modified_gmt":"2026-04-05T08:57:36","slug":"degerlendirme-merkezi-mentorlugu-2","status":"publish","type":"page","link":"https:\/\/pdricma.com.tr\/en\/degerlendirme-merkezi-mentorlugu-2\/","title":{"rendered":"Assessment Center Mentoring"},"content":{"rendered":"\t\t<div data-elementor-type=\"wp-post\" data-elementor-id=\"3653\" class=\"elementor elementor-3653\">\n\t\t\t\t\t\t<section class=\"elementor-section elementor-top-section elementor-element elementor-element-a79c55a elementor-section-full_width elementor-section-content-middle elementor-section-height-default elementor-section-height-default\" data-id=\"a79c55a\" data-element_type=\"section\" data-settings=\"{&quot;background_background&quot;:&quot;classic&quot;,&quot;ekit_has_onepagescroll_dot&quot;:&quot;yes&quot;}\">\n\t\t\t\t\t\t\t<div class=\"elementor-background-overlay\"><\/div>\n\t\t\t\t\t\t\t<div class=\"elementor-container elementor-column-gap-default\">\n\t\t\t\t\t<div class=\"elementor-column elementor-col-100 elementor-top-column elementor-element elementor-element-372365b\" data-id=\"372365b\" data-element_type=\"column\">\n\t\t\t<div class=\"elementor-widget-wrap elementor-element-populated\">\n\t\t\t\t\t\t<div class=\"elementor-element elementor-element-65b43a9 elementor-widget elementor-widget-heading\" data-id=\"65b43a9\" data-element_type=\"widget\" data-settings=\"{&quot;ekit_we_effect_on&quot;:&quot;none&quot;}\" data-widget_type=\"heading.default\">\n\t\t\t\t<div class=\"elementor-widget-container\">\n\t\t\t<style>\/*! elementor - v3.21.0 - 08-05-2024 *\/\n.elementor-heading-title{padding:0;margin:0;line-height:1}.elementor-widget-heading .elementor-heading-title[class*=elementor-size-]>a{color:inherit;font-size:inherit;line-height:inherit}.elementor-widget-heading .elementor-heading-title.elementor-size-small{font-size:15px}.elementor-widget-heading .elementor-heading-title.elementor-size-medium{font-size:19px}.elementor-widget-heading .elementor-heading-title.elementor-size-large{font-size:29px}.elementor-widget-heading .elementor-heading-title.elementor-size-xl{font-size:39px}.elementor-widget-heading .elementor-heading-title.elementor-size-xxl{font-size:59px}<\/style><h1 class=\"elementor-heading-title elementor-size-default\">De\u011ferlendirme Merkezi Mentorlu\u011fu<\/h1>\t\t<\/div>\n\t\t\t\t<\/div>\n\t\t\t\t\t<\/div>\n\t\t<\/div>\n\t\t\t\t\t<\/div>\n\t\t<\/section>\n\t\t\t\t<section class=\"elementor-section elementor-top-section elementor-element elementor-element-0133f74 elementor-section-full_width elementor-section-height-default elementor-section-height-default\" data-id=\"0133f74\" data-element_type=\"section\" data-settings=\"{&quot;ekit_has_onepagescroll_dot&quot;:&quot;yes&quot;}\">\n\t\t\t\t\t\t<div class=\"elementor-container elementor-column-gap-default\">\n\t\t\t\t\t<div class=\"elementor-column elementor-col-100 elementor-top-column elementor-element elementor-element-01277b3\" data-id=\"01277b3\" data-element_type=\"column\">\n\t\t\t<div class=\"elementor-widget-wrap elementor-element-populated\">\n\t\t\t\t\t\t<div class=\"elementor-element elementor-element-38b4ab8 elementor-widget elementor-widget-html\" data-id=\"38b4ab8\" data-element_type=\"widget\" data-settings=\"{&quot;ekit_we_effect_on&quot;:&quot;none&quot;}\" data-widget_type=\"html.default\">\n\t\t\t\t<div class=\"elementor-widget-container\">\n\t\t\t<style>\n.kk-wrapper{font-family:'Segoe UI',Tahoma,Geneva,Verdana,sans-serif;color:#2d3748;line-height:1.7;padding:40px 0;max-width:1140px;margin:0 auto}\n.kk-wrapper *{box-sizing:border-box}\n.kk-section{margin-bottom:50px;opacity:0;transform:translateY(30px);animation:kkFadeUp .8s ease forwards}\n.kk-section:nth-child(2){animation-delay:.1s}\n.kk-section:nth-child(3){animation-delay:.2s}\n.kk-section:nth-child(4){animation-delay:.3s}\n.kk-section:nth-child(5){animation-delay:.4s}\n.kk-section:nth-child(6){animation-delay:.5s}\n.kk-section:nth-child(7){animation-delay:.6s}\n@keyframes kkFadeUp{to{opacity:1;transform:translateY(0)}}\n\n.kk-quote-box{background:linear-gradient(135deg,#006699,#0099cc);color:#fff;padding:40px 45px;border-radius:16px;margin-bottom:50px;position:relative;overflow:hidden}\n.kk-quote-box::before{content:'\\201C';position:absolute;top:-10px;left:20px;font-size:120px;color:rgba(255,255,255,.1);font-family:Georgia,serif;line-height:1}\n.kk-quote-box p{font-size:18px;font-style:italic;margin:0;position:relative;z-index:1}\n\n.kk-title{font-size:28px;font-weight:700;color:#006699;margin-bottom:15px;padding-bottom:10px;border-bottom:3px solid #00ccaa;display:inline-block}\n.kk-subtitle{font-size:22px;font-weight:600;color:#0099cc;margin-bottom:15px}\n\n.kk-text{font-size:16px;color:#4a5568;margin-bottom:20px;line-height:1.8}\n\n.kk-benefits-grid{display:grid;grid-template-columns:repeat(3,1fr);gap:25px;margin-top:25px}\n.kk-benefit-card{background:linear-gradient(145deg,#f0f9ff,#e8f4fd);border-radius:14px;padding:30px 25px;border-left:4px solid #006699;transition:all .3s ease;position:relative;overflow:hidden}\n.kk-benefit-card:hover{transform:translateY(-5px);box-shadow:0 12px 30px rgba(0,102,153,.15)}\n.kk-benefit-card::before{content:'';position:absolute;top:0;right:0;width:60px;height:60px;background:linear-gradient(135deg,transparent 50%,rgba(0,204,170,.1) 50%);border-radius:0 14px 0 0}\n.kk-benefit-icon{font-size:32px;margin-bottom:12px}\n.kk-benefit-card h4{font-size:17px;font-weight:700;color:#006699;margin:0 0 8px 0}\n.kk-benefit-card p{font-size:14px;color:#4a5568;margin:0;line-height:1.6}\n\n.kk-process-box{background:#fff;border:2px solid #e2e8f0;border-radius:16px;padding:35px;margin-top:25px}\n.kk-process-step{display:flex;align-items:flex-start;margin-bottom:25px;padding-bottom:25px;border-bottom:1px dashed #e2e8f0}\n.kk-process-step:last-child{margin-bottom:0;padding-bottom:0;border-bottom:none}\n.kk-step-num{background:linear-gradient(135deg,#006699,#0099cc);color:#fff;width:45px;height:45px;border-radius:50%;display:flex;align-items:center;justify-content:center;font-weight:700;font-size:18px;flex-shrink:0;margin-right:20px}\n.kk-step-content h4{font-size:17px;font-weight:700;color:#006699;margin:0 0 6px 0}\n.kk-step-content p{font-size:15px;color:#4a5568;margin:0;line-height:1.7}\n\n.kk-solutions-grid{display:grid;grid-template-columns:repeat(3,1fr);gap:22px;margin-top:25px}\n.kk-solution-card{background:#fff;border-radius:14px;padding:28px 22px;border:1px solid #e2e8f0;transition:all .3s ease;text-align:center;position:relative;overflow:hidden}\n.kk-solution-card:hover{transform:translateY(-5px);box-shadow:0 12px 30px rgba(0,102,153,.15);border-color:#0099cc}\n.kk-solution-card::after{content:'';position:absolute;bottom:0;left:0;right:0;height:3px;background:linear-gradient(90deg,#006699,#00ccaa);transform:scaleX(0);transition:transform .3s ease}\n.kk-solution-card:hover::after{transform:scaleX(1)}\n.kk-solution-icon{font-size:36px;margin-bottom:12px}\n.kk-solution-card h4{font-size:16px;font-weight:700;color:#006699;margin:0 0 8px 0}\n.kk-solution-card p{font-size:13px;color:#718096;margin:0;line-height:1.5}\n\n.kk-info-box{background:linear-gradient(135deg,#f0fff4,#e6fffa);border-left:5px solid #00ccaa;border-radius:12px;padding:30px 35px;margin-top:30px}\n.kk-info-box h4{font-size:18px;font-weight:700;color:#006699;margin:0 0 10px 0}\n.kk-info-box p{font-size:15px;color:#4a5568;margin:0;line-height:1.7}\n\n.kk-cta{background:linear-gradient(135deg,#006699,#004d73);border-radius:16px;padding:50px 40px;text-align:center;color:#fff;margin-top:50px}\n.kk-cta h3{font-size:28px;font-weight:700;margin:0 0 12px 0}\n.kk-cta p{font-size:16px;opacity:.9;margin:0 0 25px 0}\n.kk-cta-contact{font-size:15px;margin-bottom:20px;opacity:.85}\n.kk-cta-btn{display:inline-block;background:linear-gradient(135deg,#00ccaa,#00b894);color:#fff;padding:14px 40px;border-radius:50px;text-decoration:none;font-weight:700;font-size:16px;transition:all .3s ease;box-shadow:0 4px 15px rgba(0,204,170,.4)}\n.kk-cta-btn:hover{transform:translateY(-2px);box-shadow:0 8px 25px rgba(0,204,170,.5)}\n\n@media(max-width:768px){\n.kk-benefits-grid,.kk-solutions-grid{grid-template-columns:1fr}\n.kk-quote-box{padding:30px 25px}\n.kk-cta{padding:35px 25px}\n.kk-process-step{flex-direction:column}\n.kk-step-num{margin-bottom:12px;margin-right:0}\n}\n<\/style>\n<div class=\"kk-wrapper\">\n<div class=\"kk-section\">\n<div class=\"kk-quote-box\">\n<p>Kendimize \u00e7izdi\u011fimiz kariyer yolunda oldu\u011fumuz yerden ba\u015fka bir yere ge\u00e7mek i\u00e7in zaman zaman kurumlar\u0131n de\u011ferleme merkezlerinde \u00e7e\u015fitli uygulamalara tabi oluruz. Bu uygulamalar, ge\u00e7mek \u00fczere haz\u0131rland\u0131\u011f\u0131m\u0131z yerin gerektirdi\u011fi yetkinlikleri \u00f6l\u00e7mek \u00fczere tasarlanm\u0131\u015ft\u0131r.<\/p>\n<\/div>\n<\/div>\n\n<div class=\"kk-section\">\n<h2 class=\"kk-title\">De\u011ferlendirme Merkezi Mentorlu\u011fu Nedir?<\/h2>\n<p>Ancak zaman zaman kat\u0131l\u0131mc\u0131lar bu uygulama merkezlerinde kendilerinden ne beklenildi\u011fini tam olarak bilmemektedir. Veya hangi yetkinli\u011fi nas\u0131l g\u00f6sterece\u011fine ili\u015fkin fazla bir bilgisi olmamakla birlikte yanl\u0131\u015f bir bak\u0131\u015f a\u00e7\u0131s\u0131 da geli\u015ftirmi\u015f olabilmektedir. \u0130\u015fte tam da bu nedenle De\u011ferleme Merkezi mentor ko\u00e7lu\u011fu \u00f6nemli bir rol oynar.<\/p>\n<p>Ama\u00e7, De\u011ferlendirme Merkezine girecek adaylar\u0131n s\u00fcrece ili\u015fkin bilgi sahibi olmas\u0131n\u0131 ve yetkinliklerinin nas\u0131l de\u011ferlendirilece\u011fine ili\u015fkin deneyim ve do\u011fru bak\u0131\u015f a\u00e7\u0131s\u0131na kavu\u015fmalar\u0131n\u0131 sa\u011flamakt\u0131r.<\/p>\n<p>De\u011ferlendirme Merkezi Mentor Ko\u00e7lu\u011fu ki\u015finin ihtiya\u00e7 ve yetkinliklerine paralel olarak farkl\u0131 s\u00fcrelerde tamamlanabilir.<\/p>\n<\/div>\n\n<div class=\"kk-section\">\n<h2 class=\"kk-title\">De\u011ferlendirme Merkezi Mentorlu\u011funun Faydalar\u0131<\/h2>\n<div class=\"kk-benefits-grid\">\n<div class=\"kk-benefit-card\">\n<div class=\"kk-benefit-icon\">\ud83c\udfaf<\/div>\n<h4>\u00d6zg\u00fcvenli Kat\u0131l\u0131m<\/h4>\n<p>De\u011ferleme Merkezi uygulamalar\u0131na a\u015fina olarak \u00f6zg\u00fcvenle s\u00fcrece girme imk\u00e2n\u0131<\/p>\n<\/div>\n<div class=\"kk-benefit-card\">\n<div class=\"kk-benefit-icon\">\ud83c\udf1f<\/div>\n<h4>Do\u011fru Bak\u0131\u015f A\u00e7\u0131s\u0131<\/h4>\n<p>Yetkinliklerin nas\u0131l de\u011ferlendirilece\u011fine ili\u015fkin do\u011fru deneyim ve bak\u0131\u015f a\u00e7\u0131s\u0131 kazanma<\/p>\n<\/div>\n<div class=\"kk-benefit-card\">\n<div class=\"kk-benefit-icon\">\ud83d\udc8e<\/div>\n<h4>Etkili Sergileme<\/h4>\n<p>Yetkinliklerin etkili bi\u00e7imle nas\u0131l sergileyebilece\u011fini anlama ve uygulama<\/p>\n<\/div>\n<\/div>\n<\/div>\n\n<div class=\"kk-section\">\n<h2 class=\"kk-title\">Mentorluk S\u00fcrecimiz<\/h2>\n<p>De\u011ferlendirme Merkezi Mentorlu\u011fu s\u00fcrecimiz, kat\u0131l\u0131mc\u0131n\u0131n ihtiya\u00e7lar\u0131na g\u00f6re ki\u015fiselle\u015ftirilmi\u015f bir yakla\u015f\u0131m i\u00e7ermektedir.<\/p>\n<div class=\"kk-process-box\">\n<div class=\"kk-process-step\"><div class=\"kk-step-num\">1<\/div><h4>\u0130htiya\u00e7 Analizi<\/h4><p>Kat\u0131l\u0131mc\u0131n\u0131n mevcut yetkinlik d\u00fczeyi ve De\u011ferlendirme Merkezi hedeflerinin belirlenmesi<\/p><\/div>\n<div class=\"kk-process-step\"><div class=\"kk-step-num\">2<\/div><h4>Yetkinlik Haritalama<\/h4><p>De\u011ferlendirilecek yetkinliklerin netle\u015ftirilmesi ve davran\u0131\u015f g\u00f6stergelerinin belirlenmesi<\/p><\/div>\n<div class=\"kk-process-step\"><div class=\"kk-step-num\">3<\/div><h4>Sim\u00fclasyon \u00c7al\u0131\u015fmalar\u0131<\/h4><p>De\u011ferleme Merkezi uygulamalar\u0131na benzer sim\u00fclasyonlarla pratik deneyim kazanma<\/p><\/div>\n<div class=\"kk-process-step\"><div class=\"kk-step-num\">4<\/div><h4>Geri Bildirim ve Geli\u015fim<\/h4><p>Sim\u00fclasyon sonu\u00e7lar\u0131na dayal\u0131 geri bildirim ve geli\u015fim alanlar\u0131n\u0131n desteklenmesi<\/p><\/div>\n<div class=\"kk-process-step\"><div class=\"kk-step-num\">5<\/div><h4>Haz\u0131rl\u0131k De\u011ferlendirmesi<\/h4><p>De\u011ferlendirme Merkezine haz\u0131rl\u0131k d\u00fczeyinin son kontrol ve de\u011ferlendirmesi<\/p><\/div>\n<\/div>\n<\/div>\n\n<div class=\"kk-section\">\n<h2 class=\"kk-title\">Neler Hedeflenir?<\/h2>\n<p>De\u011ferlendirme Merkezi Mentorlu\u011fu s\u00fcrecinde hedeflenen kazan\u0131mlar:<\/p>\n<div class=\"kk-solutions-grid\">\n<div class=\"kk-solution-card\"><div class=\"kk-solution-icon\">\ud83d\udccb<\/div><h4>De\u011ferleme Merkezi Mant\u0131\u011f\u0131n\u0131n Anla\u015f\u0131lmas\u0131<\/h4><p>De\u011ferleme Merkezi s\u00fcrecinin yap\u0131s\u0131 ve mant\u0131\u011f\u0131n\u0131n kavranmas\u0131<\/p><\/div>\n<div class=\"kk-solution-card\"><div class=\"kk-solution-icon\">\ud83d\udca1<\/div><h4>Yetkinlik Kavram\u0131n\u0131n Netle\u015ftirilmesi<\/h4><p>De\u011ferlendirilecek yetkinliklerin net olarak anla\u015f\u0131lmas\u0131<\/p><\/div>\n<div class=\"kk-solution-card\"><div class=\"kk-solution-icon\">\ud83d\udc41\ufe0f<\/div><h4>Davran\u0131\u015f G\u00f6stergeleri<\/h4><p>Yetkinli\u011fi ortaya koyan davran\u0131\u015flar\u0131n nas\u0131l sergilenece\u011fine ili\u015fkin bak\u0131\u015f a\u00e7\u0131s\u0131 geli\u015ftirmesi<\/p><\/div>\n<div class=\"kk-solution-card\"><div class=\"kk-solution-icon\">\ud83d\udcaa<\/div><h4>\u00d6zg\u00fcvenle S\u00fcrece Girme<\/h4><p>De\u011ferleme Merkezi uygulamalar\u0131na a\u015fina olarak \u00f6zg\u00fcvenle s\u00fcrece girmeleri<\/p><\/div>\n<div class=\"kk-solution-card\"><div class=\"kk-solution-icon\">\u2705<\/div><h4>Etkili Yetkinlik Sergileme<\/h4><p>Benzer uygulamalarda yetkinliklerinin etkili bi\u00e7imle nas\u0131l sergileyebileceklerini anlamalar\u0131<\/p><\/div>\n<\/div>\n<\/div>\n\n<div class=\"kk-section\">\n<div class=\"kk-info-box\">\n<h4>\ud83e\udd1d Size \u00d6zel Mentorluk Deste\u011fi<\/h4>\n<p>Her kat\u0131l\u0131mc\u0131n\u0131n ihtiya\u00e7lar\u0131 ve yetkinlikleri farkl\u0131d\u0131r. De\u011ferlendirme Merkezi Mentorlu\u011fu s\u00fcrecimiz ki\u015fiye \u00f6zel olarak planlanmakta ve farkl\u0131 s\u00fcrelerde tamamlanabilmektedir.<\/p>\n<\/div>\n<\/div>\n\n<div class=\"kk-section\">\n<div class=\"kk-cta\">\n<h3>Detayl\u0131 Bilgi Al\u0131n<\/h3>\n<p>De\u011ferlendirme Merkezi Mentorlu\u011fu program\u0131m\u0131z hakk\u0131nda detayl\u0131 bilgi almak i\u00e7in bizimle ileti\u015fime ge\u00e7in<\/p>\n<div class=\"kk-cta-contact\">\ud83d\udce7 info@pdricma.com.tr | \ud83d\udcde 0216 709 17 37<\/div>\n<a href=\"\/iletisim\" class=\"kk-cta-btn\">Bilgi Al\u0131n<\/a>\n<\/div>\n<\/div>\n<\/div>\t\t<\/div>\n\t\t\t\t<\/div>\n\t\t\t\t\t<\/div>\n\t\t<\/div>\n\t\t\t\t\t<\/div>\n\t\t<\/section>\n\t\t\t\t<\/div>\n\t\t","protected":false},"excerpt":{"rendered":"<p>De\u011ferlendirme Merkezi Mentorlu\u011fu Kendimize \u00e7izdi\u011fimiz kariyer yolunda oldu\u011fumuz yerden ba\u015fka bir yere ge\u00e7mek i\u00e7in zaman zaman kurumlar\u0131n de\u011ferleme merkezlerinde \u00e7e\u015fitli uygulamalara tabi oluruz. Bu uygulamalar, ge\u00e7mek \u00fczere haz\u0131rland\u0131\u011f\u0131m\u0131z yerin gerektirdi\u011fi yetkinlikleri \u00f6l\u00e7mek \u00fczere tasarlanm\u0131\u015ft\u0131r. De\u011ferlendirme Merkezi Mentorlu\u011fu Nedir? Ancak zaman zaman kat\u0131l\u0131mc\u0131lar bu uygulama merkezlerinde kendilerinden ne beklenildi\u011fini tam olarak bilmemektedir. Veya hangi yetkinli\u011fi nas\u0131l g\u00f6sterece\u011fine ili\u015fkin fazla bir bilgisi olmamakla birlikte yanl\u0131\u015f bir bak\u0131\u015f&#8230; <\/p>\n<p class=\"more\"><a class=\"more-link\" href=\"https:\/\/pdricma.com.tr\/en\/degerlendirme-merkezi-mentorlugu-2\/\">Read More<\/a><\/p>","protected":false},"author":1,"featured_media":0,"parent":0,"menu_order":0,"comment_status":"closed","ping_status":"closed","template":"elementor_header_footer","meta":{"footnotes":""},"class_list":["post-3653","page","type-page","status-publish","hentry","is-cat-link-solid-light is-cat-link-rounded"],"yoast_head":"<!-- This site is optimized with the Yoast SEO Premium plugin v24.0 (Yoast SEO v26.9) - https:\/\/yoast.com\/product\/yoast-seo-premium-wordpress\/ -->\n<title>De\u011ferlendirme Merkezi Mentorlu\u011fu - PDR International Coaching &amp; Mentoring Academy<\/title>\n<meta name=\"robots\" content=\"index, follow, max-snippet:-1, max-image-preview:large, max-video-preview:-1\" \/>\n<link rel=\"canonical\" href=\"https:\/\/pdricma.com.tr\/en\/degerlendirme-merkezi-mentorlugu-2\/\" \/>\n<meta property=\"og:locale\" content=\"en_US\" \/>\n<meta property=\"og:type\" content=\"article\" \/>\n<meta property=\"og:title\" content=\"De\u011ferlendirme Merkezi Mentorlu\u011fu\" \/>\n<meta property=\"og:description\" content=\"De\u011ferlendirme Merkezi Mentorlu\u011fu Kendimize \u00e7izdi\u011fimiz kariyer yolunda oldu\u011fumuz yerden ba\u015fka bir yere ge\u00e7mek i\u00e7in zaman zaman kurumlar\u0131n de\u011ferleme merkezlerinde \u00e7e\u015fitli uygulamalara tabi oluruz. Bu uygulamalar, ge\u00e7mek \u00fczere haz\u0131rland\u0131\u011f\u0131m\u0131z yerin gerektirdi\u011fi yetkinlikleri \u00f6l\u00e7mek \u00fczere tasarlanm\u0131\u015ft\u0131r. De\u011ferlendirme Merkezi Mentorlu\u011fu Nedir? Ancak zaman zaman kat\u0131l\u0131mc\u0131lar bu uygulama merkezlerinde kendilerinden ne beklenildi\u011fini tam olarak bilmemektedir. Veya hangi yetkinli\u011fi nas\u0131l g\u00f6sterece\u011fine ili\u015fkin fazla bir bilgisi olmamakla birlikte yanl\u0131\u015f bir bak\u0131\u015f... Read More\" \/>\n<meta property=\"og:url\" content=\"https:\/\/pdricma.com.tr\/en\/degerlendirme-merkezi-mentorlugu-2\/\" \/>\n<meta property=\"og:site_name\" content=\"PDR International Coaching &amp; Mentoring Academy\" \/>\n<meta property=\"article:publisher\" content=\"https:\/\/www.facebook.com\/people\/PDR-ICMA\/100064844886292\/\" \/>\n<meta property=\"article:modified_time\" content=\"2026-04-05T08:57:36+00:00\" \/>\n<meta name=\"twitter:card\" content=\"summary_large_image\" \/>\n<meta name=\"twitter:label1\" content=\"Est. reading time\" \/>\n\t<meta name=\"twitter:data1\" content=\"5 minutes\" \/>\n<script type=\"application\/ld+json\" class=\"yoast-schema-graph\">{\"@context\":\"https:\/\/schema.org\",\"@graph\":[{\"@type\":\"WebPage\",\"@id\":\"https:\/\/pdricma.com.tr\/degerlendirme-merkezi-mentorlugu-2\/\",\"url\":\"https:\/\/pdricma.com.tr\/degerlendirme-merkezi-mentorlugu-2\/\",\"name\":\"De\u011ferlendirme Merkezi Mentorlu\u011fu - PDR International Coaching &amp; Mentoring Academy\",\"isPartOf\":{\"@id\":\"https:\/\/pdricma.com.tr\/#website\"},\"datePublished\":\"2023-07-10T19:18:22+00:00\",\"dateModified\":\"2026-04-05T08:57:36+00:00\",\"breadcrumb\":{\"@id\":\"https:\/\/pdricma.com.tr\/degerlendirme-merkezi-mentorlugu-2\/#breadcrumb\"},\"inLanguage\":\"en-US\",\"potentialAction\":[{\"@type\":\"ReadAction\",\"target\":[\"https:\/\/pdricma.com.tr\/degerlendirme-merkezi-mentorlugu-2\/\"]}]},{\"@type\":\"BreadcrumbList\",\"@id\":\"https:\/\/pdricma.com.tr\/degerlendirme-merkezi-mentorlugu-2\/#breadcrumb\",\"itemListElement\":[{\"@type\":\"ListItem\",\"position\":1,\"name\":\"Anasayfa\",\"item\":\"https:\/\/pdricma.com.tr\/\"},{\"@type\":\"ListItem\",\"position\":2,\"name\":\"De\u011ferlendirme Merkezi Mentorlu\u011fu\"}]},{\"@type\":\"WebSite\",\"@id\":\"https:\/\/pdricma.com.tr\/#website\",\"url\":\"https:\/\/pdricma.com.tr\/\",\"name\":\"PDR International Coaching & Mentoring Academy\",\"description\":\"\",\"publisher\":{\"@id\":\"https:\/\/pdricma.com.tr\/#organization\"},\"potentialAction\":[{\"@type\":\"SearchAction\",\"target\":{\"@type\":\"EntryPoint\",\"urlTemplate\":\"https:\/\/pdricma.com.tr\/?s={search_term_string}\"},\"query-input\":{\"@type\":\"PropertyValueSpecification\",\"valueRequired\":true,\"valueName\":\"search_term_string\"}}],\"inLanguage\":\"en-US\"},{\"@type\":\"Organization\",\"@id\":\"https:\/\/pdricma.com.tr\/#organization\",\"name\":\"PDR International Coaching & Mentoring Academy\",\"url\":\"https:\/\/pdricma.com.tr\/\",\"logo\":{\"@type\":\"ImageObject\",\"inLanguage\":\"en-US\",\"@id\":\"https:\/\/pdricma.com.tr\/#\/schema\/logo\/image\/\",\"url\":\"https:\/\/pdricma.com.tr\/wp-content\/uploads\/2023\/07\/PDRCOACHINGLOGO-01-002-1.png\",\"contentUrl\":\"https:\/\/pdricma.com.tr\/wp-content\/uploads\/2023\/07\/PDRCOACHINGLOGO-01-002-1.png\",\"width\":2307,\"height\":785,\"caption\":\"PDR International Coaching & Mentoring Academy\"},\"image\":{\"@id\":\"https:\/\/pdricma.com.tr\/#\/schema\/logo\/image\/\"},\"sameAs\":[\"https:\/\/www.facebook.com\/people\/PDR-ICMA\/100064844886292\/\",\"https:\/\/www.instagram.com\/pdricma\/\"]}]}<\/script>\n<!-- \/ Yoast SEO Premium plugin. -->","yoast_head_json":{"title":"De\u011ferlendirme Merkezi Mentorlu\u011fu - PDR International Coaching &amp; Mentoring Academy","robots":{"index":"index","follow":"follow","max-snippet":"max-snippet:-1","max-image-preview":"max-image-preview:large","max-video-preview":"max-video-preview:-1"},"canonical":"https:\/\/pdricma.com.tr\/en\/degerlendirme-merkezi-mentorlugu-2\/","og_locale":"en_US","og_type":"article","og_title":"De\u011ferlendirme Merkezi Mentorlu\u011fu","og_description":"De\u011ferlendirme Merkezi Mentorlu\u011fu Kendimize \u00e7izdi\u011fimiz kariyer yolunda oldu\u011fumuz yerden ba\u015fka bir yere ge\u00e7mek i\u00e7in zaman zaman kurumlar\u0131n de\u011ferleme merkezlerinde \u00e7e\u015fitli uygulamalara tabi oluruz. Bu uygulamalar, ge\u00e7mek \u00fczere haz\u0131rland\u0131\u011f\u0131m\u0131z yerin gerektirdi\u011fi yetkinlikleri \u00f6l\u00e7mek \u00fczere tasarlanm\u0131\u015ft\u0131r. De\u011ferlendirme Merkezi Mentorlu\u011fu Nedir? Ancak zaman zaman kat\u0131l\u0131mc\u0131lar bu uygulama merkezlerinde kendilerinden ne beklenildi\u011fini tam olarak bilmemektedir. Veya hangi yetkinli\u011fi nas\u0131l g\u00f6sterece\u011fine ili\u015fkin fazla bir bilgisi olmamakla birlikte yanl\u0131\u015f bir bak\u0131\u015f... Read More","og_url":"https:\/\/pdricma.com.tr\/en\/degerlendirme-merkezi-mentorlugu-2\/","og_site_name":"PDR International Coaching &amp; Mentoring Academy","article_publisher":"https:\/\/www.facebook.com\/people\/PDR-ICMA\/100064844886292\/","article_modified_time":"2026-04-05T08:57:36+00:00","twitter_card":"summary_large_image","twitter_misc":{"Est. reading time":"5 minutes"},"schema":{"@context":"https:\/\/schema.org","@graph":[{"@type":"WebPage","@id":"https:\/\/pdricma.com.tr\/degerlendirme-merkezi-mentorlugu-2\/","url":"https:\/\/pdricma.com.tr\/degerlendirme-merkezi-mentorlugu-2\/","name":"De\u011ferlendirme Merkezi Mentorlu\u011fu - PDR International Coaching &amp; Mentoring Academy","isPartOf":{"@id":"https:\/\/pdricma.com.tr\/#website"},"datePublished":"2023-07-10T19:18:22+00:00","dateModified":"2026-04-05T08:57:36+00:00","breadcrumb":{"@id":"https:\/\/pdricma.com.tr\/degerlendirme-merkezi-mentorlugu-2\/#breadcrumb"},"inLanguage":"en-US","potentialAction":[{"@type":"ReadAction","target":["https:\/\/pdricma.com.tr\/degerlendirme-merkezi-mentorlugu-2\/"]}]},{"@type":"BreadcrumbList","@id":"https:\/\/pdricma.com.tr\/degerlendirme-merkezi-mentorlugu-2\/#breadcrumb","itemListElement":[{"@type":"ListItem","position":1,"name":"Anasayfa","item":"https:\/\/pdricma.com.tr\/"},{"@type":"ListItem","position":2,"name":"De\u011ferlendirme Merkezi Mentorlu\u011fu"}]},{"@type":"WebSite","@id":"https:\/\/pdricma.com.tr\/#website","url":"https:\/\/pdricma.com.tr\/","name":"PDR International Coaching & Mentoring Academy","description":"","publisher":{"@id":"https:\/\/pdricma.com.tr\/#organization"},"potentialAction":[{"@type":"SearchAction","target":{"@type":"EntryPoint","urlTemplate":"https:\/\/pdricma.com.tr\/?s={search_term_string}"},"query-input":{"@type":"PropertyValueSpecification","valueRequired":true,"valueName":"search_term_string"}}],"inLanguage":"en-US"},{"@type":"Organization","@id":"https:\/\/pdricma.com.tr\/#organization","name":"PDR International Coaching & Mentoring Academy","url":"https:\/\/pdricma.com.tr\/","logo":{"@type":"ImageObject","inLanguage":"en-US","@id":"https:\/\/pdricma.com.tr\/#\/schema\/logo\/image\/","url":"https:\/\/pdricma.com.tr\/wp-content\/uploads\/2023\/07\/PDRCOACHINGLOGO-01-002-1.png","contentUrl":"https:\/\/pdricma.com.tr\/wp-content\/uploads\/2023\/07\/PDRCOACHINGLOGO-01-002-1.png","width":2307,"height":785,"caption":"PDR International Coaching & Mentoring Academy"},"image":{"@id":"https:\/\/pdricma.com.tr\/#\/schema\/logo\/image\/"},"sameAs":["https:\/\/www.facebook.com\/people\/PDR-ICMA\/100064844886292\/","https:\/\/www.instagram.com\/pdricma\/"]}]}},"_links":{"self":[{"href":"https:\/\/pdricma.com.tr\/en\/wp-json\/wp\/v2\/pages\/3653","targetHints":{"allow":["GET"]}}],"collection":[{"href":"https:\/\/pdricma.com.tr\/en\/wp-json\/wp\/v2\/pages"}],"about":[{"href":"https:\/\/pdricma.com.tr\/en\/wp-json\/wp\/v2\/types\/page"}],"author":[{"embeddable":true,"href":"https:\/\/pdricma.com.tr\/en\/wp-json\/wp\/v2\/users\/1"}],"replies":[{"embeddable":true,"href":"https:\/\/pdricma.com.tr\/en\/wp-json\/wp\/v2\/comments?post=3653"}],"version-history":[{"count":34,"href":"https:\/\/pdricma.com.tr\/en\/wp-json\/wp\/v2\/pages\/3653\/revisions"}],"predecessor-version":[{"id":8160,"href":"https:\/\/pdricma.com.tr\/en\/wp-json\/wp\/v2\/pages\/3653\/revisions\/8160"}],"wp:attachment":[{"href":"https:\/\/pdricma.com.tr\/en\/wp-json\/wp\/v2\/media?parent=3653"}],"curies":[{"name":"wp","href":"https:\/\/api.w.org\/{rel}","templated":true}]}}