{"id":3751,"date":"2023-07-10T23:38:54","date_gmt":"2023-07-10T20:38:54","guid":{"rendered":"https:\/\/pdricma.com.tr\/?page_id=3751"},"modified":"2024-12-05T10:52:17","modified_gmt":"2024-12-05T07:52:17","slug":"icf-akredite-kocluk-programlari-2","status":"publish","type":"page","link":"https:\/\/pdricma.com.tr\/en\/icf-akredite-kocluk-programlari-2\/","title":{"rendered":"ICF Akredite Ko\u00e7luk Programlar\u0131"},"content":{"rendered":"\t\t<div data-elementor-type=\"wp-post\" data-elementor-id=\"3751\" class=\"elementor elementor-3751\">\n\t\t\t\t\t\t<section class=\"elementor-section elementor-top-section elementor-element elementor-element-616b3f8 elementor-section-boxed elementor-section-height-default elementor-section-height-default\" data-id=\"616b3f8\" data-element_type=\"section\" data-settings=\"{&quot;background_background&quot;:&quot;classic&quot;,&quot;ekit_has_onepagescroll_dot&quot;:&quot;yes&quot;}\">\n\t\t\t\t\t\t<div class=\"elementor-container elementor-column-gap-default\">\n\t\t\t\t\t<div class=\"elementor-column elementor-col-100 elementor-top-column elementor-element elementor-element-718b3e8\" data-id=\"718b3e8\" data-element_type=\"column\">\n\t\t\t<div class=\"elementor-widget-wrap elementor-element-populated\">\n\t\t\t\t\t\t<div class=\"elementor-element elementor-element-af2bc77 elementor-widget elementor-widget-heading\" data-id=\"af2bc77\" data-element_type=\"widget\" data-settings=\"{&quot;ekit_we_effect_on&quot;:&quot;none&quot;}\" data-widget_type=\"heading.default\">\n\t\t\t\t<div class=\"elementor-widget-container\">\n\t\t\t<style>\/*! elementor - v3.21.0 - 08-05-2024 *\/\n.elementor-heading-title{padding:0;margin:0;line-height:1}.elementor-widget-heading .elementor-heading-title[class*=elementor-size-]>a{color:inherit;font-size:inherit;line-height:inherit}.elementor-widget-heading .elementor-heading-title.elementor-size-small{font-size:15px}.elementor-widget-heading .elementor-heading-title.elementor-size-medium{font-size:19px}.elementor-widget-heading .elementor-heading-title.elementor-size-large{font-size:29px}.elementor-widget-heading .elementor-heading-title.elementor-size-xl{font-size:39px}.elementor-widget-heading .elementor-heading-title.elementor-size-xxl{font-size:59px}<\/style><h1 class=\"elementor-heading-title elementor-size-default\">ICF Akredite Ko\u00e7luk Programlar\u0131<\/h1>\t\t<\/div>\n\t\t\t\t<\/div>\n\t\t\t\t\t<\/div>\n\t\t<\/div>\n\t\t\t\t\t<\/div>\n\t\t<\/section>\n\t\t\t\t<section class=\"elementor-section elementor-top-section elementor-element elementor-element-d293e47 elementor-section-boxed elementor-section-height-default elementor-section-height-default\" data-id=\"d293e47\" data-element_type=\"section\" data-settings=\"{&quot;ekit_has_onepagescroll_dot&quot;:&quot;yes&quot;}\">\n\t\t\t\t\t\t<div class=\"elementor-container elementor-column-gap-default\">\n\t\t\t\t\t<div class=\"elementor-column elementor-col-100 elementor-top-column elementor-element elementor-element-084673f\" data-id=\"084673f\" data-element_type=\"column\" data-settings=\"{&quot;background_background&quot;:&quot;classic&quot;}\">\n\t\t\t<div class=\"elementor-widget-wrap elementor-element-populated\">\n\t\t\t\t\t\t<section class=\"elementor-section elementor-inner-section elementor-element elementor-element-18b9c2d elementor-section-boxed elementor-section-height-default elementor-section-height-default\" data-id=\"18b9c2d\" data-element_type=\"section\" data-settings=\"{&quot;ekit_has_onepagescroll_dot&quot;:&quot;yes&quot;}\">\n\t\t\t\t\t\t<div class=\"elementor-container elementor-column-gap-no\">\n\t\t\t\t\t<div class=\"elementor-column elementor-col-100 elementor-inner-column elementor-element elementor-element-5b8d129\" data-id=\"5b8d129\" data-element_type=\"column\">\n\t\t\t<div class=\"elementor-widget-wrap elementor-element-populated\">\n\t\t\t\t\t\t<div class=\"elementor-element elementor-element-e6a8914 elementor-widget__width-auto elementor-invisible elementor-widget elementor-widget-heading\" data-id=\"e6a8914\" data-element_type=\"widget\" data-settings=\"{&quot;_animation&quot;:&quot;fadeInUp&quot;,&quot;ekit_we_effect_on&quot;:&quot;none&quot;}\" data-widget_type=\"heading.default\">\n\t\t\t\t<div class=\"elementor-widget-container\">\n\t\t\t<h5 class=\"elementor-heading-title elementor-size-default\">PDRICMA<\/h5>\t\t<\/div>\n\t\t\t\t<\/div>\n\t\t\t\t<div class=\"elementor-element elementor-element-17267f5 elementor-invisible elementor-widget elementor-widget-heading\" data-id=\"17267f5\" data-element_type=\"widget\" data-settings=\"{&quot;_animation&quot;:&quot;fadeInUp&quot;,&quot;_animation_delay&quot;:150,&quot;ekit_we_effect_on&quot;:&quot;none&quot;}\" data-widget_type=\"heading.default\">\n\t\t\t\t<div class=\"elementor-widget-container\">\n\t\t\t<h2 class=\"elementor-heading-title elementor-size-default\">ICF Onayl\u0131 Profesyonel Ko\u00e7luk E\u011fitim Program\u0131 - Level 1<\/h2>\t\t<\/div>\n\t\t\t\t<\/div>\n\t\t\t\t\t<\/div>\n\t\t<\/div>\n\t\t\t\t\t<\/div>\n\t\t<\/section>\n\t\t\t\t<div class=\"elementor-element elementor-element-a1ca6f1 elementor-invisible elementor-widget elementor-widget-text-editor\" data-id=\"a1ca6f1\" data-element_type=\"widget\" data-settings=\"{&quot;_animation&quot;:&quot;fadeInLeft&quot;,&quot;ekit_we_effect_on&quot;:&quot;none&quot;}\" data-widget_type=\"text-editor.default\">\n\t\t\t\t<div class=\"elementor-widget-container\">\n\t\t\t<style>\/*! elementor - v3.21.0 - 08-05-2024 *\/\n.elementor-widget-text-editor.elementor-drop-cap-view-stacked .elementor-drop-cap{background-color:#69727d;color:#fff}.elementor-widget-text-editor.elementor-drop-cap-view-framed .elementor-drop-cap{color:#69727d;border:3px solid;background-color:transparent}.elementor-widget-text-editor:not(.elementor-drop-cap-view-default) .elementor-drop-cap{margin-top:8px}.elementor-widget-text-editor:not(.elementor-drop-cap-view-default) .elementor-drop-cap-letter{width:1em;height:1em}.elementor-widget-text-editor .elementor-drop-cap{float:left;text-align:center;line-height:1;font-size:50px}.elementor-widget-text-editor .elementor-drop-cap-letter{display:inline-block}<\/style>\t\t\t\t<p>\u00a0<\/p><p>Bu program ko\u00e7luk temellerini att\u0131ran, ki\u015fileri ko\u00e7luk yakla\u015f\u0131m\u0131 ile tan\u0131\u015ft\u0131ran ve \u00e7ok \u00e7e\u015fitli ko\u00e7luk ara\u00e7lar\u0131yla donatarak ACC unvan almaya haz\u0131rlayan bir programd\u0131r. 6-9 ay s\u00fcren bu program b\u00fct\u00fcnsel bir bak\u0131\u015f a\u00e7\u0131s\u0131na sahiptir.<\/p><p>85 saat s\u00fcren program, ICF Unvanl\u0131 PDRICMA Fak\u00fclte Liderleri taraf\u0131ndan on-line ya da y\u00fcz y\u00fcze olarak verilmektedir.<br \/>T\u00fcrk\u00e7e ve \u0130ngilizce olarak yap\u0131lmaktad\u0131r. Farkl\u0131 dillerde ve yurt d\u0131\u015f\u0131nda ger\u00e7ekle\u015ftirilebilecek programlar i\u00e7in bizimle temasa ge\u00e7ebilirsiniz.<br \/>PDRICMA Profesyonel Ko\u00e7luk Sertifikasyon program\u0131m\u0131z\u0131 tamamlayan kat\u0131l\u0131mc\u0131lar\u0131m\u0131z ICF (Uluslararas\u0131 Ko\u00e7luk Federasyonu) taraf\u0131ndan onaylanm\u0131\u015f ve d\u00fcnya \u00e7ap\u0131nda kabul g\u00f6ren ko\u00e7luk sertifikalar\u0131na sahip olurlar.<\/p><p><strong>Program <span style=\"color: #0089cf;\">\u0130\u00e7eri\u011fi<\/span><\/strong><\/p><ul><li>Ko\u00e7lu\u011fun Temelleri ve Yetkinlikleri<\/li><li>PDRICMA Star Ko\u00e7luk Modeli<\/li><li>G\u00fc\u00e7l\u00fc Ko\u00e7luk Ara\u00e7lar\u0131\/Teknikleri<\/li><li>Ko\u00e7luk Varl\u0131\u011f\u0131 ve \u00d6z Fark\u0131ndal\u0131k<\/li><li>Ko\u00e7luk Merce\u011finden \u0130\u015f ve \u00d6zel Hayata Bak\u0131\u015f<\/li><li>Ko\u00e7luk S\u00fcre\u00e7leri ve Modelleri<\/li><li>Bir Meslek Olarak Ko\u00e7luk F\u0131rsatlar\u0131<\/li><li>ACC Unvan Alma Ad\u0131mlar\u0131<\/li><\/ul><p><strong>Level 1 ICF Onayl\u0131 <span style=\"color: #0089cf;\">Profesyonel Ko\u00e7luk E\u011fitim Program\u0131<\/span><\/strong><\/p><ul><li>10 Saat Mentorluk; 3 adet Bireysel, 7 adet Grup Mentorlu\u011fu\u00a0<\/li><li>5 Adet S\u00fcpervizyon; 3 adeti yaz\u0131l\u0131 geri bildirim i\u00e7eren, 2 adeti g\u00f6zlemlenen s\u00fcpervizyon.<\/li><li>2 adet Performans De\u011ferlendirme S\u0131nav\u0131 ve Ko\u00e7lu\u011fu destekleyen takip projelerini i\u00e7ermektedir.<\/li><\/ul>\t\t\t\t\t\t<\/div>\n\t\t\t\t<\/div>\n\t\t\t\t<section class=\"elementor-section elementor-inner-section elementor-element elementor-element-90b499b elementor-section-boxed elementor-section-height-default elementor-section-height-default\" data-id=\"90b499b\" data-element_type=\"section\" data-settings=\"{&quot;ekit_has_onepagescroll_dot&quot;:&quot;yes&quot;}\">\n\t\t\t\t\t\t<div class=\"elementor-container elementor-column-gap-no\">\n\t\t\t\t\t<div class=\"elementor-column elementor-col-100 elementor-inner-column elementor-element elementor-element-ad7b42c\" data-id=\"ad7b42c\" data-element_type=\"column\">\n\t\t\t<div class=\"elementor-widget-wrap elementor-element-populated\">\n\t\t\t\t\t\t<div class=\"elementor-element elementor-element-684ce8a elementor-widget__width-auto elementor-invisible elementor-widget elementor-widget-heading\" data-id=\"684ce8a\" data-element_type=\"widget\" data-settings=\"{&quot;_animation&quot;:&quot;fadeInUp&quot;,&quot;ekit_we_effect_on&quot;:&quot;none&quot;}\" data-widget_type=\"heading.default\">\n\t\t\t\t<div class=\"elementor-widget-container\">\n\t\t\t<h5 class=\"elementor-heading-title elementor-size-default\">PDRICMA<\/h5>\t\t<\/div>\n\t\t\t\t<\/div>\n\t\t\t\t<div class=\"elementor-element elementor-element-fdc2c07 elementor-invisible elementor-widget elementor-widget-heading\" data-id=\"fdc2c07\" data-element_type=\"widget\" data-settings=\"{&quot;_animation&quot;:&quot;fadeInUp&quot;,&quot;_animation_delay&quot;:150,&quot;ekit_we_effect_on&quot;:&quot;none&quot;}\" data-widget_type=\"heading.default\">\n\t\t\t\t<div class=\"elementor-widget-container\">\n\t\t\t<h2 class=\"elementor-heading-title elementor-size-default\">ICF Onayl\u0131 \u0130leri Seviye Profesyonel Ko\u00e7luk E\u011fitim Program\u0131 - Level 2<\/h2>\t\t<\/div>\n\t\t\t\t<\/div>\n\t\t\t\t\t<\/div>\n\t\t<\/div>\n\t\t\t\t\t<\/div>\n\t\t<\/section>\n\t\t\t\t<div class=\"elementor-element elementor-element-aeb0dc4 elementor-widget__width-initial elementor-widget elementor-widget-image\" data-id=\"aeb0dc4\" data-element_type=\"widget\" data-settings=\"{&quot;ekit_we_effect_on&quot;:&quot;none&quot;}\" data-widget_type=\"image.default\">\n\t\t\t\t<div class=\"elementor-widget-container\">\n\t\t\t<style>\/*! elementor - v3.21.0 - 08-05-2024 *\/\n.elementor-widget-image{text-align:center}.elementor-widget-image a{display:inline-block}.elementor-widget-image a img[src$=\".svg\"]{width:48px}.elementor-widget-image img{vertical-align:middle;display:inline-block}<\/style>\t\t\t\t\t\t\t\t\t\t<img decoding=\"async\" width=\"150\" height=\"150\" src=\"https:\/\/pdricma.com.tr\/wp-content\/uploads\/2023\/07\/CE_Level2_Color-300x300-1-150x150.png\" class=\"attachment-thumbnail size-thumbnail wp-image-4369\" alt=\"\" srcset=\"https:\/\/pdricma.com.tr\/wp-content\/uploads\/2023\/07\/CE_Level2_Color-300x300-1-150x150.png 150w, https:\/\/pdricma.com.tr\/wp-content\/uploads\/2023\/07\/CE_Level2_Color-300x300-1-250x250.png 250w, https:\/\/pdricma.com.tr\/wp-content\/uploads\/2023\/07\/CE_Level2_Color-300x300-1.png 300w\" sizes=\"(max-width: 150px) 100vw, 150px\" \/>\t\t\t\t\t\t\t\t\t\t\t\t\t<\/div>\n\t\t\t\t<\/div>\n\t\t\t\t<div class=\"elementor-element elementor-element-a62c9eb elementor-invisible elementor-widget elementor-widget-text-editor\" data-id=\"a62c9eb\" data-element_type=\"widget\" data-settings=\"{&quot;_animation&quot;:&quot;fadeInLeft&quot;,&quot;ekit_we_effect_on&quot;:&quot;none&quot;}\" data-widget_type=\"text-editor.default\">\n\t\t\t\t<div class=\"elementor-widget-container\">\n\t\t\t\t\t\t\t<p>Bu program ko\u00e7lar\u0131n ko\u00e7luk bilgilerinin derinle\u015fmesi ve i\u00e7selle\u015ftirilmesi maksad\u0131yla tasarlanm\u0131\u015ft\u0131r. Program, farkl\u0131 disiplinlerle ko\u00e7lu\u011fu anlatan, ko\u00e7lar\u0131n teoride \u00f6\u011frendiklerini prati\u011fe d\u00f6n\u00fc\u015ft\u00fcrmelerini ve ko\u00e7luk ara\u00e7lar\u0131nda ustala\u015fmalar\u0131na katk\u0131 sa\u011flayan ve ko\u00e7lar\u0131 PCC unvan almaya haz\u0131rlayan programd\u0131r. 9-12 ay s\u00fcren bu program, b\u00fct\u00fcnsel bir bak\u0131\u015f a\u00e7\u0131s\u0131na sahiptir.<\/p><p><strong>Program <span style=\"color: #0089cf;\">\u0130\u00e7eri\u011fi<\/span><\/strong><\/p><ul><li>ICF Etik Kurallar\u0131 ve Yetkinliklerinde Ustala\u015fma<\/li><li>PDRICMA Star Ko\u00e7luk Modelinde Derinle\u015fme<\/li><li>Ko\u00e7lu\u011fu Destekleyen Psikolojik Kuramlar<\/li><li>Ko\u00e7luk ve Liderlik<\/li><li>Duygular ve Ko\u00e7luk<\/li><li>Ko\u00e7luk S\u00fcre\u00e7leri ve Modellerinde Derinle\u015fme Pratikleri<\/li><li>Bir Meslek Olarak Ko\u00e7luk F\u0131rsatlar\u0131<\/li><li>PCC Unvan Alma Ad\u0131mlar\u0131<\/li><\/ul><p><strong>ICF Onayl\u0131 \u0130leri Seviye <span style=\"color: #0089cf;\">Profesyonel Ko\u00e7luk E\u011fitim Program\u0131 Level 2<\/span><\/strong><\/p><ul><li><strong>6 saat <\/strong>oryantasyon e\u011fitimleri<\/li><li><strong>8 adet<\/strong>, ayda bir tekrarlayan 2,5 saatlik laboratuvar serisi (Toplam 20 saat)<\/li><li><strong>3 adet <\/strong>bireysel, <strong>7 adet <\/strong>grup mentorlu\u011fu olmak \u00fczere toplam 10 saat mentorluk,<\/li><li>6 adeti yaz\u0131l\u0131 geribildirim i\u00e7eren s\u00fcpervizyon,<\/li><li>6 adet g\u00f6zlemli akran ko\u00e7luklar\u0131,<\/li><li>Vaka \u00e7al\u0131\u015fmalar\u0131,<\/li><li>2 adet Performans De\u011ferlendirme S\u0131nav\u0131,<\/li><li>Ko\u00e7lu\u011fu destekleyen takip projeleri;<\/li><\/ul><p>Program\u0131m\u0131z <strong>75 saat e\u011fitim ve 10 saat mentorluk <\/strong>i\u00e7ermektedir.<\/p><p><em>ICF taraf\u0131ndan onaylanan PCC ve MCC Unvanl\u0131 PDRICMA Fak\u00fclte Liderleri taraf\u0131ndan on-line ya da y\u00fcz y\u00fcze olarak verilmektedir.<\/em><\/p><p><strong>Kat\u0131l\u0131m <\/strong><span style=\"color: #0089cf;\">\u015eartlar\u0131:<\/span><\/p><p>Kat\u0131l\u0131m ko\u015fullar\u0131 ile ilgili detayl\u0131 bilgi almak i\u00e7in<span style=\"color: #0089cf;\">\u00a0<a style=\"color: #0089cf;\" href=\"mailto:info@pdricma.com.tr\">info@pdricma.com.tr<\/a><\/span> adresimize e-mail g\u00f6nderebilir ya da 0 216 709 17 37\u2019den ula\u015fabilirsiniz.<\/p>\t\t\t\t\t\t<\/div>\n\t\t\t\t<\/div>\n\t\t\t\t\t<\/div>\n\t\t<\/div>\n\t\t\t\t\t<\/div>\n\t\t<\/section>\n\t\t\t\t<\/div>\n\t\t","protected":false},"excerpt":{"rendered":"<p>ICF Akredite Ko\u00e7luk Programlar\u0131 PDRICMA ICF Onayl\u0131 Profesyonel Ko\u00e7luk E\u011fitim Program\u0131 &#8211; Level 1 \u00a0 Bu program ko\u00e7luk temellerini att\u0131ran, ki\u015fileri ko\u00e7luk yakla\u015f\u0131m\u0131 ile tan\u0131\u015ft\u0131ran ve \u00e7ok \u00e7e\u015fitli ko\u00e7luk ara\u00e7lar\u0131yla donatarak ACC unvan almaya haz\u0131rlayan bir programd\u0131r. 6-9 ay s\u00fcren bu program b\u00fct\u00fcnsel bir bak\u0131\u015f a\u00e7\u0131s\u0131na sahiptir. 85 saat s\u00fcren program, ICF Unvanl\u0131 PDRICMA Fak\u00fclte Liderleri taraf\u0131ndan on-line ya da y\u00fcz y\u00fcze olarak verilmektedir.T\u00fcrk\u00e7e ve&#8230; <\/p>\n<p class=\"more\"><a class=\"more-link\" href=\"https:\/\/pdricma.com.tr\/en\/icf-akredite-kocluk-programlari-2\/\">Read More<\/a><\/p>","protected":false},"author":1,"featured_media":0,"parent":0,"menu_order":0,"comment_status":"closed","ping_status":"closed","template":"elementor_header_footer","meta":{"footnotes":""},"class_list":["post-3751","page","type-page","status-publish","hentry","is-cat-link-solid-light is-cat-link-rounded"],"yoast_head":"<!-- This site is optimized with the Yoast SEO Premium plugin v24.0 (Yoast SEO v26.9) - https:\/\/yoast.com\/product\/yoast-seo-premium-wordpress\/ -->\n<title>ICF Akredite Ko\u00e7luk Programlar\u0131 - PDR International Coaching &amp; Mentoring Academy<\/title>\n<meta name=\"robots\" content=\"index, follow, max-snippet:-1, max-image-preview:large, max-video-preview:-1\" \/>\n<link rel=\"canonical\" href=\"https:\/\/pdricma.com.tr\/en\/icf-akredite-kocluk-programlari-2\/\" \/>\n<meta property=\"og:locale\" content=\"en_US\" \/>\n<meta property=\"og:type\" content=\"article\" \/>\n<meta property=\"og:title\" content=\"ICF Akredite Ko\u00e7luk Programlar\u0131\" \/>\n<meta property=\"og:description\" content=\"ICF Akredite Ko\u00e7luk Programlar\u0131 PDRICMA ICF Onayl\u0131 Profesyonel Ko\u00e7luk E\u011fitim Program\u0131 &#8211; Level 1 \u00a0 Bu program ko\u00e7luk temellerini att\u0131ran, ki\u015fileri ko\u00e7luk yakla\u015f\u0131m\u0131 ile tan\u0131\u015ft\u0131ran ve \u00e7ok \u00e7e\u015fitli ko\u00e7luk ara\u00e7lar\u0131yla donatarak ACC unvan almaya haz\u0131rlayan bir programd\u0131r. 6-9 ay s\u00fcren bu program b\u00fct\u00fcnsel bir bak\u0131\u015f a\u00e7\u0131s\u0131na sahiptir. 85 saat s\u00fcren program, ICF Unvanl\u0131 PDRICMA Fak\u00fclte Liderleri taraf\u0131ndan on-line ya da y\u00fcz y\u00fcze olarak verilmektedir.T\u00fcrk\u00e7e ve... Read More\" \/>\n<meta property=\"og:url\" content=\"https:\/\/pdricma.com.tr\/en\/icf-akredite-kocluk-programlari-2\/\" \/>\n<meta property=\"og:site_name\" content=\"PDR International Coaching &amp; Mentoring Academy\" \/>\n<meta property=\"article:publisher\" content=\"https:\/\/www.facebook.com\/people\/PDR-ICMA\/100064844886292\/\" \/>\n<meta property=\"article:modified_time\" content=\"2024-12-05T07:52:17+00:00\" \/>\n<meta property=\"og:image\" content=\"https:\/\/pdricma.com.tr\/wp-content\/uploads\/2023\/07\/CE_Level2_Color-300x300-1-150x150.png\" \/>\n<meta name=\"twitter:card\" content=\"summary_large_image\" \/>\n<meta name=\"twitter:label1\" content=\"Est. reading time\" \/>\n\t<meta name=\"twitter:data1\" content=\"3 minutes\" \/>\n<script type=\"application\/ld+json\" class=\"yoast-schema-graph\">{\"@context\":\"https:\/\/schema.org\",\"@graph\":[{\"@type\":\"WebPage\",\"@id\":\"https:\/\/pdricma.com.tr\/icf-akredite-kocluk-programlari-2\/\",\"url\":\"https:\/\/pdricma.com.tr\/icf-akredite-kocluk-programlari-2\/\",\"name\":\"ICF Akredite Ko\u00e7luk Programlar\u0131 - PDR International Coaching &amp; Mentoring Academy\",\"isPartOf\":{\"@id\":\"https:\/\/pdricma.com.tr\/#website\"},\"primaryImageOfPage\":{\"@id\":\"https:\/\/pdricma.com.tr\/icf-akredite-kocluk-programlari-2\/#primaryimage\"},\"image\":{\"@id\":\"https:\/\/pdricma.com.tr\/icf-akredite-kocluk-programlari-2\/#primaryimage\"},\"thumbnailUrl\":\"https:\/\/pdricma.com.tr\/wp-content\/uploads\/2023\/07\/CE_Level2_Color-300x300-1-150x150.png\",\"datePublished\":\"2023-07-10T20:38:54+00:00\",\"dateModified\":\"2024-12-05T07:52:17+00:00\",\"breadcrumb\":{\"@id\":\"https:\/\/pdricma.com.tr\/icf-akredite-kocluk-programlari-2\/#breadcrumb\"},\"inLanguage\":\"en-US\",\"potentialAction\":[{\"@type\":\"ReadAction\",\"target\":[\"https:\/\/pdricma.com.tr\/icf-akredite-kocluk-programlari-2\/\"]}]},{\"@type\":\"ImageObject\",\"inLanguage\":\"en-US\",\"@id\":\"https:\/\/pdricma.com.tr\/icf-akredite-kocluk-programlari-2\/#primaryimage\",\"url\":\"https:\/\/pdricma.com.tr\/wp-content\/uploads\/2023\/07\/CE_Level2_Color-300x300-1-150x150.png\",\"contentUrl\":\"https:\/\/pdricma.com.tr\/wp-content\/uploads\/2023\/07\/CE_Level2_Color-300x300-1-150x150.png\"},{\"@type\":\"BreadcrumbList\",\"@id\":\"https:\/\/pdricma.com.tr\/icf-akredite-kocluk-programlari-2\/#breadcrumb\",\"itemListElement\":[{\"@type\":\"ListItem\",\"position\":1,\"name\":\"Anasayfa\",\"item\":\"https:\/\/pdricma.com.tr\/\"},{\"@type\":\"ListItem\",\"position\":2,\"name\":\"ICF Akredite Ko\u00e7luk Programlar\u0131\"}]},{\"@type\":\"WebSite\",\"@id\":\"https:\/\/pdricma.com.tr\/#website\",\"url\":\"https:\/\/pdricma.com.tr\/\",\"name\":\"PDR International Coaching & Mentoring Academy\",\"description\":\"\",\"publisher\":{\"@id\":\"https:\/\/pdricma.com.tr\/#organization\"},\"potentialAction\":[{\"@type\":\"SearchAction\",\"target\":{\"@type\":\"EntryPoint\",\"urlTemplate\":\"https:\/\/pdricma.com.tr\/?s={search_term_string}\"},\"query-input\":{\"@type\":\"PropertyValueSpecification\",\"valueRequired\":true,\"valueName\":\"search_term_string\"}}],\"inLanguage\":\"en-US\"},{\"@type\":\"Organization\",\"@id\":\"https:\/\/pdricma.com.tr\/#organization\",\"name\":\"PDR International Coaching & Mentoring Academy\",\"url\":\"https:\/\/pdricma.com.tr\/\",\"logo\":{\"@type\":\"ImageObject\",\"inLanguage\":\"en-US\",\"@id\":\"https:\/\/pdricma.com.tr\/#\/schema\/logo\/image\/\",\"url\":\"https:\/\/pdricma.com.tr\/wp-content\/uploads\/2023\/07\/PDRCOACHINGLOGO-01-002-1.png\",\"contentUrl\":\"https:\/\/pdricma.com.tr\/wp-content\/uploads\/2023\/07\/PDRCOACHINGLOGO-01-002-1.png\",\"width\":2307,\"height\":785,\"caption\":\"PDR International Coaching & Mentoring Academy\"},\"image\":{\"@id\":\"https:\/\/pdricma.com.tr\/#\/schema\/logo\/image\/\"},\"sameAs\":[\"https:\/\/www.facebook.com\/people\/PDR-ICMA\/100064844886292\/\",\"https:\/\/www.instagram.com\/pdricma\/\"]}]}<\/script>\n<!-- \/ Yoast SEO Premium plugin. -->","yoast_head_json":{"title":"ICF Akredite Ko\u00e7luk Programlar\u0131 - PDR International Coaching &amp; Mentoring Academy","robots":{"index":"index","follow":"follow","max-snippet":"max-snippet:-1","max-image-preview":"max-image-preview:large","max-video-preview":"max-video-preview:-1"},"canonical":"https:\/\/pdricma.com.tr\/en\/icf-akredite-kocluk-programlari-2\/","og_locale":"en_US","og_type":"article","og_title":"ICF Akredite Ko\u00e7luk Programlar\u0131","og_description":"ICF Akredite Ko\u00e7luk Programlar\u0131 PDRICMA ICF Onayl\u0131 Profesyonel Ko\u00e7luk E\u011fitim Program\u0131 &#8211; Level 1 \u00a0 Bu program ko\u00e7luk temellerini att\u0131ran, ki\u015fileri ko\u00e7luk yakla\u015f\u0131m\u0131 ile tan\u0131\u015ft\u0131ran ve \u00e7ok \u00e7e\u015fitli ko\u00e7luk ara\u00e7lar\u0131yla donatarak ACC unvan almaya haz\u0131rlayan bir programd\u0131r. 6-9 ay s\u00fcren bu program b\u00fct\u00fcnsel bir bak\u0131\u015f a\u00e7\u0131s\u0131na sahiptir. 85 saat s\u00fcren program, ICF Unvanl\u0131 PDRICMA Fak\u00fclte Liderleri taraf\u0131ndan on-line ya da y\u00fcz y\u00fcze olarak verilmektedir.T\u00fcrk\u00e7e ve... Read More","og_url":"https:\/\/pdricma.com.tr\/en\/icf-akredite-kocluk-programlari-2\/","og_site_name":"PDR International Coaching &amp; Mentoring Academy","article_publisher":"https:\/\/www.facebook.com\/people\/PDR-ICMA\/100064844886292\/","article_modified_time":"2024-12-05T07:52:17+00:00","og_image":[{"url":"https:\/\/pdricma.com.tr\/wp-content\/uploads\/2023\/07\/CE_Level2_Color-300x300-1-150x150.png","type":"","width":"","height":""}],"twitter_card":"summary_large_image","twitter_misc":{"Est. reading time":"3 minutes"},"schema":{"@context":"https:\/\/schema.org","@graph":[{"@type":"WebPage","@id":"https:\/\/pdricma.com.tr\/icf-akredite-kocluk-programlari-2\/","url":"https:\/\/pdricma.com.tr\/icf-akredite-kocluk-programlari-2\/","name":"ICF Akredite Ko\u00e7luk Programlar\u0131 - PDR International Coaching &amp; Mentoring Academy","isPartOf":{"@id":"https:\/\/pdricma.com.tr\/#website"},"primaryImageOfPage":{"@id":"https:\/\/pdricma.com.tr\/icf-akredite-kocluk-programlari-2\/#primaryimage"},"image":{"@id":"https:\/\/pdricma.com.tr\/icf-akredite-kocluk-programlari-2\/#primaryimage"},"thumbnailUrl":"https:\/\/pdricma.com.tr\/wp-content\/uploads\/2023\/07\/CE_Level2_Color-300x300-1-150x150.png","datePublished":"2023-07-10T20:38:54+00:00","dateModified":"2024-12-05T07:52:17+00:00","breadcrumb":{"@id":"https:\/\/pdricma.com.tr\/icf-akredite-kocluk-programlari-2\/#breadcrumb"},"inLanguage":"en-US","potentialAction":[{"@type":"ReadAction","target":["https:\/\/pdricma.com.tr\/icf-akredite-kocluk-programlari-2\/"]}]},{"@type":"ImageObject","inLanguage":"en-US","@id":"https:\/\/pdricma.com.tr\/icf-akredite-kocluk-programlari-2\/#primaryimage","url":"https:\/\/pdricma.com.tr\/wp-content\/uploads\/2023\/07\/CE_Level2_Color-300x300-1-150x150.png","contentUrl":"https:\/\/pdricma.com.tr\/wp-content\/uploads\/2023\/07\/CE_Level2_Color-300x300-1-150x150.png"},{"@type":"BreadcrumbList","@id":"https:\/\/pdricma.com.tr\/icf-akredite-kocluk-programlari-2\/#breadcrumb","itemListElement":[{"@type":"ListItem","position":1,"name":"Anasayfa","item":"https:\/\/pdricma.com.tr\/"},{"@type":"ListItem","position":2,"name":"ICF Akredite Ko\u00e7luk Programlar\u0131"}]},{"@type":"WebSite","@id":"https:\/\/pdricma.com.tr\/#website","url":"https:\/\/pdricma.com.tr\/","name":"PDR International Coaching & Mentoring Academy","description":"","publisher":{"@id":"https:\/\/pdricma.com.tr\/#organization"},"potentialAction":[{"@type":"SearchAction","target":{"@type":"EntryPoint","urlTemplate":"https:\/\/pdricma.com.tr\/?s={search_term_string}"},"query-input":{"@type":"PropertyValueSpecification","valueRequired":true,"valueName":"search_term_string"}}],"inLanguage":"en-US"},{"@type":"Organization","@id":"https:\/\/pdricma.com.tr\/#organization","name":"PDR International Coaching & Mentoring Academy","url":"https:\/\/pdricma.com.tr\/","logo":{"@type":"ImageObject","inLanguage":"en-US","@id":"https:\/\/pdricma.com.tr\/#\/schema\/logo\/image\/","url":"https:\/\/pdricma.com.tr\/wp-content\/uploads\/2023\/07\/PDRCOACHINGLOGO-01-002-1.png","contentUrl":"https:\/\/pdricma.com.tr\/wp-content\/uploads\/2023\/07\/PDRCOACHINGLOGO-01-002-1.png","width":2307,"height":785,"caption":"PDR International Coaching & Mentoring Academy"},"image":{"@id":"https:\/\/pdricma.com.tr\/#\/schema\/logo\/image\/"},"sameAs":["https:\/\/www.facebook.com\/people\/PDR-ICMA\/100064844886292\/","https:\/\/www.instagram.com\/pdricma\/"]}]}},"_links":{"self":[{"href":"https:\/\/pdricma.com.tr\/en\/wp-json\/wp\/v2\/pages\/3751","targetHints":{"allow":["GET"]}}],"collection":[{"href":"https:\/\/pdricma.com.tr\/en\/wp-json\/wp\/v2\/pages"}],"about":[{"href":"https:\/\/pdricma.com.tr\/en\/wp-json\/wp\/v2\/types\/page"}],"author":[{"embeddable":true,"href":"https:\/\/pdricma.com.tr\/en\/wp-json\/wp\/v2\/users\/1"}],"replies":[{"embeddable":true,"href":"https:\/\/pdricma.com.tr\/en\/wp-json\/wp\/v2\/comments?post=3751"}],"version-history":[{"count":113,"href":"https:\/\/pdricma.com.tr\/en\/wp-json\/wp\/v2\/pages\/3751\/revisions"}],"predecessor-version":[{"id":7130,"href":"https:\/\/pdricma.com.tr\/en\/wp-json\/wp\/v2\/pages\/3751\/revisions\/7130"}],"wp:attachment":[{"href":"https:\/\/pdricma.com.tr\/en\/wp-json\/wp\/v2\/media?parent=3751"}],"curies":[{"name":"wp","href":"https:\/\/api.w.org\/{rel}","templated":true}]}}