{"id":3794,"date":"2023-07-11T13:23:56","date_gmt":"2023-07-11T10:23:56","guid":{"rendered":"https:\/\/pdricma.com.tr\/?page_id=3794"},"modified":"2026-04-01T00:47:13","modified_gmt":"2026-03-31T21:47:13","slug":"cozumlerimiz","status":"publish","type":"page","link":"https:\/\/pdricma.com.tr\/en\/cozumlerimiz\/","title":{"rendered":"Our Solutions"},"content":{"rendered":"\t\t<div data-elementor-type=\"wp-post\" data-elementor-id=\"3794\" class=\"elementor elementor-3794\">\n\t\t\t\t\t\t<section class=\"elementor-section elementor-top-section elementor-element elementor-element-616b3f8 elementor-section-boxed elementor-section-height-default elementor-section-height-default\" data-id=\"616b3f8\" data-element_type=\"section\" data-settings=\"{&quot;background_background&quot;:&quot;classic&quot;,&quot;ekit_has_onepagescroll_dot&quot;:&quot;yes&quot;}\">\n\t\t\t\t\t\t<div class=\"elementor-container elementor-column-gap-default\">\n\t\t\t\t\t<div class=\"elementor-column elementor-col-100 elementor-top-column elementor-element elementor-element-718b3e8\" data-id=\"718b3e8\" data-element_type=\"column\">\n\t\t\t<div class=\"elementor-widget-wrap elementor-element-populated\">\n\t\t\t\t\t\t<div class=\"elementor-element elementor-element-af2bc77 elementor-widget elementor-widget-heading\" data-id=\"af2bc77\" data-element_type=\"widget\" data-settings=\"{&quot;ekit_we_effect_on&quot;:&quot;none&quot;}\" data-widget_type=\"heading.default\">\n\t\t\t\t<div class=\"elementor-widget-container\">\n\t\t\t<style>\/*! elementor - v3.21.0 - 08-05-2024 *\/\n.elementor-heading-title{padding:0;margin:0;line-height:1}.elementor-widget-heading .elementor-heading-title[class*=elementor-size-]>a{color:inherit;font-size:inherit;line-height:inherit}.elementor-widget-heading .elementor-heading-title.elementor-size-small{font-size:15px}.elementor-widget-heading .elementor-heading-title.elementor-size-medium{font-size:19px}.elementor-widget-heading .elementor-heading-title.elementor-size-large{font-size:29px}.elementor-widget-heading .elementor-heading-title.elementor-size-xl{font-size:39px}.elementor-widget-heading .elementor-heading-title.elementor-size-xxl{font-size:59px}<\/style><h1 class=\"elementor-heading-title elementor-size-default\">Kurumsal \u00c7\u00f6z\u00fcmlerimiz<\/h1>\t\t<\/div>\n\t\t\t\t<\/div>\n\t\t\t\t\t<\/div>\n\t\t<\/div>\n\t\t\t\t\t<\/div>\n\t\t<\/section>\n\t\t\t\t<section class=\"elementor-section elementor-top-section elementor-element elementor-element-44d97cb elementor-section-full_width elementor-section-height-default elementor-section-height-default\" data-id=\"44d97cb\" data-element_type=\"section\" data-settings=\"{&quot;ekit_has_onepagescroll_dot&quot;:&quot;yes&quot;}\">\n\t\t\t\t\t\t<div class=\"elementor-container elementor-column-gap-default\">\n\t\t\t\t\t<div class=\"elementor-column elementor-col-100 elementor-top-column elementor-element elementor-element-30cbd8b\" data-id=\"30cbd8b\" data-element_type=\"column\">\n\t\t\t<div class=\"elementor-widget-wrap elementor-element-populated\">\n\t\t\t\t\t\t<div class=\"elementor-element elementor-element-24841d7 elementor-widget elementor-widget-html\" data-id=\"24841d7\" data-element_type=\"widget\" data-settings=\"{&quot;ekit_we_effect_on&quot;:&quot;none&quot;}\" data-widget_type=\"html.default\">\n\t\t\t\t<div class=\"elementor-widget-container\">\n\t\t\t<style>\n.kk-wrapper{font-family:'Segoe UI',Roboto,sans-serif;color:#2d3748;line-height:1.7;overflow-x:hidden}\n.kk-wrapper *{box-sizing:border-box}\n.kk-quote-section{background:linear-gradient(135deg,#006699 0%,#004d73 100%);padding:50px 30px;text-align:center;border-radius:18px;margin:40px auto 30px;max-width:900px;position:relative;overflow:hidden}\n.kk-quote-section::before{content:'\\201C';position:absolute;top:-10px;left:20px;font-size:120px;color:rgba(255,255,255,0.08);font-family:Georgia,serif}\n.kk-quote-text{color:#fff;font-size:1.1rem;max-width:750px;margin:0 auto;line-height:1.8}\n.kk-quote-author{color:#00ccaa;font-weight:600;margin-top:15px;font-size:0.95rem}\n.kk-program-info{max-width:900px;margin:0 auto 30px;padding:30px;background:#fff;border-radius:16px;box-shadow:0 2px 20px rgba(0,0,0,0.06)}\n.kk-program-info h2{color:#006699;font-size:1.6rem;margin-bottom:18px;padding-bottom:12px;border-bottom:3px solid #00ccaa;display:inline-block}\n.kk-program-info p{font-size:0.98rem;margin-bottom:14px;color:#4a5568}\n.kk-program-info strong{color:#006699}\n.kk-content-section{max-width:900px;margin:30px auto;padding:30px;background:#fff;border-radius:16px;box-shadow:0 2px 20px rgba(0,0,0,0.06)}\n.kk-content-section h2{color:#006699;font-size:1.5rem;margin-bottom:16px;padding-bottom:10px;border-bottom:3px solid #00ccaa;display:inline-block}\n.kk-grid{display:grid;grid-template-columns:repeat(auto-fit,minmax(240px,1fr));gap:18px;margin:20px 0}\n.kk-card{background:linear-gradient(135deg,#f0f9ff,#e8f4fd);border-radius:14px;padding:24px;border-left:4px solid #006699;transition:transform 0.3s ease,box-shadow 0.3s ease}\n.kk-card:hover{transform:translateY(-3px);box-shadow:0 8px 25px rgba(0,102,153,0.12)}\n.kk-card-icon{font-size:1.8rem;margin-bottom:10px}\n.kk-card h4{color:#006699;font-size:1rem;margin-bottom:8px}\n.kk-card p{font-size:0.88rem;color:#4a5568;margin:0}\n.kk-info-box{background:linear-gradient(135deg,#e6fffa,#f0fff4);border-radius:14px;padding:24px;border-left:4px solid #00ccaa;margin:20px auto;max-width:900px}\n.kk-info-box h3{color:#006699;margin-bottom:10px;font-size:1.1rem}\n.kk-info-box p{color:#4a5568;font-size:0.94rem;margin:0}\n.kk-highlight-box{background:linear-gradient(135deg,#006699,#0099cc);border-radius:16px;padding:30px;color:#fff;margin:30px auto;max-width:900px;box-shadow:0 6px 20px rgba(0,102,153,0.25)}\n.kk-highlight-box h3{color:#00ccaa;margin-bottom:12px;font-size:1.2rem}\n.kk-highlight-box p{opacity:0.95;font-size:0.95rem;margin-bottom:8px}\n.kk-highlight-box a{color:#00ccaa;border-bottom:1px dashed #00ccaa;text-decoration:none}\n.kk-cta-wrap{max-width:900px;margin:40px auto;padding:0 20px}\n.kk-cta-inner{background:linear-gradient(135deg,#006699 0%,#004d73 50%,#003652 100%);padding:50px 30px;text-align:center;border-radius:18px}\n.kk-cta-inner h2{color:#fff;font-size:1.6rem;margin-bottom:10px}\n.kk-cta-inner p{color:rgba(255,255,255,0.85);margin-bottom:20px;font-size:1rem}\n.kk-cta-inner a.kk-cta-btn{display:inline-block;background:linear-gradient(135deg,#00ccaa,#00b894);color:#fff;padding:14px 40px;border-radius:50px;font-weight:600;font-size:1rem;text-decoration:none;box-shadow:0 4px 15px rgba(0,204,170,0.4);transition:all 0.3s}\n.kk-cta-inner a.kk-cta-btn:hover{transform:translateY(-2px);box-shadow:0 8px 25px rgba(0,204,170,0.5)}\n.kk-fade{opacity:0;transform:translateY(25px);transition:all 0.6s ease}\n.kk-fade.visible{opacity:1;transform:translateY(0)}\n@media(max-width:768px){\n.kk-grid{grid-template-columns:1fr}\n.kk-content-section,.kk-program-info{margin:20px 15px;padding:20px}\n}\n<\/style>\n\n<div class=\"kk-wrapper\">\n\n<!-- Intro -->\n<div class=\"kk-quote-section kk-fade\">\n<div class=\"kk-quote-text\">Kurumsal Ko\u00e7luk ve Mentorluk \u00e7\u00f6z\u00fcmlerimizle, farkl\u0131 bireylerin ve ku\u015faklar\u0131n birbiriyle daha etkili ileti\u015fim kurmalar\u0131na, ki\u015filerin i\u015f ve \u00f6zel hayattaki hedeflerine ula\u015fmalar\u0131 i\u00e7in performanslar\u0131n\u0131 artt\u0131rmalar\u0131na ve tak\u0131mlar\u0131n birlikte daha etkin ve verimli \u00e7al\u0131\u015fmalar\u0131na destek oluyoruz.<\/div>\n<div class=\"kk-quote-author\">\u2014 PDRICMA Akademi<\/div>\n<\/div>\n\n<!-- Hakk\u0131nda -->\n<div class=\"kk-program-info kk-fade\">\n<h2>Kurumsal \u00c7\u00f6z\u00fcmlerimiz<\/h2>\n<p>G\u00fcn\u00fcm\u00fczde kurumlarda neredeyse \u00fc\u00e7 ku\u015fak bir arada \u00e7al\u0131\u015f\u0131yor. Bu ku\u015faklar\u0131n i\u015fe bak\u0131\u015flar\u0131, i\u015f yap\u0131\u015flar\u0131, beklenti ve hedefleri birbirinden farkl\u0131. H\u0131zla de\u011fi\u015fen teknoloji, ko\u015fullar, yeni sistemler birlikte uyum i\u00e7inde \u00e7al\u0131\u015fmay\u0131 kimi zaman kolayla\u015ft\u0131r\u0131rken \u00e7o\u011fu zaman da karma\u015f\u0131k hale getirebiliyor.<\/p>\n<p>Programlar\u0131m\u0131z\u0131n en b\u00fcy\u00fck katk\u0131s\u0131, ku\u015faklardan ba\u011f\u0131ms\u0131z olarak <strong>birbirinden \u00f6\u011frenme ve birlikte geli\u015fme k\u00fclt\u00fcr\u00fcn\u00fc<\/strong> desteklemektir.<\/p>\n<p>PDRICMA olarak kurumlarda Ko\u00e7luk ve Mentorluk k\u00fclt\u00fcr\u00fcn\u00fcn olu\u015fturulmas\u0131n\u0131 desteklerken, s\u00fcrd\u00fcrebilir olmas\u0131 ad\u0131na farkl\u0131 \u00fcr\u00fcn ve hizmetlerimizle her daim <strong>i\u015f ortaklar\u0131m\u0131z\u0131n yan\u0131nda<\/strong> oluyoruz.<\/p>\n<\/div>\n\n<!-- \u00c7\u00f6z\u00fcmler Grid -->\n<div class=\"kk-content-section kk-fade\">\n<h2>Kurumsal Ko\u00e7luk \u00c7\u00f6z\u00fcmlerimiz<\/h2>\n<div class=\"kk-grid\">\n<div class=\"kk-card\"><div class=\"kk-card-icon\">\ud83c\udfe2<\/div><h4>Kurum \u0130\u00e7i Ko\u00e7luk<\/h4><p>\u0130\u00e7 Ko\u00e7 Yeti\u015ftirme programlar\u0131 ile kurumunuzda ko\u00e7luk k\u00fclt\u00fcr\u00fc olu\u015fturun<\/p><\/div>\n<div class=\"kk-card\"><div class=\"kk-card-icon\">\ud83d\udc51<\/div><h4>Ko\u00e7vari Liderlik<\/h4><p>Liderlerinizi ko\u00e7luk yakla\u015f\u0131m\u0131yla g\u00fc\u00e7lendirin<\/p><\/div>\n<div class=\"kk-card\"><div class=\"kk-card-icon\">\u26a1<\/div><h4>\u00c7eviklik Ko\u00e7lu\u011fu<\/h4><p>\u00c7evik d\u00f6n\u00fc\u015f\u00fcm s\u00fcre\u00e7lerinizi ko\u00e7luk ile destekleyin<\/p><\/div>\n<div class=\"kk-card\"><div class=\"kk-card-icon\">\ud83d\udcc8<\/div><h4>Performans Ko\u00e7lu\u011fu<\/h4><p>Bireysel ve tak\u0131m performans\u0131n\u0131 y\u00fckseltin<\/p><\/div>\n<div class=\"kk-card\"><div class=\"kk-card-icon\">\ud83c\udfaf<\/div><h4>Y\u00f6netici Ko\u00e7lu\u011fu<\/h4><p>Y\u00f6neticilerinizin liderlik becerilerini geli\u015ftirin<\/p><\/div>\n<div class=\"kk-card\"><div class=\"kk-card-icon\">\ud83c\udf1f<\/div><h4>Executive Coaching<\/h4><p>\u00dcst d\u00fczey y\u00f6netici ko\u00e7lu\u011fu ile stratejik liderlik deste\u011fi<\/p><\/div>\n<div class=\"kk-card\"><div class=\"kk-card-icon\">\ud83d\udcb0<\/div><h4>Sat\u0131\u015f Ko\u00e7lu\u011fu<\/h4><p>Sat\u0131\u015f ekiplerinizin performans\u0131n\u0131 art\u0131r\u0131n<\/p><\/div>\n<div class=\"kk-card\"><div class=\"kk-card-icon\">\ud83e\udded<\/div><h4>Kariyer Ko\u00e7lu\u011fu<\/h4><p>\u00c7al\u0131\u015fanlar\u0131n\u0131z\u0131n kariyer geli\u015fimini destekleyin<\/p><\/div>\n<div class=\"kk-card\"><div class=\"kk-card-icon\">\u2b50<\/div><h4>Y\u00fckselen Y\u0131ld\u0131zlar Ko\u00e7lu\u011fu<\/h4><p>De\u011ferlendirme Merkezi Ko\u00e7lu\u011fu ile yeteneklerinizi ke\u015ffedin<\/p><\/div>\n<div class=\"kk-card\"><div class=\"kk-card-icon\">\ud83d\udc65<\/div><h4>Tak\u0131m Ko\u00e7lu\u011fu<\/h4><p>Tak\u0131mlar\u0131n\u0131z\u0131n uyumunu ve verimlili\u011fini art\u0131r\u0131n<\/p><\/div>\n<div class=\"kk-card\"><div class=\"kk-card-icon\">\ud83d\udcac<\/div><h4>Geri Bildirim K\u00fclt\u00fcr\u00fc<\/h4><p>Kurum i\u00e7inde yap\u0131c\u0131 geri bildirim k\u00fclt\u00fcr\u00fc olu\u015fturun<\/p><\/div>\n<div class=\"kk-card\"><div class=\"kk-card-icon\">\ud83c\udf93<\/div><h4>Profesyonel Ko\u00e7luk Sertifikasyon<\/h4><p>Level 1 ve Level 2 Ko\u00e7luk Sertifikasyon Programlar\u0131<\/p><\/div>\n<\/div>\n<\/div>\n\n<!-- Bilgi Kutusu -->\n<div class=\"kk-info-box kk-fade\">\n<h3>\ud83e\udd1d Programlar\u0131m\u0131zla sizlere destek oluyoruz<\/h3>\n<p>Her bir \u00e7\u00f6z\u00fcm\u00fcm\u00fcz, kurumunuzun ihtiya\u00e7lar\u0131na \u00f6zel olarak tasarlan\u0131r ve uygulan\u0131r. S\u00fcrd\u00fcr\u00fclebilir ba\u015far\u0131 i\u00e7in yan\u0131n\u0131zday\u0131z.<\/p>\n<\/div>\n\n<!-- CTA -->\n<div class=\"kk-cta-wrap kk-fade\">\n<div class=\"kk-cta-inner\">\n<h2>Detayl\u0131 Bilgi Al\u0131n<\/h2>\n<p>Kurumsal \u00e7\u00f6z\u00fcmlerimiz hakk\u0131nda detayl\u0131 bilgi almak i\u00e7in bizimle ileti\u015fime ge\u00e7in<\/p>\n<p style=\"font-size:0.95rem;opacity:0.8;margin-bottom:5px\">\ud83d\udce7 info@pdricma.com.tr | \ud83d\udcde 0216 709 17 37<\/p>\n<a href=\"mailto:info@pdricma.com.tr\" class=\"kk-cta-btn\">Bilgi Al\u0131n<\/a>\n<\/div>\n<\/div>\n\n<\/div>\n\n<script>\n(function(){\nconst observer=new IntersectionObserver((entries)=>{entries.forEach(e=>{if(e.isIntersecting){e.target.classList.add('visible');observer.unobserve(e.target)}})},{threshold:0.15});\ndocument.querySelectorAll('.kk-fade').forEach(el=>observer.observe(el));\n})();\n<\/script>\t\t<\/div>\n\t\t\t\t<\/div>\n\t\t\t\t\t<\/div>\n\t\t<\/div>\n\t\t\t\t\t<\/div>\n\t\t<\/section>\n\t\t\t\t<\/div>\n\t\t","protected":false},"excerpt":{"rendered":"<p>Kurumsal \u00c7\u00f6z\u00fcmlerimiz Kurumsal Ko\u00e7luk ve Mentorluk \u00e7\u00f6z\u00fcmlerimizle, farkl\u0131 bireylerin ve ku\u015faklar\u0131n birbiriyle daha etkili ileti\u015fim kurmalar\u0131na, ki\u015filerin i\u015f ve \u00f6zel hayattaki hedeflerine ula\u015fmalar\u0131 i\u00e7in performanslar\u0131n\u0131 artt\u0131rmalar\u0131na ve tak\u0131mlar\u0131n birlikte daha etkin ve verimli \u00e7al\u0131\u015fmalar\u0131na destek oluyoruz. \u2014 PDRICMA Akademi Kurumsal \u00c7\u00f6z\u00fcmlerimiz G\u00fcn\u00fcm\u00fczde kurumlarda neredeyse \u00fc\u00e7 ku\u015fak bir arada \u00e7al\u0131\u015f\u0131yor. Bu ku\u015faklar\u0131n i\u015fe bak\u0131\u015flar\u0131, i\u015f yap\u0131\u015flar\u0131, beklenti ve hedefleri birbirinden farkl\u0131. H\u0131zla de\u011fi\u015fen teknoloji, ko\u015fullar, yeni&#8230; <\/p>\n<p class=\"more\"><a class=\"more-link\" href=\"https:\/\/pdricma.com.tr\/en\/cozumlerimiz\/\">Read More<\/a><\/p>","protected":false},"author":1,"featured_media":0,"parent":0,"menu_order":0,"comment_status":"closed","ping_status":"closed","template":"elementor_header_footer","meta":{"footnotes":""},"class_list":["post-3794","page","type-page","status-publish","hentry","is-cat-link-solid-light is-cat-link-rounded"],"yoast_head":"<!-- This site is optimized with the Yoast SEO Premium plugin v24.0 (Yoast SEO v26.9) - https:\/\/yoast.com\/product\/yoast-seo-premium-wordpress\/ -->\n<title>\u00c7\u00f6z\u00fcmlerimiz - PDR International Coaching &amp; Mentoring Academy<\/title>\n<meta name=\"robots\" content=\"index, follow, max-snippet:-1, max-image-preview:large, max-video-preview:-1\" \/>\n<link rel=\"canonical\" href=\"https:\/\/pdricma.com.tr\/en\/cozumlerimiz\/\" \/>\n<meta property=\"og:locale\" content=\"en_US\" \/>\n<meta property=\"og:type\" content=\"article\" \/>\n<meta property=\"og:title\" content=\"\u00c7\u00f6z\u00fcmlerimiz\" \/>\n<meta property=\"og:description\" content=\"Kurumsal \u00c7\u00f6z\u00fcmlerimiz Kurumsal Ko\u00e7luk ve Mentorluk \u00e7\u00f6z\u00fcmlerimizle, farkl\u0131 bireylerin ve ku\u015faklar\u0131n birbiriyle daha etkili ileti\u015fim kurmalar\u0131na, ki\u015filerin i\u015f ve \u00f6zel hayattaki hedeflerine ula\u015fmalar\u0131 i\u00e7in performanslar\u0131n\u0131 artt\u0131rmalar\u0131na ve tak\u0131mlar\u0131n birlikte daha etkin ve verimli \u00e7al\u0131\u015fmalar\u0131na destek oluyoruz. \u2014 PDRICMA Akademi Kurumsal \u00c7\u00f6z\u00fcmlerimiz G\u00fcn\u00fcm\u00fczde kurumlarda neredeyse \u00fc\u00e7 ku\u015fak bir arada \u00e7al\u0131\u015f\u0131yor. Bu ku\u015faklar\u0131n i\u015fe bak\u0131\u015flar\u0131, i\u015f yap\u0131\u015flar\u0131, beklenti ve hedefleri birbirinden farkl\u0131. H\u0131zla de\u011fi\u015fen teknoloji, ko\u015fullar, yeni... Read More\" \/>\n<meta property=\"og:url\" content=\"https:\/\/pdricma.com.tr\/en\/cozumlerimiz\/\" \/>\n<meta property=\"og:site_name\" content=\"PDR International Coaching &amp; Mentoring Academy\" \/>\n<meta property=\"article:publisher\" content=\"https:\/\/www.facebook.com\/people\/PDR-ICMA\/100064844886292\/\" \/>\n<meta property=\"article:modified_time\" content=\"2026-03-31T21:47:13+00:00\" \/>\n<meta name=\"twitter:card\" content=\"summary_large_image\" \/>\n<meta name=\"twitter:label1\" content=\"Est. reading time\" \/>\n\t<meta name=\"twitter:data1\" content=\"5 minutes\" \/>\n<script type=\"application\/ld+json\" class=\"yoast-schema-graph\">{\"@context\":\"https:\/\/schema.org\",\"@graph\":[{\"@type\":\"WebPage\",\"@id\":\"https:\/\/pdricma.com.tr\/cozumlerimiz\/\",\"url\":\"https:\/\/pdricma.com.tr\/cozumlerimiz\/\",\"name\":\"\u00c7\u00f6z\u00fcmlerimiz - PDR International Coaching &amp; Mentoring Academy\",\"isPartOf\":{\"@id\":\"https:\/\/pdricma.com.tr\/#website\"},\"datePublished\":\"2023-07-11T10:23:56+00:00\",\"dateModified\":\"2026-03-31T21:47:13+00:00\",\"breadcrumb\":{\"@id\":\"https:\/\/pdricma.com.tr\/cozumlerimiz\/#breadcrumb\"},\"inLanguage\":\"en-US\",\"potentialAction\":[{\"@type\":\"ReadAction\",\"target\":[\"https:\/\/pdricma.com.tr\/cozumlerimiz\/\"]}]},{\"@type\":\"BreadcrumbList\",\"@id\":\"https:\/\/pdricma.com.tr\/cozumlerimiz\/#breadcrumb\",\"itemListElement\":[{\"@type\":\"ListItem\",\"position\":1,\"name\":\"Anasayfa\",\"item\":\"https:\/\/pdricma.com.tr\/\"},{\"@type\":\"ListItem\",\"position\":2,\"name\":\"\u00c7\u00f6z\u00fcmlerimiz\"}]},{\"@type\":\"WebSite\",\"@id\":\"https:\/\/pdricma.com.tr\/#website\",\"url\":\"https:\/\/pdricma.com.tr\/\",\"name\":\"PDR International Coaching & Mentoring Academy\",\"description\":\"\",\"publisher\":{\"@id\":\"https:\/\/pdricma.com.tr\/#organization\"},\"potentialAction\":[{\"@type\":\"SearchAction\",\"target\":{\"@type\":\"EntryPoint\",\"urlTemplate\":\"https:\/\/pdricma.com.tr\/?s={search_term_string}\"},\"query-input\":{\"@type\":\"PropertyValueSpecification\",\"valueRequired\":true,\"valueName\":\"search_term_string\"}}],\"inLanguage\":\"en-US\"},{\"@type\":\"Organization\",\"@id\":\"https:\/\/pdricma.com.tr\/#organization\",\"name\":\"PDR International Coaching & Mentoring Academy\",\"url\":\"https:\/\/pdricma.com.tr\/\",\"logo\":{\"@type\":\"ImageObject\",\"inLanguage\":\"en-US\",\"@id\":\"https:\/\/pdricma.com.tr\/#\/schema\/logo\/image\/\",\"url\":\"https:\/\/pdricma.com.tr\/wp-content\/uploads\/2023\/07\/PDRCOACHINGLOGO-01-002-1.png\",\"contentUrl\":\"https:\/\/pdricma.com.tr\/wp-content\/uploads\/2023\/07\/PDRCOACHINGLOGO-01-002-1.png\",\"width\":2307,\"height\":785,\"caption\":\"PDR International Coaching & Mentoring Academy\"},\"image\":{\"@id\":\"https:\/\/pdricma.com.tr\/#\/schema\/logo\/image\/\"},\"sameAs\":[\"https:\/\/www.facebook.com\/people\/PDR-ICMA\/100064844886292\/\",\"https:\/\/www.instagram.com\/pdricma\/\"]}]}<\/script>\n<!-- \/ Yoast SEO Premium plugin. -->","yoast_head_json":{"title":"\u00c7\u00f6z\u00fcmlerimiz - PDR International Coaching &amp; Mentoring Academy","robots":{"index":"index","follow":"follow","max-snippet":"max-snippet:-1","max-image-preview":"max-image-preview:large","max-video-preview":"max-video-preview:-1"},"canonical":"https:\/\/pdricma.com.tr\/en\/cozumlerimiz\/","og_locale":"en_US","og_type":"article","og_title":"\u00c7\u00f6z\u00fcmlerimiz","og_description":"Kurumsal \u00c7\u00f6z\u00fcmlerimiz Kurumsal Ko\u00e7luk ve Mentorluk \u00e7\u00f6z\u00fcmlerimizle, farkl\u0131 bireylerin ve ku\u015faklar\u0131n birbiriyle daha etkili ileti\u015fim kurmalar\u0131na, ki\u015filerin i\u015f ve \u00f6zel hayattaki hedeflerine ula\u015fmalar\u0131 i\u00e7in performanslar\u0131n\u0131 artt\u0131rmalar\u0131na ve tak\u0131mlar\u0131n birlikte daha etkin ve verimli \u00e7al\u0131\u015fmalar\u0131na destek oluyoruz. \u2014 PDRICMA Akademi Kurumsal \u00c7\u00f6z\u00fcmlerimiz G\u00fcn\u00fcm\u00fczde kurumlarda neredeyse \u00fc\u00e7 ku\u015fak bir arada \u00e7al\u0131\u015f\u0131yor. Bu ku\u015faklar\u0131n i\u015fe bak\u0131\u015flar\u0131, i\u015f yap\u0131\u015flar\u0131, beklenti ve hedefleri birbirinden farkl\u0131. H\u0131zla de\u011fi\u015fen teknoloji, ko\u015fullar, yeni... Read More","og_url":"https:\/\/pdricma.com.tr\/en\/cozumlerimiz\/","og_site_name":"PDR International Coaching &amp; Mentoring Academy","article_publisher":"https:\/\/www.facebook.com\/people\/PDR-ICMA\/100064844886292\/","article_modified_time":"2026-03-31T21:47:13+00:00","twitter_card":"summary_large_image","twitter_misc":{"Est. reading time":"5 minutes"},"schema":{"@context":"https:\/\/schema.org","@graph":[{"@type":"WebPage","@id":"https:\/\/pdricma.com.tr\/cozumlerimiz\/","url":"https:\/\/pdricma.com.tr\/cozumlerimiz\/","name":"\u00c7\u00f6z\u00fcmlerimiz - PDR International Coaching &amp; Mentoring Academy","isPartOf":{"@id":"https:\/\/pdricma.com.tr\/#website"},"datePublished":"2023-07-11T10:23:56+00:00","dateModified":"2026-03-31T21:47:13+00:00","breadcrumb":{"@id":"https:\/\/pdricma.com.tr\/cozumlerimiz\/#breadcrumb"},"inLanguage":"en-US","potentialAction":[{"@type":"ReadAction","target":["https:\/\/pdricma.com.tr\/cozumlerimiz\/"]}]},{"@type":"BreadcrumbList","@id":"https:\/\/pdricma.com.tr\/cozumlerimiz\/#breadcrumb","itemListElement":[{"@type":"ListItem","position":1,"name":"Anasayfa","item":"https:\/\/pdricma.com.tr\/"},{"@type":"ListItem","position":2,"name":"\u00c7\u00f6z\u00fcmlerimiz"}]},{"@type":"WebSite","@id":"https:\/\/pdricma.com.tr\/#website","url":"https:\/\/pdricma.com.tr\/","name":"PDR International Coaching & Mentoring Academy","description":"","publisher":{"@id":"https:\/\/pdricma.com.tr\/#organization"},"potentialAction":[{"@type":"SearchAction","target":{"@type":"EntryPoint","urlTemplate":"https:\/\/pdricma.com.tr\/?s={search_term_string}"},"query-input":{"@type":"PropertyValueSpecification","valueRequired":true,"valueName":"search_term_string"}}],"inLanguage":"en-US"},{"@type":"Organization","@id":"https:\/\/pdricma.com.tr\/#organization","name":"PDR International Coaching & Mentoring Academy","url":"https:\/\/pdricma.com.tr\/","logo":{"@type":"ImageObject","inLanguage":"en-US","@id":"https:\/\/pdricma.com.tr\/#\/schema\/logo\/image\/","url":"https:\/\/pdricma.com.tr\/wp-content\/uploads\/2023\/07\/PDRCOACHINGLOGO-01-002-1.png","contentUrl":"https:\/\/pdricma.com.tr\/wp-content\/uploads\/2023\/07\/PDRCOACHINGLOGO-01-002-1.png","width":2307,"height":785,"caption":"PDR International Coaching & Mentoring Academy"},"image":{"@id":"https:\/\/pdricma.com.tr\/#\/schema\/logo\/image\/"},"sameAs":["https:\/\/www.facebook.com\/people\/PDR-ICMA\/100064844886292\/","https:\/\/www.instagram.com\/pdricma\/"]}]}},"_links":{"self":[{"href":"https:\/\/pdricma.com.tr\/en\/wp-json\/wp\/v2\/pages\/3794","targetHints":{"allow":["GET"]}}],"collection":[{"href":"https:\/\/pdricma.com.tr\/en\/wp-json\/wp\/v2\/pages"}],"about":[{"href":"https:\/\/pdricma.com.tr\/en\/wp-json\/wp\/v2\/types\/page"}],"author":[{"embeddable":true,"href":"https:\/\/pdricma.com.tr\/en\/wp-json\/wp\/v2\/users\/1"}],"replies":[{"embeddable":true,"href":"https:\/\/pdricma.com.tr\/en\/wp-json\/wp\/v2\/comments?post=3794"}],"version-history":[{"count":66,"href":"https:\/\/pdricma.com.tr\/en\/wp-json\/wp\/v2\/pages\/3794\/revisions"}],"predecessor-version":[{"id":7885,"href":"https:\/\/pdricma.com.tr\/en\/wp-json\/wp\/v2\/pages\/3794\/revisions\/7885"}],"wp:attachment":[{"href":"https:\/\/pdricma.com.tr\/en\/wp-json\/wp\/v2\/media?parent=3794"}],"curies":[{"name":"wp","href":"https:\/\/api.w.org\/{rel}","templated":true}]}}