{"id":3838,"date":"2023-07-11T14:57:09","date_gmt":"2023-07-11T11:57:09","guid":{"rendered":"https:\/\/pdricma.com.tr\/?page_id=3838"},"modified":"2026-03-31T18:13:28","modified_gmt":"2026-03-31T15:13:28","slug":"nasil-katilabilirsiniz-2","status":"publish","type":"page","link":"https:\/\/pdricma.com.tr\/en\/nasil-katilabilirsiniz-2\/","title":{"rendered":"How to Join"},"content":{"rendered":"\t\t<div data-elementor-type=\"wp-post\" data-elementor-id=\"3838\" class=\"elementor elementor-3838\">\n\t\t\t\t\t\t<section class=\"elementor-section elementor-top-section elementor-element elementor-element-616b3f8 elementor-section-boxed elementor-section-height-default elementor-section-height-default\" data-id=\"616b3f8\" data-element_type=\"section\" data-settings=\"{&quot;background_background&quot;:&quot;classic&quot;,&quot;ekit_has_onepagescroll_dot&quot;:&quot;yes&quot;}\">\n\t\t\t\t\t\t<div class=\"elementor-container elementor-column-gap-default\">\n\t\t\t\t\t<div class=\"elementor-column elementor-col-100 elementor-top-column elementor-element elementor-element-718b3e8\" data-id=\"718b3e8\" data-element_type=\"column\">\n\t\t\t<div class=\"elementor-widget-wrap elementor-element-populated\">\n\t\t\t\t\t\t<div class=\"elementor-element elementor-element-af2bc77 elementor-widget elementor-widget-heading\" data-id=\"af2bc77\" data-element_type=\"widget\" data-settings=\"{&quot;ekit_we_effect_on&quot;:&quot;none&quot;}\" data-widget_type=\"heading.default\">\n\t\t\t\t<div class=\"elementor-widget-container\">\n\t\t\t<style>\/*! elementor - v3.21.0 - 08-05-2024 *\/\n.elementor-heading-title{padding:0;margin:0;line-height:1}.elementor-widget-heading .elementor-heading-title[class*=elementor-size-]>a{color:inherit;font-size:inherit;line-height:inherit}.elementor-widget-heading .elementor-heading-title.elementor-size-small{font-size:15px}.elementor-widget-heading .elementor-heading-title.elementor-size-medium{font-size:19px}.elementor-widget-heading .elementor-heading-title.elementor-size-large{font-size:29px}.elementor-widget-heading .elementor-heading-title.elementor-size-xl{font-size:39px}.elementor-widget-heading .elementor-heading-title.elementor-size-xxl{font-size:59px}<\/style><h1 class=\"elementor-heading-title elementor-size-default\">Nas\u0131l Kat\u0131labilirsiniz?<\/h1>\t\t<\/div>\n\t\t\t\t<\/div>\n\t\t\t\t\t<\/div>\n\t\t<\/div>\n\t\t\t\t\t<\/div>\n\t\t<\/section>\n\t\t\t\t<section class=\"elementor-section elementor-top-section elementor-element elementor-element-ced51b6 elementor-section-full_width elementor-section-height-default elementor-section-height-default\" data-id=\"ced51b6\" data-element_type=\"section\" data-settings=\"{&quot;ekit_has_onepagescroll_dot&quot;:&quot;yes&quot;}\">\n\t\t\t\t\t\t<div class=\"elementor-container elementor-column-gap-default\">\n\t\t\t\t\t<div class=\"elementor-column elementor-col-100 elementor-top-column elementor-element elementor-element-58a8641\" data-id=\"58a8641\" data-element_type=\"column\">\n\t\t\t<div class=\"elementor-widget-wrap elementor-element-populated\">\n\t\t\t\t\t\t<div class=\"elementor-element elementor-element-114f250 elementor-widget elementor-widget-html\" data-id=\"114f250\" data-element_type=\"widget\" data-settings=\"{&quot;ekit_we_effect_on&quot;:&quot;none&quot;}\" data-widget_type=\"html.default\">\n\t\t\t\t<div class=\"elementor-widget-container\">\n\t\t\t<style>\n.kk-wrapper{font-family:'Segoe UI',Roboto,sans-serif;color:#2d3748;line-height:1.7;overflow-x:hidden}\n.kk-wrapper *{box-sizing:border-box}\n.kk-quote-section{background:linear-gradient(135deg,#006699 0%,#004d73 100%);padding:50px 30px;text-align:center;border-radius:18px;margin:40px auto 30px;max-width:900px;position:relative;overflow:hidden}\n.kk-quote-section::before{content:'\\201C';position:absolute;top:-10px;left:20px;font-size:120px;color:rgba(255,255,255,0.08);font-family:Georgia,serif}\n.kk-quote-text{color:#fff;font-size:1.15rem;font-style:italic;max-width:750px;margin:0 auto;line-height:1.8}\n.kk-quote-author{color:#00ccaa;font-weight:600;margin-top:15px;font-size:0.95rem}\n.kk-program-info{max-width:900px;margin:0 auto 30px;padding:30px;background:#fff;border-radius:16px;box-shadow:0 2px 20px rgba(0,0,0,0.06)}\n.kk-program-info h2{color:#006699;font-size:1.6rem;margin-bottom:18px;padding-bottom:12px;border-bottom:3px solid #00ccaa;display:inline-block}\n.kk-program-info p{font-size:0.98rem;margin-bottom:14px;color:#4a5568}\n.kk-program-info strong{color:#006699}\n.kk-content-section{max-width:900px;margin:30px auto;padding:30px;background:#fff;border-radius:16px;box-shadow:0 2px 20px rgba(0,0,0,0.06)}\n.kk-content-section h2{color:#006699;font-size:1.5rem;margin-bottom:16px;padding-bottom:10px;border-bottom:3px solid #00ccaa;display:inline-block}\n.kk-content-section p{font-size:0.96rem;color:#4a5568;margin-bottom:12px}\n.kk-checklist{list-style:none;padding:0;margin:15px 0}\n.kk-checklist li{padding:10px 0 10px 32px;position:relative;font-size:0.95rem;color:#4a5568;border-bottom:1px solid #edf2f7}\n.kk-checklist li:last-child{border-bottom:none}\n.kk-checklist li::before{content:'\\2713';position:absolute;left:0;top:10px;color:#00ccaa;font-weight:700;font-size:1.1rem}\n.kk-grid{display:grid;grid-template-columns:repeat(auto-fit,minmax(240px,1fr));gap:18px;margin:20px 0}\n.kk-card{background:linear-gradient(135deg,#f0f9ff,#e8f4fd);border-radius:14px;padding:24px;border-left:4px solid #006699;transition:transform 0.3s ease,box-shadow 0.3s ease}\n.kk-card:hover{transform:translateY(-3px);box-shadow:0 8px 25px rgba(0,102,153,0.12)}\n.kk-card-icon{font-size:1.8rem;margin-bottom:10px}\n.kk-card h4{color:#006699;font-size:1rem;margin-bottom:8px}\n.kk-card p{font-size:0.88rem;color:#4a5568;margin:0}\n.kk-info-box{background:linear-gradient(135deg,#e6fffa,#f0fff4);border-radius:14px;padding:24px;border-left:4px solid #00ccaa;margin:20px auto;max-width:900px}\n.kk-info-box h3{color:#006699;margin-bottom:10px;font-size:1.1rem}\n.kk-info-box p{color:#4a5568;font-size:0.94rem;margin:0}\n.kk-highlight-box{background:linear-gradient(135deg,#006699,#0099cc);border-radius:16px;padding:30px;color:#fff;margin:30px auto;max-width:900px;box-shadow:0 6px 20px rgba(0,102,153,0.25)}\n.kk-highlight-box h3{color:#00ccaa;margin-bottom:12px;font-size:1.2rem}\n.kk-highlight-box p{opacity:0.95;font-size:0.95rem;margin-bottom:8px}\n.kk-photo-section{text-align:center;margin:30px auto;max-width:900px}\n.kk-photo-section img{max-width:100%;border-radius:16px;box-shadow:0 6px 25px rgba(0,0,0,0.12);transition:transform 0.3s}\n.kk-photo-section img:hover{transform:scale(1.01)}\n.kk-cta{background:linear-gradient(135deg,#006699 0%,#004d73 50%,#003652 100%);padding:50px 30px;text-align:center;border-radius:18px;margin:40px auto;max-width:900px}\n.kk-cta h2{color:#fff;font-size:1.6rem;margin-bottom:10px}\n.kk-cta p{color:rgba(255,255,255,0.85);margin-bottom:20px;font-size:1rem}\n.kk-cta-btn{display:inline-block;background:linear-gradient(135deg,#00ccaa,#00b894);color:#fff;padding:14px 40px;border-radius:50px;font-weight:600;font-size:1rem;text-decoration:none;transition:all 0.3s ease;box-shadow:0 4px 15px rgba(0,204,170,0.4)}\n.kk-cta-btn:hover{transform:translateY(-2px);box-shadow:0 8px 25px rgba(0,204,170,0.5);color:#fff}\n.kk-fade{opacity:0;transform:translateY(25px);transition:all 0.6s ease}\n.kk-fade.visible{opacity:1;transform:translateY(0)}\n@media(max-width:768px){\n.kk-quote-section,.kk-cta{padding:35px 20px}\n.kk-grid{grid-template-columns:1fr}\n.kk-content-section,.kk-program-info{margin:20px 15px;padding:20px}\n}\n<\/style>\n\n<div class=\"kk-wrapper\">\n\n<!-- Intro -->\n<div class=\"kk-quote-section kk-fade\">\n<div class=\"kk-quote-text\">\"PDRICMA Profesyonel Ko\u00e7luk E\u011fitim Programlar\u0131na kat\u0131lmak i\u00e7in \u00f6zel \u00f6n ko\u015fullar bulunmamaktad\u0131r. Herkes bu programa kat\u0131labilir. En \u00f6nemli kriter; ki\u015finin bu yolculu\u011fa g\u00f6n\u00fcll\u00fc ve istekle \u00e7\u0131kmas\u0131d\u0131r.\"<\/div>\n<div class=\"kk-quote-author\">\u2014 PDRICMA Akademi<\/div>\n<\/div>\n\n<!-- Neden Kat\u0131lmal\u0131 -->\n<div class=\"kk-program-info kk-fade\">\n<h2>Neden Bu Programa Kat\u0131lmal\u0131s\u0131n\u0131z?<\/h2>\n<p>Bu yolculuk, ki\u015finin kendi geli\u015fimi ve ko\u00e7luk mesle\u011fine dair \u00f6zel profesyonel bilgiler verirken bir yandan da <strong>ICF taraf\u0131ndan uluslararas\u0131 ge\u00e7erlili\u011fi olan sertifikalar<\/strong> elde etmelerine olanak verir.<\/p>\n<p>Kurumlarda \u00e7al\u0131\u015fan profesyonel kat\u0131l\u0131mc\u0131lar\u0131m\u0131z\u0131n programlar\u0131m\u0131zda edindikleri bilgiler, kendilerinden beklenen g\u00f6revleri \u2014 s\u00fcreci, zaman\u0131, ekibi ve y\u00f6neticilerini \u2014 en etkin \u015fekilde y\u00f6netebilmelerinde b\u00fcy\u00fck fayda sa\u011flar.<\/p>\n<p>B\u00fct\u00fcn bunlara ilave olarak program\u0131m\u0131za kat\u0131lanlara, i\u015f d\u00fcnyas\u0131nda g\u00fc\u00e7l\u00fc donan\u0131mlar\u0131, yabanc\u0131 dili ve kurum i\u015f deneyimleri var ise, bu yetkinlikler ile ko\u00e7luk yetkinliklerini birle\u015ftirerek kurumlara da <strong>ko\u00e7luk\/mentorluk hizmeti<\/strong> (i\u00e7\/d\u0131\u015f ko\u00e7 olarak) verebilmelerine imk\u00e2n sa\u011flar.<\/p>\n<\/div>\n\n<!-- Kimler Kat\u0131lmal\u0131 -->\n<div class=\"kk-content-section kk-fade\">\n<h2>Kimler Kat\u0131lmal\u0131?<\/h2>\n<div class=\"kk-grid\">\n<div class=\"kk-card\">\n<div class=\"kk-card-icon\">\ud83c\udf31<\/div>\n<h4>Ki\u015fisel Geli\u015fim<\/h4>\n<p>Kendini geli\u015ftirmek ve kendini daha yak\u0131ndan tan\u0131mak isteyenler<\/p>\n<\/div>\n<div class=\"kk-card\">\n<div class=\"kk-card-icon\">\ud83c\udfaf<\/div>\n<h4>Profesyonel Ko\u00e7luk<\/h4>\n<p>Ko\u00e7lu\u011fu profesyonel meslek olarak yapmak isteyenler<\/p>\n<\/div>\n<div class=\"kk-card\">\n<div class=\"kk-card-icon\">\ud83c\udfe2<\/div>\n<h4>Kurum \u0130\u00e7i Fark<\/h4>\n<p>Ko\u00e7luk \u015fapkas\u0131 ile kendi i\u015finde kurum i\u00e7inde fark yaratmak isteyenler<\/p>\n<\/div>\n<div class=\"kk-card\">\n<div class=\"kk-card-icon\">\u2696\ufe0f<\/div>\n<h4>\u0130li\u015fki Y\u00f6netimi<\/h4>\n<p>\u00d6zel hayat\u0131nda veya i\u015f hayat\u0131nda ili\u015fkilerini derinden ve etkin y\u00f6netmek isteyenler<\/p>\n<\/div>\n<div class=\"kk-card\">\n<div class=\"kk-card-icon\">\ud83d\udcc8<\/div>\n<h4>\u00dcst D\u00fczey Y\u00f6neticiler<\/h4>\n<p>\u015eirketlerini daha etkin bir \u015fekilde y\u00f6netmek isteyen \u00fcst d\u00fczey y\u00f6neticiler<\/p>\n<\/div>\n<div class=\"kk-card\">\n<div class=\"kk-card-icon\">\ud83d\udca1<\/div>\n<h4>Yetenek Geli\u015ftirme<\/h4>\n<p>Mevcut i\u015f ve \u00f6zel ya\u015famlar\u0131nda kulland\u0131klar\u0131 mevcut yeteneklerini y\u00fckseltmek isteyen y\u00f6neticiler ve profesyoneller<\/p>\n<\/div>\n<div class=\"kk-card\">\n<div class=\"kk-card-icon\">\ud83d\ude80<\/div>\n<h4>Giri\u015fimciler<\/h4>\n<p>Ko\u00e7lu\u011fu kullanarak kendi i\u015flerini kurmay\u0131 planlayan giri\u015fimciler ve start-up kurucular\u0131<\/p>\n<\/div>\n<div class=\"kk-card\">\n<div class=\"kk-card-icon\">\ud83d\udcda<\/div>\n<h4>Dan\u0131\u015fmanlar ve E\u011fitmenler<\/h4>\n<p>Dan\u0131\u015fmanl\u0131k ve e\u011fitim alan\u0131nda ko\u00e7luk yetkinliklerini eklemek isteyenler<\/p>\n<\/div>\n<div class=\"kk-card\">\n<div class=\"kk-card-icon\">\ud83c\udf93<\/div>\n<h4>\u00d6\u011frenciler<\/h4>\n<p>Lisans ve lisans\u00fcst\u00fc programlar izleyen \u00f6\u011frenciler<\/p>\n<\/div>\n<div class=\"kk-card\">\n<div class=\"kk-card-icon\">\ud83e\udd1d<\/div>\n<h4>Mentorluk ve Ko\u00e7luk<\/h4>\n<p>Kurumlar\u0131nda mentorluk ya da ko\u00e7luk yapmak isteyenler<\/p>\n<\/div>\n<div class=\"kk-card\">\n<div class=\"kk-card-icon\">\ud83d\udc65<\/div>\n<h4>Ekip Liderleri<\/h4>\n<p>Ekip y\u00f6neten liderlerden\/y\u00f6neticilerden performans\u0131 y\u00fcksek tak\u0131mlar yaratmay\u0131 isteyenler<\/p>\n<\/div>\n<div class=\"kk-card\">\n<div class=\"kk-card-icon\">\ud83d\udcac<\/div>\n<h4>\u0130leti\u015fim Ustas\u0131<\/h4>\n<p>\u0130leti\u015fim sanat\u0131nda g\u00fc\u00e7lenmek isteyenler<\/p>\n<\/div>\n<div class=\"kk-card\">\n<div class=\"kk-card-icon\">\ud83d\udc51<\/div>\n<h4>Liderlik Yetkinli\u011fi<\/h4>\n<p>Liderlik yetkinliklerini geli\u015ftirmek ve ko\u00e7luk yakla\u015f\u0131m\u0131n\u0131 yetkinliklerine eklemek isteyenler<\/p>\n<\/div>\n<div class=\"kk-card\">\n<div class=\"kk-card-icon\">\ud83e\udded<\/div>\n<h4>Yeni Nesil Y\u00f6netim<\/h4>\n<p>Yeni nesli y\u00f6netmede zorluk ya\u015fayan y\u00f6neticiler<\/p>\n<\/div>\n<div class=\"kk-card\">\n<div class=\"kk-card-icon\">\u2764\ufe0f<\/div>\n<h4>\u0130leti\u015fimi G\u00fc\u00e7lendirme<\/h4>\n<p>\u00c7ocuklar\u0131n\u0131n, \u00f6\u011frencilerinin, \u00e7al\u0131\u015fanlar\u0131n\u0131n ileti\u015fimini g\u00fc\u00e7lendirmek isteyenler<\/p>\n<\/div>\n<\/div>\n<div class=\"kk-info-box\" style=\"margin-top:20px\">\n<h3>\ud83c\udf1f Herkes Kat\u0131labilir!<\/h3>\n<p>Bu alana ilgi duyan ve dileyen herkes bu programa kat\u0131labilecektir.<\/p>\n<\/div>\n<\/div>\n\n<!-- Kat\u0131l\u0131m \u015eartlar\u0131 -->\n<div class=\"kk-highlight-box kk-fade\">\n<h3>\ud83d\udccb Kat\u0131l\u0131m \u015eartlar\u0131<\/h3>\n<p>Kat\u0131l\u0131m ko\u015fullar\u0131 ile ilgili detayl\u0131 bilgi almak i\u00e7in <a href=\"mailto:info@pdricma.com.tr\" style=\"color:#00ccaa;border-bottom:1px dashed #00ccaa\">info@pdricma.com.tr<\/a> adresimize e-mail g\u00f6nderebilir ya da <strong>0 216 709 17 37<\/strong>'den ula\u015fabilirsiniz.<\/p>\n<\/div>\n\n<!-- Foto\u011fraf -->\n<div class=\"kk-photo-section kk-fade\">\n<img decoding=\"async\" src=\"https:\/\/pdricma.com.tr\/wp-content\/uploads\/2023\/07\/1.modul-5.-gun-550x320.jpg\" alt=\"PDRICMA Ko\u00e7luk E\u011fitimi Kat\u0131l\u0131mc\u0131lar\u0131\" \/>\n<\/div>\n\n<!-- CTA -->\n<div class=\"kk-cta kk-fade\">\n<h2>Hemen Ba\u015flay\u0131n!<\/h2>\n<p>Profesyonel ko\u00e7luk yolculu\u011funuza ilk ad\u0131m\u0131 at\u0131n<\/p>\n<p style=\"font-size:0.95rem;opacity:0.8;margin-bottom:5px\">\ud83d\udce7 info@pdricma.com.tr | \ud83d\udcde 0216 709 17 37<\/p>\n<a href=\"mailto:info@pdricma.com.tr\" class=\"kk-cta-btn\">Bilgi Al\u0131n<\/a>\n<\/div>\n\n<\/div>\n\n<script>\n(function(){\nconst observer=new IntersectionObserver((entries)=>{entries.forEach(e=>{if(e.isIntersecting){e.target.classList.add('visible');observer.unobserve(e.target)}})},{threshold:0.15});\ndocument.querySelectorAll('.kk-fade').forEach(el=>observer.observe(el));\n})();\n<\/script>\t\t<\/div>\n\t\t\t\t<\/div>\n\t\t\t\t\t<\/div>\n\t\t<\/div>\n\t\t\t\t\t<\/div>\n\t\t<\/section>\n\t\t\t\t<\/div>\n\t\t","protected":false},"excerpt":{"rendered":"<p>Nas\u0131l Kat\u0131labilirsiniz? &#8220;PDRICMA Profesyonel Ko\u00e7luk E\u011fitim Programlar\u0131na kat\u0131lmak i\u00e7in \u00f6zel \u00f6n ko\u015fullar bulunmamaktad\u0131r. Herkes bu programa kat\u0131labilir. En \u00f6nemli kriter; ki\u015finin bu yolculu\u011fa g\u00f6n\u00fcll\u00fc ve istekle \u00e7\u0131kmas\u0131d\u0131r.&#8221; \u2014 PDRICMA Akademi Neden Bu Programa Kat\u0131lmal\u0131s\u0131n\u0131z? Bu yolculuk, ki\u015finin kendi geli\u015fimi ve ko\u00e7luk mesle\u011fine dair \u00f6zel profesyonel bilgiler verirken bir yandan da ICF taraf\u0131ndan uluslararas\u0131 ge\u00e7erlili\u011fi olan sertifikalar elde etmelerine olanak verir. Kurumlarda \u00e7al\u0131\u015fan profesyonel kat\u0131l\u0131mc\u0131lar\u0131m\u0131z\u0131n programlar\u0131m\u0131zda&#8230; <\/p>\n<p class=\"more\"><a class=\"more-link\" href=\"https:\/\/pdricma.com.tr\/en\/nasil-katilabilirsiniz-2\/\">Read More<\/a><\/p>","protected":false},"author":1,"featured_media":0,"parent":0,"menu_order":0,"comment_status":"closed","ping_status":"closed","template":"elementor_header_footer","meta":{"footnotes":""},"class_list":["post-3838","page","type-page","status-publish","hentry","is-cat-link-solid-light is-cat-link-rounded"],"yoast_head":"<!-- This site is optimized with the Yoast SEO Premium plugin v24.0 (Yoast SEO v26.9) - https:\/\/yoast.com\/product\/yoast-seo-premium-wordpress\/ -->\n<title>Nas\u0131l Kat\u0131labilirsiniz? - PDR International Coaching &amp; Mentoring Academy<\/title>\n<meta name=\"robots\" content=\"index, follow, max-snippet:-1, max-image-preview:large, max-video-preview:-1\" \/>\n<link rel=\"canonical\" href=\"https:\/\/pdricma.com.tr\/en\/nasil-katilabilirsiniz-2\/\" \/>\n<meta property=\"og:locale\" content=\"en_US\" \/>\n<meta property=\"og:type\" content=\"article\" \/>\n<meta property=\"og:title\" content=\"Nas\u0131l Kat\u0131labilirsiniz?\" \/>\n<meta property=\"og:description\" content=\"Nas\u0131l Kat\u0131labilirsiniz? &#8220;PDRICMA Profesyonel Ko\u00e7luk E\u011fitim Programlar\u0131na kat\u0131lmak i\u00e7in \u00f6zel \u00f6n ko\u015fullar bulunmamaktad\u0131r. Herkes bu programa kat\u0131labilir. En \u00f6nemli kriter; ki\u015finin bu yolculu\u011fa g\u00f6n\u00fcll\u00fc ve istekle \u00e7\u0131kmas\u0131d\u0131r.&#8221; \u2014 PDRICMA Akademi Neden Bu Programa Kat\u0131lmal\u0131s\u0131n\u0131z? Bu yolculuk, ki\u015finin kendi geli\u015fimi ve ko\u00e7luk mesle\u011fine dair \u00f6zel profesyonel bilgiler verirken bir yandan da ICF taraf\u0131ndan uluslararas\u0131 ge\u00e7erlili\u011fi olan sertifikalar elde etmelerine olanak verir. Kurumlarda \u00e7al\u0131\u015fan profesyonel kat\u0131l\u0131mc\u0131lar\u0131m\u0131z\u0131n programlar\u0131m\u0131zda... Read More\" \/>\n<meta property=\"og:url\" content=\"https:\/\/pdricma.com.tr\/en\/nasil-katilabilirsiniz-2\/\" \/>\n<meta property=\"og:site_name\" content=\"PDR International Coaching &amp; Mentoring Academy\" \/>\n<meta property=\"article:publisher\" content=\"https:\/\/www.facebook.com\/people\/PDR-ICMA\/100064844886292\/\" \/>\n<meta property=\"article:modified_time\" content=\"2026-03-31T15:13:28+00:00\" \/>\n<meta property=\"og:image\" content=\"https:\/\/pdricma.com.tr\/wp-content\/uploads\/2023\/07\/1.modul-5.-gun-550x320.jpg\" \/>\n<meta name=\"twitter:card\" content=\"summary_large_image\" \/>\n<meta name=\"twitter:label1\" content=\"Est. reading time\" \/>\n\t<meta name=\"twitter:data1\" content=\"6 minutes\" \/>\n<script type=\"application\/ld+json\" class=\"yoast-schema-graph\">{\"@context\":\"https:\/\/schema.org\",\"@graph\":[{\"@type\":\"WebPage\",\"@id\":\"https:\/\/pdricma.com.tr\/nasil-katilabilirsiniz-2\/\",\"url\":\"https:\/\/pdricma.com.tr\/nasil-katilabilirsiniz-2\/\",\"name\":\"Nas\u0131l Kat\u0131labilirsiniz? - PDR International Coaching &amp; Mentoring Academy\",\"isPartOf\":{\"@id\":\"https:\/\/pdricma.com.tr\/#website\"},\"primaryImageOfPage\":{\"@id\":\"https:\/\/pdricma.com.tr\/nasil-katilabilirsiniz-2\/#primaryimage\"},\"image\":{\"@id\":\"https:\/\/pdricma.com.tr\/nasil-katilabilirsiniz-2\/#primaryimage\"},\"thumbnailUrl\":\"https:\/\/pdricma.com.tr\/wp-content\/uploads\/2023\/07\/1.modul-5.-gun-550x320.jpg\",\"datePublished\":\"2023-07-11T11:57:09+00:00\",\"dateModified\":\"2026-03-31T15:13:28+00:00\",\"breadcrumb\":{\"@id\":\"https:\/\/pdricma.com.tr\/nasil-katilabilirsiniz-2\/#breadcrumb\"},\"inLanguage\":\"en-US\",\"potentialAction\":[{\"@type\":\"ReadAction\",\"target\":[\"https:\/\/pdricma.com.tr\/nasil-katilabilirsiniz-2\/\"]}]},{\"@type\":\"ImageObject\",\"inLanguage\":\"en-US\",\"@id\":\"https:\/\/pdricma.com.tr\/nasil-katilabilirsiniz-2\/#primaryimage\",\"url\":\"https:\/\/pdricma.com.tr\/wp-content\/uploads\/2023\/07\/1.modul-5.-gun-550x320.jpg\",\"contentUrl\":\"https:\/\/pdricma.com.tr\/wp-content\/uploads\/2023\/07\/1.modul-5.-gun-550x320.jpg\"},{\"@type\":\"BreadcrumbList\",\"@id\":\"https:\/\/pdricma.com.tr\/nasil-katilabilirsiniz-2\/#breadcrumb\",\"itemListElement\":[{\"@type\":\"ListItem\",\"position\":1,\"name\":\"Anasayfa\",\"item\":\"https:\/\/pdricma.com.tr\/\"},{\"@type\":\"ListItem\",\"position\":2,\"name\":\"Nas\u0131l Kat\u0131labilirsiniz?\"}]},{\"@type\":\"WebSite\",\"@id\":\"https:\/\/pdricma.com.tr\/#website\",\"url\":\"https:\/\/pdricma.com.tr\/\",\"name\":\"PDR International Coaching & Mentoring Academy\",\"description\":\"\",\"publisher\":{\"@id\":\"https:\/\/pdricma.com.tr\/#organization\"},\"potentialAction\":[{\"@type\":\"SearchAction\",\"target\":{\"@type\":\"EntryPoint\",\"urlTemplate\":\"https:\/\/pdricma.com.tr\/?s={search_term_string}\"},\"query-input\":{\"@type\":\"PropertyValueSpecification\",\"valueRequired\":true,\"valueName\":\"search_term_string\"}}],\"inLanguage\":\"en-US\"},{\"@type\":\"Organization\",\"@id\":\"https:\/\/pdricma.com.tr\/#organization\",\"name\":\"PDR International Coaching & Mentoring Academy\",\"url\":\"https:\/\/pdricma.com.tr\/\",\"logo\":{\"@type\":\"ImageObject\",\"inLanguage\":\"en-US\",\"@id\":\"https:\/\/pdricma.com.tr\/#\/schema\/logo\/image\/\",\"url\":\"https:\/\/pdricma.com.tr\/wp-content\/uploads\/2023\/07\/PDRCOACHINGLOGO-01-002-1.png\",\"contentUrl\":\"https:\/\/pdricma.com.tr\/wp-content\/uploads\/2023\/07\/PDRCOACHINGLOGO-01-002-1.png\",\"width\":2307,\"height\":785,\"caption\":\"PDR International Coaching & Mentoring Academy\"},\"image\":{\"@id\":\"https:\/\/pdricma.com.tr\/#\/schema\/logo\/image\/\"},\"sameAs\":[\"https:\/\/www.facebook.com\/people\/PDR-ICMA\/100064844886292\/\",\"https:\/\/www.instagram.com\/pdricma\/\"]}]}<\/script>\n<!-- \/ Yoast SEO Premium plugin. -->","yoast_head_json":{"title":"Nas\u0131l Kat\u0131labilirsiniz? - PDR International Coaching &amp; Mentoring Academy","robots":{"index":"index","follow":"follow","max-snippet":"max-snippet:-1","max-image-preview":"max-image-preview:large","max-video-preview":"max-video-preview:-1"},"canonical":"https:\/\/pdricma.com.tr\/en\/nasil-katilabilirsiniz-2\/","og_locale":"en_US","og_type":"article","og_title":"Nas\u0131l Kat\u0131labilirsiniz?","og_description":"Nas\u0131l Kat\u0131labilirsiniz? &#8220;PDRICMA Profesyonel Ko\u00e7luk E\u011fitim Programlar\u0131na kat\u0131lmak i\u00e7in \u00f6zel \u00f6n ko\u015fullar bulunmamaktad\u0131r. Herkes bu programa kat\u0131labilir. En \u00f6nemli kriter; ki\u015finin bu yolculu\u011fa g\u00f6n\u00fcll\u00fc ve istekle \u00e7\u0131kmas\u0131d\u0131r.&#8221; \u2014 PDRICMA Akademi Neden Bu Programa Kat\u0131lmal\u0131s\u0131n\u0131z? Bu yolculuk, ki\u015finin kendi geli\u015fimi ve ko\u00e7luk mesle\u011fine dair \u00f6zel profesyonel bilgiler verirken bir yandan da ICF taraf\u0131ndan uluslararas\u0131 ge\u00e7erlili\u011fi olan sertifikalar elde etmelerine olanak verir. Kurumlarda \u00e7al\u0131\u015fan profesyonel kat\u0131l\u0131mc\u0131lar\u0131m\u0131z\u0131n programlar\u0131m\u0131zda... Read More","og_url":"https:\/\/pdricma.com.tr\/en\/nasil-katilabilirsiniz-2\/","og_site_name":"PDR International Coaching &amp; Mentoring Academy","article_publisher":"https:\/\/www.facebook.com\/people\/PDR-ICMA\/100064844886292\/","article_modified_time":"2026-03-31T15:13:28+00:00","og_image":[{"url":"https:\/\/pdricma.com.tr\/wp-content\/uploads\/2023\/07\/1.modul-5.-gun-550x320.jpg","type":"","width":"","height":""}],"twitter_card":"summary_large_image","twitter_misc":{"Est. reading time":"6 minutes"},"schema":{"@context":"https:\/\/schema.org","@graph":[{"@type":"WebPage","@id":"https:\/\/pdricma.com.tr\/nasil-katilabilirsiniz-2\/","url":"https:\/\/pdricma.com.tr\/nasil-katilabilirsiniz-2\/","name":"Nas\u0131l Kat\u0131labilirsiniz? - PDR International Coaching &amp; Mentoring Academy","isPartOf":{"@id":"https:\/\/pdricma.com.tr\/#website"},"primaryImageOfPage":{"@id":"https:\/\/pdricma.com.tr\/nasil-katilabilirsiniz-2\/#primaryimage"},"image":{"@id":"https:\/\/pdricma.com.tr\/nasil-katilabilirsiniz-2\/#primaryimage"},"thumbnailUrl":"https:\/\/pdricma.com.tr\/wp-content\/uploads\/2023\/07\/1.modul-5.-gun-550x320.jpg","datePublished":"2023-07-11T11:57:09+00:00","dateModified":"2026-03-31T15:13:28+00:00","breadcrumb":{"@id":"https:\/\/pdricma.com.tr\/nasil-katilabilirsiniz-2\/#breadcrumb"},"inLanguage":"en-US","potentialAction":[{"@type":"ReadAction","target":["https:\/\/pdricma.com.tr\/nasil-katilabilirsiniz-2\/"]}]},{"@type":"ImageObject","inLanguage":"en-US","@id":"https:\/\/pdricma.com.tr\/nasil-katilabilirsiniz-2\/#primaryimage","url":"https:\/\/pdricma.com.tr\/wp-content\/uploads\/2023\/07\/1.modul-5.-gun-550x320.jpg","contentUrl":"https:\/\/pdricma.com.tr\/wp-content\/uploads\/2023\/07\/1.modul-5.-gun-550x320.jpg"},{"@type":"BreadcrumbList","@id":"https:\/\/pdricma.com.tr\/nasil-katilabilirsiniz-2\/#breadcrumb","itemListElement":[{"@type":"ListItem","position":1,"name":"Anasayfa","item":"https:\/\/pdricma.com.tr\/"},{"@type":"ListItem","position":2,"name":"Nas\u0131l Kat\u0131labilirsiniz?"}]},{"@type":"WebSite","@id":"https:\/\/pdricma.com.tr\/#website","url":"https:\/\/pdricma.com.tr\/","name":"PDR International Coaching & Mentoring Academy","description":"","publisher":{"@id":"https:\/\/pdricma.com.tr\/#organization"},"potentialAction":[{"@type":"SearchAction","target":{"@type":"EntryPoint","urlTemplate":"https:\/\/pdricma.com.tr\/?s={search_term_string}"},"query-input":{"@type":"PropertyValueSpecification","valueRequired":true,"valueName":"search_term_string"}}],"inLanguage":"en-US"},{"@type":"Organization","@id":"https:\/\/pdricma.com.tr\/#organization","name":"PDR International Coaching & Mentoring Academy","url":"https:\/\/pdricma.com.tr\/","logo":{"@type":"ImageObject","inLanguage":"en-US","@id":"https:\/\/pdricma.com.tr\/#\/schema\/logo\/image\/","url":"https:\/\/pdricma.com.tr\/wp-content\/uploads\/2023\/07\/PDRCOACHINGLOGO-01-002-1.png","contentUrl":"https:\/\/pdricma.com.tr\/wp-content\/uploads\/2023\/07\/PDRCOACHINGLOGO-01-002-1.png","width":2307,"height":785,"caption":"PDR International Coaching & Mentoring Academy"},"image":{"@id":"https:\/\/pdricma.com.tr\/#\/schema\/logo\/image\/"},"sameAs":["https:\/\/www.facebook.com\/people\/PDR-ICMA\/100064844886292\/","https:\/\/www.instagram.com\/pdricma\/"]}]}},"_links":{"self":[{"href":"https:\/\/pdricma.com.tr\/en\/wp-json\/wp\/v2\/pages\/3838","targetHints":{"allow":["GET"]}}],"collection":[{"href":"https:\/\/pdricma.com.tr\/en\/wp-json\/wp\/v2\/pages"}],"about":[{"href":"https:\/\/pdricma.com.tr\/en\/wp-json\/wp\/v2\/types\/page"}],"author":[{"embeddable":true,"href":"https:\/\/pdricma.com.tr\/en\/wp-json\/wp\/v2\/users\/1"}],"replies":[{"embeddable":true,"href":"https:\/\/pdricma.com.tr\/en\/wp-json\/wp\/v2\/comments?post=3838"}],"version-history":[{"count":62,"href":"https:\/\/pdricma.com.tr\/en\/wp-json\/wp\/v2\/pages\/3838\/revisions"}],"predecessor-version":[{"id":7865,"href":"https:\/\/pdricma.com.tr\/en\/wp-json\/wp\/v2\/pages\/3838\/revisions\/7865"}],"wp:attachment":[{"href":"https:\/\/pdricma.com.tr\/en\/wp-json\/wp\/v2\/media?parent=3838"}],"curies":[{"name":"wp","href":"https:\/\/api.w.org\/{rel}","templated":true}]}}