{"id":3864,"date":"2023-07-11T17:23:34","date_gmt":"2023-07-11T14:23:34","guid":{"rendered":"https:\/\/pdricma.com.tr\/?page_id=3864"},"modified":"2024-12-10T16:34:48","modified_gmt":"2024-12-10T13:34:48","slug":"akredite-programlarimiz-2","status":"publish","type":"page","link":"https:\/\/pdricma.com.tr\/en\/akredite-programlarimiz-2\/","title":{"rendered":"Accredited Programs"},"content":{"rendered":"\t\t<div data-elementor-type=\"wp-post\" data-elementor-id=\"3864\" class=\"elementor elementor-3864\">\n\t\t\t\t\t\t<section class=\"elementor-section elementor-top-section elementor-element elementor-element-616b3f8 elementor-section-boxed elementor-section-height-default elementor-section-height-default\" data-id=\"616b3f8\" data-element_type=\"section\" data-settings=\"{&quot;background_background&quot;:&quot;classic&quot;,&quot;ekit_has_onepagescroll_dot&quot;:&quot;yes&quot;}\">\n\t\t\t\t\t\t\t<div class=\"elementor-background-overlay\"><\/div>\n\t\t\t\t\t\t\t<div class=\"elementor-container elementor-column-gap-default\">\n\t\t\t\t\t<div class=\"elementor-column elementor-col-100 elementor-top-column elementor-element elementor-element-718b3e8\" data-id=\"718b3e8\" data-element_type=\"column\">\n\t\t\t<div class=\"elementor-widget-wrap elementor-element-populated\">\n\t\t\t\t\t\t<div class=\"elementor-element elementor-element-af2bc77 elementor-widget elementor-widget-heading\" data-id=\"af2bc77\" data-element_type=\"widget\" data-settings=\"{&quot;ekit_we_effect_on&quot;:&quot;none&quot;}\" data-widget_type=\"heading.default\">\n\t\t\t\t<div class=\"elementor-widget-container\">\n\t\t\t<style>\/*! elementor - v3.21.0 - 08-05-2024 *\/\n.elementor-heading-title{padding:0;margin:0;line-height:1}.elementor-widget-heading .elementor-heading-title[class*=elementor-size-]>a{color:inherit;font-size:inherit;line-height:inherit}.elementor-widget-heading .elementor-heading-title.elementor-size-small{font-size:15px}.elementor-widget-heading .elementor-heading-title.elementor-size-medium{font-size:19px}.elementor-widget-heading .elementor-heading-title.elementor-size-large{font-size:29px}.elementor-widget-heading .elementor-heading-title.elementor-size-xl{font-size:39px}.elementor-widget-heading .elementor-heading-title.elementor-size-xxl{font-size:59px}<\/style><h1 class=\"elementor-heading-title elementor-size-default\">Akredite Programlar\u0131m\u0131z<\/h1>\t\t<\/div>\n\t\t\t\t<\/div>\n\t\t\t\t\t<\/div>\n\t\t<\/div>\n\t\t\t\t\t<\/div>\n\t\t<\/section>\n\t\t\t\t<section class=\"elementor-section elementor-top-section elementor-element elementor-element-3d99b81 elementor-section-boxed elementor-section-height-default elementor-section-height-default\" data-id=\"3d99b81\" data-element_type=\"section\" data-settings=\"{&quot;ekit_has_onepagescroll_dot&quot;:&quot;yes&quot;}\">\n\t\t\t\t\t\t<div class=\"elementor-container elementor-column-gap-default\">\n\t\t\t\t\t<div class=\"elementor-column elementor-col-50 elementor-top-column elementor-element elementor-element-e69bfed\" data-id=\"e69bfed\" data-element_type=\"column\">\n\t\t\t<div class=\"elementor-widget-wrap\">\n\t\t\t\t\t\t\t<\/div>\n\t\t<\/div>\n\t\t\t\t<div class=\"elementor-column elementor-col-50 elementor-top-column elementor-element elementor-element-976ff89\" data-id=\"976ff89\" data-element_type=\"column\">\n\t\t\t<div class=\"elementor-widget-wrap elementor-element-populated\">\n\t\t\t\t\t\t<div class=\"elementor-element elementor-element-07c3bce elementor-widget__width-initial elementor-invisible elementor-widget elementor-widget-text-editor\" data-id=\"07c3bce\" data-element_type=\"widget\" data-settings=\"{&quot;_animation&quot;:&quot;fadeInLeft&quot;,&quot;ekit_we_effect_on&quot;:&quot;none&quot;}\" data-widget_type=\"text-editor.default\">\n\t\t\t\t<div class=\"elementor-widget-container\">\n\t\t\t<style>\/*! elementor - v3.21.0 - 08-05-2024 *\/\n.elementor-widget-text-editor.elementor-drop-cap-view-stacked .elementor-drop-cap{background-color:#69727d;color:#fff}.elementor-widget-text-editor.elementor-drop-cap-view-framed .elementor-drop-cap{color:#69727d;border:3px solid;background-color:transparent}.elementor-widget-text-editor:not(.elementor-drop-cap-view-default) .elementor-drop-cap{margin-top:8px}.elementor-widget-text-editor:not(.elementor-drop-cap-view-default) .elementor-drop-cap-letter{width:1em;height:1em}.elementor-widget-text-editor .elementor-drop-cap{float:left;text-align:center;line-height:1;font-size:50px}.elementor-widget-text-editor .elementor-drop-cap-letter{display:inline-block}<\/style>\t\t\t\t<p><span style=\"color: #000000;\">PDRICMA ICF Onayl\u0131 Profesyonel Ko\u00e7luk Sertifikasyon Programlar\u0131 (Level 1 ve Level 2) uluslararas\u0131 ge\u00e7erlili\u011fi olan sertifikal\u0131 bir profesyonel ko\u00e7 olman\u0131n en h\u0131zl\u0131 ve en donan\u0131ml\u0131 yolunu arayan ki\u015filer i\u00e7in g\u00fc\u00e7l\u00fc ve fark yaratan programlard\u0131r.<\/span><\/p>\t\t\t\t\t\t<\/div>\n\t\t\t\t<\/div>\n\t\t\t\t\t<\/div>\n\t\t<\/div>\n\t\t\t\t\t<\/div>\n\t\t<\/section>\n\t\t\t\t<section class=\"elementor-section elementor-top-section elementor-element elementor-element-d5e5933 elementor-section-boxed elementor-section-height-default elementor-section-height-default\" data-id=\"d5e5933\" data-element_type=\"section\" data-settings=\"{&quot;ekit_has_onepagescroll_dot&quot;:&quot;yes&quot;}\">\n\t\t\t\t\t\t<div class=\"elementor-container elementor-column-gap-default\">\n\t\t\t\t\t<div class=\"elementor-column elementor-col-50 elementor-top-column elementor-element elementor-element-b411cd8\" data-id=\"b411cd8\" data-element_type=\"column\">\n\t\t\t<div class=\"elementor-widget-wrap elementor-element-populated\">\n\t\t\t\t\t\t<div class=\"elementor-element elementor-element-c339be9 elementor-invisible elementor-widget elementor-widget-image\" data-id=\"c339be9\" data-element_type=\"widget\" data-settings=\"{&quot;_animation&quot;:&quot;fadeInLeft&quot;,&quot;ekit_we_effect_on&quot;:&quot;none&quot;}\" data-widget_type=\"image.default\">\n\t\t\t\t<div class=\"elementor-widget-container\">\n\t\t\t<style>\/*! elementor - v3.21.0 - 08-05-2024 *\/\n.elementor-widget-image{text-align:center}.elementor-widget-image a{display:inline-block}.elementor-widget-image a img[src$=\".svg\"]{width:48px}.elementor-widget-image img{vertical-align:middle;display:inline-block}<\/style>\t\t\t\t\t\t\t\t\t\t<img fetchpriority=\"high\" decoding=\"async\" width=\"300\" height=\"300\" src=\"https:\/\/pdricma.com.tr\/wp-content\/uploads\/2023\/07\/CE_Level1_Color-300x300-1.png\" class=\"attachment-medium size-medium wp-image-4313\" alt=\"\" srcset=\"https:\/\/pdricma.com.tr\/wp-content\/uploads\/2023\/07\/CE_Level1_Color-300x300-1.png 300w, https:\/\/pdricma.com.tr\/wp-content\/uploads\/2023\/07\/CE_Level1_Color-300x300-1-150x150.png 150w, https:\/\/pdricma.com.tr\/wp-content\/uploads\/2023\/07\/CE_Level1_Color-300x300-1-250x250.png 250w\" sizes=\"(max-width: 300px) 100vw, 300px\" \/>\t\t\t\t\t\t\t\t\t\t\t\t\t<\/div>\n\t\t\t\t<\/div>\n\t\t\t\t\t<\/div>\n\t\t<\/div>\n\t\t\t\t<div class=\"elementor-column elementor-col-50 elementor-top-column elementor-element elementor-element-6a772d9\" data-id=\"6a772d9\" data-element_type=\"column\">\n\t\t\t<div class=\"elementor-widget-wrap elementor-element-populated\">\n\t\t\t\t\t\t<div class=\"elementor-element elementor-element-3dbea1a elementor-invisible elementor-widget elementor-widget-image\" data-id=\"3dbea1a\" data-element_type=\"widget\" data-settings=\"{&quot;_animation&quot;:&quot;fadeInLeft&quot;,&quot;ekit_we_effect_on&quot;:&quot;none&quot;}\" data-widget_type=\"image.default\">\n\t\t\t\t<div class=\"elementor-widget-container\">\n\t\t\t\t\t\t\t\t\t\t\t\t\t<img decoding=\"async\" width=\"300\" height=\"300\" src=\"https:\/\/pdricma.com.tr\/wp-content\/uploads\/2023\/07\/CE_Level2_Color-300x300-1.png\" class=\"attachment-medium size-medium wp-image-4369\" alt=\"\" srcset=\"https:\/\/pdricma.com.tr\/wp-content\/uploads\/2023\/07\/CE_Level2_Color-300x300-1.png 300w, https:\/\/pdricma.com.tr\/wp-content\/uploads\/2023\/07\/CE_Level2_Color-300x300-1-150x150.png 150w, https:\/\/pdricma.com.tr\/wp-content\/uploads\/2023\/07\/CE_Level2_Color-300x300-1-250x250.png 250w\" sizes=\"(max-width: 300px) 100vw, 300px\" \/>\t\t\t\t\t\t\t\t\t\t\t\t\t<\/div>\n\t\t\t\t<\/div>\n\t\t\t\t\t<\/div>\n\t\t<\/div>\n\t\t\t\t\t<\/div>\n\t\t<\/section>\n\t\t\t\t<section class=\"elementor-section elementor-top-section elementor-element elementor-element-eec5f74 elementor-section-boxed elementor-section-height-default elementor-section-height-default\" data-id=\"eec5f74\" data-element_type=\"section\" data-settings=\"{&quot;ekit_has_onepagescroll_dot&quot;:&quot;yes&quot;}\">\n\t\t\t\t\t\t<div class=\"elementor-container elementor-column-gap-default\">\n\t\t\t\t\t<div class=\"elementor-column elementor-col-50 elementor-top-column elementor-element elementor-element-61dcd42\" data-id=\"61dcd42\" data-element_type=\"column\">\n\t\t\t<div class=\"elementor-widget-wrap\">\n\t\t\t\t\t\t\t<\/div>\n\t\t<\/div>\n\t\t\t\t<div class=\"elementor-column elementor-col-50 elementor-top-column elementor-element elementor-element-5f69109\" data-id=\"5f69109\" data-element_type=\"column\">\n\t\t\t<div class=\"elementor-widget-wrap elementor-element-populated\">\n\t\t\t\t\t\t<div class=\"elementor-element elementor-element-f7164f5 elementor-widget__width-initial elementor-invisible elementor-widget elementor-widget-text-editor\" data-id=\"f7164f5\" data-element_type=\"widget\" data-settings=\"{&quot;_animation&quot;:&quot;fadeInLeft&quot;,&quot;ekit_we_effect_on&quot;:&quot;none&quot;}\" data-widget_type=\"text-editor.default\">\n\t\t\t\t<div class=\"elementor-widget-container\">\n\t\t\t\t\t\t\t<p style=\"color: #1c1a1a; font-size: 15px;\"><span style=\"font-family: var( --e-global-typography-text-font-family ), Sans-serif; font-weight: var( --e-global-typography-text-font-weight );\">Profesyonel olarak geli\u015fimini desteklemek isteyen ve de\u011fi\u015fimi ama\u00e7layan t\u00fcm bireyler programlara kat\u0131labilir.<\/span><\/p><p style=\"color: #1c1a1a; font-size: 15px;\">Programlar\u0131n ana amac\u0131, ki\u015filerin PDRICMA ICF Akredite e\u011fitim programlar\u0131n\u0131 tamamlayarak profesyonel ko\u00e7 olmalar\u0131na destek olmakt\u0131r. Bu kapsamda;<\/p><ul style=\"color: #1c1a1a; font-size: 15px;\"><li><span style=\"color: #000000;\">Ki\u015filerin d\u00fcnyay\u0131 tarafs\u0131z ve farkl\u0131l\u0131klar\u0131 kabullenen g\u00f6zle g\u00f6rmelerini sa\u011flamak,<\/span><\/li><li><span style=\"color: #000000;\">Ki\u015finin kendisi ve ba\u015fkalar\u0131 hakk\u0131nda fark\u0131ndal\u0131\u011f\u0131n\u0131 sa\u011flamak,<\/span><\/li><li>G\u00fc\u00e7l\u00fc ileti\u015fim becerileri kullanarak etki alan\u0131n\u0131 geli\u015ftirmek ve ili\u015fki y\u00f6netiminde derinle\u015fmek,<\/li><li>G\u00fc\u00e7l\u00fc ileti\u015fim becerileri kullanarak etki alan\u0131n\u0131 geli\u015ftirmek ve ili\u015fki y\u00f6netiminde derinle\u015fmek,<\/li><\/ul><p style=\"color: #1c1a1a; font-size: 15px;\">Programlar, ICF Unvanl\u0131 PDRICMA Fak\u00fclte Liderleri taraf\u0131ndan verilmektedir. Programlar \u00e7evrimi\u00e7i (on-line) ve y\u00fcz y\u00fcze s\u0131n\u0131f e\u011fitimleri se\u00e7enekleriyle T\u00fcrk\u00e7e ve \u0130ngilizce olarak yap\u0131lmaktad\u0131r. Farkl\u0131 dillerde ve yurtd\u0131\u015f\u0131nda ger\u00e7ekle\u015ftirilebilecek programlar i\u00e7in bizimle temasa ge\u00e7ebilirsiniz.<\/p><p style=\"color: #1c1a1a; font-size: 15px;\"><span style=\"font-weight: bolder;\">PDRICMA Profesyonel Ko\u00e7luk Sertifikasyon program\u0131m\u0131z\u0131 tamamlayan kat\u0131l\u0131mc\u0131lar\u0131m\u0131z ICF (Uluslararas\u0131 Ko\u00e7luk Federasyonu) taraf\u0131ndan onaylanm\u0131\u015f ve d\u00fcnya \u00e7ap\u0131nda kabul g\u00f6ren ko\u00e7luk sertifikalar\u0131na sahip olurlar.<\/span><\/p><p style=\"color: #1c1a1a; font-size: 15px;\">Bu programlar sizi ICF\/ International Coaching Fedaration taraf\u0131ndan akredite e\u011fitim almaya haz\u0131rlarken;<\/p><ul style=\"color: #1c1a1a; font-size: 15px;\"><li>Canl\u0131 ko\u00e7luk demolar\u0131 g\u00f6recek,<\/li><li>Becerilerinizi meslekta\u015flar\u0131n\u0131zla pratik yaparak geli\u015ftirecek,<\/li><li>Grup mentorluklar\u0131 alacak,<\/li><li>ICF Onayl\u0131 Ko\u00e7lar\u0131m\u0131zdan an\u0131nda geri bildirim alacaks\u0131n\u0131z.<\/li><\/ul>\t\t\t\t\t\t<\/div>\n\t\t\t\t<\/div>\n\t\t\t\t\t<\/div>\n\t\t<\/div>\n\t\t\t\t\t<\/div>\n\t\t<\/section>\n\t\t\t\t<section class=\"elementor-section elementor-top-section elementor-element elementor-element-2b94778 elementor-section-boxed elementor-section-height-default elementor-section-height-default\" data-id=\"2b94778\" data-element_type=\"section\" data-settings=\"{&quot;ekit_has_onepagescroll_dot&quot;:&quot;yes&quot;}\">\n\t\t\t\t\t\t<div class=\"elementor-container elementor-column-gap-default\">\n\t\t\t\t\t<div class=\"elementor-column elementor-col-100 elementor-top-column elementor-element elementor-element-bac7b6a\" data-id=\"bac7b6a\" data-element_type=\"column\">\n\t\t\t<div class=\"elementor-widget-wrap elementor-element-populated\">\n\t\t\t\t\t\t\t<\/div>\n\t\t<\/div>\n\t\t\t\t\t<\/div>\n\t\t<\/section>\n\t\t\t\t<section class=\"elementor-section elementor-top-section elementor-element elementor-element-75198e6 elementor-section-boxed elementor-section-height-default elementor-section-height-default\" data-id=\"75198e6\" data-element_type=\"section\" data-settings=\"{&quot;ekit_has_onepagescroll_dot&quot;:&quot;yes&quot;}\">\n\t\t\t\t\t\t<div class=\"elementor-container elementor-column-gap-default\">\n\t\t\t\t\t<div class=\"elementor-column elementor-col-50 elementor-top-column elementor-element elementor-element-6979a65\" data-id=\"6979a65\" data-element_type=\"column\">\n\t\t\t<div class=\"elementor-widget-wrap\">\n\t\t\t\t\t\t\t<\/div>\n\t\t<\/div>\n\t\t\t\t<div class=\"elementor-column elementor-col-50 elementor-top-column elementor-element elementor-element-08674c2\" data-id=\"08674c2\" data-element_type=\"column\">\n\t\t\t<div class=\"elementor-widget-wrap elementor-element-populated\">\n\t\t\t\t\t\t<div class=\"elementor-element elementor-element-1f8ee4f elementor-widget__width-initial elementor-invisible elementor-widget elementor-widget-text-editor\" data-id=\"1f8ee4f\" data-element_type=\"widget\" data-settings=\"{&quot;_animation&quot;:&quot;fadeInLeft&quot;,&quot;ekit_we_effect_on&quot;:&quot;none&quot;}\" data-widget_type=\"text-editor.default\">\n\t\t\t\t<div class=\"elementor-widget-container\">\n\t\t\t\t\t\t\t<div><span style=\"color: #1c1a1a; font-size: 15px; font-family: var( --e-global-typography-text-font-family ), Sans-serif; font-weight: bolder;\">Kat\u0131l\u0131m<\/span><span style=\"color: #1c1a1a; font-size: 15px; font-family: var( --e-global-typography-text-font-family ), Sans-serif; font-weight: var( --e-global-typography-text-font-weight );\">\u00a0<\/span><span style=\"font-size: 15px; font-family: var( --e-global-typography-text-font-family ), Sans-serif; font-weight: var( --e-global-typography-text-font-weight ); color: #0089cf;\">\u015eartlar\u0131:<\/span><\/div><p style=\"color: #1c1a1a; font-size: 15px;\">Kat\u0131l\u0131m ko\u015fullar\u0131 ile ilgili detayl\u0131 bilgi almak i\u00e7in\u00a0<span style=\"color: #0089cf;\">info@pdricma.com.tr<\/span>\u00a0adresimize e-mail g\u00f6nderebilir ya da<\/p><p style=\"color: #1c1a1a; font-size: 15px;\">0 216 709 17 37&#8217;den ula\u015fabilirsiniz.<\/p>\t\t\t\t\t\t<\/div>\n\t\t\t\t<\/div>\n\t\t\t\t\t<\/div>\n\t\t<\/div>\n\t\t\t\t\t<\/div>\n\t\t<\/section>\n\t\t\t\t<\/div>\n\t\t","protected":false},"excerpt":{"rendered":"<p>Akredite Programlar\u0131m\u0131z PDRICMA ICF Onayl\u0131 Profesyonel Ko\u00e7luk Sertifikasyon Programlar\u0131 (Level 1 ve Level 2) uluslararas\u0131 ge\u00e7erlili\u011fi olan sertifikal\u0131 bir profesyonel ko\u00e7 olman\u0131n en h\u0131zl\u0131 ve en donan\u0131ml\u0131 yolunu arayan ki\u015filer i\u00e7in g\u00fc\u00e7l\u00fc ve fark yaratan programlard\u0131r. Profesyonel olarak geli\u015fimini desteklemek isteyen ve de\u011fi\u015fimi ama\u00e7layan t\u00fcm bireyler programlara kat\u0131labilir. Programlar\u0131n ana amac\u0131, ki\u015filerin PDRICMA ICF Akredite e\u011fitim programlar\u0131n\u0131 tamamlayarak profesyonel ko\u00e7 olmalar\u0131na destek olmakt\u0131r. Bu kapsamda;&#8230; <\/p>\n<p class=\"more\"><a class=\"more-link\" href=\"https:\/\/pdricma.com.tr\/en\/akredite-programlarimiz-2\/\">Read More<\/a><\/p>","protected":false},"author":1,"featured_media":0,"parent":0,"menu_order":0,"comment_status":"closed","ping_status":"closed","template":"elementor_header_footer","meta":{"footnotes":""},"class_list":["post-3864","page","type-page","status-publish","hentry","is-cat-link-solid-light is-cat-link-rounded"],"yoast_head":"<!-- This site is optimized with the Yoast SEO Premium plugin v24.0 (Yoast SEO v26.9) - https:\/\/yoast.com\/product\/yoast-seo-premium-wordpress\/ -->\n<title>Akredite Programlar\u0131m\u0131z - PDR International Coaching &amp; Mentoring Academy<\/title>\n<meta name=\"robots\" content=\"index, follow, max-snippet:-1, max-image-preview:large, max-video-preview:-1\" \/>\n<link rel=\"canonical\" href=\"https:\/\/pdricma.com.tr\/en\/akredite-programlarimiz-2\/\" \/>\n<meta property=\"og:locale\" content=\"en_US\" \/>\n<meta property=\"og:type\" content=\"article\" \/>\n<meta property=\"og:title\" content=\"Akredite Programlar\u0131m\u0131z\" \/>\n<meta property=\"og:description\" content=\"Akredite Programlar\u0131m\u0131z PDRICMA ICF Onayl\u0131 Profesyonel Ko\u00e7luk Sertifikasyon Programlar\u0131 (Level 1 ve Level 2) uluslararas\u0131 ge\u00e7erlili\u011fi olan sertifikal\u0131 bir profesyonel ko\u00e7 olman\u0131n en h\u0131zl\u0131 ve en donan\u0131ml\u0131 yolunu arayan ki\u015filer i\u00e7in g\u00fc\u00e7l\u00fc ve fark yaratan programlard\u0131r. Profesyonel olarak geli\u015fimini desteklemek isteyen ve de\u011fi\u015fimi ama\u00e7layan t\u00fcm bireyler programlara kat\u0131labilir. Programlar\u0131n ana amac\u0131, ki\u015filerin PDRICMA ICF Akredite e\u011fitim programlar\u0131n\u0131 tamamlayarak profesyonel ko\u00e7 olmalar\u0131na destek olmakt\u0131r. Bu kapsamda;... Read More\" \/>\n<meta property=\"og:url\" content=\"https:\/\/pdricma.com.tr\/en\/akredite-programlarimiz-2\/\" \/>\n<meta property=\"og:site_name\" content=\"PDR International Coaching &amp; Mentoring Academy\" \/>\n<meta property=\"article:publisher\" content=\"https:\/\/www.facebook.com\/people\/PDR-ICMA\/100064844886292\/\" \/>\n<meta property=\"article:modified_time\" content=\"2024-12-10T13:34:48+00:00\" \/>\n<meta property=\"og:image\" content=\"https:\/\/pdricma.com.tr\/wp-content\/uploads\/2023\/07\/CE_Level1_Color-300x300-1.png\" \/>\n\t<meta property=\"og:image:width\" content=\"300\" \/>\n\t<meta property=\"og:image:height\" content=\"300\" \/>\n\t<meta property=\"og:image:type\" content=\"image\/png\" \/>\n<meta name=\"twitter:card\" content=\"summary_large_image\" \/>\n<meta name=\"twitter:label1\" content=\"Est. reading time\" \/>\n\t<meta name=\"twitter:data1\" content=\"2 minutes\" \/>\n<script type=\"application\/ld+json\" class=\"yoast-schema-graph\">{\"@context\":\"https:\/\/schema.org\",\"@graph\":[{\"@type\":\"WebPage\",\"@id\":\"https:\/\/pdricma.com.tr\/akredite-programlarimiz-2\/\",\"url\":\"https:\/\/pdricma.com.tr\/akredite-programlarimiz-2\/\",\"name\":\"Akredite Programlar\u0131m\u0131z - PDR International Coaching &amp; Mentoring Academy\",\"isPartOf\":{\"@id\":\"https:\/\/pdricma.com.tr\/#website\"},\"primaryImageOfPage\":{\"@id\":\"https:\/\/pdricma.com.tr\/akredite-programlarimiz-2\/#primaryimage\"},\"image\":{\"@id\":\"https:\/\/pdricma.com.tr\/akredite-programlarimiz-2\/#primaryimage\"},\"thumbnailUrl\":\"https:\/\/pdricma.com.tr\/wp-content\/uploads\/2023\/07\/CE_Level1_Color-300x300-1.png\",\"datePublished\":\"2023-07-11T14:23:34+00:00\",\"dateModified\":\"2024-12-10T13:34:48+00:00\",\"breadcrumb\":{\"@id\":\"https:\/\/pdricma.com.tr\/akredite-programlarimiz-2\/#breadcrumb\"},\"inLanguage\":\"en-US\",\"potentialAction\":[{\"@type\":\"ReadAction\",\"target\":[\"https:\/\/pdricma.com.tr\/akredite-programlarimiz-2\/\"]}]},{\"@type\":\"ImageObject\",\"inLanguage\":\"en-US\",\"@id\":\"https:\/\/pdricma.com.tr\/akredite-programlarimiz-2\/#primaryimage\",\"url\":\"https:\/\/pdricma.com.tr\/wp-content\/uploads\/2023\/07\/CE_Level1_Color-300x300-1.png\",\"contentUrl\":\"https:\/\/pdricma.com.tr\/wp-content\/uploads\/2023\/07\/CE_Level1_Color-300x300-1.png\"},{\"@type\":\"BreadcrumbList\",\"@id\":\"https:\/\/pdricma.com.tr\/akredite-programlarimiz-2\/#breadcrumb\",\"itemListElement\":[{\"@type\":\"ListItem\",\"position\":1,\"name\":\"Anasayfa\",\"item\":\"https:\/\/pdricma.com.tr\/\"},{\"@type\":\"ListItem\",\"position\":2,\"name\":\"Akredite Programlar\u0131m\u0131z\"}]},{\"@type\":\"WebSite\",\"@id\":\"https:\/\/pdricma.com.tr\/#website\",\"url\":\"https:\/\/pdricma.com.tr\/\",\"name\":\"PDR International Coaching & Mentoring Academy\",\"description\":\"\",\"publisher\":{\"@id\":\"https:\/\/pdricma.com.tr\/#organization\"},\"potentialAction\":[{\"@type\":\"SearchAction\",\"target\":{\"@type\":\"EntryPoint\",\"urlTemplate\":\"https:\/\/pdricma.com.tr\/?s={search_term_string}\"},\"query-input\":{\"@type\":\"PropertyValueSpecification\",\"valueRequired\":true,\"valueName\":\"search_term_string\"}}],\"inLanguage\":\"en-US\"},{\"@type\":\"Organization\",\"@id\":\"https:\/\/pdricma.com.tr\/#organization\",\"name\":\"PDR International Coaching & Mentoring Academy\",\"url\":\"https:\/\/pdricma.com.tr\/\",\"logo\":{\"@type\":\"ImageObject\",\"inLanguage\":\"en-US\",\"@id\":\"https:\/\/pdricma.com.tr\/#\/schema\/logo\/image\/\",\"url\":\"https:\/\/pdricma.com.tr\/wp-content\/uploads\/2023\/07\/PDRCOACHINGLOGO-01-002-1.png\",\"contentUrl\":\"https:\/\/pdricma.com.tr\/wp-content\/uploads\/2023\/07\/PDRCOACHINGLOGO-01-002-1.png\",\"width\":2307,\"height\":785,\"caption\":\"PDR International Coaching & Mentoring Academy\"},\"image\":{\"@id\":\"https:\/\/pdricma.com.tr\/#\/schema\/logo\/image\/\"},\"sameAs\":[\"https:\/\/www.facebook.com\/people\/PDR-ICMA\/100064844886292\/\",\"https:\/\/www.instagram.com\/pdricma\/\"]}]}<\/script>\n<!-- \/ Yoast SEO Premium plugin. -->","yoast_head_json":{"title":"Akredite Programlar\u0131m\u0131z - PDR International Coaching &amp; Mentoring Academy","robots":{"index":"index","follow":"follow","max-snippet":"max-snippet:-1","max-image-preview":"max-image-preview:large","max-video-preview":"max-video-preview:-1"},"canonical":"https:\/\/pdricma.com.tr\/en\/akredite-programlarimiz-2\/","og_locale":"en_US","og_type":"article","og_title":"Akredite Programlar\u0131m\u0131z","og_description":"Akredite Programlar\u0131m\u0131z PDRICMA ICF Onayl\u0131 Profesyonel Ko\u00e7luk Sertifikasyon Programlar\u0131 (Level 1 ve Level 2) uluslararas\u0131 ge\u00e7erlili\u011fi olan sertifikal\u0131 bir profesyonel ko\u00e7 olman\u0131n en h\u0131zl\u0131 ve en donan\u0131ml\u0131 yolunu arayan ki\u015filer i\u00e7in g\u00fc\u00e7l\u00fc ve fark yaratan programlard\u0131r. Profesyonel olarak geli\u015fimini desteklemek isteyen ve de\u011fi\u015fimi ama\u00e7layan t\u00fcm bireyler programlara kat\u0131labilir. Programlar\u0131n ana amac\u0131, ki\u015filerin PDRICMA ICF Akredite e\u011fitim programlar\u0131n\u0131 tamamlayarak profesyonel ko\u00e7 olmalar\u0131na destek olmakt\u0131r. Bu kapsamda;... Read More","og_url":"https:\/\/pdricma.com.tr\/en\/akredite-programlarimiz-2\/","og_site_name":"PDR International Coaching &amp; Mentoring Academy","article_publisher":"https:\/\/www.facebook.com\/people\/PDR-ICMA\/100064844886292\/","article_modified_time":"2024-12-10T13:34:48+00:00","og_image":[{"width":300,"height":300,"url":"https:\/\/pdricma.com.tr\/wp-content\/uploads\/2023\/07\/CE_Level1_Color-300x300-1.png","type":"image\/png"}],"twitter_card":"summary_large_image","twitter_misc":{"Est. reading time":"2 minutes"},"schema":{"@context":"https:\/\/schema.org","@graph":[{"@type":"WebPage","@id":"https:\/\/pdricma.com.tr\/akredite-programlarimiz-2\/","url":"https:\/\/pdricma.com.tr\/akredite-programlarimiz-2\/","name":"Akredite Programlar\u0131m\u0131z - PDR International Coaching &amp; Mentoring Academy","isPartOf":{"@id":"https:\/\/pdricma.com.tr\/#website"},"primaryImageOfPage":{"@id":"https:\/\/pdricma.com.tr\/akredite-programlarimiz-2\/#primaryimage"},"image":{"@id":"https:\/\/pdricma.com.tr\/akredite-programlarimiz-2\/#primaryimage"},"thumbnailUrl":"https:\/\/pdricma.com.tr\/wp-content\/uploads\/2023\/07\/CE_Level1_Color-300x300-1.png","datePublished":"2023-07-11T14:23:34+00:00","dateModified":"2024-12-10T13:34:48+00:00","breadcrumb":{"@id":"https:\/\/pdricma.com.tr\/akredite-programlarimiz-2\/#breadcrumb"},"inLanguage":"en-US","potentialAction":[{"@type":"ReadAction","target":["https:\/\/pdricma.com.tr\/akredite-programlarimiz-2\/"]}]},{"@type":"ImageObject","inLanguage":"en-US","@id":"https:\/\/pdricma.com.tr\/akredite-programlarimiz-2\/#primaryimage","url":"https:\/\/pdricma.com.tr\/wp-content\/uploads\/2023\/07\/CE_Level1_Color-300x300-1.png","contentUrl":"https:\/\/pdricma.com.tr\/wp-content\/uploads\/2023\/07\/CE_Level1_Color-300x300-1.png"},{"@type":"BreadcrumbList","@id":"https:\/\/pdricma.com.tr\/akredite-programlarimiz-2\/#breadcrumb","itemListElement":[{"@type":"ListItem","position":1,"name":"Anasayfa","item":"https:\/\/pdricma.com.tr\/"},{"@type":"ListItem","position":2,"name":"Akredite Programlar\u0131m\u0131z"}]},{"@type":"WebSite","@id":"https:\/\/pdricma.com.tr\/#website","url":"https:\/\/pdricma.com.tr\/","name":"PDR International Coaching & Mentoring Academy","description":"","publisher":{"@id":"https:\/\/pdricma.com.tr\/#organization"},"potentialAction":[{"@type":"SearchAction","target":{"@type":"EntryPoint","urlTemplate":"https:\/\/pdricma.com.tr\/?s={search_term_string}"},"query-input":{"@type":"PropertyValueSpecification","valueRequired":true,"valueName":"search_term_string"}}],"inLanguage":"en-US"},{"@type":"Organization","@id":"https:\/\/pdricma.com.tr\/#organization","name":"PDR International Coaching & Mentoring Academy","url":"https:\/\/pdricma.com.tr\/","logo":{"@type":"ImageObject","inLanguage":"en-US","@id":"https:\/\/pdricma.com.tr\/#\/schema\/logo\/image\/","url":"https:\/\/pdricma.com.tr\/wp-content\/uploads\/2023\/07\/PDRCOACHINGLOGO-01-002-1.png","contentUrl":"https:\/\/pdricma.com.tr\/wp-content\/uploads\/2023\/07\/PDRCOACHINGLOGO-01-002-1.png","width":2307,"height":785,"caption":"PDR International Coaching & Mentoring Academy"},"image":{"@id":"https:\/\/pdricma.com.tr\/#\/schema\/logo\/image\/"},"sameAs":["https:\/\/www.facebook.com\/people\/PDR-ICMA\/100064844886292\/","https:\/\/www.instagram.com\/pdricma\/"]}]}},"_links":{"self":[{"href":"https:\/\/pdricma.com.tr\/en\/wp-json\/wp\/v2\/pages\/3864","targetHints":{"allow":["GET"]}}],"collection":[{"href":"https:\/\/pdricma.com.tr\/en\/wp-json\/wp\/v2\/pages"}],"about":[{"href":"https:\/\/pdricma.com.tr\/en\/wp-json\/wp\/v2\/types\/page"}],"author":[{"embeddable":true,"href":"https:\/\/pdricma.com.tr\/en\/wp-json\/wp\/v2\/users\/1"}],"replies":[{"embeddable":true,"href":"https:\/\/pdricma.com.tr\/en\/wp-json\/wp\/v2\/comments?post=3864"}],"version-history":[{"count":106,"href":"https:\/\/pdricma.com.tr\/en\/wp-json\/wp\/v2\/pages\/3864\/revisions"}],"predecessor-version":[{"id":7168,"href":"https:\/\/pdricma.com.tr\/en\/wp-json\/wp\/v2\/pages\/3864\/revisions\/7168"}],"wp:attachment":[{"href":"https:\/\/pdricma.com.tr\/en\/wp-json\/wp\/v2\/media?parent=3864"}],"curies":[{"name":"wp","href":"https:\/\/api.w.org\/{rel}","templated":true}]}}