{"id":3896,"date":"2023-07-12T00:41:09","date_gmt":"2023-07-11T21:41:09","guid":{"rendered":"https:\/\/pdricma.com.tr\/?page_id=3896"},"modified":"2026-04-04T01:30:05","modified_gmt":"2026-04-03T22:30:05","slug":"pdricma-alumni-2","status":"publish","type":"page","link":"https:\/\/pdricma.com.tr\/en\/pdricma-alumni-2\/","title":{"rendered":"PDRICMA Alumni"},"content":{"rendered":"\t\t<div data-elementor-type=\"wp-post\" data-elementor-id=\"3896\" class=\"elementor elementor-3896\">\n\t\t\t\t\t\t<section class=\"elementor-section elementor-top-section elementor-element elementor-element-a5c3647 elementor-section-height-min-height elementor-section-boxed elementor-section-height-default elementor-section-items-middle\" data-id=\"a5c3647\" data-element_type=\"section\" data-settings=\"{&quot;background_background&quot;:&quot;classic&quot;,&quot;ekit_has_onepagescroll_dot&quot;:&quot;yes&quot;}\">\n\t\t\t\t\t\t\t<div class=\"elementor-background-overlay\"><\/div>\n\t\t\t\t\t\t\t<div class=\"elementor-container elementor-column-gap-default\">\n\t\t\t\t\t<div class=\"elementor-column elementor-col-100 elementor-top-column elementor-element elementor-element-\" data-id=\"\" data-element_type=\"column\">\n\t\t\t<div class=\"elementor-widget-wrap elementor-element-populated\">\n\t\t\t\t\t\t<div class=\"elementor-element elementor-element- elementor-widget elementor-widget-heading\" data-id=\"\" data-element_type=\"widget\" data-settings=\"{&quot;ekit_we_effect_on&quot;:&quot;none&quot;}\" data-widget_type=\"heading.default\">\n\t\t\t\t<div class=\"elementor-widget-container\">\n\t\t\t<style>\/*! elementor - v3.21.0 - 08-05-2024 *\/\n.elementor-heading-title{padding:0;margin:0;line-height:1}.elementor-widget-heading .elementor-heading-title[class*=elementor-size-]>a{color:inherit;font-size:inherit;line-height:inherit}.elementor-widget-heading .elementor-heading-title.elementor-size-small{font-size:15px}.elementor-widget-heading .elementor-heading-title.elementor-size-medium{font-size:19px}.elementor-widget-heading .elementor-heading-title.elementor-size-large{font-size:29px}.elementor-widget-heading .elementor-heading-title.elementor-size-xl{font-size:39px}.elementor-widget-heading .elementor-heading-title.elementor-size-xxl{font-size:59px}<\/style><h1 class=\"elementor-heading-title elementor-size-default\">PDRICMA Alumni<\/h1>\t\t<\/div>\n\t\t\t\t<\/div>\n\t\t\t\t\t<\/div>\n\t\t<\/div>\n\t\t\t\t\t<\/div>\n\t\t<\/section>\n\t\t\t\t<section class=\"elementor-section elementor-top-section elementor-element elementor-element-cb578e1 elementor-section-full_width elementor-section-height-default elementor-section-height-default\" data-id=\"cb578e1\" data-element_type=\"section\" data-settings=\"{&quot;background_background&quot;:&quot;classic&quot;,&quot;ekit_has_onepagescroll_dot&quot;:&quot;yes&quot;}\">\n\t\t\t\t\t\t<div class=\"elementor-container elementor-column-gap-default\">\n\t\t\t\t\t<div class=\"elementor-column elementor-col-100 elementor-top-column elementor-element elementor-element-\" data-id=\"\" data-element_type=\"column\">\n\t\t\t<div class=\"elementor-widget-wrap elementor-element-populated\">\n\t\t\t\t\t\t<div class=\"elementor-element elementor-element- elementor-widget elementor-widget-text-editor\" data-id=\"\" data-element_type=\"widget\" data-settings=\"{&quot;ekit_we_effect_on&quot;:&quot;none&quot;}\" data-widget_type=\"text-editor.default\">\n\t\t\t\t<div class=\"elementor-widget-container\">\n\t\t\t<style>\/*! elementor - v3.21.0 - 08-05-2024 *\/\n.elementor-widget-text-editor.elementor-drop-cap-view-stacked .elementor-drop-cap{background-color:#69727d;color:#fff}.elementor-widget-text-editor.elementor-drop-cap-view-framed .elementor-drop-cap{color:#69727d;border:3px solid;background-color:transparent}.elementor-widget-text-editor:not(.elementor-drop-cap-view-default) .elementor-drop-cap{margin-top:8px}.elementor-widget-text-editor:not(.elementor-drop-cap-view-default) .elementor-drop-cap-letter{width:1em;height:1em}.elementor-widget-text-editor .elementor-drop-cap{float:left;text-align:center;line-height:1;font-size:50px}.elementor-widget-text-editor .elementor-drop-cap-letter{display:inline-block}<\/style>\t\t\t\t<div style=\"max-width:1200px;margin:0 auto;padding:0;\"><div style=\"background:linear-gradient(135deg,#0d7377 0%,#14967b 100%);border-radius:16px;padding:40px 50px;margin:50px 20px 50px;text-align:center;box-shadow:0 10px 40px rgba(13,115,119,0.3);\"><p style=\"color:#fff;font-size:22px;font-style:italic;line-height:1.7;margin:0;font-weight:300;\">&#8220;Mezunlar\u0131m\u0131zla birlikte, ko\u00e7luk ve mentorluk yolculu\u011funda s\u00fcrekli geli\u015fim.&#8221;<\/p><div style=\"width:60px;height:3px;background:#c8a96e;margin:20px auto 0;border-radius:2px;\"><\/div><\/div><div style=\"background:#fff;border-radius:16px;padding:40px 50px;margin:0 20px 50px;box-shadow:0 8px 30px rgba(0,0,0,0.08);border-left:5px solid #0d7377;\"><h2 style=\"color:#0a2540;font-size:28px;margin:0 0 10px;font-weight:800;\">PDRICMA Alumni Grubu<\/h2><div style=\"width:50px;height:3px;background:linear-gradient(90deg,#0d7377,#c8a96e);border-radius:2px;margin-bottom:25px;\"><\/div><p style=\"color:#444;font-size:16px;line-height:1.85;margin:0 0 20px;\">PDRICMA Alumni Grubu, ICF Onayl\u0131 Profesyonel Ko\u00e7luk Sertifikasyon programlar\u0131ndan mezun olan t\u00fcm de\u011ferli kat\u0131l\u0131mc\u0131lar\u0131m\u0131z\u0131n yer ald\u0131\u011f\u0131 bir topluluktur.<\/p><p style=\"color:#444;font-size:16px;line-height:1.85;margin:0 0 20px;\">Mezunlar\u0131m\u0131z\u0131n, Ko\u00e7luk ve Mentorluk yolculuklar\u0131nda ihtiya\u00e7 duyduklar\u0131 her konuda onlar\u0131 desteklemek i\u00e7in kurdu\u011fumuz grubumuzla zaman zaman bir araya gelerek, payla\u015f\u0131mlarda bulunmay\u0131, Ko\u00e7luk ve Mentorluk konusunda geli\u015fmeleri payla\u015fmay\u0131 hedefliyoruz.<\/p><p style=\"color:#444;font-size:16px;line-height:1.85;margin:0 0 20px;\">PDRICMA Alumni Grubu, farkl\u0131 Sosyal Sorumluluk projelerimizde, G\u00f6n\u00fcll\u00fc Ko\u00e7luk yaparak, Ko\u00e7lu\u011fa her zaman de\u011fer katmaktad\u0131r.<\/p><p style=\"color:#444;font-size:16px;line-height:1.85;margin:0;\">T\u00fcm mezunlar\u0131m\u0131zla her zaman ileti\u015fimde kalmak ve onlar\u0131n yan\u0131nda olmak amac\u0131yla kurdu\u011fumuz grubumuza t\u00fcm PDRICMA Mezunlar\u0131m\u0131z kat\u0131labilmektedir.<\/p><\/div><div style=\"margin:0 20px 50px;text-align:center;\"><div style=\"border-radius:16px;overflow:hidden;box-shadow:0 10px 40px rgba(0,0,0,0.15);display:inline-block;max-width:100%;\"><img decoding=\"async\" src=\"https:\/\/pdricma.com.tr\/wp-content\/uploads\/2023\/07\/Resim1.jpg\" style=\"width:100%;max-width:800px;height:auto;display:block;\"><\/div><\/div><div style=\"background:linear-gradient(135deg,#0a2540 0%,#14506b 50%,#0d7377 100%);border-radius:16px;padding:50px;margin:0 20px 50px;text-align:center;box-shadow:0 15px 50px rgba(10,37,64,0.3);\"><h2 style=\"color:#fff;font-size:28px;font-weight:700;margin:0 0 15px;\">Alumni Grubuna Kat\u0131l\u0131n<\/h2><div style=\"width:60px;height:3px;background:#c8a96e;margin:0 auto 20px;border-radius:2px;\"><\/div><p style=\"color:rgba(255,255,255,0.9);font-size:18px;line-height:1.7;margin:0 0 25px;\">Siz de; PDRICMA Mezunuysan\u0131z ve hala PDRICMA Alumni grubuna dahil de\u011filseniz, hemen info@pdricma.com.tr adresimizden bize ula\u015fabilirsiniz.<\/p><div style=\"display:flex;justify-content:center;gap:30px;flex-wrap:wrap;\"><a href=\"mailto:info@pdricma.com.tr\" style=\"background:#c8a96e;color:#0a2540;font-size:16px;text-decoration:none;font-weight:700;padding:14px 30px;border-radius:8px;display:inline-block;\">\u2709 info@pdricma.com.tr<\/a><\/div><\/div><\/div>\t\t\t\t\t\t<\/div>\n\t\t\t\t<\/div>\n\t\t\t\t\t<\/div>\n\t\t<\/div>\n\t\t\t\t\t<\/div>\n\t\t<\/section>\n\t\t\t\t<\/div>\n\t\t","protected":false},"excerpt":{"rendered":"<p>PDRICMA Alumni &#8220;Mezunlar\u0131m\u0131zla birlikte, ko\u00e7luk ve mentorluk yolculu\u011funda s\u00fcrekli geli\u015fim.&#8221; PDRICMA Alumni Grubu PDRICMA Alumni Grubu, ICF Onayl\u0131 Profesyonel Ko\u00e7luk Sertifikasyon programlar\u0131ndan mezun olan t\u00fcm de\u011ferli kat\u0131l\u0131mc\u0131lar\u0131m\u0131z\u0131n yer ald\u0131\u011f\u0131 bir topluluktur. Mezunlar\u0131m\u0131z\u0131n, Ko\u00e7luk ve Mentorluk yolculuklar\u0131nda ihtiya\u00e7 duyduklar\u0131 her konuda onlar\u0131 desteklemek i\u00e7in kurdu\u011fumuz grubumuzla zaman zaman bir araya gelerek, payla\u015f\u0131mlarda bulunmay\u0131, Ko\u00e7luk ve Mentorluk konusunda geli\u015fmeleri payla\u015fmay\u0131 hedefliyoruz. PDRICMA Alumni Grubu, farkl\u0131 Sosyal Sorumluluk&#8230; <\/p>\n<p class=\"more\"><a class=\"more-link\" href=\"https:\/\/pdricma.com.tr\/en\/pdricma-alumni-2\/\">Read More<\/a><\/p>","protected":false},"author":1,"featured_media":0,"parent":0,"menu_order":0,"comment_status":"closed","ping_status":"closed","template":"elementor_header_footer","meta":{"footnotes":""},"class_list":["post-3896","page","type-page","status-publish","hentry","is-cat-link-solid-light is-cat-link-rounded"],"yoast_head":"<!-- This site is optimized with the Yoast SEO Premium plugin v24.0 (Yoast SEO v26.9) - https:\/\/yoast.com\/product\/yoast-seo-premium-wordpress\/ -->\n<title>PDRICMA Alumni - PDR International Coaching &amp; Mentoring Academy<\/title>\n<meta name=\"robots\" content=\"index, follow, max-snippet:-1, max-image-preview:large, max-video-preview:-1\" \/>\n<link rel=\"canonical\" href=\"https:\/\/pdricma.com.tr\/en\/pdricma-alumni-2\/\" \/>\n<meta property=\"og:locale\" content=\"en_US\" \/>\n<meta property=\"og:type\" content=\"article\" \/>\n<meta property=\"og:title\" content=\"PDRICMA Alumni\" \/>\n<meta property=\"og:description\" content=\"PDRICMA Alumni &#8220;Mezunlar\u0131m\u0131zla birlikte, ko\u00e7luk ve mentorluk yolculu\u011funda s\u00fcrekli geli\u015fim.&#8221; PDRICMA Alumni Grubu PDRICMA Alumni Grubu, ICF Onayl\u0131 Profesyonel Ko\u00e7luk Sertifikasyon programlar\u0131ndan mezun olan t\u00fcm de\u011ferli kat\u0131l\u0131mc\u0131lar\u0131m\u0131z\u0131n yer ald\u0131\u011f\u0131 bir topluluktur. Mezunlar\u0131m\u0131z\u0131n, Ko\u00e7luk ve Mentorluk yolculuklar\u0131nda ihtiya\u00e7 duyduklar\u0131 her konuda onlar\u0131 desteklemek i\u00e7in kurdu\u011fumuz grubumuzla zaman zaman bir araya gelerek, payla\u015f\u0131mlarda bulunmay\u0131, Ko\u00e7luk ve Mentorluk konusunda geli\u015fmeleri payla\u015fmay\u0131 hedefliyoruz. PDRICMA Alumni Grubu, farkl\u0131 Sosyal Sorumluluk... Read More\" \/>\n<meta property=\"og:url\" content=\"https:\/\/pdricma.com.tr\/en\/pdricma-alumni-2\/\" \/>\n<meta property=\"og:site_name\" content=\"PDR International Coaching &amp; Mentoring Academy\" \/>\n<meta property=\"article:publisher\" content=\"https:\/\/www.facebook.com\/people\/PDR-ICMA\/100064844886292\/\" \/>\n<meta property=\"article:modified_time\" content=\"2026-04-03T22:30:05+00:00\" \/>\n<meta property=\"og:image\" content=\"https:\/\/pdricma.com.tr\/wp-content\/uploads\/2023\/07\/Resim1.jpg\" \/>\n<meta name=\"twitter:card\" content=\"summary_large_image\" \/>\n<meta name=\"twitter:label1\" content=\"Est. reading time\" \/>\n\t<meta name=\"twitter:data1\" content=\"2 minutes\" \/>\n<script type=\"application\/ld+json\" class=\"yoast-schema-graph\">{\"@context\":\"https:\/\/schema.org\",\"@graph\":[{\"@type\":\"WebPage\",\"@id\":\"https:\/\/pdricma.com.tr\/pdricma-alumni-2\/\",\"url\":\"https:\/\/pdricma.com.tr\/pdricma-alumni-2\/\",\"name\":\"PDRICMA Alumni - PDR International Coaching &amp; Mentoring Academy\",\"isPartOf\":{\"@id\":\"https:\/\/pdricma.com.tr\/#website\"},\"primaryImageOfPage\":{\"@id\":\"https:\/\/pdricma.com.tr\/pdricma-alumni-2\/#primaryimage\"},\"image\":{\"@id\":\"https:\/\/pdricma.com.tr\/pdricma-alumni-2\/#primaryimage\"},\"thumbnailUrl\":\"https:\/\/pdricma.com.tr\/wp-content\/uploads\/2023\/07\/Resim1.jpg\",\"datePublished\":\"2023-07-11T21:41:09+00:00\",\"dateModified\":\"2026-04-03T22:30:05+00:00\",\"breadcrumb\":{\"@id\":\"https:\/\/pdricma.com.tr\/pdricma-alumni-2\/#breadcrumb\"},\"inLanguage\":\"en-US\",\"potentialAction\":[{\"@type\":\"ReadAction\",\"target\":[\"https:\/\/pdricma.com.tr\/pdricma-alumni-2\/\"]}]},{\"@type\":\"ImageObject\",\"inLanguage\":\"en-US\",\"@id\":\"https:\/\/pdricma.com.tr\/pdricma-alumni-2\/#primaryimage\",\"url\":\"https:\/\/pdricma.com.tr\/wp-content\/uploads\/2023\/07\/Resim1.jpg\",\"contentUrl\":\"https:\/\/pdricma.com.tr\/wp-content\/uploads\/2023\/07\/Resim1.jpg\"},{\"@type\":\"BreadcrumbList\",\"@id\":\"https:\/\/pdricma.com.tr\/pdricma-alumni-2\/#breadcrumb\",\"itemListElement\":[{\"@type\":\"ListItem\",\"position\":1,\"name\":\"Anasayfa\",\"item\":\"https:\/\/pdricma.com.tr\/\"},{\"@type\":\"ListItem\",\"position\":2,\"name\":\"PDRICMA Alumni\"}]},{\"@type\":\"WebSite\",\"@id\":\"https:\/\/pdricma.com.tr\/#website\",\"url\":\"https:\/\/pdricma.com.tr\/\",\"name\":\"PDR International Coaching & Mentoring Academy\",\"description\":\"\",\"publisher\":{\"@id\":\"https:\/\/pdricma.com.tr\/#organization\"},\"potentialAction\":[{\"@type\":\"SearchAction\",\"target\":{\"@type\":\"EntryPoint\",\"urlTemplate\":\"https:\/\/pdricma.com.tr\/?s={search_term_string}\"},\"query-input\":{\"@type\":\"PropertyValueSpecification\",\"valueRequired\":true,\"valueName\":\"search_term_string\"}}],\"inLanguage\":\"en-US\"},{\"@type\":\"Organization\",\"@id\":\"https:\/\/pdricma.com.tr\/#organization\",\"name\":\"PDR International Coaching & Mentoring Academy\",\"url\":\"https:\/\/pdricma.com.tr\/\",\"logo\":{\"@type\":\"ImageObject\",\"inLanguage\":\"en-US\",\"@id\":\"https:\/\/pdricma.com.tr\/#\/schema\/logo\/image\/\",\"url\":\"https:\/\/pdricma.com.tr\/wp-content\/uploads\/2023\/07\/PDRCOACHINGLOGO-01-002-1.png\",\"contentUrl\":\"https:\/\/pdricma.com.tr\/wp-content\/uploads\/2023\/07\/PDRCOACHINGLOGO-01-002-1.png\",\"width\":2307,\"height\":785,\"caption\":\"PDR International Coaching & Mentoring Academy\"},\"image\":{\"@id\":\"https:\/\/pdricma.com.tr\/#\/schema\/logo\/image\/\"},\"sameAs\":[\"https:\/\/www.facebook.com\/people\/PDR-ICMA\/100064844886292\/\",\"https:\/\/www.instagram.com\/pdricma\/\"]}]}<\/script>\n<!-- \/ Yoast SEO Premium plugin. -->","yoast_head_json":{"title":"PDRICMA Alumni - PDR International Coaching &amp; Mentoring Academy","robots":{"index":"index","follow":"follow","max-snippet":"max-snippet:-1","max-image-preview":"max-image-preview:large","max-video-preview":"max-video-preview:-1"},"canonical":"https:\/\/pdricma.com.tr\/en\/pdricma-alumni-2\/","og_locale":"en_US","og_type":"article","og_title":"PDRICMA Alumni","og_description":"PDRICMA Alumni &#8220;Mezunlar\u0131m\u0131zla birlikte, ko\u00e7luk ve mentorluk yolculu\u011funda s\u00fcrekli geli\u015fim.&#8221; PDRICMA Alumni Grubu PDRICMA Alumni Grubu, ICF Onayl\u0131 Profesyonel Ko\u00e7luk Sertifikasyon programlar\u0131ndan mezun olan t\u00fcm de\u011ferli kat\u0131l\u0131mc\u0131lar\u0131m\u0131z\u0131n yer ald\u0131\u011f\u0131 bir topluluktur. Mezunlar\u0131m\u0131z\u0131n, Ko\u00e7luk ve Mentorluk yolculuklar\u0131nda ihtiya\u00e7 duyduklar\u0131 her konuda onlar\u0131 desteklemek i\u00e7in kurdu\u011fumuz grubumuzla zaman zaman bir araya gelerek, payla\u015f\u0131mlarda bulunmay\u0131, Ko\u00e7luk ve Mentorluk konusunda geli\u015fmeleri payla\u015fmay\u0131 hedefliyoruz. PDRICMA Alumni Grubu, farkl\u0131 Sosyal Sorumluluk... Read More","og_url":"https:\/\/pdricma.com.tr\/en\/pdricma-alumni-2\/","og_site_name":"PDR International Coaching &amp; Mentoring Academy","article_publisher":"https:\/\/www.facebook.com\/people\/PDR-ICMA\/100064844886292\/","article_modified_time":"2026-04-03T22:30:05+00:00","og_image":[{"url":"https:\/\/pdricma.com.tr\/wp-content\/uploads\/2023\/07\/Resim1.jpg","type":"","width":"","height":""}],"twitter_card":"summary_large_image","twitter_misc":{"Est. reading time":"2 minutes"},"schema":{"@context":"https:\/\/schema.org","@graph":[{"@type":"WebPage","@id":"https:\/\/pdricma.com.tr\/pdricma-alumni-2\/","url":"https:\/\/pdricma.com.tr\/pdricma-alumni-2\/","name":"PDRICMA Alumni - PDR International Coaching &amp; Mentoring Academy","isPartOf":{"@id":"https:\/\/pdricma.com.tr\/#website"},"primaryImageOfPage":{"@id":"https:\/\/pdricma.com.tr\/pdricma-alumni-2\/#primaryimage"},"image":{"@id":"https:\/\/pdricma.com.tr\/pdricma-alumni-2\/#primaryimage"},"thumbnailUrl":"https:\/\/pdricma.com.tr\/wp-content\/uploads\/2023\/07\/Resim1.jpg","datePublished":"2023-07-11T21:41:09+00:00","dateModified":"2026-04-03T22:30:05+00:00","breadcrumb":{"@id":"https:\/\/pdricma.com.tr\/pdricma-alumni-2\/#breadcrumb"},"inLanguage":"en-US","potentialAction":[{"@type":"ReadAction","target":["https:\/\/pdricma.com.tr\/pdricma-alumni-2\/"]}]},{"@type":"ImageObject","inLanguage":"en-US","@id":"https:\/\/pdricma.com.tr\/pdricma-alumni-2\/#primaryimage","url":"https:\/\/pdricma.com.tr\/wp-content\/uploads\/2023\/07\/Resim1.jpg","contentUrl":"https:\/\/pdricma.com.tr\/wp-content\/uploads\/2023\/07\/Resim1.jpg"},{"@type":"BreadcrumbList","@id":"https:\/\/pdricma.com.tr\/pdricma-alumni-2\/#breadcrumb","itemListElement":[{"@type":"ListItem","position":1,"name":"Anasayfa","item":"https:\/\/pdricma.com.tr\/"},{"@type":"ListItem","position":2,"name":"PDRICMA Alumni"}]},{"@type":"WebSite","@id":"https:\/\/pdricma.com.tr\/#website","url":"https:\/\/pdricma.com.tr\/","name":"PDR International Coaching & Mentoring Academy","description":"","publisher":{"@id":"https:\/\/pdricma.com.tr\/#organization"},"potentialAction":[{"@type":"SearchAction","target":{"@type":"EntryPoint","urlTemplate":"https:\/\/pdricma.com.tr\/?s={search_term_string}"},"query-input":{"@type":"PropertyValueSpecification","valueRequired":true,"valueName":"search_term_string"}}],"inLanguage":"en-US"},{"@type":"Organization","@id":"https:\/\/pdricma.com.tr\/#organization","name":"PDR International Coaching & Mentoring Academy","url":"https:\/\/pdricma.com.tr\/","logo":{"@type":"ImageObject","inLanguage":"en-US","@id":"https:\/\/pdricma.com.tr\/#\/schema\/logo\/image\/","url":"https:\/\/pdricma.com.tr\/wp-content\/uploads\/2023\/07\/PDRCOACHINGLOGO-01-002-1.png","contentUrl":"https:\/\/pdricma.com.tr\/wp-content\/uploads\/2023\/07\/PDRCOACHINGLOGO-01-002-1.png","width":2307,"height":785,"caption":"PDR International Coaching & Mentoring Academy"},"image":{"@id":"https:\/\/pdricma.com.tr\/#\/schema\/logo\/image\/"},"sameAs":["https:\/\/www.facebook.com\/people\/PDR-ICMA\/100064844886292\/","https:\/\/www.instagram.com\/pdricma\/"]}]}},"_links":{"self":[{"href":"https:\/\/pdricma.com.tr\/en\/wp-json\/wp\/v2\/pages\/3896","targetHints":{"allow":["GET"]}}],"collection":[{"href":"https:\/\/pdricma.com.tr\/en\/wp-json\/wp\/v2\/pages"}],"about":[{"href":"https:\/\/pdricma.com.tr\/en\/wp-json\/wp\/v2\/types\/page"}],"author":[{"embeddable":true,"href":"https:\/\/pdricma.com.tr\/en\/wp-json\/wp\/v2\/users\/1"}],"replies":[{"embeddable":true,"href":"https:\/\/pdricma.com.tr\/en\/wp-json\/wp\/v2\/comments?post=3896"}],"version-history":[{"count":17,"href":"https:\/\/pdricma.com.tr\/en\/wp-json\/wp\/v2\/pages\/3896\/revisions"}],"predecessor-version":[{"id":8059,"href":"https:\/\/pdricma.com.tr\/en\/wp-json\/wp\/v2\/pages\/3896\/revisions\/8059"}],"wp:attachment":[{"href":"https:\/\/pdricma.com.tr\/en\/wp-json\/wp\/v2\/media?parent=3896"}],"curies":[{"name":"wp","href":"https:\/\/api.w.org\/{rel}","templated":true}]}}