{"id":3902,"date":"2023-07-12T00:44:56","date_gmt":"2023-07-11T21:44:56","guid":{"rendered":"https:\/\/pdricma.com.tr\/?page_id=3902"},"modified":"2026-04-03T14:32:31","modified_gmt":"2026-04-03T11:32:31","slug":"pdricma-kocluk-yaklasimimiz-2","status":"publish","type":"page","link":"https:\/\/pdricma.com.tr\/en\/pdricma-kocluk-yaklasimimiz-2\/","title":{"rendered":"PDRICMA Coaching Approach"},"content":{"rendered":"\t\t<div data-elementor-type=\"wp-post\" data-elementor-id=\"3902\" class=\"elementor elementor-3902\">\n\t\t\t\t\t\t<section class=\"elementor-section elementor-top-section elementor-element elementor-element-616b3f8 elementor-section-boxed elementor-section-content-center elementor-section-height-default elementor-section-height-default\" data-id=\"616b3f8\" data-element_type=\"section\" data-settings=\"{&quot;background_background&quot;:&quot;classic&quot;,&quot;ekit_has_onepagescroll_dot&quot;:&quot;yes&quot;}\">\n\t\t\t\t\t\t\t<div class=\"elementor-background-overlay\"><\/div>\n\t\t\t\t\t\t\t<div class=\"elementor-container elementor-column-gap-default\">\n\t\t\t\t\t<div class=\"elementor-column elementor-col-100 elementor-top-column elementor-element elementor-element-c1x\" data-id=\"c1x\" data-element_type=\"column\">\n\t\t\t<div class=\"elementor-widget-wrap elementor-element-populated\">\n\t\t\t\t\t\t<div class=\"elementor-element elementor-element-h1x elementor-widget elementor-widget-heading\" data-id=\"h1x\" data-element_type=\"widget\" data-settings=\"{&quot;ekit_we_effect_on&quot;:&quot;none&quot;}\" data-widget_type=\"heading.default\">\n\t\t\t\t<div class=\"elementor-widget-container\">\n\t\t\t<style>\/*! elementor - v3.21.0 - 08-05-2024 *\/\n.elementor-heading-title{padding:0;margin:0;line-height:1}.elementor-widget-heading .elementor-heading-title[class*=elementor-size-]>a{color:inherit;font-size:inherit;line-height:inherit}.elementor-widget-heading .elementor-heading-title.elementor-size-small{font-size:15px}.elementor-widget-heading .elementor-heading-title.elementor-size-medium{font-size:19px}.elementor-widget-heading .elementor-heading-title.elementor-size-large{font-size:29px}.elementor-widget-heading .elementor-heading-title.elementor-size-xl{font-size:39px}.elementor-widget-heading .elementor-heading-title.elementor-size-xxl{font-size:59px}<\/style><h2 class=\"elementor-heading-title elementor-size-default\">PDRICMA Ko\u00e7luk Yakla\u015f\u0131m\u0131m\u0131z<\/h2>\t\t<\/div>\n\t\t\t\t<\/div>\n\t\t\t\t\t<\/div>\n\t\t<\/div>\n\t\t\t\t\t<\/div>\n\t\t<\/section>\n\t\t\t\t<section class=\"elementor-section elementor-top-section elementor-element elementor-element-d293e47 elementor-section-full_width elementor-section-height-default elementor-section-height-default\" data-id=\"d293e47\" data-element_type=\"section\" data-settings=\"{&quot;ekit_has_onepagescroll_dot&quot;:&quot;yes&quot;}\">\n\t\t\t\t\t\t<div class=\"elementor-container elementor-column-gap-default\">\n\t\t\t\t\t<div class=\"elementor-column elementor-col-100 elementor-top-column elementor-element elementor-element-c2x\" data-id=\"c2x\" data-element_type=\"column\">\n\t\t\t<div class=\"elementor-widget-wrap elementor-element-populated\">\n\t\t\t\t\t\t<div class=\"elementor-element elementor-element-tex elementor-widget elementor-widget-text-editor\" data-id=\"tex\" data-element_type=\"widget\" data-settings=\"{&quot;ekit_we_effect_on&quot;:&quot;none&quot;}\" data-widget_type=\"text-editor.default\">\n\t\t\t\t<div class=\"elementor-widget-container\">\n\t\t\t<style>\/*! elementor - v3.21.0 - 08-05-2024 *\/\n.elementor-widget-text-editor.elementor-drop-cap-view-stacked .elementor-drop-cap{background-color:#69727d;color:#fff}.elementor-widget-text-editor.elementor-drop-cap-view-framed .elementor-drop-cap{color:#69727d;border:3px solid;background-color:transparent}.elementor-widget-text-editor:not(.elementor-drop-cap-view-default) .elementor-drop-cap{margin-top:8px}.elementor-widget-text-editor:not(.elementor-drop-cap-view-default) .elementor-drop-cap-letter{width:1em;height:1em}.elementor-widget-text-editor .elementor-drop-cap{float:left;text-align:center;line-height:1;font-size:50px}.elementor-widget-text-editor .elementor-drop-cap-letter{display:inline-block}<\/style>\t\t\t\t<div style=\"max-width:1140px;margin:0 auto;padding:40px 20px;\"><div style=\"background:linear-gradient(135deg,#0d7377,#14919b);border-radius:12px;padding:35px 40px;margin-bottom:50px;position:relative;\"><p style=\"color:#fff;font-size:17px;font-style:italic;line-height:1.8;margin:0;\">Ko\u00e7luk mesle\u011fini do\u011furan ve bu denli \u00f6nemli k\u0131lan ko\u015ful; ya\u015fad\u0131\u011f\u0131m\u0131z t\u00fcm de\u011fi\u015fimler i\u00e7inde kendi hayat\u0131m\u0131zla ilgili do\u011fru hedefleri belirlerken ve her t\u00fcrl\u00fc karar\u0131 al\u0131rken itici g\u00fcce ihtiya\u00e7 duymam\u0131zd\u0131r.<\/p><\/div><h2 style=\"color:#0d7377;font-size:30px;font-weight:700;margin-bottom:8px;\">Ko\u00e7luk Nedir?<\/h2><div style=\"width:60px;height:3px;background:#0d7377;margin-bottom:25px;\"><\/div><p style=\"color:#333;font-size:16px;line-height:1.8;margin-bottom:15px;\">Meslekler bir ihtiya\u00e7 oldu\u011funda do\u011far veya ihtiya\u00e7 bitti\u011finde \u00f6l\u00fcrler. Ko\u00e7luk mesle\u011finin en h\u0131zl\u0131 geli\u015fen meslek grubunda yer almas\u0131n\u0131n tesad\u00fcf olmad\u0131\u011f\u0131 a\u00e7\u0131k\u00e7a ortadad\u0131r.<\/p><p style=\"color:#333;font-size:16px;line-height:1.8;margin-bottom:15px;\">Ko\u00e7luk; bizim var olan potansiyelimizi ortaya \u00e7\u0131kar\u0131rken, bu h\u0131zl\u0131 tempolu d\u00fcnyada ger\u00e7ek vizyon ve tutkumuzla ilerlememize yard\u0131mc\u0131 olmaktad\u0131r. Ko\u00e7luk i\u00e7 motivasyonumuzu tetikleyerek hayallerimizin ger\u00e7e\u011fe d\u00f6n\u00fc\u015fmesini sa\u011flayan en g\u00fc\u00e7l\u00fc ara\u00e7lardand\u0131r.<\/p><h2 style=\"color:#0d7377;font-size:30px;font-weight:700;margin-top:40px;margin-bottom:8px;\">ICF Akredite Programlar\u0131m\u0131z<\/h2><div style=\"width:60px;height:3px;background:#0d7377;margin-bottom:25px;\"><\/div><p style=\"color:#333;font-size:16px;line-height:1.8;margin-bottom:15px;\">ICF Akredite Profesyonel Ko\u00e7luk Programlar\u0131m\u0131z; ko\u00e7lu\u011fu i\u00e7ten d\u0131\u015fa anlat\u0131r, bunu yaparken derinlemesine incelemelerden ve farkl\u0131 disiplinlerden faydalan\u0131r.<\/p><p style=\"color:#333;font-size:16px;line-height:1.8;margin-bottom:15px;\">PDRICMA olarak en etkili y\u00f6ntemleri \u00f6zg\u00fcn bir modelde birle\u015ftirirken, insan odakl\u0131 bir yakla\u015f\u0131m ile haz\u0131rlanan <strong>PDRICMA STAR Modelini<\/strong> kullan\u0131r\u0131z.<\/p><h2 style=\"color:#0d7377;font-size:30px;font-weight:700;margin-top:40px;margin-bottom:8px;\">Temel Yakla\u015f\u0131m\u0131m\u0131z<\/h2><div style=\"width:60px;height:3px;background:#0d7377;margin-bottom:25px;\"><\/div><p style=\"color:#333;font-size:16px;line-height:1.8;margin-bottom:20px;\">Yakla\u015f\u0131m\u0131m\u0131z \u015fu \u00fc\u00e7 temel bilgiye dayan\u0131r:<\/p><div style=\"display:grid;grid-template-columns:repeat(3,1fr);gap:20px;margin-bottom:40px;\"><div style=\"background:#f0fafa;border-left:4px solid #0d7377;border-radius:8px;padding:25px;\"><h4 style=\"color:#0d7377;font-size:18px;margin-bottom:10px;\">\u0130\u00e7sel Bili\u015f<\/h4><p style=\"color:#555;font-size:15px;line-height:1.7;margin:0;\">Her insan kendisi i\u00e7in neyin do\u011fru oldu\u011funa ili\u015fkin &#8216;i\u00e7sel bilme\/bili\u015f&#8217; \u00f6zelli\u011fine sahiptir.<\/p><\/div><div style=\"background:#f0fafa;border-left:4px solid #0d7377;border-radius:8px;padding:25px;\"><h4 style=\"color:#0d7377;font-size:18px;margin-bottom:10px;\">\u0130\u00e7sel Kaynaklar<\/h4><p style=\"color:#555;font-size:15px;line-height:1.7;margin:0;\">\u0130nsanlar \u00f6zg\u00fcrce yapt\u0131klar\u0131 se\u00e7imler sonucu istedikleri ya\u015fam\u0131 yaratabilecekleri &#8216;i\u00e7sel kaynaklara&#8217; sahiptir.<\/p><\/div><div style=\"background:#f0fafa;border-left:4px solid #0d7377;border-radius:8px;padding:25px;\"><h4 style=\"color:#0d7377;font-size:18px;margin-bottom:10px;\">Geli\u015ftirilebilir Potansiyel<\/h4><p style=\"color:#555;font-size:15px;line-height:1.7;margin:0;\">Her insan geli\u015ftirilebilir potansiyele sahiptir ve biriciktir.<\/p><\/div><\/div><h2 style=\"color:#0d7377;font-size:30px;font-weight:700;margin-top:40px;margin-bottom:8px;\">Misyonumuz ve Vizyonumuz<\/h2><div style=\"width:60px;height:3px;background:#0d7377;margin-bottom:25px;\"><\/div><p style=\"color:#333;font-size:16px;line-height:1.8;margin-bottom:15px;\">PDRICMA Profesyonel Ko\u00e7luk Sertifikasyon Programlar\u0131m\u0131z\u0131n misyonu <strong>&#8220;Ko\u00e7luk felsefesini (ko\u00e7 olma halini) ve duru\u015funu i\u00e7selle\u015ftirmi\u015f, evrensel de\u011ferlerle donanm\u0131\u015f profesyonel ko\u00e7lar ve mentorlar yeti\u015ftirmektir.&#8221;<\/strong><\/p><p style=\"color:#333;font-size:16px;line-height:1.8;margin-bottom:15px;\">Bu kapsamda vizyonumuz ise <strong>&#8220;T\u00fcrkiye&#8217;nin en \u00e7ok tercih edilen ve ilham veren Profesyonel Ko\u00e7luk ve Mentorluk Akademisi&#8221;<\/strong> olmakt\u0131r.<\/p><h2 style=\"color:#0d7377;font-size:30px;font-weight:700;margin-top:40px;margin-bottom:8px;\">Programlar\u0131m\u0131z\u0131n Kazan\u0131mlar\u0131<\/h2><div style=\"width:60px;height:3px;background:#0d7377;margin-bottom:25px;\"><\/div><p style=\"color:#333;font-size:16px;line-height:1.8;margin-bottom:15px;\">Programlar\u0131m\u0131z sonunda her bir mezunumuz:<\/p><ul style=\"color:#333;font-size:16px;line-height:2;margin-bottom:15px;padding-left:20px;\"><li>Profesyonel ko\u00e7luk s\u00fcrecini etkin bir \u015fekilde a\u00e7\u0131kl\u0131\u011fa kavu\u015fturabilecek<\/li><li>Ko\u00e7luk felsefesini i\u00e7selle\u015ftirecek<\/li><li>Dan\u0131\u015fan\u0131n\u0131n ihtiyac\u0131n\u0131 do\u011fru belirleyebilecek<\/li><li>Dan\u0131\u015fan\u0131n\u0131n hedefine ula\u015fabilmesi i\u00e7in gereken eylem plan\u0131 olu\u015fturmas\u0131n\u0131 kuvvetle destekleyebilecektir<\/li><\/ul><p style=\"color:#333;font-size:16px;line-height:1.8;margin-bottom:15px;\">PDRICMA Profesyonel Ko\u00e7luk Sertifikasyon Program\u0131m\u0131zdan mezun olan her ko\u00e7umuza, hayat\u0131 boyunca t\u00fcm ko\u00e7luk ve mentorluk yolculu\u011funda ve unvan alma s\u00fcre\u00e7lerinde destek olmaktay\u0131z.<\/p><div style=\"background:linear-gradient(135deg,#0d7377,#14919b);border-radius:12px;padding:40px;text-align:center;margin-top:40px;margin-bottom:30px;\"><h3 style=\"color:#fff;font-size:24px;font-weight:700;margin-bottom:15px;\">Bizimle \u0130leti\u015fime Ge\u00e7in<\/h3><p style=\"color:rgba(255,255,255,0.9);font-size:16px;margin-bottom:15px;\">PDRICMA olarak biz; ko\u00e7lu\u011fa ve mentorlu\u011fa her zaman de\u011fer katan ve en \u00e7ok tercih edilen Akademi olmay\u0131 hedefledik.<\/p><p style=\"color:#fff;font-size:15px;\">info@pdricma.com.tr | 0216 709 17 37<\/p><\/div><\/div>\t\t\t\t\t\t<\/div>\n\t\t\t\t<\/div>\n\t\t\t\t\t<\/div>\n\t\t<\/div>\n\t\t\t\t\t<\/div>\n\t\t<\/section>\n\t\t\t\t<\/div>\n\t\t","protected":false},"excerpt":{"rendered":"<p>PDRICMA Ko\u00e7luk Yakla\u015f\u0131m\u0131m\u0131z Ko\u00e7luk mesle\u011fini do\u011furan ve bu denli \u00f6nemli k\u0131lan ko\u015ful; ya\u015fad\u0131\u011f\u0131m\u0131z t\u00fcm de\u011fi\u015fimler i\u00e7inde kendi hayat\u0131m\u0131zla ilgili do\u011fru hedefleri belirlerken ve her t\u00fcrl\u00fc karar\u0131 al\u0131rken itici g\u00fcce ihtiya\u00e7 duymam\u0131zd\u0131r. Ko\u00e7luk Nedir? Meslekler bir ihtiya\u00e7 oldu\u011funda do\u011far veya ihtiya\u00e7 bitti\u011finde \u00f6l\u00fcrler. Ko\u00e7luk mesle\u011finin en h\u0131zl\u0131 geli\u015fen meslek grubunda yer almas\u0131n\u0131n tesad\u00fcf olmad\u0131\u011f\u0131 a\u00e7\u0131k\u00e7a ortadad\u0131r. Ko\u00e7luk; bizim var olan potansiyelimizi ortaya \u00e7\u0131kar\u0131rken, bu h\u0131zl\u0131 tempolu&#8230; <\/p>\n<p class=\"more\"><a class=\"more-link\" href=\"https:\/\/pdricma.com.tr\/en\/pdricma-kocluk-yaklasimimiz-2\/\">Read More<\/a><\/p>","protected":false},"author":1,"featured_media":0,"parent":0,"menu_order":0,"comment_status":"closed","ping_status":"closed","template":"elementor_header_footer","meta":{"footnotes":""},"class_list":["post-3902","page","type-page","status-publish","hentry","is-cat-link-solid-light is-cat-link-rounded"],"yoast_head":"<!-- This site is optimized with the Yoast SEO Premium plugin v24.0 (Yoast SEO v26.9) - https:\/\/yoast.com\/product\/yoast-seo-premium-wordpress\/ -->\n<title>PDRICMA Ko\u00e7luk Yakla\u015f\u0131m\u0131m\u0131z - PDR International Coaching &amp; Mentoring Academy<\/title>\n<meta name=\"robots\" content=\"index, follow, max-snippet:-1, max-image-preview:large, max-video-preview:-1\" \/>\n<link rel=\"canonical\" href=\"https:\/\/pdricma.com.tr\/en\/pdricma-kocluk-yaklasimimiz-2\/\" \/>\n<meta property=\"og:locale\" content=\"en_US\" \/>\n<meta property=\"og:type\" content=\"article\" \/>\n<meta property=\"og:title\" content=\"PDRICMA Ko\u00e7luk Yakla\u015f\u0131m\u0131m\u0131z\" \/>\n<meta property=\"og:description\" content=\"PDRICMA Ko\u00e7luk Yakla\u015f\u0131m\u0131m\u0131z Ko\u00e7luk mesle\u011fini do\u011furan ve bu denli \u00f6nemli k\u0131lan ko\u015ful; ya\u015fad\u0131\u011f\u0131m\u0131z t\u00fcm de\u011fi\u015fimler i\u00e7inde kendi hayat\u0131m\u0131zla ilgili do\u011fru hedefleri belirlerken ve her t\u00fcrl\u00fc karar\u0131 al\u0131rken itici g\u00fcce ihtiya\u00e7 duymam\u0131zd\u0131r. Ko\u00e7luk Nedir? Meslekler bir ihtiya\u00e7 oldu\u011funda do\u011far veya ihtiya\u00e7 bitti\u011finde \u00f6l\u00fcrler. Ko\u00e7luk mesle\u011finin en h\u0131zl\u0131 geli\u015fen meslek grubunda yer almas\u0131n\u0131n tesad\u00fcf olmad\u0131\u011f\u0131 a\u00e7\u0131k\u00e7a ortadad\u0131r. Ko\u00e7luk; bizim var olan potansiyelimizi ortaya \u00e7\u0131kar\u0131rken, bu h\u0131zl\u0131 tempolu... Read More\" \/>\n<meta property=\"og:url\" content=\"https:\/\/pdricma.com.tr\/en\/pdricma-kocluk-yaklasimimiz-2\/\" \/>\n<meta property=\"og:site_name\" content=\"PDR International Coaching &amp; Mentoring Academy\" \/>\n<meta property=\"article:publisher\" content=\"https:\/\/www.facebook.com\/people\/PDR-ICMA\/100064844886292\/\" \/>\n<meta property=\"article:modified_time\" content=\"2026-04-03T11:32:31+00:00\" \/>\n<meta name=\"twitter:card\" content=\"summary_large_image\" \/>\n<meta name=\"twitter:label1\" content=\"Est. reading time\" \/>\n\t<meta name=\"twitter:data1\" content=\"2 minutes\" \/>\n<script type=\"application\/ld+json\" class=\"yoast-schema-graph\">{\"@context\":\"https:\/\/schema.org\",\"@graph\":[{\"@type\":\"WebPage\",\"@id\":\"https:\/\/pdricma.com.tr\/pdricma-kocluk-yaklasimimiz-2\/\",\"url\":\"https:\/\/pdricma.com.tr\/pdricma-kocluk-yaklasimimiz-2\/\",\"name\":\"PDRICMA Ko\u00e7luk Yakla\u015f\u0131m\u0131m\u0131z - PDR International Coaching &amp; Mentoring Academy\",\"isPartOf\":{\"@id\":\"https:\/\/pdricma.com.tr\/#website\"},\"datePublished\":\"2023-07-11T21:44:56+00:00\",\"dateModified\":\"2026-04-03T11:32:31+00:00\",\"breadcrumb\":{\"@id\":\"https:\/\/pdricma.com.tr\/pdricma-kocluk-yaklasimimiz-2\/#breadcrumb\"},\"inLanguage\":\"en-US\",\"potentialAction\":[{\"@type\":\"ReadAction\",\"target\":[\"https:\/\/pdricma.com.tr\/pdricma-kocluk-yaklasimimiz-2\/\"]}]},{\"@type\":\"BreadcrumbList\",\"@id\":\"https:\/\/pdricma.com.tr\/pdricma-kocluk-yaklasimimiz-2\/#breadcrumb\",\"itemListElement\":[{\"@type\":\"ListItem\",\"position\":1,\"name\":\"Anasayfa\",\"item\":\"https:\/\/pdricma.com.tr\/\"},{\"@type\":\"ListItem\",\"position\":2,\"name\":\"PDRICMA Ko\u00e7luk Yakla\u015f\u0131m\u0131m\u0131z\"}]},{\"@type\":\"WebSite\",\"@id\":\"https:\/\/pdricma.com.tr\/#website\",\"url\":\"https:\/\/pdricma.com.tr\/\",\"name\":\"PDR International Coaching & Mentoring Academy\",\"description\":\"\",\"publisher\":{\"@id\":\"https:\/\/pdricma.com.tr\/#organization\"},\"potentialAction\":[{\"@type\":\"SearchAction\",\"target\":{\"@type\":\"EntryPoint\",\"urlTemplate\":\"https:\/\/pdricma.com.tr\/?s={search_term_string}\"},\"query-input\":{\"@type\":\"PropertyValueSpecification\",\"valueRequired\":true,\"valueName\":\"search_term_string\"}}],\"inLanguage\":\"en-US\"},{\"@type\":\"Organization\",\"@id\":\"https:\/\/pdricma.com.tr\/#organization\",\"name\":\"PDR International Coaching & Mentoring Academy\",\"url\":\"https:\/\/pdricma.com.tr\/\",\"logo\":{\"@type\":\"ImageObject\",\"inLanguage\":\"en-US\",\"@id\":\"https:\/\/pdricma.com.tr\/#\/schema\/logo\/image\/\",\"url\":\"https:\/\/pdricma.com.tr\/wp-content\/uploads\/2023\/07\/PDRCOACHINGLOGO-01-002-1.png\",\"contentUrl\":\"https:\/\/pdricma.com.tr\/wp-content\/uploads\/2023\/07\/PDRCOACHINGLOGO-01-002-1.png\",\"width\":2307,\"height\":785,\"caption\":\"PDR International Coaching & Mentoring Academy\"},\"image\":{\"@id\":\"https:\/\/pdricma.com.tr\/#\/schema\/logo\/image\/\"},\"sameAs\":[\"https:\/\/www.facebook.com\/people\/PDR-ICMA\/100064844886292\/\",\"https:\/\/www.instagram.com\/pdricma\/\"]}]}<\/script>\n<!-- \/ Yoast SEO Premium plugin. -->","yoast_head_json":{"title":"PDRICMA Ko\u00e7luk Yakla\u015f\u0131m\u0131m\u0131z - PDR International Coaching &amp; Mentoring Academy","robots":{"index":"index","follow":"follow","max-snippet":"max-snippet:-1","max-image-preview":"max-image-preview:large","max-video-preview":"max-video-preview:-1"},"canonical":"https:\/\/pdricma.com.tr\/en\/pdricma-kocluk-yaklasimimiz-2\/","og_locale":"en_US","og_type":"article","og_title":"PDRICMA Ko\u00e7luk Yakla\u015f\u0131m\u0131m\u0131z","og_description":"PDRICMA Ko\u00e7luk Yakla\u015f\u0131m\u0131m\u0131z Ko\u00e7luk mesle\u011fini do\u011furan ve bu denli \u00f6nemli k\u0131lan ko\u015ful; ya\u015fad\u0131\u011f\u0131m\u0131z t\u00fcm de\u011fi\u015fimler i\u00e7inde kendi hayat\u0131m\u0131zla ilgili do\u011fru hedefleri belirlerken ve her t\u00fcrl\u00fc karar\u0131 al\u0131rken itici g\u00fcce ihtiya\u00e7 duymam\u0131zd\u0131r. Ko\u00e7luk Nedir? Meslekler bir ihtiya\u00e7 oldu\u011funda do\u011far veya ihtiya\u00e7 bitti\u011finde \u00f6l\u00fcrler. Ko\u00e7luk mesle\u011finin en h\u0131zl\u0131 geli\u015fen meslek grubunda yer almas\u0131n\u0131n tesad\u00fcf olmad\u0131\u011f\u0131 a\u00e7\u0131k\u00e7a ortadad\u0131r. Ko\u00e7luk; bizim var olan potansiyelimizi ortaya \u00e7\u0131kar\u0131rken, bu h\u0131zl\u0131 tempolu... Read More","og_url":"https:\/\/pdricma.com.tr\/en\/pdricma-kocluk-yaklasimimiz-2\/","og_site_name":"PDR International Coaching &amp; Mentoring Academy","article_publisher":"https:\/\/www.facebook.com\/people\/PDR-ICMA\/100064844886292\/","article_modified_time":"2026-04-03T11:32:31+00:00","twitter_card":"summary_large_image","twitter_misc":{"Est. reading time":"2 minutes"},"schema":{"@context":"https:\/\/schema.org","@graph":[{"@type":"WebPage","@id":"https:\/\/pdricma.com.tr\/pdricma-kocluk-yaklasimimiz-2\/","url":"https:\/\/pdricma.com.tr\/pdricma-kocluk-yaklasimimiz-2\/","name":"PDRICMA Ko\u00e7luk Yakla\u015f\u0131m\u0131m\u0131z - PDR International Coaching &amp; Mentoring Academy","isPartOf":{"@id":"https:\/\/pdricma.com.tr\/#website"},"datePublished":"2023-07-11T21:44:56+00:00","dateModified":"2026-04-03T11:32:31+00:00","breadcrumb":{"@id":"https:\/\/pdricma.com.tr\/pdricma-kocluk-yaklasimimiz-2\/#breadcrumb"},"inLanguage":"en-US","potentialAction":[{"@type":"ReadAction","target":["https:\/\/pdricma.com.tr\/pdricma-kocluk-yaklasimimiz-2\/"]}]},{"@type":"BreadcrumbList","@id":"https:\/\/pdricma.com.tr\/pdricma-kocluk-yaklasimimiz-2\/#breadcrumb","itemListElement":[{"@type":"ListItem","position":1,"name":"Anasayfa","item":"https:\/\/pdricma.com.tr\/"},{"@type":"ListItem","position":2,"name":"PDRICMA Ko\u00e7luk Yakla\u015f\u0131m\u0131m\u0131z"}]},{"@type":"WebSite","@id":"https:\/\/pdricma.com.tr\/#website","url":"https:\/\/pdricma.com.tr\/","name":"PDR International Coaching & Mentoring Academy","description":"","publisher":{"@id":"https:\/\/pdricma.com.tr\/#organization"},"potentialAction":[{"@type":"SearchAction","target":{"@type":"EntryPoint","urlTemplate":"https:\/\/pdricma.com.tr\/?s={search_term_string}"},"query-input":{"@type":"PropertyValueSpecification","valueRequired":true,"valueName":"search_term_string"}}],"inLanguage":"en-US"},{"@type":"Organization","@id":"https:\/\/pdricma.com.tr\/#organization","name":"PDR International Coaching & Mentoring Academy","url":"https:\/\/pdricma.com.tr\/","logo":{"@type":"ImageObject","inLanguage":"en-US","@id":"https:\/\/pdricma.com.tr\/#\/schema\/logo\/image\/","url":"https:\/\/pdricma.com.tr\/wp-content\/uploads\/2023\/07\/PDRCOACHINGLOGO-01-002-1.png","contentUrl":"https:\/\/pdricma.com.tr\/wp-content\/uploads\/2023\/07\/PDRCOACHINGLOGO-01-002-1.png","width":2307,"height":785,"caption":"PDR International Coaching & Mentoring Academy"},"image":{"@id":"https:\/\/pdricma.com.tr\/#\/schema\/logo\/image\/"},"sameAs":["https:\/\/www.facebook.com\/people\/PDR-ICMA\/100064844886292\/","https:\/\/www.instagram.com\/pdricma\/"]}]}},"_links":{"self":[{"href":"https:\/\/pdricma.com.tr\/en\/wp-json\/wp\/v2\/pages\/3902","targetHints":{"allow":["GET"]}}],"collection":[{"href":"https:\/\/pdricma.com.tr\/en\/wp-json\/wp\/v2\/pages"}],"about":[{"href":"https:\/\/pdricma.com.tr\/en\/wp-json\/wp\/v2\/types\/page"}],"author":[{"embeddable":true,"href":"https:\/\/pdricma.com.tr\/en\/wp-json\/wp\/v2\/users\/1"}],"replies":[{"embeddable":true,"href":"https:\/\/pdricma.com.tr\/en\/wp-json\/wp\/v2\/comments?post=3902"}],"version-history":[{"count":28,"href":"https:\/\/pdricma.com.tr\/en\/wp-json\/wp\/v2\/pages\/3902\/revisions"}],"predecessor-version":[{"id":8034,"href":"https:\/\/pdricma.com.tr\/en\/wp-json\/wp\/v2\/pages\/3902\/revisions\/8034"}],"wp:attachment":[{"href":"https:\/\/pdricma.com.tr\/en\/wp-json\/wp\/v2\/media?parent=3902"}],"curies":[{"name":"wp","href":"https:\/\/api.w.org\/{rel}","templated":true}]}}