{"id":3907,"date":"2023-07-12T00:47:35","date_gmt":"2023-07-11T21:47:35","guid":{"rendered":"https:\/\/pdricma.com.tr\/?page_id=3907"},"modified":"2026-04-04T12:19:27","modified_gmt":"2026-04-04T09:19:27","slug":"sosyal-sorumluluk-projelerimiz","status":"publish","type":"page","link":"https:\/\/pdricma.com.tr\/en\/sosyal-sorumluluk-projelerimiz\/","title":{"rendered":"Our Social Responsibility Projects"},"content":{"rendered":"\t\t<div data-elementor-type=\"wp-post\" data-elementor-id=\"3907\" class=\"elementor elementor-3907\">\n\t\t\t\t\t\t<section class=\"elementor-section elementor-top-section elementor-element elementor-element-55c1e4b elementor-section-height-min-height elementor-section-boxed elementor-section-height-default elementor-section-items-middle\" data-id=\"55c1e4b\" data-element_type=\"section\" data-settings=\"{&quot;background_background&quot;:&quot;classic&quot;,&quot;ekit_has_onepagescroll_dot&quot;:&quot;yes&quot;}\">\n\t\t\t\t\t\t\t<div class=\"elementor-background-overlay\"><\/div>\n\t\t\t\t\t\t\t<div class=\"elementor-container elementor-column-gap-default\">\n\t\t\t\t\t<div class=\"elementor-column elementor-col-100 elementor-top-column elementor-element elementor-element-\" data-id=\"\" data-element_type=\"column\">\n\t\t\t<div class=\"elementor-widget-wrap elementor-element-populated\">\n\t\t\t\t\t\t<div class=\"elementor-element elementor-element- elementor-widget elementor-widget-heading\" data-id=\"\" data-element_type=\"widget\" data-settings=\"{&quot;ekit_we_effect_on&quot;:&quot;none&quot;}\" data-widget_type=\"heading.default\">\n\t\t\t\t<div class=\"elementor-widget-container\">\n\t\t\t<style>\/*! elementor - v3.21.0 - 08-05-2024 *\/\n.elementor-heading-title{padding:0;margin:0;line-height:1}.elementor-widget-heading .elementor-heading-title[class*=elementor-size-]>a{color:inherit;font-size:inherit;line-height:inherit}.elementor-widget-heading .elementor-heading-title.elementor-size-small{font-size:15px}.elementor-widget-heading .elementor-heading-title.elementor-size-medium{font-size:19px}.elementor-widget-heading .elementor-heading-title.elementor-size-large{font-size:29px}.elementor-widget-heading .elementor-heading-title.elementor-size-xl{font-size:39px}.elementor-widget-heading .elementor-heading-title.elementor-size-xxl{font-size:59px}<\/style><h1 class=\"elementor-heading-title elementor-size-default\">Sosyal Sorumluluk Projelerimiz<\/h1>\t\t<\/div>\n\t\t\t\t<\/div>\n\t\t\t\t\t<\/div>\n\t\t<\/div>\n\t\t\t\t\t<\/div>\n\t\t<\/section>\n\t\t\t\t<section class=\"elementor-section elementor-top-section elementor-element elementor-element-55af245 elementor-section-full_width elementor-section-height-default elementor-section-height-default\" data-id=\"55af245\" data-element_type=\"section\" data-settings=\"{&quot;background_background&quot;:&quot;classic&quot;,&quot;ekit_has_onepagescroll_dot&quot;:&quot;yes&quot;}\">\n\t\t\t\t\t\t<div class=\"elementor-container elementor-column-gap-default\">\n\t\t\t\t\t<div class=\"elementor-column elementor-col-100 elementor-top-column elementor-element elementor-element-\" data-id=\"\" data-element_type=\"column\">\n\t\t\t<div class=\"elementor-widget-wrap elementor-element-populated\">\n\t\t\t\t\t\t<div class=\"elementor-element elementor-element- elementor-widget elementor-widget-text-editor\" data-id=\"\" data-element_type=\"widget\" data-settings=\"{&quot;ekit_we_effect_on&quot;:&quot;none&quot;}\" data-widget_type=\"text-editor.default\">\n\t\t\t\t<div class=\"elementor-widget-container\">\n\t\t\t<style>\/*! elementor - v3.21.0 - 08-05-2024 *\/\n.elementor-widget-text-editor.elementor-drop-cap-view-stacked .elementor-drop-cap{background-color:#69727d;color:#fff}.elementor-widget-text-editor.elementor-drop-cap-view-framed .elementor-drop-cap{color:#69727d;border:3px solid;background-color:transparent}.elementor-widget-text-editor:not(.elementor-drop-cap-view-default) .elementor-drop-cap{margin-top:8px}.elementor-widget-text-editor:not(.elementor-drop-cap-view-default) .elementor-drop-cap-letter{width:1em;height:1em}.elementor-widget-text-editor .elementor-drop-cap{float:left;text-align:center;line-height:1;font-size:50px}.elementor-widget-text-editor .elementor-drop-cap-letter{display:inline-block}<\/style>\t\t\t\t\n<div style=\"max-width:1100px; margin:0 auto; padding:60px 20px;\">\n  <div style=\"text-align:center; margin-bottom:50px;\">\n    <div style=\"display:inline-block; width:80px; height:4px; background:linear-gradient(90deg, #0d8a8a, #c8a951); border-radius:2px; margin-bottom:20px;\"><\/div>\n    <p style=\"font-size:17px; color:#374151; max-width:800px; margin:0 auto; line-height:1.8; padding:25px 35px; background:#fff; border-radius:14px; box-shadow:0 4px 20px rgba(0,0,0,0.06); border-left:5px solid #0d8a8a;\">Sosyal sorumluluk her y\u0131l farkl\u0131 projelerle destekledi\u011fimiz en \u00f6nemli de\u011ferlerimizden. PDR Group olarak sekt\u00f6r\u00fcnde sayg\u0131n ve \u00f6nc\u00fc kurulu\u015flarla birlikte ger\u00e7ekle\u015ftirdi\u011fimiz projelerimizle e\u011fitim ve geli\u015fime \u00f6nc\u00fcl\u00fck ediyoruz. Siz de bizimle birlikte kurumunuzda Sosyal Sorumluluk projelerine imza atmak isterseniz <a href=\"mailto:info@pdr.com.tr\" style=\"color:#0d8a8a; font-weight:600;\">info@pdr.com.tr<\/a> adresimizden veya <strong>0 216 709 17 37<\/strong>&#8216;den bize ula\u015fabilirsiniz.<\/p>\n  <\/div>\n  \n  <div style=\"margin-bottom:20px;\">\n    <h2 style=\"font-size:28px; color:#0a2540; font-weight:700; text-align:center; margin:0 0 40px 0;\">Projelerimiz<\/h2>\n    \n  <div style=\"display:flex; flex-direction:row; align-items:center; gap:40px; margin-bottom:50px; flex-wrap:wrap;\">\n    <div style=\"flex:0 0 280px; text-align:center;\">\n      <div style=\"width:260px; height:260px; border-radius:16px; overflow:hidden; box-shadow:0 8px 30px rgba(0,0,0,0.15); margin:0 auto; border:4px solid #0d8a8a;\">\n        <img decoding=\"async\" src=\"https:\/\/pdricma.com.tr\/wp-content\/uploads\/2023\/08\/kocluk-programi-icma-web.jpg\" alt=\"Ko\u00e7luk Program\u0131 \u2013 PDRICMA &#038; Anadolu Vakf\u0131\" style=\"width:100%; height:100%; object-fit:cover;\">\n      <\/div>\n    <\/div>\n    <div style=\"flex:1; min-width:300px;\">\n      <div style=\"background:#fff; border-radius:14px; padding:30px 35px; box-shadow:0 4px 20px rgba(0,0,0,0.08); border-left:5px solid #0d8a8a;\">\n        <h3 style=\"font-size:22px; color:#0a2540; font-weight:700; margin:0 0 15px 0;\">Ko\u00e7luk Program\u0131 \u2013 PDRICMA &#038; Anadolu Vakf\u0131<\/h3>\n        <p style=\"font-size:14.5px; color:#374151; line-height:1.75; margin:0;\">PDRICMA ve Anadolu Vakf\u0131 i\u015f birli\u011fiyle mezun bursiyerler i\u00e7in ko\u00e7luk program\u0131m\u0131z\u0131n ikinci senesindeyiz. Anadolu Vakf\u0131 bursu ile okumu\u015f ve mezun olmu\u015f gen\u00e7 arkada\u015flar\u0131m\u0131z\u0131n i\u015f hayatlar\u0131ndaki geli\u015fimini desteklemeye devam ediyoruz. Sosyal sorumluluk projemiz kapsam\u0131nda gen\u00e7lerimiz bizim gelece\u011fimiz. PDRICMA ICF Akredite Profesyonel Ko\u00e7luk sertifikasyon programlar\u0131m\u0131zdan mezun olan ve i\u015f hayat\u0131nda y\u00f6neticilik yapan ko\u00e7lar\u0131m\u0131z, Anadolu Vakf\u0131 bursiyerlerine y\u00f6nelik 6 seans birebir ko\u00e7luk deste\u011fi vermeye devam ediyor. Bu y\u0131l ikincisini ger\u00e7ekle\u015ftirdi\u011fimiz projemizde yer alan t\u00fcm mezunlar\u0131m\u0131za te\u015fekk\u00fcrlerimizi sunuyoruz.<\/p>\n      <\/div>\n    <\/div>\n  <\/div>\n  <div style=\"display:flex; flex-direction:row-reverse; align-items:center; gap:40px; margin-bottom:50px; flex-wrap:wrap;\">\n    <div style=\"flex:0 0 280px; text-align:center;\">\n      <div style=\"width:260px; height:260px; border-radius:16px; overflow:hidden; box-shadow:0 8px 30px rgba(0,0,0,0.15); margin:0 auto; border:4px solid #c8a951;\">\n        <img decoding=\"async\" src=\"https:\/\/pdricma.com.tr\/wp-content\/uploads\/2023\/08\/egitim-gonulleri-icma-web.jpg\" alt=\"E\u011fitim G\u00f6n\u00fcll\u00fcleri \u2013 TEGV\" style=\"width:100%; height:100%; object-fit:cover;\">\n      <\/div>\n    <\/div>\n    <div style=\"flex:1; min-width:300px;\">\n      <div style=\"background:#fff; border-radius:14px; padding:30px 35px; box-shadow:0 4px 20px rgba(0,0,0,0.08); border-right:5px solid #c8a951;\">\n        <h3 style=\"font-size:22px; color:#0a2540; font-weight:700; margin:0 0 15px 0;\">E\u011fitim G\u00f6n\u00fcll\u00fcleri \u2013 TEGV<\/h3>\n        <p style=\"font-size:14.5px; color:#374151; line-height:1.75; margin:0;\">\u0130lk\u00f6\u011frenim \u00e7a\u011f\u0131ndaki \u00e7ocuklar\u0131n \u00e7a\u011fda\u015f ve evrensel de\u011ferler ile nitelikli bir \u015fekilde yeti\u015fmesi amac\u0131yla yola \u00e7\u0131kan ve bu konuda \u00fcst\u00fcn \u00e7aba sarf eden g\u00f6n\u00fcll\u00fclerden olu\u015fan T\u00fcrkiye E\u011fitim G\u00f6n\u00fcll\u00fcleri Vakf\u0131 ve 1989 y\u0131l\u0131ndan beri e\u011fitim dan\u0131\u015fmanl\u0131k sekt\u00f6r\u00fcnde oda\u011f\u0131na insan\u0131 alarak geni\u015f kitlelere ula\u015fm\u0131\u015f PDR Group olarak ger\u00e7ekle\u015ftirdi\u011fimiz sosyal sorumluluk projelerimizde; 6-14 ya\u015f grubunda, ilk\u00f6\u011fretim \u00e7a\u011f\u0131ndaki, \u00e7ocuklar\u0131m\u0131zla &#8220;Zihin Haritalama ve Odaklanma&#8221; e\u011fitimlerimizi TEGV genel merkezinde g\u00f6rev yapan \u00e7al\u0131\u015fanlarla &#8220;Ko\u00e7luk Becerilerini Geli\u015ftirme&#8221; program\u0131m\u0131z\u0131 T\u00fcrkiye&#8217;nin farkl\u0131 co\u011frafyalar\u0131nda \u00e7al\u0131\u015fan TEGV ekipleriyle &#8220;Ko\u00e7luk Becerileri&#8221; webinarlar\u0131m\u0131z\u0131 ger\u00e7ekle\u015ftirdik. Projelerde yer alarak bizlere g\u00f6n\u00fclden destek veren t\u00fcm PDR Group dan\u0131\u015fmanlar\u0131m\u0131za, \u00e7ocuklar\u0131m\u0131z\u0131n e\u011fitim ve geli\u015fimine y\u0131llard\u0131r destek veren T\u00fcrkiye E\u011fitim G\u00f6n\u00fcll\u00fcleri Vakf\u0131na te\u015fekk\u00fcrlerimizi sunuyoruz.<\/p>\n      <\/div>\n    <\/div>\n  <\/div>\n  <div style=\"display:flex; flex-direction:row; align-items:center; gap:40px; margin-bottom:50px; flex-wrap:wrap;\">\n    <div style=\"flex:0 0 280px; text-align:center;\">\n      <div style=\"width:260px; height:260px; border-radius:16px; overflow:hidden; box-shadow:0 8px 30px rgba(0,0,0,0.15); margin:0 auto; border:4px solid #0d8a8a;\">\n        <img decoding=\"async\" src=\"https:\/\/pdricma.com.tr\/wp-content\/uploads\/2023\/08\/kutuphane-icma-web.jpg\" alt=\"K\u00fct\u00fcphaneler Haftas\u0131 \u2013 PDR Group &#038; KAHEV\" style=\"width:100%; height:100%; object-fit:cover;\">\n      <\/div>\n    <\/div>\n    <div style=\"flex:1; min-width:300px;\">\n      <div style=\"background:#fff; border-radius:14px; padding:30px 35px; box-shadow:0 4px 20px rgba(0,0,0,0.08); border-left:5px solid #0d8a8a;\">\n        <h3 style=\"font-size:22px; color:#0a2540; font-weight:700; margin:0 0 15px 0;\">K\u00fct\u00fcphaneler Haftas\u0131 \u2013 PDR Group &#038; KAHEV<\/h3>\n        <p style=\"font-size:14.5px; color:#374151; line-height:1.75; margin:0;\">PDR Group olarak kuruldu\u011fumuz 1989 y\u0131l\u0131ndan beri E\u011fitim ve Geli\u015fimin \u00f6nc\u00fcs\u00fcy\u00fcz. \u00c7ocuklar\u0131m\u0131z\u0131n ve yeti\u015fkinlerin e\u011fitimi ve geli\u015fimi bizlerin birinci \u00f6nceli\u011fi. Bu kapsamda KAHEV (Kad\u0131n Hekimleri Vakf\u0131) ile ger\u00e7ekle\u015ftirdi\u011fimiz ortak sosyal sorumluluk projesi kapsam\u0131nda T\u00fcrkiye&#8217;de ihtiyac\u0131 olan okullar\u0131m\u0131za kitap deste\u011fi sa\u011fl\u0131yoruz. PDR Group olarak a\u00e7t\u0131\u011f\u0131m\u0131z k\u00fct\u00fcphaneler ile \u00e7ocuklar\u0131m\u0131za umut olman\u0131n ve onlara okuma al\u0131\u015fkanl\u0131\u011f\u0131 kazand\u0131rman\u0131n mutlulu\u011funu ya\u015f\u0131yoruz. Daha \u00e7ok okula k\u00fct\u00fcphane kazand\u0131rmak i\u00e7in projelerimiz t\u00fcm h\u0131z\u0131yla devam ediyor. Sizde okul \u00f6\u011frencilerine uygun kitap ba\u011f\u0131\u015flar\u0131n\u0131z\u0131 g\u00f6nderebilir, k\u00fct\u00fcphanelerini zenginle\u015ftirebilirsiniz. Kitap ba\u011f\u0131\u015flar\u0131n\u0131z\u0131 Kahev genel merkezine iletebilirsiniz. Ho\u015fnudiye Mah. Kadife \u00c7i\u00e7e\u011fi Sok. No:1 D:12 Kat:6 Tepeba\u015f\u0131\/Eski\u015fehir<\/p>\n      <\/div>\n    <\/div>\n  <\/div>\n  <div style=\"display:flex; flex-direction:row-reverse; align-items:center; gap:40px; margin-bottom:50px; flex-wrap:wrap;\">\n    <div style=\"flex:0 0 280px; text-align:center;\">\n      <div style=\"width:260px; height:260px; border-radius:16px; overflow:hidden; box-shadow:0 8px 30px rgba(0,0,0,0.15); margin:0 auto; border:4px solid #c8a951;\">\n        <img decoding=\"async\" src=\"https:\/\/pdricma.com.tr\/wp-content\/uploads\/2024\/12\/losev.png\" alt=\"L\u00d6SEV \u2013 De\u011fi\u015ftiren Ad\u0131mlar\" style=\"width:100%; height:100%; object-fit:cover;\">\n      <\/div>\n    <\/div>\n    <div style=\"flex:1; min-width:300px;\">\n      <div style=\"background:#fff; border-radius:14px; padding:30px 35px; box-shadow:0 4px 20px rgba(0,0,0,0.08); border-right:5px solid #c8a951;\">\n        <h3 style=\"font-size:22px; color:#0a2540; font-weight:700; margin:0 0 15px 0;\">L\u00d6SEV \u2013 De\u011fi\u015ftiren Ad\u0131mlar<\/h3>\n        <p style=\"font-size:14.5px; color:#374151; line-height:1.75; margin:0;\">Gelin, d\u00fcnyay\u0131 birlikte de\u011fi\u015ftirelim! slogan\u0131 ile yola \u00e7\u0131kan De\u011fi\u015ftiren Ad\u0131mlar ile PDR Group olarak 2023 y\u0131l\u0131ndan bu yana i\u015f birli\u011finde olmaktan gurur duyuyoruz. Tasar\u0131m Odakl\u0131 D\u00fc\u015f\u00fcnme&#8217;den M\u00fc\u015fteri Odakl\u0131 Hizmet Becerilerine, Stratejik Planlamadan Liderlik e\u011fitimlerine kadar geni\u015f bir yelpazede dernek \u00e7al\u0131\u015fanlar\u0131 ile g\u00fc\u00e7l\u00fc ad\u0131mlar att\u0131k. \u00d6zel gereksinimi olan dernek \u00e7at\u0131s\u0131 alt\u0131ndaki bireylere ASKIDA KO\u00c7LUK projesi ile destek olduk. Projelerde yer alarak bizlere g\u00f6n\u00fclden destek veren t\u00fcm PDR Group dan\u0131\u015fmanlar\u0131m\u0131za, PDRICMA Mezunlar\u0131m\u0131za g\u00f6n\u00fclden te\u015fekk\u00fcr ederiz.<\/p>\n      <\/div>\n    <\/div>\n  <\/div>\n  <\/div>\n  \n  <div style=\"text-align:center; padding:40px; background:linear-gradient(135deg, #0a2540 0%, #0d4a6b 100%); border-radius:16px; box-shadow:0 8px 30px rgba(10,37,64,0.3);\">\n    <h3 style=\"font-size:24px; color:#c8a951; font-weight:700; margin:0 0 15px 0;\">Birlikte Fark Yaratal\u0131m<\/h3>\n    <p style=\"font-size:15px; color:rgba(255,255,255,0.9); margin:0 0 20px 0; line-height:1.6;\">Sosyal sorumluluk projelerimize destek olmak i\u00e7in bizimle ileti\u015fime ge\u00e7in.<\/p>\n    <a href=\"mailto:info@pdr.com.tr\" style=\"display:inline-block; padding:12px 30px; background:linear-gradient(135deg, #c8a951, #e8c961); color:#0a2540; font-weight:700; border-radius:8px; text-decoration:none; font-size:15px;\">info@pdr.com.tr<\/a>\n    <span style=\"display:inline-block; margin-left:15px; color:rgba(255,255,255,0.9); font-size:15px;\">0 216 709 17 37<\/span>\n  <\/div>\n<\/div>\t\t\t\t\t\t<\/div>\n\t\t\t\t<\/div>\n\t\t\t\t\t<\/div>\n\t\t<\/div>\n\t\t\t\t\t<\/div>\n\t\t<\/section>\n\t\t\t\t<\/div>\n\t\t","protected":false},"excerpt":{"rendered":"<p>Sosyal Sorumluluk Projelerimiz Sosyal sorumluluk her y\u0131l farkl\u0131 projelerle destekledi\u011fimiz en \u00f6nemli de\u011ferlerimizden. PDR Group olarak sekt\u00f6r\u00fcnde sayg\u0131n ve \u00f6nc\u00fc kurulu\u015flarla birlikte ger\u00e7ekle\u015ftirdi\u011fimiz projelerimizle e\u011fitim ve geli\u015fime \u00f6nc\u00fcl\u00fck ediyoruz. Siz de bizimle birlikte kurumunuzda Sosyal Sorumluluk projelerine imza atmak isterseniz info@pdr.com.tr adresimizden veya 0 216 709 17 37&#8216;den bize ula\u015fabilirsiniz. Projelerimiz Ko\u00e7luk Program\u0131 \u2013 PDRICMA &#038; Anadolu Vakf\u0131 PDRICMA ve Anadolu Vakf\u0131 i\u015f birli\u011fiyle mezun&#8230; <\/p>\n<p class=\"more\"><a class=\"more-link\" href=\"https:\/\/pdricma.com.tr\/en\/sosyal-sorumluluk-projelerimiz\/\">Read More<\/a><\/p>","protected":false},"author":1,"featured_media":0,"parent":0,"menu_order":0,"comment_status":"closed","ping_status":"closed","template":"elementor_header_footer","meta":{"footnotes":""},"class_list":["post-3907","page","type-page","status-publish","hentry","is-cat-link-solid-light is-cat-link-rounded"],"yoast_head":"<!-- This site is optimized with the Yoast SEO Premium plugin v24.0 (Yoast SEO v26.9) - https:\/\/yoast.com\/product\/yoast-seo-premium-wordpress\/ -->\n<title>Sosyal Sorumluluk Projelerimiz - PDR International Coaching &amp; Mentoring Academy<\/title>\n<meta name=\"robots\" content=\"index, follow, max-snippet:-1, max-image-preview:large, max-video-preview:-1\" \/>\n<link rel=\"canonical\" href=\"https:\/\/pdricma.com.tr\/en\/sosyal-sorumluluk-projelerimiz\/\" \/>\n<meta property=\"og:locale\" content=\"en_US\" \/>\n<meta property=\"og:type\" content=\"article\" \/>\n<meta property=\"og:title\" content=\"Sosyal Sorumluluk Projelerimiz\" \/>\n<meta property=\"og:description\" content=\"Sosyal Sorumluluk Projelerimiz Sosyal sorumluluk her y\u0131l farkl\u0131 projelerle destekledi\u011fimiz en \u00f6nemli de\u011ferlerimizden. PDR Group olarak sekt\u00f6r\u00fcnde sayg\u0131n ve \u00f6nc\u00fc kurulu\u015flarla birlikte ger\u00e7ekle\u015ftirdi\u011fimiz projelerimizle e\u011fitim ve geli\u015fime \u00f6nc\u00fcl\u00fck ediyoruz. Siz de bizimle birlikte kurumunuzda Sosyal Sorumluluk projelerine imza atmak isterseniz info@pdr.com.tr adresimizden veya 0 216 709 17 37&#8216;den bize ula\u015fabilirsiniz. Projelerimiz Ko\u00e7luk Program\u0131 \u2013 PDRICMA &#038; Anadolu Vakf\u0131 PDRICMA ve Anadolu Vakf\u0131 i\u015f birli\u011fiyle mezun... Read More\" \/>\n<meta property=\"og:url\" content=\"https:\/\/pdricma.com.tr\/en\/sosyal-sorumluluk-projelerimiz\/\" \/>\n<meta property=\"og:site_name\" content=\"PDR International Coaching &amp; Mentoring Academy\" \/>\n<meta property=\"article:publisher\" content=\"https:\/\/www.facebook.com\/people\/PDR-ICMA\/100064844886292\/\" \/>\n<meta property=\"article:modified_time\" content=\"2026-04-04T09:19:27+00:00\" \/>\n<meta property=\"og:image\" content=\"https:\/\/pdricma.com.tr\/wp-content\/uploads\/2023\/08\/kocluk-programi-icma-web.jpg\" \/>\n<meta name=\"twitter:card\" content=\"summary_large_image\" \/>\n<meta name=\"twitter:label1\" content=\"Est. reading time\" \/>\n\t<meta name=\"twitter:data1\" content=\"4 minutes\" \/>\n<script type=\"application\/ld+json\" class=\"yoast-schema-graph\">{\"@context\":\"https:\/\/schema.org\",\"@graph\":[{\"@type\":\"WebPage\",\"@id\":\"https:\/\/pdricma.com.tr\/sosyal-sorumluluk-projelerimiz\/\",\"url\":\"https:\/\/pdricma.com.tr\/sosyal-sorumluluk-projelerimiz\/\",\"name\":\"Sosyal Sorumluluk Projelerimiz - PDR International Coaching &amp; Mentoring Academy\",\"isPartOf\":{\"@id\":\"https:\/\/pdricma.com.tr\/#website\"},\"primaryImageOfPage\":{\"@id\":\"https:\/\/pdricma.com.tr\/sosyal-sorumluluk-projelerimiz\/#primaryimage\"},\"image\":{\"@id\":\"https:\/\/pdricma.com.tr\/sosyal-sorumluluk-projelerimiz\/#primaryimage\"},\"thumbnailUrl\":\"https:\/\/pdricma.com.tr\/wp-content\/uploads\/2023\/08\/kocluk-programi-icma-web.jpg\",\"datePublished\":\"2023-07-11T21:47:35+00:00\",\"dateModified\":\"2026-04-04T09:19:27+00:00\",\"breadcrumb\":{\"@id\":\"https:\/\/pdricma.com.tr\/sosyal-sorumluluk-projelerimiz\/#breadcrumb\"},\"inLanguage\":\"en-US\",\"potentialAction\":[{\"@type\":\"ReadAction\",\"target\":[\"https:\/\/pdricma.com.tr\/sosyal-sorumluluk-projelerimiz\/\"]}]},{\"@type\":\"ImageObject\",\"inLanguage\":\"en-US\",\"@id\":\"https:\/\/pdricma.com.tr\/sosyal-sorumluluk-projelerimiz\/#primaryimage\",\"url\":\"https:\/\/pdricma.com.tr\/wp-content\/uploads\/2023\/08\/kocluk-programi-icma-web.jpg\",\"contentUrl\":\"https:\/\/pdricma.com.tr\/wp-content\/uploads\/2023\/08\/kocluk-programi-icma-web.jpg\"},{\"@type\":\"BreadcrumbList\",\"@id\":\"https:\/\/pdricma.com.tr\/sosyal-sorumluluk-projelerimiz\/#breadcrumb\",\"itemListElement\":[{\"@type\":\"ListItem\",\"position\":1,\"name\":\"Anasayfa\",\"item\":\"https:\/\/pdricma.com.tr\/\"},{\"@type\":\"ListItem\",\"position\":2,\"name\":\"Sosyal Sorumluluk Projelerimiz\"}]},{\"@type\":\"WebSite\",\"@id\":\"https:\/\/pdricma.com.tr\/#website\",\"url\":\"https:\/\/pdricma.com.tr\/\",\"name\":\"PDR International Coaching & Mentoring Academy\",\"description\":\"\",\"publisher\":{\"@id\":\"https:\/\/pdricma.com.tr\/#organization\"},\"potentialAction\":[{\"@type\":\"SearchAction\",\"target\":{\"@type\":\"EntryPoint\",\"urlTemplate\":\"https:\/\/pdricma.com.tr\/?s={search_term_string}\"},\"query-input\":{\"@type\":\"PropertyValueSpecification\",\"valueRequired\":true,\"valueName\":\"search_term_string\"}}],\"inLanguage\":\"en-US\"},{\"@type\":\"Organization\",\"@id\":\"https:\/\/pdricma.com.tr\/#organization\",\"name\":\"PDR International Coaching & Mentoring Academy\",\"url\":\"https:\/\/pdricma.com.tr\/\",\"logo\":{\"@type\":\"ImageObject\",\"inLanguage\":\"en-US\",\"@id\":\"https:\/\/pdricma.com.tr\/#\/schema\/logo\/image\/\",\"url\":\"https:\/\/pdricma.com.tr\/wp-content\/uploads\/2023\/07\/PDRCOACHINGLOGO-01-002-1.png\",\"contentUrl\":\"https:\/\/pdricma.com.tr\/wp-content\/uploads\/2023\/07\/PDRCOACHINGLOGO-01-002-1.png\",\"width\":2307,\"height\":785,\"caption\":\"PDR International Coaching & Mentoring Academy\"},\"image\":{\"@id\":\"https:\/\/pdricma.com.tr\/#\/schema\/logo\/image\/\"},\"sameAs\":[\"https:\/\/www.facebook.com\/people\/PDR-ICMA\/100064844886292\/\",\"https:\/\/www.instagram.com\/pdricma\/\"]}]}<\/script>\n<!-- \/ Yoast SEO Premium plugin. -->","yoast_head_json":{"title":"Sosyal Sorumluluk Projelerimiz - PDR International Coaching &amp; Mentoring Academy","robots":{"index":"index","follow":"follow","max-snippet":"max-snippet:-1","max-image-preview":"max-image-preview:large","max-video-preview":"max-video-preview:-1"},"canonical":"https:\/\/pdricma.com.tr\/en\/sosyal-sorumluluk-projelerimiz\/","og_locale":"en_US","og_type":"article","og_title":"Sosyal Sorumluluk Projelerimiz","og_description":"Sosyal Sorumluluk Projelerimiz Sosyal sorumluluk her y\u0131l farkl\u0131 projelerle destekledi\u011fimiz en \u00f6nemli de\u011ferlerimizden. PDR Group olarak sekt\u00f6r\u00fcnde sayg\u0131n ve \u00f6nc\u00fc kurulu\u015flarla birlikte ger\u00e7ekle\u015ftirdi\u011fimiz projelerimizle e\u011fitim ve geli\u015fime \u00f6nc\u00fcl\u00fck ediyoruz. Siz de bizimle birlikte kurumunuzda Sosyal Sorumluluk projelerine imza atmak isterseniz info@pdr.com.tr adresimizden veya 0 216 709 17 37&#8216;den bize ula\u015fabilirsiniz. Projelerimiz Ko\u00e7luk Program\u0131 \u2013 PDRICMA &#038; Anadolu Vakf\u0131 PDRICMA ve Anadolu Vakf\u0131 i\u015f birli\u011fiyle mezun... Read More","og_url":"https:\/\/pdricma.com.tr\/en\/sosyal-sorumluluk-projelerimiz\/","og_site_name":"PDR International Coaching &amp; Mentoring Academy","article_publisher":"https:\/\/www.facebook.com\/people\/PDR-ICMA\/100064844886292\/","article_modified_time":"2026-04-04T09:19:27+00:00","og_image":[{"url":"https:\/\/pdricma.com.tr\/wp-content\/uploads\/2023\/08\/kocluk-programi-icma-web.jpg","type":"","width":"","height":""}],"twitter_card":"summary_large_image","twitter_misc":{"Est. reading time":"4 minutes"},"schema":{"@context":"https:\/\/schema.org","@graph":[{"@type":"WebPage","@id":"https:\/\/pdricma.com.tr\/sosyal-sorumluluk-projelerimiz\/","url":"https:\/\/pdricma.com.tr\/sosyal-sorumluluk-projelerimiz\/","name":"Sosyal Sorumluluk Projelerimiz - PDR International Coaching &amp; Mentoring Academy","isPartOf":{"@id":"https:\/\/pdricma.com.tr\/#website"},"primaryImageOfPage":{"@id":"https:\/\/pdricma.com.tr\/sosyal-sorumluluk-projelerimiz\/#primaryimage"},"image":{"@id":"https:\/\/pdricma.com.tr\/sosyal-sorumluluk-projelerimiz\/#primaryimage"},"thumbnailUrl":"https:\/\/pdricma.com.tr\/wp-content\/uploads\/2023\/08\/kocluk-programi-icma-web.jpg","datePublished":"2023-07-11T21:47:35+00:00","dateModified":"2026-04-04T09:19:27+00:00","breadcrumb":{"@id":"https:\/\/pdricma.com.tr\/sosyal-sorumluluk-projelerimiz\/#breadcrumb"},"inLanguage":"en-US","potentialAction":[{"@type":"ReadAction","target":["https:\/\/pdricma.com.tr\/sosyal-sorumluluk-projelerimiz\/"]}]},{"@type":"ImageObject","inLanguage":"en-US","@id":"https:\/\/pdricma.com.tr\/sosyal-sorumluluk-projelerimiz\/#primaryimage","url":"https:\/\/pdricma.com.tr\/wp-content\/uploads\/2023\/08\/kocluk-programi-icma-web.jpg","contentUrl":"https:\/\/pdricma.com.tr\/wp-content\/uploads\/2023\/08\/kocluk-programi-icma-web.jpg"},{"@type":"BreadcrumbList","@id":"https:\/\/pdricma.com.tr\/sosyal-sorumluluk-projelerimiz\/#breadcrumb","itemListElement":[{"@type":"ListItem","position":1,"name":"Anasayfa","item":"https:\/\/pdricma.com.tr\/"},{"@type":"ListItem","position":2,"name":"Sosyal Sorumluluk Projelerimiz"}]},{"@type":"WebSite","@id":"https:\/\/pdricma.com.tr\/#website","url":"https:\/\/pdricma.com.tr\/","name":"PDR International Coaching & Mentoring Academy","description":"","publisher":{"@id":"https:\/\/pdricma.com.tr\/#organization"},"potentialAction":[{"@type":"SearchAction","target":{"@type":"EntryPoint","urlTemplate":"https:\/\/pdricma.com.tr\/?s={search_term_string}"},"query-input":{"@type":"PropertyValueSpecification","valueRequired":true,"valueName":"search_term_string"}}],"inLanguage":"en-US"},{"@type":"Organization","@id":"https:\/\/pdricma.com.tr\/#organization","name":"PDR International Coaching & Mentoring Academy","url":"https:\/\/pdricma.com.tr\/","logo":{"@type":"ImageObject","inLanguage":"en-US","@id":"https:\/\/pdricma.com.tr\/#\/schema\/logo\/image\/","url":"https:\/\/pdricma.com.tr\/wp-content\/uploads\/2023\/07\/PDRCOACHINGLOGO-01-002-1.png","contentUrl":"https:\/\/pdricma.com.tr\/wp-content\/uploads\/2023\/07\/PDRCOACHINGLOGO-01-002-1.png","width":2307,"height":785,"caption":"PDR International Coaching & Mentoring Academy"},"image":{"@id":"https:\/\/pdricma.com.tr\/#\/schema\/logo\/image\/"},"sameAs":["https:\/\/www.facebook.com\/people\/PDR-ICMA\/100064844886292\/","https:\/\/www.instagram.com\/pdricma\/"]}]}},"_links":{"self":[{"href":"https:\/\/pdricma.com.tr\/en\/wp-json\/wp\/v2\/pages\/3907","targetHints":{"allow":["GET"]}}],"collection":[{"href":"https:\/\/pdricma.com.tr\/en\/wp-json\/wp\/v2\/pages"}],"about":[{"href":"https:\/\/pdricma.com.tr\/en\/wp-json\/wp\/v2\/types\/page"}],"author":[{"embeddable":true,"href":"https:\/\/pdricma.com.tr\/en\/wp-json\/wp\/v2\/users\/1"}],"replies":[{"embeddable":true,"href":"https:\/\/pdricma.com.tr\/en\/wp-json\/wp\/v2\/comments?post=3907"}],"version-history":[{"count":51,"href":"https:\/\/pdricma.com.tr\/en\/wp-json\/wp\/v2\/pages\/3907\/revisions"}],"predecessor-version":[{"id":8065,"href":"https:\/\/pdricma.com.tr\/en\/wp-json\/wp\/v2\/pages\/3907\/revisions\/8065"}],"wp:attachment":[{"href":"https:\/\/pdricma.com.tr\/en\/wp-json\/wp\/v2\/media?parent=3907"}],"curies":[{"name":"wp","href":"https:\/\/api.w.org\/{rel}","templated":true}]}}