{"id":4046,"date":"2023-07-19T12:45:34","date_gmt":"2023-07-19T09:45:34","guid":{"rendered":"https:\/\/pdricma.com.tr\/?page_id=4046"},"modified":"2023-07-28T13:44:24","modified_gmt":"2023-07-28T10:44:24","slug":"takim-koclugu","status":"publish","type":"page","link":"https:\/\/pdricma.com.tr\/en\/takim-koclugu\/","title":{"rendered":"Team Coaching"},"content":{"rendered":"\t\t<div data-elementor-type=\"wp-post\" data-elementor-id=\"4046\" class=\"elementor elementor-4046\">\n\t\t\t\t\t\t<section class=\"elementor-section elementor-top-section elementor-element elementor-element-616b3f8 elementor-section-boxed elementor-section-height-default elementor-section-height-default\" data-id=\"616b3f8\" data-element_type=\"section\" data-settings=\"{&quot;background_background&quot;:&quot;classic&quot;,&quot;ekit_has_onepagescroll_dot&quot;:&quot;yes&quot;}\">\n\t\t\t\t\t\t<div class=\"elementor-container elementor-column-gap-default\">\n\t\t\t\t\t<div class=\"elementor-column elementor-col-100 elementor-top-column elementor-element elementor-element-718b3e8\" data-id=\"718b3e8\" data-element_type=\"column\">\n\t\t\t<div class=\"elementor-widget-wrap elementor-element-populated\">\n\t\t\t\t\t\t<div class=\"elementor-element elementor-element-af2bc77 elementor-widget elementor-widget-heading\" data-id=\"af2bc77\" data-element_type=\"widget\" data-settings=\"{&quot;ekit_we_effect_on&quot;:&quot;none&quot;}\" data-widget_type=\"heading.default\">\n\t\t\t\t<div class=\"elementor-widget-container\">\n\t\t\t<style>\/*! elementor - v3.21.0 - 08-05-2024 *\/\n.elementor-heading-title{padding:0;margin:0;line-height:1}.elementor-widget-heading .elementor-heading-title[class*=elementor-size-]>a{color:inherit;font-size:inherit;line-height:inherit}.elementor-widget-heading .elementor-heading-title.elementor-size-small{font-size:15px}.elementor-widget-heading .elementor-heading-title.elementor-size-medium{font-size:19px}.elementor-widget-heading .elementor-heading-title.elementor-size-large{font-size:29px}.elementor-widget-heading .elementor-heading-title.elementor-size-xl{font-size:39px}.elementor-widget-heading .elementor-heading-title.elementor-size-xxl{font-size:59px}<\/style><h1 class=\"elementor-heading-title elementor-size-default\">\u0130leri Seviye Profesyonel Ko\u00e7luk Sertifikasyon Program\u0131<\/h1>\t\t<\/div>\n\t\t\t\t<\/div>\n\t\t\t\t\t<\/div>\n\t\t<\/div>\n\t\t\t\t\t<\/div>\n\t\t<\/section>\n\t\t\t\t<section class=\"elementor-section elementor-top-section elementor-element elementor-element-d293e47 elementor-section-boxed elementor-section-height-default elementor-section-height-default\" data-id=\"d293e47\" data-element_type=\"section\" data-settings=\"{&quot;ekit_has_onepagescroll_dot&quot;:&quot;yes&quot;}\">\n\t\t\t\t\t\t<div class=\"elementor-container elementor-column-gap-default\">\n\t\t\t\t\t<div class=\"elementor-column elementor-col-100 elementor-top-column elementor-element elementor-element-084673f\" data-id=\"084673f\" data-element_type=\"column\" data-settings=\"{&quot;background_background&quot;:&quot;classic&quot;}\">\n\t\t\t<div class=\"elementor-widget-wrap elementor-element-populated\">\n\t\t\t\t\t\t<div class=\"elementor-element elementor-element-a1ca6f1 elementor-invisible elementor-widget elementor-widget-text-editor\" data-id=\"a1ca6f1\" data-element_type=\"widget\" data-settings=\"{&quot;_animation&quot;:&quot;fadeInLeft&quot;,&quot;ekit_we_effect_on&quot;:&quot;none&quot;}\" data-widget_type=\"text-editor.default\">\n\t\t\t\t<div class=\"elementor-widget-container\">\n\t\t\t<style>\/*! elementor - v3.21.0 - 08-05-2024 *\/\n.elementor-widget-text-editor.elementor-drop-cap-view-stacked .elementor-drop-cap{background-color:#69727d;color:#fff}.elementor-widget-text-editor.elementor-drop-cap-view-framed .elementor-drop-cap{color:#69727d;border:3px solid;background-color:transparent}.elementor-widget-text-editor:not(.elementor-drop-cap-view-default) .elementor-drop-cap{margin-top:8px}.elementor-widget-text-editor:not(.elementor-drop-cap-view-default) .elementor-drop-cap-letter{width:1em;height:1em}.elementor-widget-text-editor .elementor-drop-cap{float:left;text-align:center;line-height:1;font-size:50px}.elementor-widget-text-editor .elementor-drop-cap-letter{display:inline-block}<\/style>\t\t\t\t<p>Bu program ko\u00e7lar\u0131n ko\u00e7luk bilgilerinin derinle\u015fmesi ve i\u00e7selle\u015ftirilmesi maksad\u0131yla tasarlanm\u0131\u015ft\u0131r. Program; farkl\u0131 disiplinler ile ko\u00e7lu\u011fu anlatan, ko\u00e7lar\u0131n teoride \u00f6\u011frendiklerini prati\u011fe d\u00f6n\u00fc\u015ft\u00fcrmelerini ve ko\u00e7luk ara\u00e7lar\u0131nda ustala\u015fmalar\u0131na katk\u0131 sa\u011flayan ve ayn\u0131 zamanda ko\u00e7lar\u0131 PCC unvan almaya haz\u0131rlayan programd\u0131r. 9-12 ay s\u00fcren bu program, b\u00fct\u00fcnsel bir bak\u0131\u015f a\u00e7\u0131s\u0131na sahiptir.\u00a0<\/p><p><strong>Program<\/strong>\u00a0<span style=\"color: #0089cf;\">\u0130\u00e7eri\u011fi:<\/span><\/p><ul><li>ICF Etik Kurallar\u0131 ve Yetkinliklerinde Ustala\u015fma<\/li><li>PDRICMA Star Ko\u00e7luk Modelinde Derinle\u015fme<\/li><li>Ko\u00e7lu\u011fu Destekleyen Psikolojik Kuramlar<\/li><li>Ko\u00e7luk ve Liderlik<\/li><li>Duygular ve Ko\u00e7luk<\/li><li>Ko\u00e7luk S\u00fcre\u00e7leri ve Modellerinde Derinle\u015fme Pratikleri<\/li><li>Bir Meslek Olarak Ko\u00e7luk F\u0131rsatlar\u0131<\/li><li>PCC Unvan Alma Ad\u0131mlar\u0131<\/li><\/ul><p><strong>ICF Onayl\u0131 \u0130leri Seviye<\/strong>\u00a0<span style=\"color: #0089cf;\">Profesyonel Ko\u00e7luk Program\u0131 Level 2;<\/span><\/p><ul><li>6 saat Oryantasyon e\u011fitimleri,<\/li><li>8 adet, ayda bir tekrarlayan 2,5 saatlik laboratuvar serisi (Toplam 20 saat)<\/li><li>3 adet bireysel, 7 adet grup mentorlu\u011fu olmak \u00fczere toplam 10 saat mentorluk,<\/li><li>6 adeti yaz\u0131l\u0131 geri bildirim i\u00e7eren s\u00fcpervizyon,<\/li><li>6 adet g\u00f6zlemli akran ko\u00e7luklar\u0131,<\/li><li>Vaka \u00e7al\u0131\u015fmalar\u0131,<\/li><li>2 adet Performans De\u011ferlendirme S\u0131nav\u0131,<\/li><li>Ko\u00e7lu\u011fu destekleyen takip projeleri;<\/li><\/ul><p>olmak \u00fczere genel toplamda\u00a0<strong>75 saat e\u011fitim ve 10 saat mentorluk<\/strong>\u00a0i\u00e7ermektedir.<\/p><p><em>Programlar\u0131m\u0131z, ICF taraf\u0131ndan onaylanan PCC ve MCC Unvanl\u0131 PDRICMA Fak\u00fclte Liderleri taraf\u0131ndan on-line ya da y\u00fcz y\u00fcze olarak verilmektedir.<\/em><\/p><p><strong>Kat\u0131l\u0131m<\/strong>\u00a0<span style=\"color: #0089cf;\">\u015eartlar\u0131:<\/span><\/p><p>Kat\u0131l\u0131m ko\u015fullar\u0131 ile ilgili detayl\u0131 bilgi almak i\u00e7in\u00a0<span style=\"color: #0089cf;\"><a style=\"color: #0089cf;\" href=\"mailto:info@pdricma.com.tr\">info@pdricma.com.tr<\/a><\/span>\u00a0adresimize e-mail g\u00f6nderebilir ya da 0 216 709 17 37\u2019den ula\u015fabilirsiniz.<\/p>\t\t\t\t\t\t<\/div>\n\t\t\t\t<\/div>\n\t\t\t\t\t<\/div>\n\t\t<\/div>\n\t\t\t\t\t<\/div>\n\t\t<\/section>\n\t\t\t\t<\/div>\n\t\t","protected":false},"excerpt":{"rendered":"<p>\u0130leri Seviye Profesyonel Ko\u00e7luk Sertifikasyon Program\u0131 Bu program ko\u00e7lar\u0131n ko\u00e7luk bilgilerinin derinle\u015fmesi ve i\u00e7selle\u015ftirilmesi maksad\u0131yla tasarlanm\u0131\u015ft\u0131r. Program; farkl\u0131 disiplinler ile ko\u00e7lu\u011fu anlatan, ko\u00e7lar\u0131n teoride \u00f6\u011frendiklerini prati\u011fe d\u00f6n\u00fc\u015ft\u00fcrmelerini ve ko\u00e7luk ara\u00e7lar\u0131nda ustala\u015fmalar\u0131na katk\u0131 sa\u011flayan ve ayn\u0131 zamanda ko\u00e7lar\u0131 PCC unvan almaya haz\u0131rlayan programd\u0131r. 9-12 ay s\u00fcren bu program, b\u00fct\u00fcnsel bir bak\u0131\u015f a\u00e7\u0131s\u0131na sahiptir.\u00a0 Program\u00a0\u0130\u00e7eri\u011fi: ICF Etik Kurallar\u0131 ve Yetkinliklerinde Ustala\u015fma PDRICMA Star Ko\u00e7luk Modelinde Derinle\u015fme Ko\u00e7lu\u011fu&#8230; <\/p>\n<p class=\"more\"><a class=\"more-link\" href=\"https:\/\/pdricma.com.tr\/en\/takim-koclugu\/\">Read More<\/a><\/p>","protected":false},"author":6,"featured_media":0,"parent":0,"menu_order":0,"comment_status":"closed","ping_status":"closed","template":"elementor_header_footer","meta":{"footnotes":""},"class_list":["post-4046","page","type-page","status-publish","hentry","is-cat-link-solid-light is-cat-link-rounded"],"yoast_head":"<!-- This site is optimized with the Yoast SEO Premium plugin v24.0 (Yoast SEO v26.9) - https:\/\/yoast.com\/product\/yoast-seo-premium-wordpress\/ -->\n<title>Tak\u0131m Ko\u00e7lu\u011fu - PDR International Coaching &amp; Mentoring Academy<\/title>\n<meta name=\"robots\" content=\"index, follow, max-snippet:-1, max-image-preview:large, max-video-preview:-1\" \/>\n<link rel=\"canonical\" href=\"https:\/\/pdricma.com.tr\/en\/takim-koclugu\/\" \/>\n<meta property=\"og:locale\" content=\"en_US\" \/>\n<meta property=\"og:type\" content=\"article\" \/>\n<meta property=\"og:title\" content=\"Tak\u0131m Ko\u00e7lu\u011fu\" \/>\n<meta property=\"og:description\" content=\"\u0130leri Seviye Profesyonel Ko\u00e7luk Sertifikasyon Program\u0131 Bu program ko\u00e7lar\u0131n ko\u00e7luk bilgilerinin derinle\u015fmesi ve i\u00e7selle\u015ftirilmesi maksad\u0131yla tasarlanm\u0131\u015ft\u0131r. Program; farkl\u0131 disiplinler ile ko\u00e7lu\u011fu anlatan, ko\u00e7lar\u0131n teoride \u00f6\u011frendiklerini prati\u011fe d\u00f6n\u00fc\u015ft\u00fcrmelerini ve ko\u00e7luk ara\u00e7lar\u0131nda ustala\u015fmalar\u0131na katk\u0131 sa\u011flayan ve ayn\u0131 zamanda ko\u00e7lar\u0131 PCC unvan almaya haz\u0131rlayan programd\u0131r. 9-12 ay s\u00fcren bu program, b\u00fct\u00fcnsel bir bak\u0131\u015f a\u00e7\u0131s\u0131na sahiptir.\u00a0 Program\u00a0\u0130\u00e7eri\u011fi: ICF Etik Kurallar\u0131 ve Yetkinliklerinde Ustala\u015fma PDRICMA Star Ko\u00e7luk Modelinde Derinle\u015fme Ko\u00e7lu\u011fu... Read More\" \/>\n<meta property=\"og:url\" content=\"https:\/\/pdricma.com.tr\/en\/takim-koclugu\/\" \/>\n<meta property=\"og:site_name\" content=\"PDR International Coaching &amp; Mentoring Academy\" \/>\n<meta property=\"article:publisher\" content=\"https:\/\/www.facebook.com\/people\/PDR-ICMA\/100064844886292\/\" \/>\n<meta property=\"article:modified_time\" content=\"2023-07-28T10:44:24+00:00\" \/>\n<meta name=\"twitter:card\" content=\"summary_large_image\" \/>\n<meta name=\"twitter:label1\" content=\"Est. reading time\" \/>\n\t<meta name=\"twitter:data1\" content=\"1 minute\" \/>\n<script type=\"application\/ld+json\" class=\"yoast-schema-graph\">{\"@context\":\"https:\/\/schema.org\",\"@graph\":[{\"@type\":\"WebPage\",\"@id\":\"https:\/\/pdricma.com.tr\/takim-koclugu\/\",\"url\":\"https:\/\/pdricma.com.tr\/takim-koclugu\/\",\"name\":\"Tak\u0131m Ko\u00e7lu\u011fu - PDR International Coaching &amp; Mentoring Academy\",\"isPartOf\":{\"@id\":\"https:\/\/pdricma.com.tr\/#website\"},\"datePublished\":\"2023-07-19T09:45:34+00:00\",\"dateModified\":\"2023-07-28T10:44:24+00:00\",\"breadcrumb\":{\"@id\":\"https:\/\/pdricma.com.tr\/takim-koclugu\/#breadcrumb\"},\"inLanguage\":\"en-US\",\"potentialAction\":[{\"@type\":\"ReadAction\",\"target\":[\"https:\/\/pdricma.com.tr\/takim-koclugu\/\"]}]},{\"@type\":\"BreadcrumbList\",\"@id\":\"https:\/\/pdricma.com.tr\/takim-koclugu\/#breadcrumb\",\"itemListElement\":[{\"@type\":\"ListItem\",\"position\":1,\"name\":\"Anasayfa\",\"item\":\"https:\/\/pdricma.com.tr\/\"},{\"@type\":\"ListItem\",\"position\":2,\"name\":\"Tak\u0131m Ko\u00e7lu\u011fu\"}]},{\"@type\":\"WebSite\",\"@id\":\"https:\/\/pdricma.com.tr\/#website\",\"url\":\"https:\/\/pdricma.com.tr\/\",\"name\":\"PDR International Coaching & Mentoring Academy\",\"description\":\"\",\"publisher\":{\"@id\":\"https:\/\/pdricma.com.tr\/#organization\"},\"potentialAction\":[{\"@type\":\"SearchAction\",\"target\":{\"@type\":\"EntryPoint\",\"urlTemplate\":\"https:\/\/pdricma.com.tr\/?s={search_term_string}\"},\"query-input\":{\"@type\":\"PropertyValueSpecification\",\"valueRequired\":true,\"valueName\":\"search_term_string\"}}],\"inLanguage\":\"en-US\"},{\"@type\":\"Organization\",\"@id\":\"https:\/\/pdricma.com.tr\/#organization\",\"name\":\"PDR International Coaching & Mentoring Academy\",\"url\":\"https:\/\/pdricma.com.tr\/\",\"logo\":{\"@type\":\"ImageObject\",\"inLanguage\":\"en-US\",\"@id\":\"https:\/\/pdricma.com.tr\/#\/schema\/logo\/image\/\",\"url\":\"https:\/\/pdricma.com.tr\/wp-content\/uploads\/2023\/07\/PDRCOACHINGLOGO-01-002-1.png\",\"contentUrl\":\"https:\/\/pdricma.com.tr\/wp-content\/uploads\/2023\/07\/PDRCOACHINGLOGO-01-002-1.png\",\"width\":2307,\"height\":785,\"caption\":\"PDR International Coaching & Mentoring Academy\"},\"image\":{\"@id\":\"https:\/\/pdricma.com.tr\/#\/schema\/logo\/image\/\"},\"sameAs\":[\"https:\/\/www.facebook.com\/people\/PDR-ICMA\/100064844886292\/\",\"https:\/\/www.instagram.com\/pdricma\/\"]}]}<\/script>\n<!-- \/ Yoast SEO Premium plugin. -->","yoast_head_json":{"title":"Tak\u0131m Ko\u00e7lu\u011fu - PDR International Coaching &amp; Mentoring Academy","robots":{"index":"index","follow":"follow","max-snippet":"max-snippet:-1","max-image-preview":"max-image-preview:large","max-video-preview":"max-video-preview:-1"},"canonical":"https:\/\/pdricma.com.tr\/en\/takim-koclugu\/","og_locale":"en_US","og_type":"article","og_title":"Tak\u0131m Ko\u00e7lu\u011fu","og_description":"\u0130leri Seviye Profesyonel Ko\u00e7luk Sertifikasyon Program\u0131 Bu program ko\u00e7lar\u0131n ko\u00e7luk bilgilerinin derinle\u015fmesi ve i\u00e7selle\u015ftirilmesi maksad\u0131yla tasarlanm\u0131\u015ft\u0131r. Program; farkl\u0131 disiplinler ile ko\u00e7lu\u011fu anlatan, ko\u00e7lar\u0131n teoride \u00f6\u011frendiklerini prati\u011fe d\u00f6n\u00fc\u015ft\u00fcrmelerini ve ko\u00e7luk ara\u00e7lar\u0131nda ustala\u015fmalar\u0131na katk\u0131 sa\u011flayan ve ayn\u0131 zamanda ko\u00e7lar\u0131 PCC unvan almaya haz\u0131rlayan programd\u0131r. 9-12 ay s\u00fcren bu program, b\u00fct\u00fcnsel bir bak\u0131\u015f a\u00e7\u0131s\u0131na sahiptir.\u00a0 Program\u00a0\u0130\u00e7eri\u011fi: ICF Etik Kurallar\u0131 ve Yetkinliklerinde Ustala\u015fma PDRICMA Star Ko\u00e7luk Modelinde Derinle\u015fme Ko\u00e7lu\u011fu... Read More","og_url":"https:\/\/pdricma.com.tr\/en\/takim-koclugu\/","og_site_name":"PDR International Coaching &amp; Mentoring Academy","article_publisher":"https:\/\/www.facebook.com\/people\/PDR-ICMA\/100064844886292\/","article_modified_time":"2023-07-28T10:44:24+00:00","twitter_card":"summary_large_image","twitter_misc":{"Est. reading time":"1 minute"},"schema":{"@context":"https:\/\/schema.org","@graph":[{"@type":"WebPage","@id":"https:\/\/pdricma.com.tr\/takim-koclugu\/","url":"https:\/\/pdricma.com.tr\/takim-koclugu\/","name":"Tak\u0131m Ko\u00e7lu\u011fu - PDR International Coaching &amp; Mentoring Academy","isPartOf":{"@id":"https:\/\/pdricma.com.tr\/#website"},"datePublished":"2023-07-19T09:45:34+00:00","dateModified":"2023-07-28T10:44:24+00:00","breadcrumb":{"@id":"https:\/\/pdricma.com.tr\/takim-koclugu\/#breadcrumb"},"inLanguage":"en-US","potentialAction":[{"@type":"ReadAction","target":["https:\/\/pdricma.com.tr\/takim-koclugu\/"]}]},{"@type":"BreadcrumbList","@id":"https:\/\/pdricma.com.tr\/takim-koclugu\/#breadcrumb","itemListElement":[{"@type":"ListItem","position":1,"name":"Anasayfa","item":"https:\/\/pdricma.com.tr\/"},{"@type":"ListItem","position":2,"name":"Tak\u0131m Ko\u00e7lu\u011fu"}]},{"@type":"WebSite","@id":"https:\/\/pdricma.com.tr\/#website","url":"https:\/\/pdricma.com.tr\/","name":"PDR International Coaching & Mentoring Academy","description":"","publisher":{"@id":"https:\/\/pdricma.com.tr\/#organization"},"potentialAction":[{"@type":"SearchAction","target":{"@type":"EntryPoint","urlTemplate":"https:\/\/pdricma.com.tr\/?s={search_term_string}"},"query-input":{"@type":"PropertyValueSpecification","valueRequired":true,"valueName":"search_term_string"}}],"inLanguage":"en-US"},{"@type":"Organization","@id":"https:\/\/pdricma.com.tr\/#organization","name":"PDR International Coaching & Mentoring Academy","url":"https:\/\/pdricma.com.tr\/","logo":{"@type":"ImageObject","inLanguage":"en-US","@id":"https:\/\/pdricma.com.tr\/#\/schema\/logo\/image\/","url":"https:\/\/pdricma.com.tr\/wp-content\/uploads\/2023\/07\/PDRCOACHINGLOGO-01-002-1.png","contentUrl":"https:\/\/pdricma.com.tr\/wp-content\/uploads\/2023\/07\/PDRCOACHINGLOGO-01-002-1.png","width":2307,"height":785,"caption":"PDR International Coaching & Mentoring Academy"},"image":{"@id":"https:\/\/pdricma.com.tr\/#\/schema\/logo\/image\/"},"sameAs":["https:\/\/www.facebook.com\/people\/PDR-ICMA\/100064844886292\/","https:\/\/www.instagram.com\/pdricma\/"]}]}},"_links":{"self":[{"href":"https:\/\/pdricma.com.tr\/en\/wp-json\/wp\/v2\/pages\/4046","targetHints":{"allow":["GET"]}}],"collection":[{"href":"https:\/\/pdricma.com.tr\/en\/wp-json\/wp\/v2\/pages"}],"about":[{"href":"https:\/\/pdricma.com.tr\/en\/wp-json\/wp\/v2\/types\/page"}],"author":[{"embeddable":true,"href":"https:\/\/pdricma.com.tr\/en\/wp-json\/wp\/v2\/users\/6"}],"replies":[{"embeddable":true,"href":"https:\/\/pdricma.com.tr\/en\/wp-json\/wp\/v2\/comments?post=4046"}],"version-history":[{"count":16,"href":"https:\/\/pdricma.com.tr\/en\/wp-json\/wp\/v2\/pages\/4046\/revisions"}],"predecessor-version":[{"id":4956,"href":"https:\/\/pdricma.com.tr\/en\/wp-json\/wp\/v2\/pages\/4046\/revisions\/4956"}],"wp:attachment":[{"href":"https:\/\/pdricma.com.tr\/en\/wp-json\/wp\/v2\/media?parent=4046"}],"curies":[{"name":"wp","href":"https:\/\/api.w.org\/{rel}","templated":true}]}}