{"id":4061,"date":"2023-07-19T12:50:49","date_gmt":"2023-07-19T09:50:49","guid":{"rendered":"https:\/\/pdricma.com.tr\/?page_id=4061"},"modified":"2024-09-23T16:05:34","modified_gmt":"2024-09-23T13:05:34","slug":"yonetici-koclugu","status":"publish","type":"page","link":"https:\/\/pdricma.com.tr\/en\/yonetici-koclugu\/","title":{"rendered":"\u0130leri Seviye Ko\u00e7luk E\u011fitimleri\u200b"},"content":{"rendered":"\t\t<div data-elementor-type=\"wp-post\" data-elementor-id=\"4061\" class=\"elementor elementor-4061\">\n\t\t\t\t\t\t<section class=\"elementor-section elementor-top-section elementor-element elementor-element-616b3f8 elementor-section-boxed elementor-section-height-default elementor-section-height-default\" data-id=\"616b3f8\" data-element_type=\"section\" data-settings=\"{&quot;background_background&quot;:&quot;classic&quot;,&quot;ekit_has_onepagescroll_dot&quot;:&quot;yes&quot;}\">\n\t\t\t\t\t\t<div class=\"elementor-container elementor-column-gap-default\">\n\t\t\t\t\t<div class=\"elementor-column elementor-col-100 elementor-top-column elementor-element elementor-element-718b3e8\" data-id=\"718b3e8\" data-element_type=\"column\">\n\t\t\t<div class=\"elementor-widget-wrap elementor-element-populated\">\n\t\t\t\t\t\t<div class=\"elementor-element elementor-element-af2bc77 elementor-widget elementor-widget-heading\" data-id=\"af2bc77\" data-element_type=\"widget\" data-settings=\"{&quot;ekit_we_effect_on&quot;:&quot;none&quot;}\" data-widget_type=\"heading.default\">\n\t\t\t\t<div class=\"elementor-widget-container\">\n\t\t\t<style>\/*! elementor - v3.21.0 - 08-05-2024 *\/\n.elementor-heading-title{padding:0;margin:0;line-height:1}.elementor-widget-heading .elementor-heading-title[class*=elementor-size-]>a{color:inherit;font-size:inherit;line-height:inherit}.elementor-widget-heading .elementor-heading-title.elementor-size-small{font-size:15px}.elementor-widget-heading .elementor-heading-title.elementor-size-medium{font-size:19px}.elementor-widget-heading .elementor-heading-title.elementor-size-large{font-size:29px}.elementor-widget-heading .elementor-heading-title.elementor-size-xl{font-size:39px}.elementor-widget-heading .elementor-heading-title.elementor-size-xxl{font-size:59px}<\/style><h1 class=\"elementor-heading-title elementor-size-default\">\u0130leri Seviye Ko\u00e7luk E\u011fitimleri<\/h1>\t\t<\/div>\n\t\t\t\t<\/div>\n\t\t\t\t\t<\/div>\n\t\t<\/div>\n\t\t\t\t\t<\/div>\n\t\t<\/section>\n\t\t\t\t<section class=\"elementor-section elementor-top-section elementor-element elementor-element-d293e47 elementor-section-boxed elementor-section-height-default elementor-section-height-default\" data-id=\"d293e47\" data-element_type=\"section\" data-settings=\"{&quot;ekit_has_onepagescroll_dot&quot;:&quot;yes&quot;}\">\n\t\t\t\t\t\t<div class=\"elementor-container elementor-column-gap-default\">\n\t\t\t\t\t<div class=\"elementor-column elementor-col-100 elementor-top-column elementor-element elementor-element-084673f\" data-id=\"084673f\" data-element_type=\"column\" data-settings=\"{&quot;background_background&quot;:&quot;classic&quot;}\">\n\t\t\t<div class=\"elementor-widget-wrap elementor-element-populated\">\n\t\t\t\t\t\t<div class=\"elementor-element elementor-element-a1ca6f1 elementor-invisible elementor-widget elementor-widget-text-editor\" data-id=\"a1ca6f1\" data-element_type=\"widget\" data-settings=\"{&quot;_animation&quot;:&quot;fadeInLeft&quot;,&quot;ekit_we_effect_on&quot;:&quot;none&quot;}\" data-widget_type=\"text-editor.default\">\n\t\t\t\t<div class=\"elementor-widget-container\">\n\t\t\t<style>\/*! elementor - v3.21.0 - 08-05-2024 *\/\n.elementor-widget-text-editor.elementor-drop-cap-view-stacked .elementor-drop-cap{background-color:#69727d;color:#fff}.elementor-widget-text-editor.elementor-drop-cap-view-framed .elementor-drop-cap{color:#69727d;border:3px solid;background-color:transparent}.elementor-widget-text-editor:not(.elementor-drop-cap-view-default) .elementor-drop-cap{margin-top:8px}.elementor-widget-text-editor:not(.elementor-drop-cap-view-default) .elementor-drop-cap-letter{width:1em;height:1em}.elementor-widget-text-editor .elementor-drop-cap{float:left;text-align:center;line-height:1;font-size:50px}.elementor-widget-text-editor .elementor-drop-cap-letter{display:inline-block}<\/style>\t\t\t\t<p style=\"text-align: center;\"><em>\u201cKo\u00e7luk, insanlar\u0131n kendi performanslar\u0131n\u0131 azamiye \u00e7\u0131karmalar\u0131 i\u00e7in potansiyellerini serbest b\u0131rakmakt\u0131r.\u201d<\/em> <\/p><p style=\"text-align: center;\"><strong>Sir John Whitmore<\/strong> <\/p><p>PDRICMA olarak ister yeni ba\u015fl\u0131yor olun ister deneyimli bir ko\u00e7 olun, kariyerinizin her a\u015famas\u0131na y\u00f6nelik programlar\u0131m\u0131z mevcuttur. Di\u011fer akredite kurumlardan ald\u0131\u011f\u0131n\u0131z e\u011fitimlerin transferini kabul ediyor, sizi en uygun seviyeden programa dahil ediyor ve yolculu\u011funuza kald\u0131\u011f\u0131n\u0131z yerden devam etmenizi sa\u011fl\u0131yoruz.<\/p><p>Level 2 \u0130leri Seviye Program\u0131na; ACC unvanl\u0131 ko\u00e7lar, LEVEL 1 Temel Seviye program mezunlar\u0131 ya da ICF akredite olan di\u011fer okullardan en az 60 saat ko\u00e7luk e\u011fitimi alm\u0131\u015f ko\u00e7lar kat\u0131labilmektedir. Kat\u0131l\u0131m ko\u015fullar\u0131 ile ilgili detayl\u0131 bilgi almak i\u00e7in <a href=\"mailto:info@pdricma.com.tr\">info@pdricma.com.tr<\/a> adresimize e-mail g\u00f6nderebilirsiniz.<\/p><p>Bu program, ko\u00e7lar\u0131n ko\u00e7lukta derinle\u015fmesini sa\u011flayan bir programd\u0131r. Program, ko\u00e7lukta kullan\u0131lan t\u00fcm ara\u00e7 ve tekniklerde g\u00fc\u00e7l\u00fc bir deneyim kazan\u0131lmas\u0131n\u0131 sa\u011flayan ve ko\u00e7lu\u011fun di\u011fer disiplinlerle ili\u015fkilerini \u00e7ok \u00e7e\u015fitli boyutlar\u0131yla sunarken ki\u015fisel bazda ko\u00e7lu\u011fun sanat\u0131n\u0131n yarat\u0131lmas\u0131n\u0131 kolayla\u015ft\u0131ran, t\u00fcm bunlar\u0131n yan\u0131nda ko\u00e7lar\u0131 PCC unvan almaya haz\u0131rlayan \u00f6zel bir programd\u0131r. 75 saat e\u011fitim, 10 saat mentorluk ile <strong>toplamda 85 saat<\/strong> olan bu program, ICF Unvanl\u0131 PDRICMA Fak\u00fclte Liderleri (PCC ve MCC seviye \u00fcnvanl\u0131) taraf\u0131ndan on-line ya da y\u00fcz y\u00fcze olarak verilebilmektedir.<\/p><p>Level 2 \u0130leri Seviye Profesyonel Ko\u00e7luk Program\u0131, ko\u00e7luk becerilerinin prati\u011fe d\u00f6n\u00fc\u015ft\u00fcr\u00fclmesine, bilgilerin derinle\u015ftirilmesine, geli\u015ftirilmesine, i\u00e7selle\u015ftirilmesine y\u00f6nelik olarak, ICF Temel Yetkinlikleri ve Etik Kurallar\u0131na odaklanan temel yetkinlik bazl\u0131 e\u011fitimler i\u00e7eren Laboratuvarlar, Mentor Ko\u00e7luklar\u0131, S\u00fcpervizyon (Yaz\u0131l\u0131\/S\u00f6zl\u00fc Geri Bildirimler), Akran Ko\u00e7luklar\u0131 (G\u00f6zlemli) ile olduk\u00e7a destekleyici\/b\u00fct\u00fcnsel bir yakla\u015f\u0131mla, uygulamal\u0131 pratiklerle zenginle\u015ftirilerek her \u00f6\u011frenme stiline duyal\u0131 ve esnek zaman planlamas\u0131 ile ger\u00e7ekle\u015ftirilmektedir. Yakla\u015f\u0131k 9-12 ay s\u00fcrmektedir. K\u0131sa zamanl\u0131, belirli periyotlar ile tekrar eden ve esnek kat\u0131l\u0131m sa\u011flanabilen yap\u0131s\u0131 ile profesyonel \u00e7al\u0131\u015fanlar\u0131n kolayca kat\u0131l\u0131m sa\u011flayabilece\u011fi bir programd\u0131r. <\/p><p>* ICF \u2018in ACSTH\/ACTP akreditasyonlu bir program\u0131n\u0131n en az 60 saatlik b\u00f6l\u00fcm\u00fcn\u00fc tamamlad\u0131\u011f\u0131n\u0131 belgeleyen ki\u015filer \u00fcnvanlanma s\u00fcre\u00e7lerindeki gereksinimleri i\u00e7in de (Ko\u00e7luk e\u011fitim saatini artt\u0131rma, mentorluk, s\u00fcpervizyon, performans de\u011ferlendirme kayd\u0131n\u0131n de\u011ferlendirilmesi vb.) bu programa ba\u015fvurabilirler. <\/p><p>*Biz PDRICMA olarak hayat\u0131n\u0131z boyunca yolculu\u011funuza e\u015flik edece\u011fiz. Mezunlar\u0131m\u0131z olarak s\u00fcrekli sizleri geli\u015ftirmeye ve bilgilendirmeye devam edece\u011fiz. Bu maksatla webinarlar\u0131m\u0131z, mezun toplant\u0131lar\u0131m\u0131z, CCE\/CCU kredili ko\u00e7luk destek programlar\u0131m\u0131z vb. vas\u0131tas\u0131yla ko\u00e7luk ile ilgili en g\u00fcncel haberleri sizlerle bulu\u015fturaca\u011f\u0131z. Ko\u00e7luk yolculu\u011funun kar\u015f\u0131n\u0131za \u00e7\u0131karaca\u011f\u0131 ka\u00e7\u0131n\u0131lmaz zorluklara kar\u015f\u0131 destek alma hakk\u0131na her daim sahipsiniz. Herkesin yapabilece\u011fine inan\u0131yoruz. Kim olursan\u0131z olun, bu yolculukta sizi desteklemek i\u00e7in buraday\u0131z. <\/p><p><strong>Level 2 \u0130leri Seviye Profesyonel Ko\u00e7luk Program <span style=\"color: #0089cf;\">\u0130\u00e7eri\u011fi:<\/span><\/strong> <\/p><ul><li><strong>PDRICMA Oryantasyon e\u011fitimi,<\/strong> (di\u011fer ICF akredite okullardan transfer olan \u00f6\u011frenciler i\u00e7in toplam 6 saat)<\/li><li><strong>LEVEL 2 Laboratuvar \u00c7al\u0131\u015fmalar\u0131<\/strong> (8 adet, ayda bir tekrarlayan 2,5 saatlik, toplam 20 saat)<\/li><li><strong>10 saat Mentorluk<\/strong> (3 adet bireysel, 7 adet grup mentorlu\u011fu)<\/li><li><strong>6 adet S\u00fcpervizyon<\/strong> (s\u00f6zl\u00fc\/yaz\u0131l\u0131 geri bildirim i\u00e7eren)<\/li><li><strong>6 adet G\u00f6zlemli Akran Ko\u00e7luklar\u0131,<\/strong><\/li><li><strong>Vaka \u00c7al\u0131\u015fmalar\u0131<\/strong> (Her bir kat\u0131l\u0131mc\u0131 \u00f6zelinde yap\u0131lmaktad\u0131r.)<\/li><li><strong>Takip Projeleri<\/strong> (Ko\u00e7lu\u011fu destekleyen)<\/li><li><strong>2 adet Performans De\u011ferlendirme S\u0131nav\u0131 Kayd\u0131 \u0130nceleme<\/strong>(PCC yetkinlik d\u00fczeyinde),<\/li><\/ul><p>(Akademimiz hem ACC ve hem PCC \u00dcnvanlanma i\u00e7in <strong>Performans De\u011ferlendirme S\u0131nav\u0131<\/strong> de\u011ferlendirme yetkisine sahiptir. Bu \u00f6zellik kat\u0131l\u0131mc\u0131lar\u0131m\u0131z\u0131n ICF global kanal\u0131yla kay\u0131t onaylatma gereksinimini ortadan kald\u0131rarak \u00fcnvanlanma s\u00fcrecini h\u0131zland\u0131ran, kolayla\u015ft\u0131ran ve maliyet olarak fayda sa\u011flayan bir \u00f6zelliktir.)<\/p><p>Bu program <strong>75 saat e\u011fitim<\/strong> ve <strong>10 saat mentorluk<\/strong> ile <strong>toplam 85 saattir.<\/strong> <strong>Level 2<\/strong> \u0130leri Seviye Profesyonel Ko\u00e7luk E\u011fitim Program\u0131n\u0131 ba\u015far\u0131yla tamamlayan kat\u0131l\u0131mc\u0131lar\u0131m\u0131za toplam 85 saatlik kat\u0131l\u0131m belgesi verilecektir. Bunun yan\u0131nda daha \u00f6nceden ICF Akredite Profesyonel Ko\u00e7luk E\u011fitim Programlar\u0131ndan (farkl\u0131 kurulu\u015flardan transfer edilen saatler dahil) <strong>en az 60 saat<\/strong> e\u011fitim ald\u0131\u011f\u0131n\u0131 belgeleyen kat\u0131l\u0131mc\u0131lar, bu program\u0131 da ba\u015far\u0131yla tamamlad\u0131klar\u0131nda <strong>Level 2 \u0130leri Seviye Profesyonel Ko\u00e7luk E\u011fitimi Sertifikas\u0131<\/strong> almaya hak kazanacaklard\u0131r. (Sertifikadaki e\u011fitim saati daha \u00f6nce ald\u0131\u011f\u0131\/transfer etti\u011fi e\u011fitim saatine g\u00f6re de\u011fi\u015fiklik g\u00f6sterebilecektir.)<\/p><p><strong>Level 2 Sertifikas\u0131n\u0131<\/strong> almaya hak kazanan kat\u0131l\u0131mc\u0131lar\u0131m\u0131z <strong>100 Saatlik<\/strong> ko\u00e7luk deneyimlerini de tamamlad\u0131klar\u0131nda, Uluslararas\u0131 Ko\u00e7luk Federasyonu\u2019na ACC Seviyesi \u00fcnvanlama s\u00fcreci, <strong>500 saatlik<\/strong> ko\u00e7luk deneyimlerini tamamlad\u0131klar\u0131nda ise PCC Seviyesi \u00fcnvanlanma s\u00fcreci i\u00e7in ba\u015fvurarak ICF\u2019in yaz\u0131l\u0131 s\u0131nav\u0131na girmeye hak kazan\u0131rlar. (<a href=\"https:\/\/coachingfederation.org\/credentials-and-standards\/credentialing-exam\">ICF Akreditasyon S\u0131nav\u0131 &#8211; Uluslararas\u0131 Ko\u00e7luk Federasyonu (coachingfederation.org<\/a>) (Not: Unvanlanma s\u00fcrecinde, gereklilikler a\u00e7\u0131s\u0131ndan ICF taraf\u0131ndan yap\u0131labilecek de\u011fi\u015fiklikler ile ek gereksinimler olabilece\u011fini l\u00fctfen unutmay\u0131n\u0131z.) <\/p><p>CF taraf\u0131ndan unvanlanmak i\u00e7in bu sayfada \u00f6zetlenmeyen ek gereksinimler oldu\u011funu l\u00fctfen unutmay\u0131n\u0131z. Level 2 program\u0131m\u0131z, PCC unvanlanma i\u00e7in gereken t\u00fcm bilgiler ile ilgili \u00f6\u011frencilere destek sa\u011flamaktad\u0131r. Ayr\u0131ca, ayl\u0131k web seminerleri arac\u0131l\u0131\u011f\u0131yla \u00fccretsiz olarak s\u00fcrekli olarak ko\u00e7lu\u011fa dair geli\u015fmeleri duyurmaya devam etmekteyiz.<\/p><p>* <strong>Level 1 Temel Seviye Profesyonel Ko\u00e7luk E\u011fitim Program\u0131<\/strong> ile ilgili detaylar\u0131 g\u00f6rebilmek i\u00e7in <a href=\"https:\/\/pdricma.com.tr\/level-1-profesyonel-kocluk-sertifikasyon-programi\/\">Level 1 \u2013 Profesyonel Ko\u00e7luk E\u011fitim Program\u0131 \u2013 PDR International Coaching &amp; Mentoring Academy (pdricma.com.tr)<\/a> sayfam\u0131z\u0131 ziyaret edebilirsiniz.<\/p><p>* <strong>Level 2 \u0130leri Seviye Profesyonel Ko\u00e7luk E\u011fitim Program\u0131<\/strong> ile ilgili detaylar\u0131 g\u00f6rmek i\u00e7in <a href=\"https:\/\/pdricma.com.tr\/level-2-ileri-seviye-profesyonel-kocluk-sertifikasyon-programi\/\">Level 2- \u0130leri Seviye Profesyonel Ko\u00e7luk Sertifikasyon Program\u0131 \u2013 PDR International Coaching &amp; Mentoring Academy (pdricma.com.tr)<\/a> sayfam\u0131z\u0131 ziyaret edebilirsiniz.<\/p><p>Program tarihleri ve detayl\u0131 bilgi i\u00e7in <a href=\"mailto:info@pdricma.com.tr\">info@pdricma.com.tr<\/a> adresimizden ya da 0216 709 17 37\u2019den bize ula\u015fabilirsiniz.<\/p>\t\t\t\t\t\t<\/div>\n\t\t\t\t<\/div>\n\t\t\t\t\t<\/div>\n\t\t<\/div>\n\t\t\t\t\t<\/div>\n\t\t<\/section>\n\t\t\t\t<\/div>\n\t\t","protected":false},"excerpt":{"rendered":"<p>\u0130leri Seviye Ko\u00e7luk E\u011fitimleri \u201cKo\u00e7luk, insanlar\u0131n kendi performanslar\u0131n\u0131 azamiye \u00e7\u0131karmalar\u0131 i\u00e7in potansiyellerini serbest b\u0131rakmakt\u0131r.\u201d Sir John Whitmore PDRICMA olarak ister yeni ba\u015fl\u0131yor olun ister deneyimli bir ko\u00e7 olun, kariyerinizin her a\u015famas\u0131na y\u00f6nelik programlar\u0131m\u0131z mevcuttur. Di\u011fer akredite kurumlardan ald\u0131\u011f\u0131n\u0131z e\u011fitimlerin transferini kabul ediyor, sizi en uygun seviyeden programa dahil ediyor ve yolculu\u011funuza kald\u0131\u011f\u0131n\u0131z yerden devam etmenizi sa\u011fl\u0131yoruz. Level 2 \u0130leri Seviye Program\u0131na; ACC unvanl\u0131 ko\u00e7lar, LEVEL&#8230; <\/p>\n<p class=\"more\"><a class=\"more-link\" href=\"https:\/\/pdricma.com.tr\/en\/yonetici-koclugu\/\">Read More<\/a><\/p>","protected":false},"author":6,"featured_media":0,"parent":0,"menu_order":0,"comment_status":"closed","ping_status":"closed","template":"elementor_header_footer","meta":{"footnotes":""},"class_list":["post-4061","page","type-page","status-publish","hentry","is-cat-link-solid-light is-cat-link-rounded"],"yoast_head":"<!-- This site is optimized with the Yoast SEO Premium plugin v24.0 (Yoast SEO v26.9) - https:\/\/yoast.com\/product\/yoast-seo-premium-wordpress\/ -->\n<title>\u0130leri Seviye Ko\u00e7luk E\u011fitimleri\u200b - PDR International Coaching &amp; Mentoring Academy<\/title>\n<meta name=\"robots\" content=\"index, follow, max-snippet:-1, max-image-preview:large, max-video-preview:-1\" \/>\n<link rel=\"canonical\" href=\"https:\/\/pdricma.com.tr\/en\/yonetici-koclugu\/\" \/>\n<meta property=\"og:locale\" content=\"en_US\" \/>\n<meta property=\"og:type\" content=\"article\" \/>\n<meta property=\"og:title\" content=\"\u0130leri Seviye Ko\u00e7luk E\u011fitimleri\u200b\" \/>\n<meta property=\"og:description\" content=\"\u0130leri Seviye Ko\u00e7luk E\u011fitimleri \u201cKo\u00e7luk, insanlar\u0131n kendi performanslar\u0131n\u0131 azamiye \u00e7\u0131karmalar\u0131 i\u00e7in potansiyellerini serbest b\u0131rakmakt\u0131r.\u201d Sir John Whitmore PDRICMA olarak ister yeni ba\u015fl\u0131yor olun ister deneyimli bir ko\u00e7 olun, kariyerinizin her a\u015famas\u0131na y\u00f6nelik programlar\u0131m\u0131z mevcuttur. Di\u011fer akredite kurumlardan ald\u0131\u011f\u0131n\u0131z e\u011fitimlerin transferini kabul ediyor, sizi en uygun seviyeden programa dahil ediyor ve yolculu\u011funuza kald\u0131\u011f\u0131n\u0131z yerden devam etmenizi sa\u011fl\u0131yoruz. Level 2 \u0130leri Seviye Program\u0131na; ACC unvanl\u0131 ko\u00e7lar, LEVEL... Read More\" \/>\n<meta property=\"og:url\" content=\"https:\/\/pdricma.com.tr\/en\/yonetici-koclugu\/\" \/>\n<meta property=\"og:site_name\" content=\"PDR International Coaching &amp; Mentoring Academy\" \/>\n<meta property=\"article:publisher\" content=\"https:\/\/www.facebook.com\/people\/PDR-ICMA\/100064844886292\/\" \/>\n<meta property=\"article:modified_time\" content=\"2024-09-23T13:05:34+00:00\" \/>\n<meta name=\"twitter:card\" content=\"summary_large_image\" \/>\n<meta name=\"twitter:label1\" content=\"Est. reading time\" \/>\n\t<meta name=\"twitter:data1\" content=\"5 minutes\" \/>\n<script type=\"application\/ld+json\" class=\"yoast-schema-graph\">{\"@context\":\"https:\/\/schema.org\",\"@graph\":[{\"@type\":\"WebPage\",\"@id\":\"https:\/\/pdricma.com.tr\/yonetici-koclugu\/\",\"url\":\"https:\/\/pdricma.com.tr\/yonetici-koclugu\/\",\"name\":\"\u0130leri Seviye Ko\u00e7luk E\u011fitimleri\u200b - PDR International Coaching &amp; Mentoring Academy\",\"isPartOf\":{\"@id\":\"https:\/\/pdricma.com.tr\/#website\"},\"datePublished\":\"2023-07-19T09:50:49+00:00\",\"dateModified\":\"2024-09-23T13:05:34+00:00\",\"breadcrumb\":{\"@id\":\"https:\/\/pdricma.com.tr\/yonetici-koclugu\/#breadcrumb\"},\"inLanguage\":\"en-US\",\"potentialAction\":[{\"@type\":\"ReadAction\",\"target\":[\"https:\/\/pdricma.com.tr\/yonetici-koclugu\/\"]}]},{\"@type\":\"BreadcrumbList\",\"@id\":\"https:\/\/pdricma.com.tr\/yonetici-koclugu\/#breadcrumb\",\"itemListElement\":[{\"@type\":\"ListItem\",\"position\":1,\"name\":\"Anasayfa\",\"item\":\"https:\/\/pdricma.com.tr\/\"},{\"@type\":\"ListItem\",\"position\":2,\"name\":\"\u0130leri Seviye Ko\u00e7luk E\u011fitimleri\u200b\"}]},{\"@type\":\"WebSite\",\"@id\":\"https:\/\/pdricma.com.tr\/#website\",\"url\":\"https:\/\/pdricma.com.tr\/\",\"name\":\"PDR International Coaching & Mentoring Academy\",\"description\":\"\",\"publisher\":{\"@id\":\"https:\/\/pdricma.com.tr\/#organization\"},\"potentialAction\":[{\"@type\":\"SearchAction\",\"target\":{\"@type\":\"EntryPoint\",\"urlTemplate\":\"https:\/\/pdricma.com.tr\/?s={search_term_string}\"},\"query-input\":{\"@type\":\"PropertyValueSpecification\",\"valueRequired\":true,\"valueName\":\"search_term_string\"}}],\"inLanguage\":\"en-US\"},{\"@type\":\"Organization\",\"@id\":\"https:\/\/pdricma.com.tr\/#organization\",\"name\":\"PDR International Coaching & Mentoring Academy\",\"url\":\"https:\/\/pdricma.com.tr\/\",\"logo\":{\"@type\":\"ImageObject\",\"inLanguage\":\"en-US\",\"@id\":\"https:\/\/pdricma.com.tr\/#\/schema\/logo\/image\/\",\"url\":\"https:\/\/pdricma.com.tr\/wp-content\/uploads\/2023\/07\/PDRCOACHINGLOGO-01-002-1.png\",\"contentUrl\":\"https:\/\/pdricma.com.tr\/wp-content\/uploads\/2023\/07\/PDRCOACHINGLOGO-01-002-1.png\",\"width\":2307,\"height\":785,\"caption\":\"PDR International Coaching & Mentoring Academy\"},\"image\":{\"@id\":\"https:\/\/pdricma.com.tr\/#\/schema\/logo\/image\/\"},\"sameAs\":[\"https:\/\/www.facebook.com\/people\/PDR-ICMA\/100064844886292\/\",\"https:\/\/www.instagram.com\/pdricma\/\"]}]}<\/script>\n<!-- \/ Yoast SEO Premium plugin. -->","yoast_head_json":{"title":"\u0130leri Seviye Ko\u00e7luk E\u011fitimleri\u200b - PDR International Coaching &amp; Mentoring Academy","robots":{"index":"index","follow":"follow","max-snippet":"max-snippet:-1","max-image-preview":"max-image-preview:large","max-video-preview":"max-video-preview:-1"},"canonical":"https:\/\/pdricma.com.tr\/en\/yonetici-koclugu\/","og_locale":"en_US","og_type":"article","og_title":"\u0130leri Seviye Ko\u00e7luk E\u011fitimleri\u200b","og_description":"\u0130leri Seviye Ko\u00e7luk E\u011fitimleri \u201cKo\u00e7luk, insanlar\u0131n kendi performanslar\u0131n\u0131 azamiye \u00e7\u0131karmalar\u0131 i\u00e7in potansiyellerini serbest b\u0131rakmakt\u0131r.\u201d Sir John Whitmore PDRICMA olarak ister yeni ba\u015fl\u0131yor olun ister deneyimli bir ko\u00e7 olun, kariyerinizin her a\u015famas\u0131na y\u00f6nelik programlar\u0131m\u0131z mevcuttur. Di\u011fer akredite kurumlardan ald\u0131\u011f\u0131n\u0131z e\u011fitimlerin transferini kabul ediyor, sizi en uygun seviyeden programa dahil ediyor ve yolculu\u011funuza kald\u0131\u011f\u0131n\u0131z yerden devam etmenizi sa\u011fl\u0131yoruz. Level 2 \u0130leri Seviye Program\u0131na; ACC unvanl\u0131 ko\u00e7lar, LEVEL... Read More","og_url":"https:\/\/pdricma.com.tr\/en\/yonetici-koclugu\/","og_site_name":"PDR International Coaching &amp; Mentoring Academy","article_publisher":"https:\/\/www.facebook.com\/people\/PDR-ICMA\/100064844886292\/","article_modified_time":"2024-09-23T13:05:34+00:00","twitter_card":"summary_large_image","twitter_misc":{"Est. reading time":"5 minutes"},"schema":{"@context":"https:\/\/schema.org","@graph":[{"@type":"WebPage","@id":"https:\/\/pdricma.com.tr\/yonetici-koclugu\/","url":"https:\/\/pdricma.com.tr\/yonetici-koclugu\/","name":"\u0130leri Seviye Ko\u00e7luk E\u011fitimleri\u200b - PDR International Coaching &amp; Mentoring Academy","isPartOf":{"@id":"https:\/\/pdricma.com.tr\/#website"},"datePublished":"2023-07-19T09:50:49+00:00","dateModified":"2024-09-23T13:05:34+00:00","breadcrumb":{"@id":"https:\/\/pdricma.com.tr\/yonetici-koclugu\/#breadcrumb"},"inLanguage":"en-US","potentialAction":[{"@type":"ReadAction","target":["https:\/\/pdricma.com.tr\/yonetici-koclugu\/"]}]},{"@type":"BreadcrumbList","@id":"https:\/\/pdricma.com.tr\/yonetici-koclugu\/#breadcrumb","itemListElement":[{"@type":"ListItem","position":1,"name":"Anasayfa","item":"https:\/\/pdricma.com.tr\/"},{"@type":"ListItem","position":2,"name":"\u0130leri Seviye Ko\u00e7luk E\u011fitimleri\u200b"}]},{"@type":"WebSite","@id":"https:\/\/pdricma.com.tr\/#website","url":"https:\/\/pdricma.com.tr\/","name":"PDR International Coaching & Mentoring Academy","description":"","publisher":{"@id":"https:\/\/pdricma.com.tr\/#organization"},"potentialAction":[{"@type":"SearchAction","target":{"@type":"EntryPoint","urlTemplate":"https:\/\/pdricma.com.tr\/?s={search_term_string}"},"query-input":{"@type":"PropertyValueSpecification","valueRequired":true,"valueName":"search_term_string"}}],"inLanguage":"en-US"},{"@type":"Organization","@id":"https:\/\/pdricma.com.tr\/#organization","name":"PDR International Coaching & Mentoring Academy","url":"https:\/\/pdricma.com.tr\/","logo":{"@type":"ImageObject","inLanguage":"en-US","@id":"https:\/\/pdricma.com.tr\/#\/schema\/logo\/image\/","url":"https:\/\/pdricma.com.tr\/wp-content\/uploads\/2023\/07\/PDRCOACHINGLOGO-01-002-1.png","contentUrl":"https:\/\/pdricma.com.tr\/wp-content\/uploads\/2023\/07\/PDRCOACHINGLOGO-01-002-1.png","width":2307,"height":785,"caption":"PDR International Coaching & Mentoring Academy"},"image":{"@id":"https:\/\/pdricma.com.tr\/#\/schema\/logo\/image\/"},"sameAs":["https:\/\/www.facebook.com\/people\/PDR-ICMA\/100064844886292\/","https:\/\/www.instagram.com\/pdricma\/"]}]}},"_links":{"self":[{"href":"https:\/\/pdricma.com.tr\/en\/wp-json\/wp\/v2\/pages\/4061","targetHints":{"allow":["GET"]}}],"collection":[{"href":"https:\/\/pdricma.com.tr\/en\/wp-json\/wp\/v2\/pages"}],"about":[{"href":"https:\/\/pdricma.com.tr\/en\/wp-json\/wp\/v2\/types\/page"}],"author":[{"embeddable":true,"href":"https:\/\/pdricma.com.tr\/en\/wp-json\/wp\/v2\/users\/6"}],"replies":[{"embeddable":true,"href":"https:\/\/pdricma.com.tr\/en\/wp-json\/wp\/v2\/comments?post=4061"}],"version-history":[{"count":23,"href":"https:\/\/pdricma.com.tr\/en\/wp-json\/wp\/v2\/pages\/4061\/revisions"}],"predecessor-version":[{"id":7067,"href":"https:\/\/pdricma.com.tr\/en\/wp-json\/wp\/v2\/pages\/4061\/revisions\/7067"}],"wp:attachment":[{"href":"https:\/\/pdricma.com.tr\/en\/wp-json\/wp\/v2\/media?parent=4061"}],"curies":[{"name":"wp","href":"https:\/\/api.w.org\/{rel}","templated":true}]}}