{"id":4847,"date":"2023-07-27T16:37:04","date_gmt":"2023-07-27T13:37:04","guid":{"rendered":"https:\/\/pdricma.com.tr\/?page_id=4847"},"modified":"2026-04-04T15:55:44","modified_gmt":"2026-04-04T12:55:44","slug":"size-ozel-2","status":"publish","type":"page","link":"https:\/\/pdricma.com.tr\/en\/size-ozel-2\/","title":{"rendered":"Just for you"},"content":{"rendered":"\t\t<div data-elementor-type=\"wp-post\" data-elementor-id=\"4847\" class=\"elementor elementor-4847\">\n\t\t\t\t\t\t<section class=\"elementor-section elementor-top-section elementor-element elementor-element-bcb3ba8 elementor-section-height-min-height elementor-section-boxed elementor-section-height-default elementor-section-items-middle\" data-id=\"bcb3ba8\" data-element_type=\"section\" data-settings=\"{&quot;background_background&quot;:&quot;classic&quot;,&quot;ekit_has_onepagescroll_dot&quot;:&quot;yes&quot;}\">\n\t\t\t\t\t\t\t<div class=\"elementor-background-overlay\"><\/div>\n\t\t\t\t\t\t\t<div class=\"elementor-container elementor-column-gap-default\">\n\t\t\t\t\t<div class=\"elementor-column elementor-col-100 elementor-top-column elementor-element elementor-element-\" data-id=\"\" data-element_type=\"column\">\n\t\t\t<div class=\"elementor-widget-wrap elementor-element-populated\">\n\t\t\t\t\t\t<div class=\"elementor-element elementor-element- elementor-widget elementor-widget-heading\" data-id=\"\" data-element_type=\"widget\" data-settings=\"{&quot;ekit_we_effect_on&quot;:&quot;none&quot;}\" data-widget_type=\"heading.default\">\n\t\t\t\t<div class=\"elementor-widget-container\">\n\t\t\t<style>\/*! elementor - v3.21.0 - 08-05-2024 *\/\n.elementor-heading-title{padding:0;margin:0;line-height:1}.elementor-widget-heading .elementor-heading-title[class*=elementor-size-]>a{color:inherit;font-size:inherit;line-height:inherit}.elementor-widget-heading .elementor-heading-title.elementor-size-small{font-size:15px}.elementor-widget-heading .elementor-heading-title.elementor-size-medium{font-size:19px}.elementor-widget-heading .elementor-heading-title.elementor-size-large{font-size:29px}.elementor-widget-heading .elementor-heading-title.elementor-size-xl{font-size:39px}.elementor-widget-heading .elementor-heading-title.elementor-size-xxl{font-size:59px}<\/style><h1 class=\"elementor-heading-title elementor-size-default\">Size \u00d6zel<\/h1>\t\t<\/div>\n\t\t\t\t<\/div>\n\t\t\t\t\t<\/div>\n\t\t<\/div>\n\t\t\t\t\t<\/div>\n\t\t<\/section>\n\t\t\t\t<section class=\"elementor-section elementor-top-section elementor-element elementor-element-c510303 elementor-section-full_width elementor-section-height-default elementor-section-height-default\" data-id=\"c510303\" data-element_type=\"section\" data-settings=\"{&quot;background_background&quot;:&quot;classic&quot;,&quot;ekit_has_onepagescroll_dot&quot;:&quot;yes&quot;}\">\n\t\t\t\t\t\t<div class=\"elementor-container elementor-column-gap-default\">\n\t\t\t\t\t<div class=\"elementor-column elementor-col-100 elementor-top-column elementor-element elementor-element-\" data-id=\"\" data-element_type=\"column\">\n\t\t\t<div class=\"elementor-widget-wrap elementor-element-populated\">\n\t\t\t\t\t\t<div class=\"elementor-element elementor-element- elementor-widget elementor-widget-text-editor\" data-id=\"\" data-element_type=\"widget\" data-settings=\"{&quot;ekit_we_effect_on&quot;:&quot;none&quot;}\" data-widget_type=\"text-editor.default\">\n\t\t\t\t<div class=\"elementor-widget-container\">\n\t\t\t<style>\/*! elementor - v3.21.0 - 08-05-2024 *\/\n.elementor-widget-text-editor.elementor-drop-cap-view-stacked .elementor-drop-cap{background-color:#69727d;color:#fff}.elementor-widget-text-editor.elementor-drop-cap-view-framed .elementor-drop-cap{color:#69727d;border:3px solid;background-color:transparent}.elementor-widget-text-editor:not(.elementor-drop-cap-view-default) .elementor-drop-cap{margin-top:8px}.elementor-widget-text-editor:not(.elementor-drop-cap-view-default) .elementor-drop-cap-letter{width:1em;height:1em}.elementor-widget-text-editor .elementor-drop-cap{float:left;text-align:center;line-height:1;font-size:50px}.elementor-widget-text-editor .elementor-drop-cap-letter{display:inline-block}<\/style>\t\t\t\t\n<div style=\"max-width:1100px; margin:0 auto; padding:60px 20px;\">\n  <div style=\"text-align:center; margin-bottom:60px;\">\n    <div style=\"display:inline-block; width:80px; height:4px; background:linear-gradient(90deg, #0d8a8a, #c8a951); border-radius:2px; margin-bottom:20px;\"><\/div>\n    <p style=\"font-size:18px; color:#374151; max-width:800px; margin:0 auto; line-height:1.8;\">Sizinle her zaman ileti\u015fimde kalmak istiyoruz. Bu b\u00f6l\u00fcmde sizin i\u00e7in \u00f6zel olarak haz\u0131rlad\u0131\u011f\u0131m\u0131z i\u00e7erikleri, e\u011fitimleri, projeleri ve kaynaklar\u0131 bulabilirsiniz.<\/p>\n  <\/div>\n  <div style=\"display:flex; flex-wrap:wrap; gap:30px; margin-bottom:60px;\">\n    <div style=\"flex:1; min-width:240px; background:#fff; border-radius:16px; padding:35px 30px; box-shadow:0 6px 25px rgba(0,0,0,0.08); border-top:5px solid #0d8a8a; text-align:center;\">\n      <div style=\"width:70px; height:70px; margin:0 auto 20px; background:linear-gradient(135deg, #0d8a8a, #0fb3b3); border-radius:50%; display:flex; align-items:center; justify-content:center;\"><span style=\"font-size:32px; color:#fff;\">&#128218;<\/span><\/div>\n      <h3 style=\"font-size:20px; color:#0a2540; font-weight:700; margin:0 0 12px 0;\">Yakla\u015fan Bireysel E\u011fitimler<\/h3>\n      <p style=\"font-size:14px; color:#6b7280; line-height:1.7; margin:0 0 20px 0;\">ICF akredite ko\u00e7luk e\u011fitimlerimizin takvimini inceleyin, size en uygun program\u0131 se\u00e7in ve kariyer yolculu\u011funuzda bir ad\u0131m \u00f6ne ge\u00e7in.<\/p>\n      <a href=\"\/yaklasan-bireysel-egitimler\/\" style=\"display:inline-block; padding:10px 24px; background:linear-gradient(135deg, #0d8a8a, #0fb3b3); color:#fff; font-weight:600; border-radius:8px; text-decoration:none; font-size:14px;\">E\u011fitimleri \u0130ncele<\/a>\n    <\/div>\n    <div style=\"flex:1; min-width:240px; background:#fff; border-radius:16px; padding:35px 30px; box-shadow:0 6px 25px rgba(0,0,0,0.08); border-top:5px solid #c8a951; text-align:center;\">\n      <div style=\"width:70px; height:70px; margin:0 auto 20px; background:linear-gradient(135deg, #c8a951, #e8c961); border-radius:50%; display:flex; align-items:center; justify-content:center;\"><span style=\"font-size:32px; color:#fff;\">&#10084;<\/span><\/div>\n      <h3 style=\"font-size:20px; color:#0a2540; font-weight:700; margin:0 0 12px 0;\">Ask\u0131da Ko\u00e7luk Projesi<\/h3>\n      <p style=\"font-size:14px; color:#6b7280; line-height:1.7; margin:0 0 20px 0;\">Ko\u00e7luk deste\u011fine ihtiya\u00e7 duyan ancak maddi imk\u00e2n\u0131 olmayan bireylere \u00fccretsiz ko\u00e7luk hizmeti sunuyoruz. Bu anlaml\u0131 projeye siz de destek olun.<\/p>\n      <a href=\"\/askida-kocluk-projesi\/\" style=\"display:inline-block; padding:10px 24px; background:linear-gradient(135deg, #c8a951, #e8c961); color:#0a2540; font-weight:600; border-radius:8px; text-decoration:none; font-size:14px;\">Projeyi Ke\u015ffet<\/a>\n    <\/div>\n    <div style=\"flex:1; min-width:240px; background:#fff; border-radius:16px; padding:35px 30px; box-shadow:0 6px 25px rgba(0,0,0,0.08); border-top:5px solid #0d8a8a; text-align:center;\">\n      <div style=\"width:70px; height:70px; margin:0 auto 20px; background:linear-gradient(135deg, #0d8a8a, #0fb3b3); border-radius:50%; display:flex; align-items:center; justify-content:center;\"><span style=\"font-size:32px; color:#fff;\">&#10067;<\/span><\/div>\n      <h3 style=\"font-size:20px; color:#0a2540; font-weight:700; margin:0 0 12px 0;\">S\u0131k\u00e7a Sorulan Sorular<\/h3>\n      <p style=\"font-size:14px; color:#6b7280; line-height:1.7; margin:0 0 20px 0;\">Ko\u00e7luk e\u011fitimleri, sertifikasyon s\u00fcreci, ICF akreditasyonu ve daha fazlas\u0131 hakk\u0131nda merak ettiklerinize yan\u0131t bulun.<\/p>\n      <a href=\"\/sss\/\" style=\"display:inline-block; padding:10px 24px; background:linear-gradient(135deg, #0d8a8a, #0fb3b3); color:#fff; font-weight:600; border-radius:8px; text-decoration:none; font-size:14px;\">SSS&#8217;ye G\u00f6z At<\/a>\n    <\/div>\n    <div style=\"flex:1; min-width:240px; background:#fff; border-radius:16px; padding:35px 30px; box-shadow:0 6px 25px rgba(0,0,0,0.08); border-top:5px solid #c8a951; text-align:center;\">\n      <div style=\"width:70px; height:70px; margin:0 auto 20px; background:linear-gradient(135deg, #c8a951, #e8c961); border-radius:50%; display:flex; align-items:center; justify-content:center;\"><span style=\"font-size:32px; color:#fff;\">&#128214;<\/span><\/div>\n      <h3 style=\"font-size:20px; color:#0a2540; font-weight:700; margin:0 0 12px 0;\">Kitap \u00d6nerileri<\/h3>\n      <p style=\"font-size:14px; color:#6b7280; line-height:1.7; margin:0 0 20px 0;\">Ko\u00e7luk, liderlik ve ki\u015fisel geli\u015fim alan\u0131nda uzmanlar\u0131m\u0131z\u0131n se\u00e7ti\u011fi kitaplarla kendinizi bir ad\u0131m ileriye ta\u015f\u0131y\u0131n.<\/p>\n      <a href=\"\/kitap-onerileri\/\" style=\"display:inline-block; padding:10px 24px; background:linear-gradient(135deg, #c8a951, #e8c961); color:#0a2540; font-weight:600; border-radius:8px; text-decoration:none; font-size:14px;\">Kitaplar\u0131 Ke\u015ffet<\/a>\n    <\/div>\n  <\/div>\n  <div style=\"background:linear-gradient(135deg, #0a2540 0%, #0d4a6b 100%); border-radius:20px; padding:50px 40px; margin-bottom:60px; box-shadow:0 8px 30px rgba(10,37,64,0.3);\">\n    <h2 style=\"font-size:28px; color:#c8a951; font-weight:700; text-align:center; margin:0 0 30px 0;\">Neden &#8220;Size \u00d6zel&#8221;?<\/h2>\n    <div style=\"display:flex; flex-wrap:wrap; gap:30px;\">\n      <div style=\"flex:1; min-width:280px; text-align:center; padding:20px;\"><div style=\"font-size:40px; margin-bottom:12px;\">&#127919;<\/div><h4 style=\"font-size:17px; color:#fff; font-weight:700; margin:0 0 8px 0;\">Ki\u015fiselle\u015ftirilmi\u015f \u0130\u00e7erik<\/h4><p style=\"font-size:14px; color:rgba(255,255,255,0.8); line-height:1.7; margin:0;\">\u0130htiya\u00e7lar\u0131n\u0131za \u00f6zel tasarlanm\u0131\u015f e\u011fitim programlar\u0131, webinarlar ve kaynaklar sunuyoruz.<\/p><\/div>\n      <div style=\"flex:1; min-width:280px; text-align:center; padding:20px;\"><div style=\"font-size:40px; margin-bottom:12px;\">&#128640;<\/div><h4 style=\"font-size:17px; color:#fff; font-weight:700; margin:0 0 8px 0;\">S\u00fcrekli G\u00fcncel<\/h4><p style=\"font-size:14px; color:rgba(255,255,255,0.8); line-height:1.7; margin:0;\">E\u011fitim takvimleri, yeni projeler ve sekt\u00f6rel geli\u015fmeleri d\u00fczenli olarak g\u00fcncelliyoruz.<\/p><\/div>\n      <div style=\"flex:1; min-width:280px; text-align:center; padding:20px;\"><div style=\"font-size:40px; margin-bottom:12px;\">&#129309;<\/div><h4 style=\"font-size:17px; color:#fff; font-weight:700; margin:0 0 8px 0;\">Topluluk G\u00fcc\u00fc<\/h4><p style=\"font-size:14px; color:rgba(255,255,255,0.8); line-height:1.7; margin:0;\">Ask\u0131da Ko\u00e7luk projesi ile topluma de\u011fer kat\u0131yor, birlikte daha g\u00fc\u00e7l\u00fc bir gelecek in\u015fa ediyoruz.<\/p><\/div>\n    <\/div>\n  <\/div>\n  <div style=\"background:#fff; border-radius:16px; padding:40px; box-shadow:0 4px 20px rgba(0,0,0,0.06); border-left:5px solid #0d8a8a; margin-bottom:50px;\">\n    <h3 style=\"font-size:22px; color:#0a2540; font-weight:700; margin:0 0 15px 0;\">Bu B\u00f6l\u00fcmde Neler Bulabilirsiniz?<\/h3>\n    <p style=\"font-size:15px; color:#374151; line-height:1.8; margin:0 0 15px 0;\">&#8220;Size \u00d6zel&#8221; ba\u015fl\u0131\u011f\u0131 alt\u0131nda; <strong>Yakla\u015fan Bireysel E\u011fitimlerimizi<\/strong>, <strong>Webinarlar\u0131m\u0131z\u0131<\/strong>, <strong>Ask\u0131da Ko\u00e7luk Projelerimizi<\/strong> ve <strong>Kitap \u00d6nerilerimizi<\/strong> bulabilirsiniz. Ayr\u0131ca <strong>SSS<\/strong> b\u00f6l\u00fcm\u00fcnde S\u0131k\u00e7a Sorulan Sorular\u0131n\u0131za cevap vermeyi ama\u00e7lad\u0131k.<\/p>\n    <p style=\"font-size:15px; color:#374151; line-height:1.8; margin:0;\">Yakla\u015fan e\u011fitimlerimiz ve webinarlar\u0131m\u0131z hakk\u0131nda bilgi almak ve sorular\u0131n\u0131z\u0131 iletmek istiyorsan\u0131z <a href=\"mailto:info@pdricma.com.tr\" style=\"color:#0d8a8a; font-weight:600;\">info@pdricma.com.tr<\/a> adresimizden bize ula\u015fabilirsiniz.<\/p>\n  <\/div>\n  <div style=\"text-align:center; padding:40px; background:linear-gradient(135deg, #0d8a8a 0%, #0fb3b3 100%); border-radius:16px; box-shadow:0 8px 30px rgba(13,138,138,0.3);\">\n    <h3 style=\"font-size:24px; color:#fff; font-weight:700; margin:0 0 15px 0;\">Yolculu\u011funuza Bug\u00fcn Ba\u015flay\u0131n<\/h3>\n    <p style=\"font-size:15px; color:rgba(255,255,255,0.9); margin:0 0 20px 0; line-height:1.6;\">Profesyonel geli\u015fiminize katk\u0131 sa\u011flayacak e\u011fitimlerimizi ke\u015ffedin veya bize ula\u015f\u0131n.<\/p>\n    <a href=\"mailto:info@pdricma.com.tr\" style=\"display:inline-block; padding:12px 30px; background:#fff; color:#0d8a8a; font-weight:700; border-radius:8px; text-decoration:none; font-size:15px; margin-right:10px;\">info@pdricma.com.tr<\/a>\n    <a href=\"\/yaklasan-bireysel-egitimler\/\" style=\"display:inline-block; padding:12px 30px; background:linear-gradient(135deg, #c8a951, #e8c961); color:#0a2540; font-weight:700; border-radius:8px; text-decoration:none; font-size:15px;\">E\u011fitimleri \u0130ncele<\/a>\n  <\/div>\n<\/div>\t\t\t\t\t\t<\/div>\n\t\t\t\t<\/div>\n\t\t\t\t\t<\/div>\n\t\t<\/div>\n\t\t\t\t\t<\/div>\n\t\t<\/section>\n\t\t\t\t<\/div>\n\t\t","protected":false},"excerpt":{"rendered":"<p>Size \u00d6zel Sizinle her zaman ileti\u015fimde kalmak istiyoruz. Bu b\u00f6l\u00fcmde sizin i\u00e7in \u00f6zel olarak haz\u0131rlad\u0131\u011f\u0131m\u0131z i\u00e7erikleri, e\u011fitimleri, projeleri ve kaynaklar\u0131 bulabilirsiniz. &#128218; Yakla\u015fan Bireysel E\u011fitimler ICF akredite ko\u00e7luk e\u011fitimlerimizin takvimini inceleyin, size en uygun program\u0131 se\u00e7in ve kariyer yolculu\u011funuzda bir ad\u0131m \u00f6ne ge\u00e7in. E\u011fitimleri \u0130ncele &#10084; Ask\u0131da Ko\u00e7luk Projesi Ko\u00e7luk deste\u011fine ihtiya\u00e7 duyan ancak maddi imk\u00e2n\u0131 olmayan bireylere \u00fccretsiz ko\u00e7luk hizmeti sunuyoruz. Bu anlaml\u0131 projeye&#8230; <\/p>\n<p class=\"more\"><a class=\"more-link\" href=\"https:\/\/pdricma.com.tr\/en\/size-ozel-2\/\">Read More<\/a><\/p>","protected":false},"author":6,"featured_media":0,"parent":0,"menu_order":0,"comment_status":"closed","ping_status":"closed","template":"elementor_header_footer","meta":{"footnotes":""},"class_list":["post-4847","page","type-page","status-publish","hentry","is-cat-link-solid-light is-cat-link-rounded"],"yoast_head":"<!-- This site is optimized with the Yoast SEO Premium plugin v24.0 (Yoast SEO v26.9) - https:\/\/yoast.com\/product\/yoast-seo-premium-wordpress\/ -->\n<title>Size \u00d6zel - PDR International Coaching &amp; Mentoring Academy<\/title>\n<meta name=\"robots\" content=\"index, follow, max-snippet:-1, max-image-preview:large, max-video-preview:-1\" \/>\n<link rel=\"canonical\" href=\"https:\/\/pdricma.com.tr\/en\/size-ozel-2\/\" \/>\n<meta property=\"og:locale\" content=\"en_US\" \/>\n<meta property=\"og:type\" content=\"article\" \/>\n<meta property=\"og:title\" content=\"Size \u00d6zel\" \/>\n<meta property=\"og:description\" content=\"Size \u00d6zel Sizinle her zaman ileti\u015fimde kalmak istiyoruz. Bu b\u00f6l\u00fcmde sizin i\u00e7in \u00f6zel olarak haz\u0131rlad\u0131\u011f\u0131m\u0131z i\u00e7erikleri, e\u011fitimleri, projeleri ve kaynaklar\u0131 bulabilirsiniz. &#128218; Yakla\u015fan Bireysel E\u011fitimler ICF akredite ko\u00e7luk e\u011fitimlerimizin takvimini inceleyin, size en uygun program\u0131 se\u00e7in ve kariyer yolculu\u011funuzda bir ad\u0131m \u00f6ne ge\u00e7in. E\u011fitimleri \u0130ncele &#10084; Ask\u0131da Ko\u00e7luk Projesi Ko\u00e7luk deste\u011fine ihtiya\u00e7 duyan ancak maddi imk\u00e2n\u0131 olmayan bireylere \u00fccretsiz ko\u00e7luk hizmeti sunuyoruz. Bu anlaml\u0131 projeye... Read More\" \/>\n<meta property=\"og:url\" content=\"https:\/\/pdricma.com.tr\/en\/size-ozel-2\/\" \/>\n<meta property=\"og:site_name\" content=\"PDR International Coaching &amp; Mentoring Academy\" \/>\n<meta property=\"article:publisher\" content=\"https:\/\/www.facebook.com\/people\/PDR-ICMA\/100064844886292\/\" \/>\n<meta property=\"article:modified_time\" content=\"2026-04-04T12:55:44+00:00\" \/>\n<meta name=\"twitter:card\" content=\"summary_large_image\" \/>\n<meta name=\"twitter:label1\" content=\"Est. reading time\" \/>\n\t<meta name=\"twitter:data1\" content=\"3 minutes\" \/>\n<script type=\"application\/ld+json\" class=\"yoast-schema-graph\">{\"@context\":\"https:\/\/schema.org\",\"@graph\":[{\"@type\":\"WebPage\",\"@id\":\"https:\/\/pdricma.com.tr\/size-ozel-2\/\",\"url\":\"https:\/\/pdricma.com.tr\/size-ozel-2\/\",\"name\":\"Size \u00d6zel - PDR International Coaching &amp; Mentoring Academy\",\"isPartOf\":{\"@id\":\"https:\/\/pdricma.com.tr\/#website\"},\"datePublished\":\"2023-07-27T13:37:04+00:00\",\"dateModified\":\"2026-04-04T12:55:44+00:00\",\"breadcrumb\":{\"@id\":\"https:\/\/pdricma.com.tr\/size-ozel-2\/#breadcrumb\"},\"inLanguage\":\"en-US\",\"potentialAction\":[{\"@type\":\"ReadAction\",\"target\":[\"https:\/\/pdricma.com.tr\/size-ozel-2\/\"]}]},{\"@type\":\"BreadcrumbList\",\"@id\":\"https:\/\/pdricma.com.tr\/size-ozel-2\/#breadcrumb\",\"itemListElement\":[{\"@type\":\"ListItem\",\"position\":1,\"name\":\"Anasayfa\",\"item\":\"https:\/\/pdricma.com.tr\/\"},{\"@type\":\"ListItem\",\"position\":2,\"name\":\"Size \u00d6zel\"}]},{\"@type\":\"WebSite\",\"@id\":\"https:\/\/pdricma.com.tr\/#website\",\"url\":\"https:\/\/pdricma.com.tr\/\",\"name\":\"PDR International Coaching & Mentoring Academy\",\"description\":\"\",\"publisher\":{\"@id\":\"https:\/\/pdricma.com.tr\/#organization\"},\"potentialAction\":[{\"@type\":\"SearchAction\",\"target\":{\"@type\":\"EntryPoint\",\"urlTemplate\":\"https:\/\/pdricma.com.tr\/?s={search_term_string}\"},\"query-input\":{\"@type\":\"PropertyValueSpecification\",\"valueRequired\":true,\"valueName\":\"search_term_string\"}}],\"inLanguage\":\"en-US\"},{\"@type\":\"Organization\",\"@id\":\"https:\/\/pdricma.com.tr\/#organization\",\"name\":\"PDR International Coaching & Mentoring Academy\",\"url\":\"https:\/\/pdricma.com.tr\/\",\"logo\":{\"@type\":\"ImageObject\",\"inLanguage\":\"en-US\",\"@id\":\"https:\/\/pdricma.com.tr\/#\/schema\/logo\/image\/\",\"url\":\"https:\/\/pdricma.com.tr\/wp-content\/uploads\/2023\/07\/PDRCOACHINGLOGO-01-002-1.png\",\"contentUrl\":\"https:\/\/pdricma.com.tr\/wp-content\/uploads\/2023\/07\/PDRCOACHINGLOGO-01-002-1.png\",\"width\":2307,\"height\":785,\"caption\":\"PDR International Coaching & Mentoring Academy\"},\"image\":{\"@id\":\"https:\/\/pdricma.com.tr\/#\/schema\/logo\/image\/\"},\"sameAs\":[\"https:\/\/www.facebook.com\/people\/PDR-ICMA\/100064844886292\/\",\"https:\/\/www.instagram.com\/pdricma\/\"]}]}<\/script>\n<!-- \/ Yoast SEO Premium plugin. -->","yoast_head_json":{"title":"Size \u00d6zel - PDR International Coaching &amp; Mentoring Academy","robots":{"index":"index","follow":"follow","max-snippet":"max-snippet:-1","max-image-preview":"max-image-preview:large","max-video-preview":"max-video-preview:-1"},"canonical":"https:\/\/pdricma.com.tr\/en\/size-ozel-2\/","og_locale":"en_US","og_type":"article","og_title":"Size \u00d6zel","og_description":"Size \u00d6zel Sizinle her zaman ileti\u015fimde kalmak istiyoruz. Bu b\u00f6l\u00fcmde sizin i\u00e7in \u00f6zel olarak haz\u0131rlad\u0131\u011f\u0131m\u0131z i\u00e7erikleri, e\u011fitimleri, projeleri ve kaynaklar\u0131 bulabilirsiniz. &#128218; Yakla\u015fan Bireysel E\u011fitimler ICF akredite ko\u00e7luk e\u011fitimlerimizin takvimini inceleyin, size en uygun program\u0131 se\u00e7in ve kariyer yolculu\u011funuzda bir ad\u0131m \u00f6ne ge\u00e7in. E\u011fitimleri \u0130ncele &#10084; Ask\u0131da Ko\u00e7luk Projesi Ko\u00e7luk deste\u011fine ihtiya\u00e7 duyan ancak maddi imk\u00e2n\u0131 olmayan bireylere \u00fccretsiz ko\u00e7luk hizmeti sunuyoruz. Bu anlaml\u0131 projeye... Read More","og_url":"https:\/\/pdricma.com.tr\/en\/size-ozel-2\/","og_site_name":"PDR International Coaching &amp; Mentoring Academy","article_publisher":"https:\/\/www.facebook.com\/people\/PDR-ICMA\/100064844886292\/","article_modified_time":"2026-04-04T12:55:44+00:00","twitter_card":"summary_large_image","twitter_misc":{"Est. reading time":"3 minutes"},"schema":{"@context":"https:\/\/schema.org","@graph":[{"@type":"WebPage","@id":"https:\/\/pdricma.com.tr\/size-ozel-2\/","url":"https:\/\/pdricma.com.tr\/size-ozel-2\/","name":"Size \u00d6zel - PDR International Coaching &amp; Mentoring Academy","isPartOf":{"@id":"https:\/\/pdricma.com.tr\/#website"},"datePublished":"2023-07-27T13:37:04+00:00","dateModified":"2026-04-04T12:55:44+00:00","breadcrumb":{"@id":"https:\/\/pdricma.com.tr\/size-ozel-2\/#breadcrumb"},"inLanguage":"en-US","potentialAction":[{"@type":"ReadAction","target":["https:\/\/pdricma.com.tr\/size-ozel-2\/"]}]},{"@type":"BreadcrumbList","@id":"https:\/\/pdricma.com.tr\/size-ozel-2\/#breadcrumb","itemListElement":[{"@type":"ListItem","position":1,"name":"Anasayfa","item":"https:\/\/pdricma.com.tr\/"},{"@type":"ListItem","position":2,"name":"Size \u00d6zel"}]},{"@type":"WebSite","@id":"https:\/\/pdricma.com.tr\/#website","url":"https:\/\/pdricma.com.tr\/","name":"PDR International Coaching & Mentoring Academy","description":"","publisher":{"@id":"https:\/\/pdricma.com.tr\/#organization"},"potentialAction":[{"@type":"SearchAction","target":{"@type":"EntryPoint","urlTemplate":"https:\/\/pdricma.com.tr\/?s={search_term_string}"},"query-input":{"@type":"PropertyValueSpecification","valueRequired":true,"valueName":"search_term_string"}}],"inLanguage":"en-US"},{"@type":"Organization","@id":"https:\/\/pdricma.com.tr\/#organization","name":"PDR International Coaching & Mentoring Academy","url":"https:\/\/pdricma.com.tr\/","logo":{"@type":"ImageObject","inLanguage":"en-US","@id":"https:\/\/pdricma.com.tr\/#\/schema\/logo\/image\/","url":"https:\/\/pdricma.com.tr\/wp-content\/uploads\/2023\/07\/PDRCOACHINGLOGO-01-002-1.png","contentUrl":"https:\/\/pdricma.com.tr\/wp-content\/uploads\/2023\/07\/PDRCOACHINGLOGO-01-002-1.png","width":2307,"height":785,"caption":"PDR International Coaching & Mentoring Academy"},"image":{"@id":"https:\/\/pdricma.com.tr\/#\/schema\/logo\/image\/"},"sameAs":["https:\/\/www.facebook.com\/people\/PDR-ICMA\/100064844886292\/","https:\/\/www.instagram.com\/pdricma\/"]}]}},"_links":{"self":[{"href":"https:\/\/pdricma.com.tr\/en\/wp-json\/wp\/v2\/pages\/4847","targetHints":{"allow":["GET"]}}],"collection":[{"href":"https:\/\/pdricma.com.tr\/en\/wp-json\/wp\/v2\/pages"}],"about":[{"href":"https:\/\/pdricma.com.tr\/en\/wp-json\/wp\/v2\/types\/page"}],"author":[{"embeddable":true,"href":"https:\/\/pdricma.com.tr\/en\/wp-json\/wp\/v2\/users\/6"}],"replies":[{"embeddable":true,"href":"https:\/\/pdricma.com.tr\/en\/wp-json\/wp\/v2\/comments?post=4847"}],"version-history":[{"count":23,"href":"https:\/\/pdricma.com.tr\/en\/wp-json\/wp\/v2\/pages\/4847\/revisions"}],"predecessor-version":[{"id":8082,"href":"https:\/\/pdricma.com.tr\/en\/wp-json\/wp\/v2\/pages\/4847\/revisions\/8082"}],"wp:attachment":[{"href":"https:\/\/pdricma.com.tr\/en\/wp-json\/wp\/v2\/media?parent=4847"}],"curies":[{"name":"wp","href":"https:\/\/api.w.org\/{rel}","templated":true}]}}