{"id":4996,"date":"2023-07-28T15:39:55","date_gmt":"2023-07-28T12:39:55","guid":{"rendered":"https:\/\/pdricma.com.tr\/?page_id=4996"},"modified":"2026-04-03T16:45:19","modified_gmt":"2026-04-03T13:45:19","slug":"yonetim-kurulu-2","status":"publish","type":"page","link":"https:\/\/pdricma.com.tr\/en\/yonetim-kurulu-2\/","title":{"rendered":"Board of Directors"},"content":{"rendered":"\t\t<div data-elementor-type=\"wp-post\" data-elementor-id=\"4996\" class=\"elementor elementor-4996\">\n\t\t\t\t\t\t<section class=\"elementor-section elementor-top-section elementor-element elementor-element-33a6f63 elementor-section-height-min-height elementor-section-boxed elementor-section-height-default elementor-section-items-middle\" data-id=\"33a6f63\" data-element_type=\"section\" data-settings=\"{&quot;background_background&quot;:&quot;classic&quot;,&quot;ekit_has_onepagescroll_dot&quot;:&quot;yes&quot;}\">\n\t\t\t\t\t\t\t<div class=\"elementor-background-overlay\"><\/div>\n\t\t\t\t\t\t\t<div class=\"elementor-container elementor-column-gap-default\">\n\t\t\t\t\t<div class=\"elementor-column elementor-col-100 elementor-top-column elementor-element elementor-element-\" data-id=\"\" data-element_type=\"column\">\n\t\t\t<div class=\"elementor-widget-wrap elementor-element-populated\">\n\t\t\t\t\t\t<div class=\"elementor-element elementor-element- elementor-widget elementor-widget-heading\" data-id=\"\" data-element_type=\"widget\" data-settings=\"{&quot;ekit_we_effect_on&quot;:&quot;none&quot;}\" data-widget_type=\"heading.default\">\n\t\t\t\t<div class=\"elementor-widget-container\">\n\t\t\t<style>\/*! elementor - v3.21.0 - 08-05-2024 *\/\n.elementor-heading-title{padding:0;margin:0;line-height:1}.elementor-widget-heading .elementor-heading-title[class*=elementor-size-]>a{color:inherit;font-size:inherit;line-height:inherit}.elementor-widget-heading .elementor-heading-title.elementor-size-small{font-size:15px}.elementor-widget-heading .elementor-heading-title.elementor-size-medium{font-size:19px}.elementor-widget-heading .elementor-heading-title.elementor-size-large{font-size:29px}.elementor-widget-heading .elementor-heading-title.elementor-size-xl{font-size:39px}.elementor-widget-heading .elementor-heading-title.elementor-size-xxl{font-size:59px}<\/style><h1 class=\"elementor-heading-title elementor-size-default\">Y\u00f6netim Kurulu<\/h1>\t\t<\/div>\n\t\t\t\t<\/div>\n\t\t\t\t\t<\/div>\n\t\t<\/div>\n\t\t\t\t\t<\/div>\n\t\t<\/section>\n\t\t\t\t<section class=\"elementor-section elementor-top-section elementor-element elementor-element-9ae2cf6 elementor-section-full_width elementor-section-height-default elementor-section-height-default\" data-id=\"9ae2cf6\" data-element_type=\"section\" data-settings=\"{&quot;background_background&quot;:&quot;classic&quot;,&quot;ekit_has_onepagescroll_dot&quot;:&quot;yes&quot;}\">\n\t\t\t\t\t\t<div class=\"elementor-container elementor-column-gap-default\">\n\t\t\t\t\t<div class=\"elementor-column elementor-col-100 elementor-top-column elementor-element elementor-element-\" data-id=\"\" data-element_type=\"column\">\n\t\t\t<div class=\"elementor-widget-wrap elementor-element-populated\">\n\t\t\t\t\t\t<div class=\"elementor-element elementor-element- elementor-widget elementor-widget-text-editor\" data-id=\"\" data-element_type=\"widget\" data-settings=\"{&quot;ekit_we_effect_on&quot;:&quot;none&quot;}\" data-widget_type=\"text-editor.default\">\n\t\t\t\t<div class=\"elementor-widget-container\">\n\t\t\t<style>\/*! elementor - v3.21.0 - 08-05-2024 *\/\n.elementor-widget-text-editor.elementor-drop-cap-view-stacked .elementor-drop-cap{background-color:#69727d;color:#fff}.elementor-widget-text-editor.elementor-drop-cap-view-framed .elementor-drop-cap{color:#69727d;border:3px solid;background-color:transparent}.elementor-widget-text-editor:not(.elementor-drop-cap-view-default) .elementor-drop-cap{margin-top:8px}.elementor-widget-text-editor:not(.elementor-drop-cap-view-default) .elementor-drop-cap-letter{width:1em;height:1em}.elementor-widget-text-editor .elementor-drop-cap{float:left;text-align:center;line-height:1;font-size:50px}.elementor-widget-text-editor .elementor-drop-cap-letter{display:inline-block}<\/style>\t\t\t\t<div style=\"max-width:1200px;margin:0 auto;padding:0;\"><div style=\"background:linear-gradient(135deg,#0d7377 0%,#14967b 100%);border-radius:16px;padding:40px 50px;margin:50px 20px 60px;text-align:center;box-shadow:0 10px 40px rgba(13,115,119,0.3);\"><p style=\"color:#fff;font-size:22px;font-style:italic;line-height:1.7;margin:0;font-weight:300;\">&#8220;Vizyoner liderlik, deneyim ve tutkunun birle\u015fti\u011fi noktada ba\u015flar.&#8221;<\/p><div style=\"width:60px;height:3px;background:#c8a96e;margin:20px auto 0;border-radius:2px;\"><\/div><\/div><div style=\"display:flex;align-items:flex-start;gap:50px;margin:0 20px 70px;flex-wrap:wrap;\"><div style=\"flex:0 0 300px;text-align:center;\"><div style=\"width:280px;height:280px;border-radius:50%;overflow:hidden;border:5px solid #0d7377;box-shadow:0 15px 50px rgba(13,115,119,0.4);margin:0 auto 20px;\"><img decoding=\"async\" src=\"https:\/\/pdricma.com.tr\/wp-content\/uploads\/2023\/07\/Ali-Emre-son.jpg\" style=\"width:100%;height:100%;object-fit:cover;\"><\/div><div style=\"background:linear-gradient(135deg,#0a2540,#14506b);border-radius:12px;padding:15px 25px;display:inline-block;\"><h3 style=\"color:#fff;font-size:22px;margin:0 0 5px;font-weight:700;\">Ali Emre<\/h3><p style=\"color:#c8a96e;font-size:14px;margin:0;font-weight:600;letter-spacing:1px;text-transform:uppercase;\">Y\u00f6netim Kurulu Ba\u015fkan\u0131<\/p><\/div><\/div><div style=\"flex:1;min-width:300px;\"><div style=\"background:#fff;border-radius:16px;padding:35px 40px;box-shadow:0 8px 30px rgba(0,0,0,0.08);border-left:5px solid #0d7377;\"><h2 style=\"color:#0a2540;font-size:28px;margin:0 0 5px;font-weight:800;\">Ali Emre<\/h2><p style=\"color:#0d7377;font-size:16px;font-weight:600;margin:0 0 20px;letter-spacing:0.5px;\">Y\u00f6netim Kurulu Ba\u015fkan\u0131 &amp; Kurucu<\/p><div style=\"width:50px;height:3px;background:linear-gradient(90deg,#0d7377,#c8a96e);border-radius:2px;margin-bottom:20px;\"><\/div><p style=\"color:#444;font-size:15.5px;line-height:1.85;margin:0;\">\u0130stanbul Teknik \u00dcniversitesi Kimya M\u00fchendisli\u011fi b\u00f6l\u00fcm\u00fcnden onur derecesi ile mezun olmu\u015ftur. Profesyonel kariyerine 1986 y\u0131l\u0131nda ba\u015flam\u0131\u015f ve Alarko, Siemens, Novartis gibi b\u00fcy\u00fck ulusal ve uluslararas\u0131 \u015firketlerde \u00fcst d\u00fczey y\u00f6netici ve genel m\u00fcd\u00fcr olarak g\u00f6rev yapm\u0131\u015ft\u0131r. EMCC (European Mentoring and Coaching Council) Global Akredite E\u011fitim Sa\u011flay\u0131c\u0131 Kurulu\u015f olan PDR \u0130nternational Coaching &#038; Mentoring Academy (PDRICMA)&#8217;n\u0131n kurucusu ve Y\u00f6netim Kurulu Ba\u015fkan\u0131d\u0131r. Uluslararas\u0131 Ko\u00e7luk Federasyonu (ICF) taraf\u0131ndan akredite edilmi\u015f ACC (Associate Certified Coach) unvan\u0131na sahiptir. Avrupa Mentorluk ve Ko\u00e7luk Konseyi (EMCC) taraf\u0131ndan akredite edilmi\u015f EIA (European Individual Accreditation) Senior Practitioner unvan\u0131na sahiptir. Ayr\u0131ca EMCC T\u00fcrkiye Y\u00f6netim Kurulu \u00dcyesidir. Ko\u00e7luk ve mentorluk alanlar\u0131nda bir\u00e7ok ulusal ve uluslararas\u0131 konferansta konu\u015fmac\u0131 ve panelist olarak yer alm\u0131\u015ft\u0131r.<\/p><\/div><\/div><\/div><div style=\"display:flex;align-items:flex-start;gap:50px;margin:0 20px 70px;flex-wrap:wrap;flex-direction:row-reverse;\"><div style=\"flex:0 0 300px;text-align:center;\"><div style=\"width:280px;height:280px;border-radius:50%;overflow:hidden;border:5px solid #c8a96e;box-shadow:0 15px 50px rgba(200,169,110,0.4);margin:0 auto 20px;\"><img decoding=\"async\" src=\"https:\/\/pdricma.com.tr\/wp-content\/uploads\/2023\/07\/Meltem-Emre-son.png\" style=\"width:100%;height:100%;object-fit:cover;\"><\/div><div style=\"background:linear-gradient(135deg,#0a2540,#14506b);border-radius:12px;padding:15px 25px;display:inline-block;\"><h3 style=\"color:#fff;font-size:22px;margin:0 0 5px;font-weight:700;\">Meltem Emre<\/h3><p style=\"color:#c8a96e;font-size:14px;margin:0;font-weight:600;letter-spacing:1px;text-transform:uppercase;\">Y\u00f6netim Kurulu Ba\u015fkan Yard\u0131mc\u0131s\u0131<\/p><\/div><\/div><div style=\"flex:1;min-width:300px;\"><div style=\"background:#fff;border-radius:16px;padding:35px 40px;box-shadow:0 8px 30px rgba(0,0,0,0.08);border-right:5px solid #c8a96e;\"><h2 style=\"color:#0a2540;font-size:28px;margin:0 0 5px;font-weight:800;\">Meltem Emre<\/h2><p style=\"color:#c8a96e;font-size:16px;font-weight:600;margin:0 0 20px;letter-spacing:0.5px;\">Y\u00f6netim Kurulu Ba\u015fkan Yard\u0131mc\u0131s\u0131 &amp; Kurucu<\/p><div style=\"width:50px;height:3px;background:linear-gradient(90deg,#c8a96e,#0d7377);border-radius:2px;margin-bottom:20px;\"><\/div><p style=\"color:#444;font-size:15.5px;line-height:1.85;margin:0;\">\u0130stanbul Teknik \u00dcniversitesi U\u00e7ak M\u00fchendisli\u011fi b\u00f6l\u00fcm\u00fcn\u00fc T\u00fcrkiye birincisi olarak bitirmi\u015ftir. ABD&#8217;de Case Western Reserve University, Weatherhead School of Management&#8217;ta MBA yapm\u0131\u015ft\u0131r. Profesyonel i\u015f ya\u015fam\u0131na 1989 y\u0131l\u0131nda ba\u015flam\u0131\u015f ve 25 y\u0131l\u0131 a\u015fan profesyonel i\u015f ya\u015fam\u0131 boyunca Siemens, Novartis gibi uluslararas\u0131 firmalarda \u00fcst d\u00fczey y\u00f6netici olarak \u00e7al\u0131\u015fm\u0131\u015ft\u0131r. Ya\u015fam ve i\u015f ya\u015fam\u0131na dair 20&#8217;den fazla sertifika ve akreditasyona sahiptir. EMCC (European Mentoring and Coaching Council) Global Akredite E\u011fitim Sa\u011flay\u0131c\u0131 Kurulu\u015f olan PDR \u0130nternational Coaching &#038; Mentoring Academy (PDRICMA)&#8217;n\u0131n kurucusu ve Y\u00f6netim Kurulu Ba\u015fkan Yard\u0131mc\u0131s\u0131d\u0131r. Uluslararas\u0131 Ko\u00e7luk Federasyonu (ICF) taraf\u0131ndan akredite edilmi\u015f ACC (Associate Certified Coach) ve ACSTH (Approved Coach Specific Training Hours) unvanlar\u0131na sahiptir. Avrupa Mentorluk ve Ko\u00e7luk Konseyi (EMCC) taraf\u0131ndan akredite edilmi\u015f EIA (European Individual Accreditation) Senior Practitioner unvan\u0131na sahiptir. Ko\u00e7luk ve mentorluk alanlar\u0131nda bir\u00e7ok ulusal ve uluslararas\u0131 konferansta konu\u015fmac\u0131 ve panelist olarak yer alm\u0131\u015ft\u0131r.<\/p><\/div><\/div><\/div><div style=\"display:flex;align-items:flex-start;gap:50px;margin:0 20px 70px;flex-wrap:wrap;\"><div style=\"flex:0 0 300px;text-align:center;\"><div style=\"width:280px;height:280px;border-radius:50%;overflow:hidden;border:5px solid #0d7377;box-shadow:0 15px 50px rgba(13,115,119,0.4);margin:0 auto 20px;\"><img decoding=\"async\" src=\"https:\/\/pdricma.com.tr\/wp-content\/uploads\/2026\/02\/Resim1-ADR.jpg\" style=\"width:100%;height:100%;object-fit:cover;\"><\/div><div style=\"background:linear-gradient(135deg,#0a2540,#14506b);border-radius:12px;padding:15px 25px;display:inline-block;\"><h3 style=\"color:#fff;font-size:22px;margin:0 0 5px;font-weight:700;\">Ay\u015feg\u00fcl Drah\u015fan<\/h3><p style=\"color:#c8a96e;font-size:14px;margin:0;font-weight:600;letter-spacing:1px;text-transform:uppercase;\">Y\u00f6netici Ortak<\/p><\/div><\/div><div style=\"flex:1;min-width:300px;\"><div style=\"background:#fff;border-radius:16px;padding:35px 40px;box-shadow:0 8px 30px rgba(0,0,0,0.08);border-left:5px solid #0d7377;\"><h2 style=\"color:#0a2540;font-size:28px;margin:0 0 5px;font-weight:800;\">Ay\u015feg\u00fcl Drah\u015fan<\/h2><p style=\"color:#0d7377;font-size:16px;font-weight:600;margin:0 0 20px;letter-spacing:0.5px;\">Y\u00f6netici Ortak<\/p><div style=\"width:50px;height:3px;background:linear-gradient(90deg,#0d7377,#c8a96e);border-radius:2px;margin-bottom:20px;\"><\/div><p style=\"color:#444;font-size:15.5px;line-height:1.85;margin:0;\">Ege \u00dcniversitesi Bilgisayar M\u00fchendisli\u011fi b\u00f6l\u00fcm\u00fcnden mezun olduktan sonra \u0130stanbul Bilgi \u00dcniversitesi&#8217;nde MBA yapm\u0131\u015ft\u0131r. Profesyonel i\u015f ya\u015fam\u0131na 2003 y\u0131l\u0131nda ba\u015flam\u0131\u015f ve 15 y\u0131l\u0131 a\u015fan profesyonel i\u015f ya\u015fam\u0131 boyunca teknoloji, dan\u0131\u015fmanl\u0131k ve e\u011fitim sekt\u00f6rlerinde y\u00f6netici olarak \u00e7al\u0131\u015fm\u0131\u015ft\u0131r. EMCC (European Mentoring and Coaching Council) Global Akredite E\u011fitim Sa\u011flay\u0131c\u0131 Kurulu\u015f olan PDR \u0130nternational Coaching &#038; Mentoring Academy (PDRICMA)&#8217;n\u0131n Y\u00f6netici Orta\u011f\u0131d\u0131r. Uluslararas\u0131 Ko\u00e7luk Federasyonu (ICF) taraf\u0131ndan akredite edilmi\u015f ACC (Associate Certified Coach) unvan\u0131na sahiptir. Avrupa Mentorluk ve Ko\u00e7luk Konseyi (EMCC) taraf\u0131ndan akredite edilmi\u015f EIA (European Individual Accreditation) Practitioner unvan\u0131na sahiptir. Ko\u00e7luk ve mentorluk alanlar\u0131nda ulusal ve uluslararas\u0131 etkinliklerde aktif rol almaktad\u0131r.<\/p><\/div><\/div><\/div><div style=\"background:linear-gradient(135deg,#0a2540 0%,#14506b 50%,#0d7377 100%);border-radius:16px;padding:50px;margin:20px 20px 50px;text-align:center;box-shadow:0 15px 50px rgba(10,37,64,0.3);\"><h2 style=\"color:#fff;font-size:28px;font-weight:700;margin:0 0 15px;\">Bizimle \u0130leti\u015fime Ge\u00e7in<\/h2><div style=\"width:60px;height:3px;background:#c8a96e;margin:0 auto 20px;border-radius:2px;\"><\/div><p style=\"color:rgba(255,255,255,0.85);font-size:16px;line-height:1.7;margin:0 0 25px;\">Ko\u00e7luk ve mentorluk \u00e7\u00f6z\u00fcmlerimiz hakk\u0131nda detayl\u0131 bilgi almak i\u00e7in bizimle ileti\u015fime ge\u00e7ebilirsiniz.<\/p><div style=\"display:flex;justify-content:center;gap:30px;flex-wrap:wrap;\"><a href=\"mailto:info@pdricma.com.tr\" style=\"color:#c8a96e;font-size:16px;text-decoration:none;font-weight:600;\">\u2709 info@pdricma.com.tr<\/a><a href=\"tel:+902122830637\" style=\"color:#c8a96e;font-size:16px;text-decoration:none;font-weight:600;\">\u2706 +90 212 283 06 37<\/a><\/div><\/div><\/div>\t\t\t\t\t\t<\/div>\n\t\t\t\t<\/div>\n\t\t\t\t\t<\/div>\n\t\t<\/div>\n\t\t\t\t\t<\/div>\n\t\t<\/section>\n\t\t\t\t<\/div>\n\t\t","protected":false},"excerpt":{"rendered":"<p>Y\u00f6netim Kurulu &#8220;Vizyoner liderlik, deneyim ve tutkunun birle\u015fti\u011fi noktada ba\u015flar.&#8221; Ali Emre Y\u00f6netim Kurulu Ba\u015fkan\u0131 Ali Emre Y\u00f6netim Kurulu Ba\u015fkan\u0131 &amp; Kurucu \u0130stanbul Teknik \u00dcniversitesi Kimya M\u00fchendisli\u011fi b\u00f6l\u00fcm\u00fcnden onur derecesi ile mezun olmu\u015ftur. Profesyonel kariyerine 1986 y\u0131l\u0131nda ba\u015flam\u0131\u015f ve Alarko, Siemens, Novartis gibi b\u00fcy\u00fck ulusal ve uluslararas\u0131 \u015firketlerde \u00fcst d\u00fczey y\u00f6netici ve genel m\u00fcd\u00fcr olarak g\u00f6rev yapm\u0131\u015ft\u0131r. EMCC (European Mentoring and Coaching Council) Global Akredite&#8230; <\/p>\n<p class=\"more\"><a class=\"more-link\" href=\"https:\/\/pdricma.com.tr\/en\/yonetim-kurulu-2\/\">Read More<\/a><\/p>","protected":false},"author":6,"featured_media":0,"parent":0,"menu_order":0,"comment_status":"closed","ping_status":"closed","template":"elementor_header_footer","meta":{"footnotes":""},"class_list":["post-4996","page","type-page","status-publish","hentry","is-cat-link-solid-light is-cat-link-rounded"],"yoast_head":"<!-- This site is optimized with the Yoast SEO Premium plugin v24.0 (Yoast SEO v26.9) - https:\/\/yoast.com\/product\/yoast-seo-premium-wordpress\/ -->\n<title>Y\u00f6netim Kurulu - PDR International Coaching &amp; Mentoring Academy<\/title>\n<meta name=\"robots\" content=\"index, follow, max-snippet:-1, max-image-preview:large, max-video-preview:-1\" \/>\n<link rel=\"canonical\" href=\"https:\/\/pdricma.com.tr\/en\/yonetim-kurulu-2\/\" \/>\n<meta property=\"og:locale\" content=\"en_US\" \/>\n<meta property=\"og:type\" content=\"article\" \/>\n<meta property=\"og:title\" content=\"Y\u00f6netim Kurulu\" \/>\n<meta property=\"og:description\" content=\"Y\u00f6netim Kurulu &#8220;Vizyoner liderlik, deneyim ve tutkunun birle\u015fti\u011fi noktada ba\u015flar.&#8221; Ali Emre Y\u00f6netim Kurulu Ba\u015fkan\u0131 Ali Emre Y\u00f6netim Kurulu Ba\u015fkan\u0131 &amp; Kurucu \u0130stanbul Teknik \u00dcniversitesi Kimya M\u00fchendisli\u011fi b\u00f6l\u00fcm\u00fcnden onur derecesi ile mezun olmu\u015ftur. Profesyonel kariyerine 1986 y\u0131l\u0131nda ba\u015flam\u0131\u015f ve Alarko, Siemens, Novartis gibi b\u00fcy\u00fck ulusal ve uluslararas\u0131 \u015firketlerde \u00fcst d\u00fczey y\u00f6netici ve genel m\u00fcd\u00fcr olarak g\u00f6rev yapm\u0131\u015ft\u0131r. EMCC (European Mentoring and Coaching Council) Global Akredite... Read More\" \/>\n<meta property=\"og:url\" content=\"https:\/\/pdricma.com.tr\/en\/yonetim-kurulu-2\/\" \/>\n<meta property=\"og:site_name\" content=\"PDR International Coaching &amp; Mentoring Academy\" \/>\n<meta property=\"article:publisher\" content=\"https:\/\/www.facebook.com\/people\/PDR-ICMA\/100064844886292\/\" \/>\n<meta property=\"article:modified_time\" content=\"2026-04-03T13:45:19+00:00\" \/>\n<meta property=\"og:image\" content=\"https:\/\/pdricma.com.tr\/wp-content\/uploads\/2023\/07\/Ali-Emre-son.jpg\" \/>\n<meta name=\"twitter:card\" content=\"summary_large_image\" \/>\n<meta name=\"twitter:label1\" content=\"Est. reading time\" \/>\n\t<meta name=\"twitter:data1\" content=\"4 minutes\" \/>\n<script type=\"application\/ld+json\" class=\"yoast-schema-graph\">{\"@context\":\"https:\/\/schema.org\",\"@graph\":[{\"@type\":\"WebPage\",\"@id\":\"https:\/\/pdricma.com.tr\/yonetim-kurulu-2\/\",\"url\":\"https:\/\/pdricma.com.tr\/yonetim-kurulu-2\/\",\"name\":\"Y\u00f6netim Kurulu - PDR International Coaching &amp; Mentoring Academy\",\"isPartOf\":{\"@id\":\"https:\/\/pdricma.com.tr\/#website\"},\"primaryImageOfPage\":{\"@id\":\"https:\/\/pdricma.com.tr\/yonetim-kurulu-2\/#primaryimage\"},\"image\":{\"@id\":\"https:\/\/pdricma.com.tr\/yonetim-kurulu-2\/#primaryimage\"},\"thumbnailUrl\":\"https:\/\/pdricma.com.tr\/wp-content\/uploads\/2023\/07\/Ali-Emre-son.jpg\",\"datePublished\":\"2023-07-28T12:39:55+00:00\",\"dateModified\":\"2026-04-03T13:45:19+00:00\",\"breadcrumb\":{\"@id\":\"https:\/\/pdricma.com.tr\/yonetim-kurulu-2\/#breadcrumb\"},\"inLanguage\":\"en-US\",\"potentialAction\":[{\"@type\":\"ReadAction\",\"target\":[\"https:\/\/pdricma.com.tr\/yonetim-kurulu-2\/\"]}]},{\"@type\":\"ImageObject\",\"inLanguage\":\"en-US\",\"@id\":\"https:\/\/pdricma.com.tr\/yonetim-kurulu-2\/#primaryimage\",\"url\":\"https:\/\/pdricma.com.tr\/wp-content\/uploads\/2023\/07\/Ali-Emre-son.jpg\",\"contentUrl\":\"https:\/\/pdricma.com.tr\/wp-content\/uploads\/2023\/07\/Ali-Emre-son.jpg\"},{\"@type\":\"BreadcrumbList\",\"@id\":\"https:\/\/pdricma.com.tr\/yonetim-kurulu-2\/#breadcrumb\",\"itemListElement\":[{\"@type\":\"ListItem\",\"position\":1,\"name\":\"Anasayfa\",\"item\":\"https:\/\/pdricma.com.tr\/\"},{\"@type\":\"ListItem\",\"position\":2,\"name\":\"Y\u00f6netim Kurulu\"}]},{\"@type\":\"WebSite\",\"@id\":\"https:\/\/pdricma.com.tr\/#website\",\"url\":\"https:\/\/pdricma.com.tr\/\",\"name\":\"PDR International Coaching & Mentoring Academy\",\"description\":\"\",\"publisher\":{\"@id\":\"https:\/\/pdricma.com.tr\/#organization\"},\"potentialAction\":[{\"@type\":\"SearchAction\",\"target\":{\"@type\":\"EntryPoint\",\"urlTemplate\":\"https:\/\/pdricma.com.tr\/?s={search_term_string}\"},\"query-input\":{\"@type\":\"PropertyValueSpecification\",\"valueRequired\":true,\"valueName\":\"search_term_string\"}}],\"inLanguage\":\"en-US\"},{\"@type\":\"Organization\",\"@id\":\"https:\/\/pdricma.com.tr\/#organization\",\"name\":\"PDR International Coaching & Mentoring Academy\",\"url\":\"https:\/\/pdricma.com.tr\/\",\"logo\":{\"@type\":\"ImageObject\",\"inLanguage\":\"en-US\",\"@id\":\"https:\/\/pdricma.com.tr\/#\/schema\/logo\/image\/\",\"url\":\"https:\/\/pdricma.com.tr\/wp-content\/uploads\/2023\/07\/PDRCOACHINGLOGO-01-002-1.png\",\"contentUrl\":\"https:\/\/pdricma.com.tr\/wp-content\/uploads\/2023\/07\/PDRCOACHINGLOGO-01-002-1.png\",\"width\":2307,\"height\":785,\"caption\":\"PDR International Coaching & Mentoring Academy\"},\"image\":{\"@id\":\"https:\/\/pdricma.com.tr\/#\/schema\/logo\/image\/\"},\"sameAs\":[\"https:\/\/www.facebook.com\/people\/PDR-ICMA\/100064844886292\/\",\"https:\/\/www.instagram.com\/pdricma\/\"]}]}<\/script>\n<!-- \/ Yoast SEO Premium plugin. -->","yoast_head_json":{"title":"Y\u00f6netim Kurulu - PDR International Coaching &amp; Mentoring Academy","robots":{"index":"index","follow":"follow","max-snippet":"max-snippet:-1","max-image-preview":"max-image-preview:large","max-video-preview":"max-video-preview:-1"},"canonical":"https:\/\/pdricma.com.tr\/en\/yonetim-kurulu-2\/","og_locale":"en_US","og_type":"article","og_title":"Y\u00f6netim Kurulu","og_description":"Y\u00f6netim Kurulu &#8220;Vizyoner liderlik, deneyim ve tutkunun birle\u015fti\u011fi noktada ba\u015flar.&#8221; Ali Emre Y\u00f6netim Kurulu Ba\u015fkan\u0131 Ali Emre Y\u00f6netim Kurulu Ba\u015fkan\u0131 &amp; Kurucu \u0130stanbul Teknik \u00dcniversitesi Kimya M\u00fchendisli\u011fi b\u00f6l\u00fcm\u00fcnden onur derecesi ile mezun olmu\u015ftur. Profesyonel kariyerine 1986 y\u0131l\u0131nda ba\u015flam\u0131\u015f ve Alarko, Siemens, Novartis gibi b\u00fcy\u00fck ulusal ve uluslararas\u0131 \u015firketlerde \u00fcst d\u00fczey y\u00f6netici ve genel m\u00fcd\u00fcr olarak g\u00f6rev yapm\u0131\u015ft\u0131r. EMCC (European Mentoring and Coaching Council) Global Akredite... Read More","og_url":"https:\/\/pdricma.com.tr\/en\/yonetim-kurulu-2\/","og_site_name":"PDR International Coaching &amp; Mentoring Academy","article_publisher":"https:\/\/www.facebook.com\/people\/PDR-ICMA\/100064844886292\/","article_modified_time":"2026-04-03T13:45:19+00:00","og_image":[{"url":"https:\/\/pdricma.com.tr\/wp-content\/uploads\/2023\/07\/Ali-Emre-son.jpg","type":"","width":"","height":""}],"twitter_card":"summary_large_image","twitter_misc":{"Est. reading time":"4 minutes"},"schema":{"@context":"https:\/\/schema.org","@graph":[{"@type":"WebPage","@id":"https:\/\/pdricma.com.tr\/yonetim-kurulu-2\/","url":"https:\/\/pdricma.com.tr\/yonetim-kurulu-2\/","name":"Y\u00f6netim Kurulu - PDR International Coaching &amp; Mentoring Academy","isPartOf":{"@id":"https:\/\/pdricma.com.tr\/#website"},"primaryImageOfPage":{"@id":"https:\/\/pdricma.com.tr\/yonetim-kurulu-2\/#primaryimage"},"image":{"@id":"https:\/\/pdricma.com.tr\/yonetim-kurulu-2\/#primaryimage"},"thumbnailUrl":"https:\/\/pdricma.com.tr\/wp-content\/uploads\/2023\/07\/Ali-Emre-son.jpg","datePublished":"2023-07-28T12:39:55+00:00","dateModified":"2026-04-03T13:45:19+00:00","breadcrumb":{"@id":"https:\/\/pdricma.com.tr\/yonetim-kurulu-2\/#breadcrumb"},"inLanguage":"en-US","potentialAction":[{"@type":"ReadAction","target":["https:\/\/pdricma.com.tr\/yonetim-kurulu-2\/"]}]},{"@type":"ImageObject","inLanguage":"en-US","@id":"https:\/\/pdricma.com.tr\/yonetim-kurulu-2\/#primaryimage","url":"https:\/\/pdricma.com.tr\/wp-content\/uploads\/2023\/07\/Ali-Emre-son.jpg","contentUrl":"https:\/\/pdricma.com.tr\/wp-content\/uploads\/2023\/07\/Ali-Emre-son.jpg"},{"@type":"BreadcrumbList","@id":"https:\/\/pdricma.com.tr\/yonetim-kurulu-2\/#breadcrumb","itemListElement":[{"@type":"ListItem","position":1,"name":"Anasayfa","item":"https:\/\/pdricma.com.tr\/"},{"@type":"ListItem","position":2,"name":"Y\u00f6netim Kurulu"}]},{"@type":"WebSite","@id":"https:\/\/pdricma.com.tr\/#website","url":"https:\/\/pdricma.com.tr\/","name":"PDR International Coaching & Mentoring Academy","description":"","publisher":{"@id":"https:\/\/pdricma.com.tr\/#organization"},"potentialAction":[{"@type":"SearchAction","target":{"@type":"EntryPoint","urlTemplate":"https:\/\/pdricma.com.tr\/?s={search_term_string}"},"query-input":{"@type":"PropertyValueSpecification","valueRequired":true,"valueName":"search_term_string"}}],"inLanguage":"en-US"},{"@type":"Organization","@id":"https:\/\/pdricma.com.tr\/#organization","name":"PDR International Coaching & Mentoring Academy","url":"https:\/\/pdricma.com.tr\/","logo":{"@type":"ImageObject","inLanguage":"en-US","@id":"https:\/\/pdricma.com.tr\/#\/schema\/logo\/image\/","url":"https:\/\/pdricma.com.tr\/wp-content\/uploads\/2023\/07\/PDRCOACHINGLOGO-01-002-1.png","contentUrl":"https:\/\/pdricma.com.tr\/wp-content\/uploads\/2023\/07\/PDRCOACHINGLOGO-01-002-1.png","width":2307,"height":785,"caption":"PDR International Coaching & Mentoring Academy"},"image":{"@id":"https:\/\/pdricma.com.tr\/#\/schema\/logo\/image\/"},"sameAs":["https:\/\/www.facebook.com\/people\/PDR-ICMA\/100064844886292\/","https:\/\/www.instagram.com\/pdricma\/"]}]}},"_links":{"self":[{"href":"https:\/\/pdricma.com.tr\/en\/wp-json\/wp\/v2\/pages\/4996","targetHints":{"allow":["GET"]}}],"collection":[{"href":"https:\/\/pdricma.com.tr\/en\/wp-json\/wp\/v2\/pages"}],"about":[{"href":"https:\/\/pdricma.com.tr\/en\/wp-json\/wp\/v2\/types\/page"}],"author":[{"embeddable":true,"href":"https:\/\/pdricma.com.tr\/en\/wp-json\/wp\/v2\/users\/6"}],"replies":[{"embeddable":true,"href":"https:\/\/pdricma.com.tr\/en\/wp-json\/wp\/v2\/comments?post=4996"}],"version-history":[{"count":63,"href":"https:\/\/pdricma.com.tr\/en\/wp-json\/wp\/v2\/pages\/4996\/revisions"}],"predecessor-version":[{"id":8050,"href":"https:\/\/pdricma.com.tr\/en\/wp-json\/wp\/v2\/pages\/4996\/revisions\/8050"}],"wp:attachment":[{"href":"https:\/\/pdricma.com.tr\/en\/wp-json\/wp\/v2\/media?parent=4996"}],"curies":[{"name":"wp","href":"https:\/\/api.w.org\/{rel}","templated":true}]}}