{"id":6099,"date":"2023-07-11T12:25:13","date_gmt":"2023-07-11T09:25:13","guid":{"rendered":"https:\/\/pdricma.com.tr\/kurum-ici-kocluk-cozumleri\/"},"modified":"2026-04-01T07:41:05","modified_gmt":"2026-04-01T04:41:05","slug":"kurum-ici-kocluk-cozumleri","status":"publish","type":"page","link":"https:\/\/pdricma.com.tr\/en\/kurum-ici-kocluk-cozumleri\/","title":{"rendered":"In-House Coaching Solutions"},"content":{"rendered":"\t\t<div data-elementor-type=\"wp-post\" data-elementor-id=\"6099\" class=\"elementor elementor-6099\">\n\t\t\t\t\t\t<section class=\"elementor-section elementor-top-section elementor-element elementor-element-616b3f8 elementor-section-boxed elementor-section-height-default elementor-section-height-default\" data-id=\"616b3f8\" data-element_type=\"section\" data-settings=\"{&quot;background_background&quot;:&quot;classic&quot;,&quot;ekit_has_onepagescroll_dot&quot;:&quot;yes&quot;}\">\n\t\t\t\t\t\t<div class=\"elementor-container elementor-column-gap-default\">\n\t\t\t\t\t<div class=\"elementor-column elementor-col-100 elementor-top-column elementor-element elementor-element-718b3e8\" data-id=\"718b3e8\" data-element_type=\"column\">\n\t\t\t<div class=\"elementor-widget-wrap elementor-element-populated\">\n\t\t\t\t\t\t<div class=\"elementor-element elementor-element-af2bc77 elementor-widget elementor-widget-heading\" data-id=\"af2bc77\" data-element_type=\"widget\" data-settings=\"{&quot;ekit_we_effect_on&quot;:&quot;none&quot;}\" data-widget_type=\"heading.default\">\n\t\t\t\t<div class=\"elementor-widget-container\">\n\t\t\t<style>\/*! elementor - v3.21.0 - 08-05-2024 *\/\n.elementor-heading-title{padding:0;margin:0;line-height:1}.elementor-widget-heading .elementor-heading-title[class*=elementor-size-]>a{color:inherit;font-size:inherit;line-height:inherit}.elementor-widget-heading .elementor-heading-title.elementor-size-small{font-size:15px}.elementor-widget-heading .elementor-heading-title.elementor-size-medium{font-size:19px}.elementor-widget-heading .elementor-heading-title.elementor-size-large{font-size:29px}.elementor-widget-heading .elementor-heading-title.elementor-size-xl{font-size:39px}.elementor-widget-heading .elementor-heading-title.elementor-size-xxl{font-size:59px}<\/style><h1 class=\"elementor-heading-title elementor-size-default\">In-House Coaching Solutions<\/h1>\t\t<\/div>\n\t\t\t\t<\/div>\n\t\t\t\t\t<\/div>\n\t\t<\/div>\n\t\t\t\t\t<\/div>\n\t\t<\/section>\n\t\t\t\t<section class=\"elementor-section elementor-top-section elementor-element elementor-element-4a273d1 elementor-section-full_width elementor-section-height-default elementor-section-height-default\" data-id=\"4a273d1\" data-element_type=\"section\" data-settings=\"{&quot;ekit_has_onepagescroll_dot&quot;:&quot;yes&quot;}\">\n\t\t\t\t\t\t<div class=\"elementor-container elementor-column-gap-default\">\n\t\t\t\t\t<div class=\"elementor-column elementor-col-100 elementor-top-column elementor-element elementor-element-0290861\" data-id=\"0290861\" data-element_type=\"column\">\n\t\t\t<div class=\"elementor-widget-wrap elementor-element-populated\">\n\t\t\t\t\t\t<div class=\"elementor-element elementor-element-4bb1632 elementor-widget elementor-widget-html\" data-id=\"4bb1632\" data-element_type=\"widget\" data-settings=\"{&quot;ekit_we_effect_on&quot;:&quot;none&quot;}\" data-widget_type=\"html.default\">\n\t\t\t\t<div class=\"elementor-widget-container\">\n\t\t\t<style>\n.kk-wrapper{font-family:'Segoe UI',Tahoma,Geneva,Verdana,sans-serif;color:#2d3748;line-height:1.7;padding:40px 0;max-width:1140px;margin:0 auto}\n.kk-wrapper *{box-sizing:border-box}\n.kk-section{margin-bottom:50px;opacity:0;transform:translateY(30px);animation:kkFadeUp .8s ease forwards}\n.kk-section:nth-child(2){animation-delay:.1s}\n.kk-section:nth-child(3){animation-delay:.2s}\n.kk-section:nth-child(4){animation-delay:.3s}\n.kk-section:nth-child(5){animation-delay:.4s}\n.kk-section:nth-child(6){animation-delay:.5s}\n.kk-section:nth-child(7){animation-delay:.6s}\n@keyframes kkFadeUp{to{opacity:1;transform:translateY(0)}}\n\n.kk-quote-box{background:linear-gradient(135deg,#006699,#0099cc);color:#fff;padding:40px 45px;border-radius:16px;margin-bottom:50px;position:relative;overflow:hidden}\n.kk-quote-box::before{content:'\\201C';position:absolute;top:-10px;left:20px;font-size:120px;color:rgba(255,255,255,.1);font-family:Georgia,serif;line-height:1}\n.kk-quote-box p{font-size:18px;font-style:italic;margin:0;position:relative;z-index:1}\n\n.kk-title{font-size:28px;font-weight:700;color:#006699;margin-bottom:15px;padding-bottom:10px;border-bottom:3px solid #00ccaa;display:inline-block}\n.kk-subtitle{font-size:22px;font-weight:600;color:#0099cc;margin-bottom:15px}\n\n.kk-text{font-size:16px;color:#4a5568;margin-bottom:20px;line-height:1.8}\n\n.kk-benefits-grid{display:grid;grid-template-columns:repeat(3,1fr);gap:25px;margin-top:25px}\n.kk-benefit-card{background:linear-gradient(145deg,#f0f9ff,#e8f4fd);border-radius:14px;padding:30px 25px;border-left:4px solid #006699;transition:all .3s ease;position:relative;overflow:hidden}\n.kk-benefit-card:hover{transform:translateY(-5px);box-shadow:0 12px 30px rgba(0,102,153,.15)}\n.kk-benefit-card::before{content:'';position:absolute;top:0;right:0;width:60px;height:60px;background:linear-gradient(135deg,transparent 50%,rgba(0,204,170,.1) 50%);border-radius:0 14px 0 0}\n.kk-benefit-icon{font-size:32px;margin-bottom:12px}\n.kk-benefit-card h4{font-size:17px;font-weight:700;color:#006699;margin:0 0 8px 0}\n.kk-benefit-card p{font-size:14px;color:#4a5568;margin:0;line-height:1.6}\n\n.kk-process-box{background:#fff;border:2px solid #e2e8f0;border-radius:16px;padding:35px;margin-top:25px}\n.kk-process-step{display:flex;align-items:flex-start;margin-bottom:25px;padding-bottom:25px;border-bottom:1px dashed #e2e8f0}\n.kk-process-step:last-child{margin-bottom:0;padding-bottom:0;border-bottom:none}\n.kk-step-num{background:linear-gradient(135deg,#006699,#0099cc);color:#fff;width:45px;height:45px;border-radius:50%;display:flex;align-items:center;justify-content:center;font-weight:700;font-size:18px;flex-shrink:0;margin-right:20px}\n.kk-step-content h4{font-size:17px;font-weight:700;color:#006699;margin:0 0 6px 0}\n.kk-step-content p{font-size:15px;color:#4a5568;margin:0;line-height:1.7}\n\n.kk-solutions-grid{display:grid;grid-template-columns:repeat(3,1fr);gap:22px;margin-top:25px}\n.kk-solution-card{background:#fff;border-radius:14px;padding:28px 22px;border:1px solid #e2e8f0;transition:all .3s ease;text-align:center;position:relative;overflow:hidden}\n.kk-solution-card:hover{transform:translateY(-5px);box-shadow:0 12px 30px rgba(0,102,153,.15);border-color:#0099cc}\n.kk-solution-card::after{content:'';position:absolute;bottom:0;left:0;right:0;height:3px;background:linear-gradient(90deg,#006699,#00ccaa);transform:scaleX(0);transition:transform .3s ease}\n.kk-solution-card:hover::after{transform:scaleX(1)}\n.kk-solution-icon{font-size:36px;margin-bottom:12px}\n.kk-solution-card h4{font-size:16px;font-weight:700;color:#006699;margin:0 0 8px 0}\n.kk-solution-card p{font-size:13px;color:#718096;margin:0;line-height:1.5}\n\n.kk-info-box{background:linear-gradient(135deg,#f0fff4,#e6fffa);border-left:5px solid #00ccaa;border-radius:12px;padding:30px 35px;margin-top:30px}\n.kk-info-box h4{font-size:18px;font-weight:700;color:#006699;margin:0 0 10px 0}\n.kk-info-box p{font-size:15px;color:#4a5568;margin:0;line-height:1.7}\n\n.kk-cta{background:linear-gradient(135deg,#006699,#004d73);border-radius:16px;padding:50px 40px;text-align:center;color:#fff;margin-top:50px}\n.kk-cta h3{font-size:28px;font-weight:700;margin:0 0 12px 0}\n.kk-cta p{font-size:16px;opacity:.9;margin:0 0 25px 0}\n.kk-cta-contact{font-size:15px;margin-bottom:20px;opacity:.85}\n.kk-cta-btn{display:inline-block;background:linear-gradient(135deg,#00ccaa,#00b894);color:#fff;padding:14px 40px;border-radius:50px;text-decoration:none;font-weight:700;font-size:16px;transition:all .3s ease;box-shadow:0 4px 15px rgba(0,204,170,.4)}\n.kk-cta-btn:hover{transform:translateY(-2px);box-shadow:0 8px 25px rgba(0,204,170,.5)}\n\n@media(max-width:768px){\n.kk-benefits-grid,.kk-solutions-grid{grid-template-columns:1fr}\n.kk-quote-box{padding:30px 25px}\n.kk-cta{padding:35px 25px}\n.kk-process-step{flex-direction:column}\n.kk-step-num{margin-bottom:12px;margin-right:0}\n}\n<\/style>\n\n<div class=\"kk-wrapper\">\n\n<div class=\"kk-section\">\n<div class=\"kk-quote-box\">\n<p>Kurum ici ko\u00e7luk s\u00fcreci, \u00e7al\u0131\u015fanlara entelekt\u00fcel birikim ve profesyonel ko\u00e7luk becerilerini kazand\u0131rmak amac\u0131yla i\u015f tatmini yaratan, \u00e7al\u0131\u015fanlar\u0131n performanslar\u0131n\u0131 ve verimlili\u011fi artt\u0131ran bir k\u00fclt\u00fcrd\u00fcr.<\/p>\n<\/div>\n<\/div>\n\n<div class=\"kk-section\">\n<div class=\"kk-title\">Kurum \u0130\u00e7i Ko\u00e7luk Nedir?<\/div>\n<p class=\"kk-text\">Kurum ici ko\u00e7lar ki\u015filerin geli\u015fim planlar\u0131na g\u00f6re ko\u00e7luk yaparak performanslar\u0131n\u0131n daha da artmas\u0131n\u0131 sa\u011flarlar. Bunun icin kurum i\u00e7i ko\u00e7 olarak g\u00f6rev alacak ki\u015filerin profesyonel ko\u00e7luk sertifikas\u0131 almas\u0131 beklenir. PDRICMA olarak kurum i\u00e7i ko\u00e7lar yeti\u015ftirme ve ko\u00e7luk k\u00fclt\u00fcr\u00fcn\u00fc \u015firketinizde olu\u015fturman\u0131z i\u00e7in sizlere destek oluyoruz.<\/p>\n<p class=\"kk-text\">Kurum ici kocluk sureci; \u00e7al\u0131\u015fanlar taraf\u0131ndan istenen performansa ve ya\u015fam tatminine ula\u015fmak i\u00e7in i\u00e7 ko\u00e7lar (kurumdaki ko\u00e7lar) ve Dan\u0131\u015fanlar\/kurum \u00e7al\u0131\u015fanlar\u0131 (ko\u00e7luk alacak \u00e7al\u0131\u015fanlar) aras\u0131nda kurulan planl\u0131 bir geli\u015fim ili\u015fkisidir. Amaca y\u00f6nelik e\u011fitim, bilgilendirme, destekleme, g\u00f6zlemleme, geri bildirim, takdir, izleme ve geli\u015ftirme s\u00fcrecinin t\u00fcm ad\u0131mlar\u0131n\u0131 kapsar.<\/p>\n<\/div>\n\n<div class=\"kk-section\">\n<div class=\"kk-title\">Kurum \u0130\u00e7i Ko\u00e7lu\u011fun Faydalar\u0131<\/div>\n<div class=\"kk-benefits-grid\">\n<div class=\"kk-benefit-card\">\n<div class=\"kk-benefit-icon\">&#127919;<\/div>\n<h4>Performans Katk\u0131s\u0131<\/h4>\n<p>Kurumu yak\u0131ndan tan\u0131yan, i\u015f s\u00fcre\u00e7lerini bilen ki\u015filerin ko\u00e7luk ara\u00e7lar\u0131yla \u00e7al\u0131\u015fanlar\u0131n performanslar\u0131na katk\u0131 sa\u011flamas\u0131<\/p>\n<\/div>\n<div class=\"kk-benefit-card\">\n<div class=\"kk-benefit-icon\">&#11088;<\/div>\n<h4>Potansiyeli A\u00e7\u0131\u011fa \u00c7\u0131karma<\/h4>\n<p>Potansiyeli y\u00fcksek \u00e7al\u0131\u015fanlar\u0131n fark\u0131ndal\u0131klar\u0131n\u0131n art\u0131r\u0131lmas\u0131 yoluyla potansiyeli performansa d\u00f6n\u00fc\u015ft\u00fcrme f\u0131rsat\u0131n\u0131n a\u00e7\u0131lmas\u0131<\/p>\n<\/div>\n<div class=\"kk-benefit-card\">\n<div class=\"kk-benefit-icon\">&#128142;<\/div>\n<h4>Deneyim Zenginle\u015ftirme<\/h4>\n<p>\u00c7al\u0131\u015fanlar\u0131n kurum i\u00e7i deneyimlerinin zenginle\u015ftirilmesi ve kurum k\u00fclt\u00fcr\u00fcn\u00fcn g\u00fc\u00e7lenmesi<\/p>\n<\/div>\n<\/div>\n<\/div>\n\n<div class=\"kk-section\">\n<div class=\"kk-title\">Ko\u00e7luk S\u00fcrecindeki Ad\u0131mlar<\/div>\n<p class=\"kk-text\">Kurum ici Kocluk projesindeki adimlar, ko\u00e7luk s\u00fcre\u00e7leriyle desteklenen \u00f6\u011frenme modelinde, payla\u015f\u0131m\u0131, geli\u015fimi ve kurum k\u00fclt\u00fcr\u00fcn\u00fc desteklemektedir.<\/p>\n<div class=\"kk-process-box\">\n<div class=\"kk-process-step\">\n<div class=\"kk-step-num\">1<\/div>\n<div class=\"kk-step-content\">\n<h4>Ko\u00e7 ve Dan\u0131\u015fan E\u015fle\u015fmesi<\/h4>\n<p>G\u00f6n\u00fcll\u00fc \u00e7al\u0131\u015fanlar aras\u0131nda se\u00e7ilecek i\u00e7 ko\u00e7lar ve dan\u0131\u015fan ili\u015fkisinin kurulmas\u0131<\/p>\n<\/div>\n<\/div>\n<div class=\"kk-process-step\">\n<div class=\"kk-step-num\">2<\/div>\n<div class=\"kk-step-content\">\n<h4>Hedef Belirleme<\/h4>\n<p>\u00c7al\u0131\u015fanlar\u0131n\/dan\u0131\u015fanlar\u0131n belirledi\u011fi hedeflerin ko\u00e7lar\u0131n deste\u011fiyle netle\u015ftirilmesi<\/p>\n<\/div>\n<\/div>\n<div class=\"kk-process-step\">\n<div class=\"kk-step-num\">3<\/div>\n<div class=\"kk-step-content\">\n<h4>Ko\u00e7luk Seanslar\u0131<\/h4>\n<p>D\u00fczenlenen ko\u00e7luk seanslar\u0131yla \u00e7al\u0131\u015fanlar\u0131n hedeflerine ula\u015fmas\u0131 ve sorunlar\u0131n \u00fcstesinden tek ba\u015f\u0131na gelmeyi \u00f6\u011frenmesi<\/p>\n<\/div>\n<\/div>\n<div class=\"kk-process-step\">\n<div class=\"kk-step-num\">4<\/div>\n<div class=\"kk-step-content\">\n<h4>G\u00f6zlem ve Geri Bildirim<\/h4>\n<p>S\u00fcre\u00e7 boyunca g\u00f6zlemleme, geri bildirim, takdir, izleme ve geli\u015ftirme ad\u0131mlar\u0131n\u0131n uygulanmas\u0131<\/p>\n<\/div>\n<\/div>\n<div class=\"kk-process-step\">\n<div class=\"kk-step-num\">5<\/div>\n<div class=\"kk-step-content\">\n<h4>Mentor Ko\u00e7luk Deste\u011fi<\/h4>\n<p>Tecr\u00fcbenin mentor ko\u00e7lukla kurum k\u00fclt\u00fcr\u00fcnde desteklenmesinin sa\u011flanmas\u0131 ve s\u00fcrd\u00fcr\u00fclebilir geli\u015fim<\/p>\n<\/div>\n<\/div>\n<\/div>\n<\/div>\n\n<div class=\"kk-section\">\n<div class=\"kk-title\">Kurum \u0130\u00e7i Ko\u00e7luk \u00c7\u00f6z\u00fcmlerimiz<\/div>\n<p class=\"kk-text\">Kurumunuzun ihtiya\u00e7lar\u0131na \u00f6zel tasarlanan ko\u00e7luk programlar\u0131m\u0131z:<\/p>\n<div class=\"kk-solutions-grid\">\n<div class=\"kk-solution-card\">\n<div class=\"kk-solution-icon\">&#127970;<\/div>\n<h4>Kurum \u0130\u00e7i Ko\u00e7luk \/ \u0130\u00e7 Ko\u00e7 Yeti\u015ftirme<\/h4>\n<p>\u015eirket i\u00e7i profesyonel ko\u00e7 yeti\u015ftirme program\u0131<\/p>\n<\/div>\n<div class=\"kk-solution-card\">\n<div class=\"kk-solution-icon\">&#128084;<\/div>\n<h4>Ko\u00e7vari Liderlik<\/h4>\n<p>Liderlik becerilerini ko\u00e7luk yakla\u015f\u0131m\u0131 ile geli\u015ftirme<\/p>\n<\/div>\n<div class=\"kk-solution-card\">\n<div class=\"kk-solution-icon\">&#9889;<\/div>\n<h4>\u00c7eviklik Ko\u00e7lu\u011fu<\/h4>\n<p>Agile ve \u00e7evik d\u00f6n\u00fc\u015f\u00fcm s\u00fcre\u00e7leri i\u00e7in ko\u00e7luk<\/p>\n<\/div>\n<div class=\"kk-solution-card\">\n<div class=\"kk-solution-icon\">&#128202;<\/div>\n<h4>Performans Ko\u00e7lu\u011fu<\/h4>\n<p>\u00c7al\u0131\u015fan performans\u0131n\u0131 en \u00fcst seviyeye ta\u015f\u0131ma<\/p>\n<\/div>\n<div class=\"kk-solution-card\">\n<div class=\"kk-solution-icon\">&#127894;<\/div>\n<h4>Y\u00f6netici Ko\u00e7lu\u011fu<\/h4>\n<p>Y\u00f6neticilerin liderlik kapasitelerini geli\u015ftirme<\/p>\n<\/div>\n<div class=\"kk-solution-card\">\n<div class=\"kk-solution-icon\">&#127760;<\/div>\n<h4>Executive Coaching<\/h4>\n<p>\u00dcst d\u00fczey y\u00f6netici ko\u00e7lu\u011fu program\u0131<\/p>\n<\/div>\n<div class=\"kk-solution-card\">\n<div class=\"kk-solution-icon\">&#128188;<\/div>\n<h4>Sat\u0131\u015f Ko\u00e7lu\u011fu<\/h4>\n<p>Sat\u0131\u015f ekiplerinin performans\u0131n\u0131 art\u0131rma<\/p>\n<\/div>\n<div class=\"kk-solution-card\">\n<div class=\"kk-solution-icon\">&#129517;<\/div>\n<h4>Kariyer Ko\u00e7lu\u011fu<\/h4>\n<p>Kariyer geli\u015fimi ve y\u00f6nlendirme deste\u011fi<\/p>\n<\/div>\n<div class=\"kk-solution-card\">\n<div class=\"kk-solution-icon\">&#11088;<\/div>\n<h4>Y\u00fckselen Y\u0131ld\u0131zlar Ko\u00e7lu\u011fu<\/h4>\n<p>De\u011ferlendirme Merkezi Ko\u00e7lu\u011fu program\u0131<\/p>\n<\/div>\n<div class=\"kk-solution-card\">\n<div class=\"kk-solution-icon\">&#128101;<\/div>\n<h4>Tak\u0131m Ko\u00e7lu\u011fu<\/h4>\n<p>Tak\u0131m uyumunu ve verimlili\u011fi art\u0131rma<\/p>\n<\/div>\n<div class=\"kk-solution-card\">\n<div class=\"kk-solution-icon\">&#128172;<\/div>\n<h4>Geri Bildirim K\u00fclt\u00fcr\u00fc Olu\u015fturma<\/h4>\n<p>Yap\u0131c\u0131 geri bildirim k\u00fclt\u00fcr\u00fc in\u015fa etme<\/p>\n<\/div>\n<div class=\"kk-solution-card\">\n<div class=\"kk-solution-icon\">&#127891;<\/div>\n<h4>Profesyonel Ko\u00e7luk Sertifikasyon<\/h4>\n<p>Level 1 ve Level 2 Ko\u00e7luk E\u011fitim Programlar\u0131<\/p>\n<\/div>\n<\/div>\n<\/div>\n\n<div class=\"kk-section\">\n<div class=\"kk-info-box\">\n<h4>&#129309; Kurumunuza \u00d6zel \u00c7\u00f6z\u00fcmler<\/h4>\n<p>Kurum ici ko\u00e7luk s\u00fcrecinde, g\u00f6n\u00fcll\u00fc \u00e7al\u0131\u015fanlar aras\u0131nda se\u00e7ilecek i\u00e7 ko\u00e7lar ve dan\u0131\u015fan ili\u015fkisinin amac\u0131 \u00e7al\u0131\u015fanlar\u0131n belirledi\u011fi hedeflere, ko\u00e7lar\u0131n deste\u011fiyle ula\u015fmas\u0131, sorunlar\u0131n\u0131n \u00fcstesinden tek ba\u015f\u0131na gelmeyi \u00f6\u011frenmesi ve tecr\u00fcbenin mentor ko\u00e7lukla kurum k\u00fclt\u00fcr\u00fcnde desteklenmesinin sa\u011flanmas\u0131d\u0131r.<\/p>\n<\/div>\n<\/div>\n\n<div class=\"kk-section\">\n<div class=\"kk-cta\">\n<h3>Detayl\u0131 Bilgi Al\u0131n<\/h3>\n<p>Kurum ici ko\u00e7luk \u00e7\u00f6z\u00fcmlerimiz hakk\u0131nda detayl\u0131 bilgi almak i\u00e7in bizimle ileti\u015fime ge\u00e7in<\/p>\n<div class=\"kk-cta-contact\">&#9993; info@pdricma.com.tr | &#9742; 0216 709 17 37<\/div>\n<a href=\"\/iletisim\" class=\"kk-cta-btn\">Bilgi Al\u0131n<\/a>\n<\/div>\n<\/div>\n\n<\/div>\t\t<\/div>\n\t\t\t\t<\/div>\n\t\t\t\t\t<\/div>\n\t\t<\/div>\n\t\t\t\t\t<\/div>\n\t\t<\/section>\n\t\t\t\t<\/div>\n\t\t","protected":false},"excerpt":{"rendered":"<p>In-House Coaching Solutions Kurum ici ko\u00e7luk s\u00fcreci, \u00e7al\u0131\u015fanlara entelekt\u00fcel birikim ve profesyonel ko\u00e7luk becerilerini kazand\u0131rmak amac\u0131yla i\u015f tatmini yaratan, \u00e7al\u0131\u015fanlar\u0131n performanslar\u0131n\u0131 ve verimlili\u011fi artt\u0131ran bir k\u00fclt\u00fcrd\u00fcr. Kurum \u0130\u00e7i Ko\u00e7luk Nedir? Kurum ici ko\u00e7lar ki\u015filerin geli\u015fim planlar\u0131na g\u00f6re ko\u00e7luk yaparak performanslar\u0131n\u0131n daha da artmas\u0131n\u0131 sa\u011flarlar. Bunun icin kurum i\u00e7i ko\u00e7 olarak g\u00f6rev alacak ki\u015filerin profesyonel ko\u00e7luk sertifikas\u0131 almas\u0131 beklenir. PDRICMA olarak kurum i\u00e7i ko\u00e7lar yeti\u015ftirme ve&#8230; <\/p>\n<p class=\"more\"><a class=\"more-link\" href=\"https:\/\/pdricma.com.tr\/en\/kurum-ici-kocluk-cozumleri\/\">Read More<\/a><\/p>","protected":false},"author":1,"featured_media":0,"parent":0,"menu_order":0,"comment_status":"closed","ping_status":"closed","template":"elementor_header_footer","meta":{"footnotes":""},"class_list":["post-6099","page","type-page","status-publish","hentry","is-cat-link-solid-light is-cat-link-rounded"],"yoast_head":"<!-- This site is optimized with the Yoast SEO Premium plugin v24.0 (Yoast SEO v26.9) - https:\/\/yoast.com\/product\/yoast-seo-premium-wordpress\/ -->\n<title>In-House Coaching Solutions - PDR International Coaching &amp; Mentoring Academy<\/title>\n<meta name=\"robots\" content=\"index, follow, max-snippet:-1, max-image-preview:large, max-video-preview:-1\" \/>\n<link rel=\"canonical\" href=\"https:\/\/pdricma.com.tr\/en\/kurum-ici-kocluk-cozumleri\/\" \/>\n<meta property=\"og:locale\" content=\"en_US\" \/>\n<meta property=\"og:type\" content=\"article\" \/>\n<meta property=\"og:title\" content=\"In-House Coaching Solutions\" \/>\n<meta property=\"og:description\" content=\"In-House Coaching Solutions Kurum ici ko\u00e7luk s\u00fcreci, \u00e7al\u0131\u015fanlara entelekt\u00fcel birikim ve profesyonel ko\u00e7luk becerilerini kazand\u0131rmak amac\u0131yla i\u015f tatmini yaratan, \u00e7al\u0131\u015fanlar\u0131n performanslar\u0131n\u0131 ve verimlili\u011fi artt\u0131ran bir k\u00fclt\u00fcrd\u00fcr. Kurum \u0130\u00e7i Ko\u00e7luk Nedir? Kurum ici ko\u00e7lar ki\u015filerin geli\u015fim planlar\u0131na g\u00f6re ko\u00e7luk yaparak performanslar\u0131n\u0131n daha da artmas\u0131n\u0131 sa\u011flarlar. Bunun icin kurum i\u00e7i ko\u00e7 olarak g\u00f6rev alacak ki\u015filerin profesyonel ko\u00e7luk sertifikas\u0131 almas\u0131 beklenir. PDRICMA olarak kurum i\u00e7i ko\u00e7lar yeti\u015ftirme ve... Read More\" \/>\n<meta property=\"og:url\" content=\"https:\/\/pdricma.com.tr\/en\/kurum-ici-kocluk-cozumleri\/\" \/>\n<meta property=\"og:site_name\" content=\"PDR International Coaching &amp; Mentoring Academy\" \/>\n<meta property=\"article:publisher\" content=\"https:\/\/www.facebook.com\/people\/PDR-ICMA\/100064844886292\/\" \/>\n<meta property=\"article:modified_time\" content=\"2026-04-01T04:41:05+00:00\" \/>\n<meta name=\"twitter:card\" content=\"summary_large_image\" \/>\n<meta name=\"twitter:label1\" content=\"Est. reading time\" \/>\n\t<meta name=\"twitter:data1\" content=\"7 minutes\" \/>\n<script type=\"application\/ld+json\" class=\"yoast-schema-graph\">{\"@context\":\"https:\/\/schema.org\",\"@graph\":[{\"@type\":\"WebPage\",\"@id\":\"https:\/\/pdricma.com.tr\/kurum-ici-kocluk-cozumleri\/\",\"url\":\"https:\/\/pdricma.com.tr\/kurum-ici-kocluk-cozumleri\/\",\"name\":\"In-House Coaching Solutions - PDR International Coaching &amp; Mentoring Academy\",\"isPartOf\":{\"@id\":\"https:\/\/pdricma.com.tr\/#website\"},\"datePublished\":\"2023-07-11T09:25:13+00:00\",\"dateModified\":\"2026-04-01T04:41:05+00:00\",\"breadcrumb\":{\"@id\":\"https:\/\/pdricma.com.tr\/kurum-ici-kocluk-cozumleri\/#breadcrumb\"},\"inLanguage\":\"en-US\",\"potentialAction\":[{\"@type\":\"ReadAction\",\"target\":[\"https:\/\/pdricma.com.tr\/kurum-ici-kocluk-cozumleri\/\"]}]},{\"@type\":\"BreadcrumbList\",\"@id\":\"https:\/\/pdricma.com.tr\/kurum-ici-kocluk-cozumleri\/#breadcrumb\",\"itemListElement\":[{\"@type\":\"ListItem\",\"position\":1,\"name\":\"Anasayfa\",\"item\":\"https:\/\/pdricma.com.tr\/\"},{\"@type\":\"ListItem\",\"position\":2,\"name\":\"In-House Coaching Solutions\"}]},{\"@type\":\"WebSite\",\"@id\":\"https:\/\/pdricma.com.tr\/#website\",\"url\":\"https:\/\/pdricma.com.tr\/\",\"name\":\"PDR International Coaching & Mentoring Academy\",\"description\":\"\",\"publisher\":{\"@id\":\"https:\/\/pdricma.com.tr\/#organization\"},\"potentialAction\":[{\"@type\":\"SearchAction\",\"target\":{\"@type\":\"EntryPoint\",\"urlTemplate\":\"https:\/\/pdricma.com.tr\/?s={search_term_string}\"},\"query-input\":{\"@type\":\"PropertyValueSpecification\",\"valueRequired\":true,\"valueName\":\"search_term_string\"}}],\"inLanguage\":\"en-US\"},{\"@type\":\"Organization\",\"@id\":\"https:\/\/pdricma.com.tr\/#organization\",\"name\":\"PDR International Coaching & Mentoring Academy\",\"url\":\"https:\/\/pdricma.com.tr\/\",\"logo\":{\"@type\":\"ImageObject\",\"inLanguage\":\"en-US\",\"@id\":\"https:\/\/pdricma.com.tr\/#\/schema\/logo\/image\/\",\"url\":\"https:\/\/pdricma.com.tr\/wp-content\/uploads\/2023\/07\/PDRCOACHINGLOGO-01-002-1.png\",\"contentUrl\":\"https:\/\/pdricma.com.tr\/wp-content\/uploads\/2023\/07\/PDRCOACHINGLOGO-01-002-1.png\",\"width\":2307,\"height\":785,\"caption\":\"PDR International Coaching & Mentoring Academy\"},\"image\":{\"@id\":\"https:\/\/pdricma.com.tr\/#\/schema\/logo\/image\/\"},\"sameAs\":[\"https:\/\/www.facebook.com\/people\/PDR-ICMA\/100064844886292\/\",\"https:\/\/www.instagram.com\/pdricma\/\"]}]}<\/script>\n<!-- \/ Yoast SEO Premium plugin. -->","yoast_head_json":{"title":"In-House Coaching Solutions - PDR International Coaching &amp; Mentoring Academy","robots":{"index":"index","follow":"follow","max-snippet":"max-snippet:-1","max-image-preview":"max-image-preview:large","max-video-preview":"max-video-preview:-1"},"canonical":"https:\/\/pdricma.com.tr\/en\/kurum-ici-kocluk-cozumleri\/","og_locale":"en_US","og_type":"article","og_title":"In-House Coaching Solutions","og_description":"In-House Coaching Solutions Kurum ici ko\u00e7luk s\u00fcreci, \u00e7al\u0131\u015fanlara entelekt\u00fcel birikim ve profesyonel ko\u00e7luk becerilerini kazand\u0131rmak amac\u0131yla i\u015f tatmini yaratan, \u00e7al\u0131\u015fanlar\u0131n performanslar\u0131n\u0131 ve verimlili\u011fi artt\u0131ran bir k\u00fclt\u00fcrd\u00fcr. Kurum \u0130\u00e7i Ko\u00e7luk Nedir? Kurum ici ko\u00e7lar ki\u015filerin geli\u015fim planlar\u0131na g\u00f6re ko\u00e7luk yaparak performanslar\u0131n\u0131n daha da artmas\u0131n\u0131 sa\u011flarlar. Bunun icin kurum i\u00e7i ko\u00e7 olarak g\u00f6rev alacak ki\u015filerin profesyonel ko\u00e7luk sertifikas\u0131 almas\u0131 beklenir. PDRICMA olarak kurum i\u00e7i ko\u00e7lar yeti\u015ftirme ve... Read More","og_url":"https:\/\/pdricma.com.tr\/en\/kurum-ici-kocluk-cozumleri\/","og_site_name":"PDR International Coaching &amp; Mentoring Academy","article_publisher":"https:\/\/www.facebook.com\/people\/PDR-ICMA\/100064844886292\/","article_modified_time":"2026-04-01T04:41:05+00:00","twitter_card":"summary_large_image","twitter_misc":{"Est. reading time":"7 minutes"},"schema":{"@context":"https:\/\/schema.org","@graph":[{"@type":"WebPage","@id":"https:\/\/pdricma.com.tr\/kurum-ici-kocluk-cozumleri\/","url":"https:\/\/pdricma.com.tr\/kurum-ici-kocluk-cozumleri\/","name":"In-House Coaching Solutions - PDR International Coaching &amp; Mentoring Academy","isPartOf":{"@id":"https:\/\/pdricma.com.tr\/#website"},"datePublished":"2023-07-11T09:25:13+00:00","dateModified":"2026-04-01T04:41:05+00:00","breadcrumb":{"@id":"https:\/\/pdricma.com.tr\/kurum-ici-kocluk-cozumleri\/#breadcrumb"},"inLanguage":"en-US","potentialAction":[{"@type":"ReadAction","target":["https:\/\/pdricma.com.tr\/kurum-ici-kocluk-cozumleri\/"]}]},{"@type":"BreadcrumbList","@id":"https:\/\/pdricma.com.tr\/kurum-ici-kocluk-cozumleri\/#breadcrumb","itemListElement":[{"@type":"ListItem","position":1,"name":"Anasayfa","item":"https:\/\/pdricma.com.tr\/"},{"@type":"ListItem","position":2,"name":"In-House Coaching Solutions"}]},{"@type":"WebSite","@id":"https:\/\/pdricma.com.tr\/#website","url":"https:\/\/pdricma.com.tr\/","name":"PDR International Coaching & Mentoring Academy","description":"","publisher":{"@id":"https:\/\/pdricma.com.tr\/#organization"},"potentialAction":[{"@type":"SearchAction","target":{"@type":"EntryPoint","urlTemplate":"https:\/\/pdricma.com.tr\/?s={search_term_string}"},"query-input":{"@type":"PropertyValueSpecification","valueRequired":true,"valueName":"search_term_string"}}],"inLanguage":"en-US"},{"@type":"Organization","@id":"https:\/\/pdricma.com.tr\/#organization","name":"PDR International Coaching & Mentoring Academy","url":"https:\/\/pdricma.com.tr\/","logo":{"@type":"ImageObject","inLanguage":"en-US","@id":"https:\/\/pdricma.com.tr\/#\/schema\/logo\/image\/","url":"https:\/\/pdricma.com.tr\/wp-content\/uploads\/2023\/07\/PDRCOACHINGLOGO-01-002-1.png","contentUrl":"https:\/\/pdricma.com.tr\/wp-content\/uploads\/2023\/07\/PDRCOACHINGLOGO-01-002-1.png","width":2307,"height":785,"caption":"PDR International Coaching & Mentoring Academy"},"image":{"@id":"https:\/\/pdricma.com.tr\/#\/schema\/logo\/image\/"},"sameAs":["https:\/\/www.facebook.com\/people\/PDR-ICMA\/100064844886292\/","https:\/\/www.instagram.com\/pdricma\/"]}]}},"_links":{"self":[{"href":"https:\/\/pdricma.com.tr\/en\/wp-json\/wp\/v2\/pages\/6099","targetHints":{"allow":["GET"]}}],"collection":[{"href":"https:\/\/pdricma.com.tr\/en\/wp-json\/wp\/v2\/pages"}],"about":[{"href":"https:\/\/pdricma.com.tr\/en\/wp-json\/wp\/v2\/types\/page"}],"author":[{"embeddable":true,"href":"https:\/\/pdricma.com.tr\/en\/wp-json\/wp\/v2\/users\/1"}],"replies":[{"embeddable":true,"href":"https:\/\/pdricma.com.tr\/en\/wp-json\/wp\/v2\/comments?post=6099"}],"version-history":[{"count":11,"href":"https:\/\/pdricma.com.tr\/en\/wp-json\/wp\/v2\/pages\/6099\/revisions"}],"predecessor-version":[{"id":7903,"href":"https:\/\/pdricma.com.tr\/en\/wp-json\/wp\/v2\/pages\/6099\/revisions\/7903"}],"wp:attachment":[{"href":"https:\/\/pdricma.com.tr\/en\/wp-json\/wp\/v2\/media?parent=6099"}],"curies":[{"name":"wp","href":"https:\/\/api.w.org\/{rel}","templated":true}]}}