{"id":6266,"date":"2023-07-12T00:35:51","date_gmt":"2023-07-11T21:35:51","guid":{"rendered":"https:\/\/pdricma.com.tr\/askida-kocluk-projesi\/"},"modified":"2026-04-04T17:03:17","modified_gmt":"2026-04-04T14:03:17","slug":"askida-kocluk-projesi","status":"publish","type":"page","link":"https:\/\/pdricma.com.tr\/en\/askida-kocluk-projesi\/","title":{"rendered":"Suspended Coaching Project"},"content":{"rendered":"\t\t<div data-elementor-type=\"wp-post\" data-elementor-id=\"6266\" class=\"elementor elementor-6266\">\n\t\t\t\t\t\t<section class=\"elementor-section elementor-top-section elementor-element elementor-element-6171bfe elementor-section-height-min-height elementor-section-boxed elementor-section-height-default elementor-section-items-middle\" data-id=\"6171bfe\" data-element_type=\"section\" data-settings=\"{&quot;background_background&quot;:&quot;classic&quot;,&quot;ekit_has_onepagescroll_dot&quot;:&quot;yes&quot;}\">\n\t\t\t\t\t\t\t<div class=\"elementor-background-overlay\"><\/div>\n\t\t\t\t\t\t\t<div class=\"elementor-container elementor-column-gap-default\">\n\t\t\t\t\t<div class=\"elementor-column elementor-col-100 elementor-top-column elementor-element elementor-element-\" data-id=\"\" data-element_type=\"column\">\n\t\t\t<div class=\"elementor-widget-wrap elementor-element-populated\">\n\t\t\t\t\t\t<div class=\"elementor-element elementor-element- elementor-widget elementor-widget-heading\" data-id=\"\" data-element_type=\"widget\" data-settings=\"{&quot;ekit_we_effect_on&quot;:&quot;none&quot;}\" data-widget_type=\"heading.default\">\n\t\t\t\t<div class=\"elementor-widget-container\">\n\t\t\t<style>\/*! elementor - v3.21.0 - 08-05-2024 *\/\n.elementor-heading-title{padding:0;margin:0;line-height:1}.elementor-widget-heading .elementor-heading-title[class*=elementor-size-]>a{color:inherit;font-size:inherit;line-height:inherit}.elementor-widget-heading .elementor-heading-title.elementor-size-small{font-size:15px}.elementor-widget-heading .elementor-heading-title.elementor-size-medium{font-size:19px}.elementor-widget-heading .elementor-heading-title.elementor-size-large{font-size:29px}.elementor-widget-heading .elementor-heading-title.elementor-size-xl{font-size:39px}.elementor-widget-heading .elementor-heading-title.elementor-size-xxl{font-size:59px}<\/style><h1 class=\"elementor-heading-title elementor-size-default\">Ask\u0131da Ko\u00e7luk Projesi<\/h1>\t\t<\/div>\n\t\t\t\t<\/div>\n\t\t\t\t\t<\/div>\n\t\t<\/div>\n\t\t\t\t\t<\/div>\n\t\t<\/section>\n\t\t\t\t<section class=\"elementor-section elementor-top-section elementor-element elementor-element-1df1e2f elementor-section-full_width elementor-section-height-default elementor-section-height-default\" data-id=\"1df1e2f\" data-element_type=\"section\" data-settings=\"{&quot;background_background&quot;:&quot;classic&quot;,&quot;ekit_has_onepagescroll_dot&quot;:&quot;yes&quot;}\">\n\t\t\t\t\t\t<div class=\"elementor-container elementor-column-gap-default\">\n\t\t\t\t\t<div class=\"elementor-column elementor-col-100 elementor-top-column elementor-element elementor-element-\" data-id=\"\" data-element_type=\"column\">\n\t\t\t<div class=\"elementor-widget-wrap elementor-element-populated\">\n\t\t\t\t\t\t<div class=\"elementor-element elementor-element- elementor-widget elementor-widget-text-editor\" data-id=\"\" data-element_type=\"widget\" data-settings=\"{&quot;ekit_we_effect_on&quot;:&quot;none&quot;}\" data-widget_type=\"text-editor.default\">\n\t\t\t\t<div class=\"elementor-widget-container\">\n\t\t\t<style>\/*! elementor - v3.21.0 - 08-05-2024 *\/\n.elementor-widget-text-editor.elementor-drop-cap-view-stacked .elementor-drop-cap{background-color:#69727d;color:#fff}.elementor-widget-text-editor.elementor-drop-cap-view-framed .elementor-drop-cap{color:#69727d;border:3px solid;background-color:transparent}.elementor-widget-text-editor:not(.elementor-drop-cap-view-default) .elementor-drop-cap{margin-top:8px}.elementor-widget-text-editor:not(.elementor-drop-cap-view-default) .elementor-drop-cap-letter{width:1em;height:1em}.elementor-widget-text-editor .elementor-drop-cap{float:left;text-align:center;line-height:1;font-size:50px}.elementor-widget-text-editor .elementor-drop-cap-letter{display:inline-block}<\/style>\t\t\t\t<div style=\"max-width:1000px;margin:0 auto;\"><div style=\"text-align:center;margin-bottom:50px;\"><h2 style=\"font-size:32px;font-weight:700;color:#0a2540;margin:0 0 10px 0;\">PDRICMA Mezun Ko\u00e7lar\u0131m\u0131zdan<\/h2><p style=\"font-size:22px;color:#3498db;font-weight:600;margin:0;\">G\u00f6n\u00fcll\u00fc ko\u00e7luk almak ister misiniz?<\/p><\/div><div style=\"background:linear-gradient(135deg,#f8f9fa,#e8f4fd);border-radius:16px;padding:40px;margin-bottom:40px;\"><h3 style=\"font-size:22px;font-weight:700;color:#0a2540;margin:0 0 25px 0;text-align:center;\">Bu Proje Tam Size G\u00f6re Olabilir!<\/h3><div style=\"display:grid;grid-template-columns:repeat(auto-fit,minmax(280px,1fr));gap:16px;\"><div style=\"background:#fff;padding:18px 22px;border-radius:12px;border-left:4px solid #3498db;box-shadow:0 2px 8px rgba(0,0,0,0.04);font-size:15px;color:#333;\">Hayat\u0131n\u0131zda baz\u0131 \u015feyler yolunda gitmiyorsa<\/div><div style=\"background:#fff;padding:18px 22px;border-radius:12px;border-left:4px solid #3498db;box-shadow:0 2px 8px rgba(0,0,0,0.04);font-size:15px;color:#333;\">\u0130\u015f veya \u00f6zel hayat\u0131n\u0131zda ili\u015fkilerinizi daha g\u00fc\u00e7lendirmek ve dengelemek ihtiyac\u0131 duyuyorsan\u0131z<\/div><div style=\"background:#fff;padding:18px 22px;border-radius:12px;border-left:4px solid #3498db;box-shadow:0 2px 8px rgba(0,0,0,0.04);font-size:15px;color:#333;\">Kendinizi daha iyi tan\u0131mak ve g\u00fc\u00e7l\u00fc\/geli\u015fim alanlar\u0131n\u0131z\u0131n fark\u0131na varmak istiyorsan\u0131z<\/div><div style=\"background:#fff;padding:18px 22px;border-radius:12px;border-left:4px solid #3498db;box-shadow:0 2px 8px rgba(0,0,0,0.04);font-size:15px;color:#333;\">\u0130leti\u015fim yetkinliklerinizi (dinleme, g\u00fc\u00e7l\u00fc soru sorma, takdir, olumlu dil vb) geli\u015ftirmek istiyorsan\u0131z<\/div><div style=\"background:#fff;padding:18px 22px;border-radius:12px;border-left:4px solid #3498db;box-shadow:0 2px 8px rgba(0,0,0,0.04);font-size:15px;color:#333;\">T\u0131kanm\u0131\u015fl\u0131k hissetti\u011finiz konulara \u00e7\u00f6z\u00fcm bulmak istiyorsan\u0131z<\/div><div style=\"background:#fff;padding:18px 22px;border-radius:12px;border-left:4px solid #3498db;box-shadow:0 2px 8px rgba(0,0,0,0.04);font-size:15px;color:#333;\">Hep ayn\u0131 \u015feyler ba\u015f\u0131n\u0131za geliyor ve bu k\u0131s\u0131r d\u00f6ng\u00fcy\u00fc k\u0131rmak istiyorsan\u0131z<\/div><div style=\"background:#fff;padding:18px 22px;border-radius:12px;border-left:4px solid #3498db;box-shadow:0 2px 8px rgba(0,0,0,0.04);font-size:15px;color:#333;\">Objektif bir g\u00f6zle bir profesyonelin sizi dinlemesi ve anlamas\u0131na ihtiyac\u0131n\u0131z varsa<\/div><div style=\"background:#fff;padding:18px 22px;border-radius:12px;border-left:4px solid #3498db;box-shadow:0 2px 8px rgba(0,0,0,0.04);font-size:15px;color:#333;\">Motivasyonunuz kaybettiyseniz<\/div><div style=\"background:#fff;padding:18px 22px;border-radius:12px;border-left:4px solid #3498db;box-shadow:0 2px 8px rgba(0,0,0,0.04);font-size:15px;color:#333;\">Ko\u00e7luk nedir? merak ediyorsan\u0131z<\/div><div style=\"background:#fff;padding:18px 22px;border-radius:12px;border-left:4px solid #3498db;box-shadow:0 2px 8px rgba(0,0,0,0.04);font-size:15px;color:#333;\">Kendinize yat\u0131r\u0131m yapmak istiyorsan\u0131z\u2026<\/div><\/div><\/div><\/div>\t\t\t\t\t\t<\/div>\n\t\t\t\t<\/div>\n\t\t\t\t\t<\/div>\n\t\t<\/div>\n\t\t\t\t\t<\/div>\n\t\t<\/section>\n\t\t\t\t<section class=\"elementor-section elementor-top-section elementor-element elementor-element-2c3180a elementor-section-full_width elementor-section-height-default elementor-section-height-default\" data-id=\"2c3180a\" data-element_type=\"section\" data-settings=\"{&quot;background_background&quot;:&quot;classic&quot;,&quot;ekit_has_onepagescroll_dot&quot;:&quot;yes&quot;}\">\n\t\t\t\t\t\t<div class=\"elementor-container elementor-column-gap-default\">\n\t\t\t\t\t<div class=\"elementor-column elementor-col-100 elementor-top-column elementor-element elementor-element-\" data-id=\"\" data-element_type=\"column\">\n\t\t\t<div class=\"elementor-widget-wrap elementor-element-populated\">\n\t\t\t\t\t\t<div class=\"elementor-element elementor-element- elementor-widget elementor-widget-text-editor\" data-id=\"\" data-element_type=\"widget\" data-settings=\"{&quot;ekit_we_effect_on&quot;:&quot;none&quot;}\" data-widget_type=\"text-editor.default\">\n\t\t\t\t<div class=\"elementor-widget-container\">\n\t\t\t\t\t\t\t<div style=\"max-width:1000px;margin:0 auto;\"><div style=\"display:flex;gap:40px;flex-wrap:wrap;align-items:center;\"><div style=\"flex:1;min-width:300px;\"><h2 style=\"font-size:30px;font-weight:700;color:#fff;margin:0 0 20px 0;\">&#8220;Ask\u0131da Ko\u00e7luk&#8221; Nedir?<\/h2><p style=\"font-size:16px;color:rgba(255,255,255,0.85);line-height:1.8;margin:0 0 20px 0;\">PDRICMA mezun ko\u00e7lar\u0131m\u0131z sizlere g\u00f6n\u00fcll\u00fc olarak destek vermeye haz\u0131rlar. <strong style=\"color:#3498db;\">&#8220;Ask\u0131da Ko\u00e7luk&#8221;<\/strong> ad\u0131n\u0131 verdi\u011fimiz projemizle d\u00fcnya olarak zor g\u00fcnlerden ge\u00e7ti\u011fimiz bu d\u00f6nemde sizlere bir nebze olsun destek olabilmek amac\u0131yla, T\u00fcrkiye&#8217;deki bir ko\u00e7luk okulu taraf\u0131ndan ilk defa verilen bu \u00f6zel hizmetle yan\u0131n\u0131zda olmak istiyoruz.<\/p><p style=\"font-size:16px;color:rgba(255,255,255,0.85);line-height:1.8;margin:0 0 20px 0;\">Bu hizmetten yararlanmak isteyen t\u00fcm isteklilerin <strong style=\"color:#3498db;\">info@pdricma.com.tr<\/strong> adresine e-mail g\u00f6ndermesi yeterlidir.<\/p><p style=\"font-size:16px;color:rgba(255,255,255,0.85);line-height:1.8;margin:0;\">PDRICMA Mezun Ko\u00e7lar\u0131m\u0131z; kurumsal hayatta profesyonel deneyimi olan, ICF Onayl\u0131 Profesyonel Ko\u00e7luk Sertifikasyon program\u0131n\u0131 tamamlam\u0131\u015f ki\u015filerdir. Siz de; deneyimli ko\u00e7lar\u0131m\u0131zdan ko\u00e7luk almak i\u00e7in bize ula\u015f\u0131n.<\/p><\/div><div style=\"flex:0 0 320px;max-width:100%;text-align:center;\"><img decoding=\"async\" src=\"https:\/\/pdricma.com.tr\/wp-content\/uploads\/2023\/08\/cero-resim.jpg\" style=\"width:100%;border-radius:16px;box-shadow:0 8px 32px rgba(0,0,0,0.3);\" \/><\/div><\/div><\/div>\t\t\t\t\t\t<\/div>\n\t\t\t\t<\/div>\n\t\t\t\t\t<\/div>\n\t\t<\/div>\n\t\t\t\t\t<\/div>\n\t\t<\/section>\n\t\t\t\t<section class=\"elementor-section elementor-top-section elementor-element elementor-element-b71dcda elementor-section-full_width elementor-section-height-default elementor-section-height-default\" data-id=\"b71dcda\" data-element_type=\"section\" data-settings=\"{&quot;background_background&quot;:&quot;classic&quot;,&quot;ekit_has_onepagescroll_dot&quot;:&quot;yes&quot;}\">\n\t\t\t\t\t\t<div class=\"elementor-container elementor-column-gap-default\">\n\t\t\t\t\t<div class=\"elementor-column elementor-col-100 elementor-top-column elementor-element elementor-element-\" data-id=\"\" data-element_type=\"column\">\n\t\t\t<div class=\"elementor-widget-wrap elementor-element-populated\">\n\t\t\t\t\t\t<div class=\"elementor-element elementor-element- elementor-widget elementor-widget-text-editor\" data-id=\"\" data-element_type=\"widget\" data-settings=\"{&quot;ekit_we_effect_on&quot;:&quot;none&quot;}\" data-widget_type=\"text-editor.default\">\n\t\t\t\t<div class=\"elementor-widget-container\">\n\t\t\t\t\t\t\t<div style=\"max-width:800px;margin:0 auto;text-align:center;\"><p style=\"font-size:18px;color:#555;line-height:1.8;margin:0 0 30px 0;\">&#8220;Ask\u0131da Ko\u00e7luk&#8221; projesinde yer alan t\u00fcm PDRICMA Ko\u00e7lar\u0131m\u0131za y\u00fcrekten te\u015fekk\u00fcr ederiz.<\/p><a href=\"mailto:info@pdricma.com.tr\" style=\"display:inline-block;background:linear-gradient(135deg,#0a2540,#1a5276);color:#fff;padding:16px 40px;border-radius:50px;font-size:16px;font-weight:600;text-decoration:none;\">Hemen Ba\u015fvurun<\/a><\/div>\t\t\t\t\t\t<\/div>\n\t\t\t\t<\/div>\n\t\t\t\t\t<\/div>\n\t\t<\/div>\n\t\t\t\t\t<\/div>\n\t\t<\/section>\n\t\t\t\t<\/div>\n\t\t","protected":false},"excerpt":{"rendered":"<p>Ask\u0131da Ko\u00e7luk Projesi PDRICMA Mezun Ko\u00e7lar\u0131m\u0131zdan G\u00f6n\u00fcll\u00fc ko\u00e7luk almak ister misiniz? Bu Proje Tam Size G\u00f6re Olabilir! Hayat\u0131n\u0131zda baz\u0131 \u015feyler yolunda gitmiyorsa\u0130\u015f veya \u00f6zel hayat\u0131n\u0131zda ili\u015fkilerinizi daha g\u00fc\u00e7lendirmek ve dengelemek ihtiyac\u0131 duyuyorsan\u0131zKendinizi daha iyi tan\u0131mak ve g\u00fc\u00e7l\u00fc\/geli\u015fim alanlar\u0131n\u0131z\u0131n fark\u0131na varmak istiyorsan\u0131z\u0130leti\u015fim yetkinliklerinizi (dinleme, g\u00fc\u00e7l\u00fc soru sorma, takdir, olumlu dil vb) geli\u015ftirmek istiyorsan\u0131zT\u0131kanm\u0131\u015fl\u0131k hissetti\u011finiz konulara \u00e7\u00f6z\u00fcm bulmak istiyorsan\u0131zHep ayn\u0131 \u015feyler ba\u015f\u0131n\u0131za geliyor ve bu k\u0131s\u0131r d\u00f6ng\u00fcy\u00fc&#8230; <\/p>\n<p class=\"more\"><a class=\"more-link\" href=\"https:\/\/pdricma.com.tr\/en\/askida-kocluk-projesi\/\">Read More<\/a><\/p>","protected":false},"author":1,"featured_media":0,"parent":0,"menu_order":0,"comment_status":"closed","ping_status":"closed","template":"elementor_header_footer","meta":{"footnotes":""},"class_list":["post-6266","page","type-page","status-publish","hentry","is-cat-link-solid-light is-cat-link-rounded"],"yoast_head":"<!-- This site is optimized with the Yoast SEO Premium plugin v24.0 (Yoast SEO v26.9) - https:\/\/yoast.com\/product\/yoast-seo-premium-wordpress\/ -->\n<title>Suspended Coaching Project - PDR International Coaching &amp; Mentoring Academy<\/title>\n<meta name=\"robots\" content=\"index, follow, max-snippet:-1, max-image-preview:large, max-video-preview:-1\" \/>\n<link rel=\"canonical\" href=\"https:\/\/pdricma.com.tr\/en\/askida-kocluk-projesi\/\" \/>\n<meta property=\"og:locale\" content=\"en_US\" \/>\n<meta property=\"og:type\" content=\"article\" \/>\n<meta property=\"og:title\" content=\"Suspended Coaching Project\" \/>\n<meta property=\"og:description\" content=\"Ask\u0131da Ko\u00e7luk Projesi PDRICMA Mezun Ko\u00e7lar\u0131m\u0131zdan G\u00f6n\u00fcll\u00fc ko\u00e7luk almak ister misiniz? Bu Proje Tam Size G\u00f6re Olabilir! Hayat\u0131n\u0131zda baz\u0131 \u015feyler yolunda gitmiyorsa\u0130\u015f veya \u00f6zel hayat\u0131n\u0131zda ili\u015fkilerinizi daha g\u00fc\u00e7lendirmek ve dengelemek ihtiyac\u0131 duyuyorsan\u0131zKendinizi daha iyi tan\u0131mak ve g\u00fc\u00e7l\u00fc\/geli\u015fim alanlar\u0131n\u0131z\u0131n fark\u0131na varmak istiyorsan\u0131z\u0130leti\u015fim yetkinliklerinizi (dinleme, g\u00fc\u00e7l\u00fc soru sorma, takdir, olumlu dil vb) geli\u015ftirmek istiyorsan\u0131zT\u0131kanm\u0131\u015fl\u0131k hissetti\u011finiz konulara \u00e7\u00f6z\u00fcm bulmak istiyorsan\u0131zHep ayn\u0131 \u015feyler ba\u015f\u0131n\u0131za geliyor ve bu k\u0131s\u0131r d\u00f6ng\u00fcy\u00fc... Read More\" \/>\n<meta property=\"og:url\" content=\"https:\/\/pdricma.com.tr\/en\/askida-kocluk-projesi\/\" \/>\n<meta property=\"og:site_name\" content=\"PDR International Coaching &amp; Mentoring Academy\" \/>\n<meta property=\"article:publisher\" content=\"https:\/\/www.facebook.com\/people\/PDR-ICMA\/100064844886292\/\" \/>\n<meta property=\"article:modified_time\" content=\"2026-04-04T14:03:17+00:00\" \/>\n<meta property=\"og:image\" content=\"https:\/\/pdricma.com.tr\/wp-content\/uploads\/2023\/08\/cero-resim.jpg\" \/>\n<meta name=\"twitter:card\" content=\"summary_large_image\" \/>\n<meta name=\"twitter:label1\" content=\"Est. reading time\" \/>\n\t<meta name=\"twitter:data1\" content=\"2 minutes\" \/>\n<script type=\"application\/ld+json\" class=\"yoast-schema-graph\">{\"@context\":\"https:\/\/schema.org\",\"@graph\":[{\"@type\":\"WebPage\",\"@id\":\"https:\/\/pdricma.com.tr\/askida-kocluk-projesi\/\",\"url\":\"https:\/\/pdricma.com.tr\/askida-kocluk-projesi\/\",\"name\":\"Suspended Coaching Project - PDR International Coaching &amp; Mentoring Academy\",\"isPartOf\":{\"@id\":\"https:\/\/pdricma.com.tr\/#website\"},\"primaryImageOfPage\":{\"@id\":\"https:\/\/pdricma.com.tr\/askida-kocluk-projesi\/#primaryimage\"},\"image\":{\"@id\":\"https:\/\/pdricma.com.tr\/askida-kocluk-projesi\/#primaryimage\"},\"thumbnailUrl\":\"https:\/\/pdricma.com.tr\/wp-content\/uploads\/2023\/08\/cero-resim.jpg\",\"datePublished\":\"2023-07-11T21:35:51+00:00\",\"dateModified\":\"2026-04-04T14:03:17+00:00\",\"breadcrumb\":{\"@id\":\"https:\/\/pdricma.com.tr\/askida-kocluk-projesi\/#breadcrumb\"},\"inLanguage\":\"en-US\",\"potentialAction\":[{\"@type\":\"ReadAction\",\"target\":[\"https:\/\/pdricma.com.tr\/askida-kocluk-projesi\/\"]}]},{\"@type\":\"ImageObject\",\"inLanguage\":\"en-US\",\"@id\":\"https:\/\/pdricma.com.tr\/askida-kocluk-projesi\/#primaryimage\",\"url\":\"https:\/\/pdricma.com.tr\/wp-content\/uploads\/2023\/08\/cero-resim.jpg\",\"contentUrl\":\"https:\/\/pdricma.com.tr\/wp-content\/uploads\/2023\/08\/cero-resim.jpg\"},{\"@type\":\"BreadcrumbList\",\"@id\":\"https:\/\/pdricma.com.tr\/askida-kocluk-projesi\/#breadcrumb\",\"itemListElement\":[{\"@type\":\"ListItem\",\"position\":1,\"name\":\"Anasayfa\",\"item\":\"https:\/\/pdricma.com.tr\/\"},{\"@type\":\"ListItem\",\"position\":2,\"name\":\"Suspended Coaching Project\"}]},{\"@type\":\"WebSite\",\"@id\":\"https:\/\/pdricma.com.tr\/#website\",\"url\":\"https:\/\/pdricma.com.tr\/\",\"name\":\"PDR International Coaching & Mentoring Academy\",\"description\":\"\",\"publisher\":{\"@id\":\"https:\/\/pdricma.com.tr\/#organization\"},\"potentialAction\":[{\"@type\":\"SearchAction\",\"target\":{\"@type\":\"EntryPoint\",\"urlTemplate\":\"https:\/\/pdricma.com.tr\/?s={search_term_string}\"},\"query-input\":{\"@type\":\"PropertyValueSpecification\",\"valueRequired\":true,\"valueName\":\"search_term_string\"}}],\"inLanguage\":\"en-US\"},{\"@type\":\"Organization\",\"@id\":\"https:\/\/pdricma.com.tr\/#organization\",\"name\":\"PDR International Coaching & Mentoring Academy\",\"url\":\"https:\/\/pdricma.com.tr\/\",\"logo\":{\"@type\":\"ImageObject\",\"inLanguage\":\"en-US\",\"@id\":\"https:\/\/pdricma.com.tr\/#\/schema\/logo\/image\/\",\"url\":\"https:\/\/pdricma.com.tr\/wp-content\/uploads\/2023\/07\/PDRCOACHINGLOGO-01-002-1.png\",\"contentUrl\":\"https:\/\/pdricma.com.tr\/wp-content\/uploads\/2023\/07\/PDRCOACHINGLOGO-01-002-1.png\",\"width\":2307,\"height\":785,\"caption\":\"PDR International Coaching & Mentoring Academy\"},\"image\":{\"@id\":\"https:\/\/pdricma.com.tr\/#\/schema\/logo\/image\/\"},\"sameAs\":[\"https:\/\/www.facebook.com\/people\/PDR-ICMA\/100064844886292\/\",\"https:\/\/www.instagram.com\/pdricma\/\"]}]}<\/script>\n<!-- \/ Yoast SEO Premium plugin. -->","yoast_head_json":{"title":"Suspended Coaching Project - PDR International Coaching &amp; Mentoring Academy","robots":{"index":"index","follow":"follow","max-snippet":"max-snippet:-1","max-image-preview":"max-image-preview:large","max-video-preview":"max-video-preview:-1"},"canonical":"https:\/\/pdricma.com.tr\/en\/askida-kocluk-projesi\/","og_locale":"en_US","og_type":"article","og_title":"Suspended Coaching Project","og_description":"Ask\u0131da Ko\u00e7luk Projesi PDRICMA Mezun Ko\u00e7lar\u0131m\u0131zdan G\u00f6n\u00fcll\u00fc ko\u00e7luk almak ister misiniz? Bu Proje Tam Size G\u00f6re Olabilir! Hayat\u0131n\u0131zda baz\u0131 \u015feyler yolunda gitmiyorsa\u0130\u015f veya \u00f6zel hayat\u0131n\u0131zda ili\u015fkilerinizi daha g\u00fc\u00e7lendirmek ve dengelemek ihtiyac\u0131 duyuyorsan\u0131zKendinizi daha iyi tan\u0131mak ve g\u00fc\u00e7l\u00fc\/geli\u015fim alanlar\u0131n\u0131z\u0131n fark\u0131na varmak istiyorsan\u0131z\u0130leti\u015fim yetkinliklerinizi (dinleme, g\u00fc\u00e7l\u00fc soru sorma, takdir, olumlu dil vb) geli\u015ftirmek istiyorsan\u0131zT\u0131kanm\u0131\u015fl\u0131k hissetti\u011finiz konulara \u00e7\u00f6z\u00fcm bulmak istiyorsan\u0131zHep ayn\u0131 \u015feyler ba\u015f\u0131n\u0131za geliyor ve bu k\u0131s\u0131r d\u00f6ng\u00fcy\u00fc... Read More","og_url":"https:\/\/pdricma.com.tr\/en\/askida-kocluk-projesi\/","og_site_name":"PDR International Coaching &amp; Mentoring Academy","article_publisher":"https:\/\/www.facebook.com\/people\/PDR-ICMA\/100064844886292\/","article_modified_time":"2026-04-04T14:03:17+00:00","og_image":[{"url":"https:\/\/pdricma.com.tr\/wp-content\/uploads\/2023\/08\/cero-resim.jpg","type":"","width":"","height":""}],"twitter_card":"summary_large_image","twitter_misc":{"Est. reading time":"2 minutes"},"schema":{"@context":"https:\/\/schema.org","@graph":[{"@type":"WebPage","@id":"https:\/\/pdricma.com.tr\/askida-kocluk-projesi\/","url":"https:\/\/pdricma.com.tr\/askida-kocluk-projesi\/","name":"Suspended Coaching Project - PDR International Coaching &amp; Mentoring Academy","isPartOf":{"@id":"https:\/\/pdricma.com.tr\/#website"},"primaryImageOfPage":{"@id":"https:\/\/pdricma.com.tr\/askida-kocluk-projesi\/#primaryimage"},"image":{"@id":"https:\/\/pdricma.com.tr\/askida-kocluk-projesi\/#primaryimage"},"thumbnailUrl":"https:\/\/pdricma.com.tr\/wp-content\/uploads\/2023\/08\/cero-resim.jpg","datePublished":"2023-07-11T21:35:51+00:00","dateModified":"2026-04-04T14:03:17+00:00","breadcrumb":{"@id":"https:\/\/pdricma.com.tr\/askida-kocluk-projesi\/#breadcrumb"},"inLanguage":"en-US","potentialAction":[{"@type":"ReadAction","target":["https:\/\/pdricma.com.tr\/askida-kocluk-projesi\/"]}]},{"@type":"ImageObject","inLanguage":"en-US","@id":"https:\/\/pdricma.com.tr\/askida-kocluk-projesi\/#primaryimage","url":"https:\/\/pdricma.com.tr\/wp-content\/uploads\/2023\/08\/cero-resim.jpg","contentUrl":"https:\/\/pdricma.com.tr\/wp-content\/uploads\/2023\/08\/cero-resim.jpg"},{"@type":"BreadcrumbList","@id":"https:\/\/pdricma.com.tr\/askida-kocluk-projesi\/#breadcrumb","itemListElement":[{"@type":"ListItem","position":1,"name":"Anasayfa","item":"https:\/\/pdricma.com.tr\/"},{"@type":"ListItem","position":2,"name":"Suspended Coaching Project"}]},{"@type":"WebSite","@id":"https:\/\/pdricma.com.tr\/#website","url":"https:\/\/pdricma.com.tr\/","name":"PDR International Coaching & Mentoring Academy","description":"","publisher":{"@id":"https:\/\/pdricma.com.tr\/#organization"},"potentialAction":[{"@type":"SearchAction","target":{"@type":"EntryPoint","urlTemplate":"https:\/\/pdricma.com.tr\/?s={search_term_string}"},"query-input":{"@type":"PropertyValueSpecification","valueRequired":true,"valueName":"search_term_string"}}],"inLanguage":"en-US"},{"@type":"Organization","@id":"https:\/\/pdricma.com.tr\/#organization","name":"PDR International Coaching & Mentoring Academy","url":"https:\/\/pdricma.com.tr\/","logo":{"@type":"ImageObject","inLanguage":"en-US","@id":"https:\/\/pdricma.com.tr\/#\/schema\/logo\/image\/","url":"https:\/\/pdricma.com.tr\/wp-content\/uploads\/2023\/07\/PDRCOACHINGLOGO-01-002-1.png","contentUrl":"https:\/\/pdricma.com.tr\/wp-content\/uploads\/2023\/07\/PDRCOACHINGLOGO-01-002-1.png","width":2307,"height":785,"caption":"PDR International Coaching & Mentoring Academy"},"image":{"@id":"https:\/\/pdricma.com.tr\/#\/schema\/logo\/image\/"},"sameAs":["https:\/\/www.facebook.com\/people\/PDR-ICMA\/100064844886292\/","https:\/\/www.instagram.com\/pdricma\/"]}]}},"_links":{"self":[{"href":"https:\/\/pdricma.com.tr\/en\/wp-json\/wp\/v2\/pages\/6266","targetHints":{"allow":["GET"]}}],"collection":[{"href":"https:\/\/pdricma.com.tr\/en\/wp-json\/wp\/v2\/pages"}],"about":[{"href":"https:\/\/pdricma.com.tr\/en\/wp-json\/wp\/v2\/types\/page"}],"author":[{"embeddable":true,"href":"https:\/\/pdricma.com.tr\/en\/wp-json\/wp\/v2\/users\/1"}],"replies":[{"embeddable":true,"href":"https:\/\/pdricma.com.tr\/en\/wp-json\/wp\/v2\/comments?post=6266"}],"version-history":[{"count":8,"href":"https:\/\/pdricma.com.tr\/en\/wp-json\/wp\/v2\/pages\/6266\/revisions"}],"predecessor-version":[{"id":8104,"href":"https:\/\/pdricma.com.tr\/en\/wp-json\/wp\/v2\/pages\/6266\/revisions\/8104"}],"wp:attachment":[{"href":"https:\/\/pdricma.com.tr\/en\/wp-json\/wp\/v2\/media?parent=6266"}],"curies":[{"name":"wp","href":"https:\/\/api.w.org\/{rel}","templated":true}]}}