{"id":6857,"date":"2024-02-23T13:50:19","date_gmt":"2024-02-23T10:50:19","guid":{"rendered":"https:\/\/pdricma.com.tr\/?page_id=6857"},"modified":"2026-04-04T13:54:50","modified_gmt":"2026-04-04T10:54:50","slug":"sektorel-is-birliklerimiz","status":"publish","type":"page","link":"https:\/\/pdricma.com.tr\/en\/sektorel-is-birliklerimiz\/","title":{"rendered":"Our Sectoral Collaborations"},"content":{"rendered":"\t\t<div data-elementor-type=\"wp-post\" data-elementor-id=\"6857\" class=\"elementor elementor-6857\">\n\t\t\t\t\t\t<section class=\"elementor-section elementor-top-section elementor-element elementor-element-faab81f elementor-section-height-min-height elementor-section-boxed elementor-section-height-default elementor-section-items-middle\" data-id=\"faab81f\" data-element_type=\"section\" data-settings=\"{&quot;background_background&quot;:&quot;classic&quot;,&quot;ekit_has_onepagescroll_dot&quot;:&quot;yes&quot;}\">\n\t\t\t\t\t\t\t<div class=\"elementor-background-overlay\"><\/div>\n\t\t\t\t\t\t\t<div class=\"elementor-container elementor-column-gap-default\">\n\t\t\t\t\t<div class=\"elementor-column elementor-col-100 elementor-top-column elementor-element elementor-element-\" data-id=\"\" data-element_type=\"column\">\n\t\t\t<div class=\"elementor-widget-wrap elementor-element-populated\">\n\t\t\t\t\t\t<div class=\"elementor-element elementor-element- elementor-widget elementor-widget-heading\" data-id=\"\" data-element_type=\"widget\" data-settings=\"{&quot;ekit_we_effect_on&quot;:&quot;none&quot;}\" data-widget_type=\"heading.default\">\n\t\t\t\t<div class=\"elementor-widget-container\">\n\t\t\t<style>\/*! elementor - v3.21.0 - 08-05-2024 *\/\n.elementor-heading-title{padding:0;margin:0;line-height:1}.elementor-widget-heading .elementor-heading-title[class*=elementor-size-]>a{color:inherit;font-size:inherit;line-height:inherit}.elementor-widget-heading .elementor-heading-title.elementor-size-small{font-size:15px}.elementor-widget-heading .elementor-heading-title.elementor-size-medium{font-size:19px}.elementor-widget-heading .elementor-heading-title.elementor-size-large{font-size:29px}.elementor-widget-heading .elementor-heading-title.elementor-size-xl{font-size:39px}.elementor-widget-heading .elementor-heading-title.elementor-size-xxl{font-size:59px}<\/style><h1 class=\"elementor-heading-title elementor-size-default\">Sekt\u00f6rel \u0130\u015f Birliklerimiz<\/h1>\t\t<\/div>\n\t\t\t\t<\/div>\n\t\t\t\t\t<\/div>\n\t\t<\/div>\n\t\t\t\t\t<\/div>\n\t\t<\/section>\n\t\t\t\t<section class=\"elementor-section elementor-top-section elementor-element elementor-element-1d3a46f elementor-section-full_width elementor-section-height-default elementor-section-height-default\" data-id=\"1d3a46f\" data-element_type=\"section\" data-settings=\"{&quot;background_background&quot;:&quot;classic&quot;,&quot;ekit_has_onepagescroll_dot&quot;:&quot;yes&quot;}\">\n\t\t\t\t\t\t<div class=\"elementor-container elementor-column-gap-default\">\n\t\t\t\t\t<div class=\"elementor-column elementor-col-100 elementor-top-column elementor-element elementor-element-\" data-id=\"\" data-element_type=\"column\">\n\t\t\t<div class=\"elementor-widget-wrap elementor-element-populated\">\n\t\t\t\t\t\t<div class=\"elementor-element elementor-element- elementor-widget elementor-widget-text-editor\" data-id=\"\" data-element_type=\"widget\" data-settings=\"{&quot;ekit_we_effect_on&quot;:&quot;none&quot;}\" data-widget_type=\"text-editor.default\">\n\t\t\t\t<div class=\"elementor-widget-container\">\n\t\t\t<style>\/*! elementor - v3.21.0 - 08-05-2024 *\/\n.elementor-widget-text-editor.elementor-drop-cap-view-stacked .elementor-drop-cap{background-color:#69727d;color:#fff}.elementor-widget-text-editor.elementor-drop-cap-view-framed .elementor-drop-cap{color:#69727d;border:3px solid;background-color:transparent}.elementor-widget-text-editor:not(.elementor-drop-cap-view-default) .elementor-drop-cap{margin-top:8px}.elementor-widget-text-editor:not(.elementor-drop-cap-view-default) .elementor-drop-cap-letter{width:1em;height:1em}.elementor-widget-text-editor .elementor-drop-cap{float:left;text-align:center;line-height:1;font-size:50px}.elementor-widget-text-editor .elementor-drop-cap-letter{display:inline-block}<\/style>\t\t\t\t\n<div style=\"max-width:1100px; margin:0 auto; padding:60px 20px;\">\n  <div style=\"text-align:center; margin-bottom:60px;\">\n    <div style=\"display:inline-block; width:80px; height:4px; background:linear-gradient(90deg, #0d8a8a, #c8a951); border-radius:2px; margin-bottom:20px;\"><\/div>\n    <p style=\"font-size:17px; color:#374151; max-width:800px; margin:0 auto; line-height:1.8; padding:30px 40px; background:#fff; border-radius:14px; box-shadow:0 4px 20px rgba(0,0,0,0.06); border-left:5px solid #0d8a8a;\">PDR Group sekt\u00f6r\u00fcn en eski oyuncular\u0131ndan biri olarak e\u011fitim geli\u015fim faaliyetlerini takip etmek ve g\u00fcncel bilgilerden an\u0131nda haberdar olabilmek i\u00e7in farkl\u0131 kurum ve derneklerle i\u015f ortakl\u0131\u011f\u0131 kurmaya \u00f6nem veriyoruz. Bu ba\u011flamda e\u011fitim geli\u015fim d\u00fcnyas\u0131n\u0131n \u00f6nde gelen iki kurumu <strong>Pery\u00f6n<\/strong> ve <strong>TEGEP<\/strong> \u00fcyeliklerimiz devam ediyor.<\/p>\n  <\/div>\n  \n  <h2 style=\"font-size:28px; color:#0a2540; font-weight:700; text-align:center; margin:0 0 45px 0;\">\u0130\u015f Ortaklar\u0131m\u0131z<\/h2>\n  \n  \n  <div style=\"display:flex; flex-direction:row; align-items:center; gap:50px; margin-bottom:50px; flex-wrap:wrap;\">\n    <div style=\"flex:0 0 300px; text-align:center;\">\n      <div style=\"background:#fff; border-radius:20px; padding:30px; box-shadow:0 8px 30px rgba(0,0,0,0.1); border:3px solid #0d8a8a;\">\n        <img decoding=\"async\" src=\"https:\/\/pdricma.com.tr\/wp-content\/uploads\/2024\/02\/peryon-logo.png\" alt=\"PERY\u00d6N\" style=\"max-width:250px; max-height:180px; object-fit:contain;\">\n      <\/div>\n    <\/div>\n    <div style=\"flex:1; min-width:300px;\">\n      <div style=\"background:#fff; border-radius:14px; padding:35px 40px; box-shadow:0 4px 20px rgba(0,0,0,0.08); border-left:5px solid #0d8a8a;\">\n        <h3 style=\"font-size:26px; color:#0a2540; font-weight:700; margin:0 0 5px 0;\">PERY\u00d6N<\/h3>\n        <p style=\"font-size:14px; color:#0d8a8a; font-weight:600; margin:0 0 18px 0; letter-spacing:0.5px;\">T\u00fcrkiye \u0130nsan Y\u00f6netimi Derne\u011fi<\/p>\n        <p style=\"font-size:15px; color:#374151; line-height:1.8; margin:0;\">Oda\u011f\u0131nda insan var slogan\u0131yla T\u00fcrkiye&#8217;nin insan kaynaklar\u0131 alan\u0131ndaki en k\u00f6kl\u00fc ve sayg\u0131n derne\u011fi. PDR Group olarak PERY\u00d6N \u00fcyeli\u011fimiz kapsam\u0131nda sekt\u00f6rdeki geli\u015fmeleri yak\u0131ndan takip ediyor, etkinliklere kat\u0131l\u0131yor ve i\u015f birli\u011fimizi g\u00fc\u00e7lendiriyoruz.<\/p>\n      <\/div>\n    <\/div>\n  <\/div>\n  <div style=\"display:flex; flex-direction:row-reverse; align-items:center; gap:50px; margin-bottom:50px; flex-wrap:wrap;\">\n    <div style=\"flex:0 0 300px; text-align:center;\">\n      <div style=\"background:#fff; border-radius:20px; padding:30px; box-shadow:0 8px 30px rgba(0,0,0,0.1); border:3px solid #c8a951;\">\n        <img decoding=\"async\" src=\"https:\/\/pdricma.com.tr\/wp-content\/uploads\/2024\/02\/tegep-logo.png\" alt=\"TEGEP\" style=\"max-width:250px; max-height:180px; object-fit:contain;\">\n      <\/div>\n    <\/div>\n    <div style=\"flex:1; min-width:300px;\">\n      <div style=\"background:#fff; border-radius:14px; padding:35px 40px; box-shadow:0 4px 20px rgba(0,0,0,0.08); border-right:5px solid #c8a951;\">\n        <h3 style=\"font-size:26px; color:#0a2540; font-weight:700; margin:0 0 5px 0;\">TEGEP<\/h3>\n        <p style=\"font-size:14px; color:#c8a951; font-weight:600; margin:0 0 18px 0; letter-spacing:0.5px;\">T\u00fcrkiye E\u011fitim G\u00f6n\u00fcll\u00fcleri Platformu<\/p>\n        <p style=\"font-size:15px; color:#374151; line-height:1.8; margin:0;\">Geli\u015fimin Payda\u015f\u0131 Ol vizyonuyla e\u011fitim ve geli\u015fim profesyonellerini bir araya getiren \u00f6nc\u00fc platform. TEGEP \u00fcyeli\u011fimiz ile e\u011fitim d\u00fcnyas\u0131ndaki yenilikleri takip ediyor, sekt\u00f6rel bulu\u015fmalara aktif olarak kat\u0131l\u0131yoruz.<\/p>\n      <\/div>\n    <\/div>\n  <\/div>\n  \n  <div style=\"text-align:center; margin-top:60px; padding:40px; background:linear-gradient(135deg, #0a2540 0%, #0d4a6b 100%); border-radius:16px; box-shadow:0 8px 30px rgba(10,37,64,0.3);\">\n    <h3 style=\"font-size:24px; color:#c8a951; font-weight:700; margin:0 0 15px 0;\">Birlikte G\u00fc\u00e7l\u00fcy\u00fcz<\/h3>\n    <p style=\"font-size:15px; color:rgba(255,255,255,0.9); margin:0 0 20px 0; line-height:1.6;\">Sekt\u00f6rel i\u015f birliklerimiz hakk\u0131nda daha fazla bilgi almak i\u00e7in bizimle ileti\u015fime ge\u00e7in.<\/p>\n    <a href=\"mailto:info@pdr.com.tr\" style=\"display:inline-block; padding:12px 30px; background:linear-gradient(135deg, #c8a951, #e8c961); color:#0a2540; font-weight:700; border-radius:8px; text-decoration:none; font-size:15px;\">info@pdr.com.tr<\/a>\n  <\/div>\n<\/div>\t\t\t\t\t\t<\/div>\n\t\t\t\t<\/div>\n\t\t\t\t\t<\/div>\n\t\t<\/div>\n\t\t\t\t\t<\/div>\n\t\t<\/section>\n\t\t\t\t<\/div>\n\t\t","protected":false},"excerpt":{"rendered":"<p>Sekt\u00f6rel \u0130\u015f Birliklerimiz PDR Group sekt\u00f6r\u00fcn en eski oyuncular\u0131ndan biri olarak e\u011fitim geli\u015fim faaliyetlerini takip etmek ve g\u00fcncel bilgilerden an\u0131nda haberdar olabilmek i\u00e7in farkl\u0131 kurum ve derneklerle i\u015f ortakl\u0131\u011f\u0131 kurmaya \u00f6nem veriyoruz. Bu ba\u011flamda e\u011fitim geli\u015fim d\u00fcnyas\u0131n\u0131n \u00f6nde gelen iki kurumu Pery\u00f6n ve TEGEP \u00fcyeliklerimiz devam ediyor. \u0130\u015f Ortaklar\u0131m\u0131z PERY\u00d6N T\u00fcrkiye \u0130nsan Y\u00f6netimi Derne\u011fi Oda\u011f\u0131nda insan var slogan\u0131yla T\u00fcrkiye&#8217;nin insan kaynaklar\u0131 alan\u0131ndaki en k\u00f6kl\u00fc ve&#8230; <\/p>\n<p class=\"more\"><a class=\"more-link\" href=\"https:\/\/pdricma.com.tr\/en\/sektorel-is-birliklerimiz\/\">Read More<\/a><\/p>","protected":false},"author":1,"featured_media":0,"parent":0,"menu_order":0,"comment_status":"closed","ping_status":"closed","template":"elementor_header_footer","meta":{"footnotes":""},"class_list":["post-6857","page","type-page","status-publish","hentry","is-cat-link-solid-light is-cat-link-rounded"],"yoast_head":"<!-- This site is optimized with the Yoast SEO Premium plugin v24.0 (Yoast SEO v26.9) - https:\/\/yoast.com\/product\/yoast-seo-premium-wordpress\/ -->\n<title>Sekt\u00f6rel \u0130\u015f Birliklerimiz - PDR International Coaching &amp; Mentoring Academy<\/title>\n<meta name=\"robots\" content=\"index, follow, max-snippet:-1, max-image-preview:large, max-video-preview:-1\" \/>\n<link rel=\"canonical\" href=\"https:\/\/pdricma.com.tr\/en\/sektorel-is-birliklerimiz\/\" \/>\n<meta property=\"og:locale\" content=\"en_US\" \/>\n<meta property=\"og:type\" content=\"article\" \/>\n<meta property=\"og:title\" content=\"Sekt\u00f6rel \u0130\u015f Birliklerimiz\" \/>\n<meta property=\"og:description\" content=\"Sekt\u00f6rel \u0130\u015f Birliklerimiz PDR Group sekt\u00f6r\u00fcn en eski oyuncular\u0131ndan biri olarak e\u011fitim geli\u015fim faaliyetlerini takip etmek ve g\u00fcncel bilgilerden an\u0131nda haberdar olabilmek i\u00e7in farkl\u0131 kurum ve derneklerle i\u015f ortakl\u0131\u011f\u0131 kurmaya \u00f6nem veriyoruz. Bu ba\u011flamda e\u011fitim geli\u015fim d\u00fcnyas\u0131n\u0131n \u00f6nde gelen iki kurumu Pery\u00f6n ve TEGEP \u00fcyeliklerimiz devam ediyor. \u0130\u015f Ortaklar\u0131m\u0131z PERY\u00d6N T\u00fcrkiye \u0130nsan Y\u00f6netimi Derne\u011fi Oda\u011f\u0131nda insan var slogan\u0131yla T\u00fcrkiye&#8217;nin insan kaynaklar\u0131 alan\u0131ndaki en k\u00f6kl\u00fc ve... Read More\" \/>\n<meta property=\"og:url\" content=\"https:\/\/pdricma.com.tr\/en\/sektorel-is-birliklerimiz\/\" \/>\n<meta property=\"og:site_name\" content=\"PDR International Coaching &amp; Mentoring Academy\" \/>\n<meta property=\"article:publisher\" content=\"https:\/\/www.facebook.com\/people\/PDR-ICMA\/100064844886292\/\" \/>\n<meta property=\"article:modified_time\" content=\"2026-04-04T10:54:50+00:00\" \/>\n<meta property=\"og:image\" content=\"https:\/\/pdricma.com.tr\/wp-content\/uploads\/2024\/02\/peryon-logo.png\" \/>\n<meta name=\"twitter:card\" content=\"summary_large_image\" \/>\n<meta name=\"twitter:label1\" content=\"Est. reading time\" \/>\n\t<meta name=\"twitter:data1\" content=\"2 minutes\" \/>\n<script type=\"application\/ld+json\" class=\"yoast-schema-graph\">{\"@context\":\"https:\/\/schema.org\",\"@graph\":[{\"@type\":\"WebPage\",\"@id\":\"https:\/\/pdricma.com.tr\/sektorel-is-birliklerimiz\/\",\"url\":\"https:\/\/pdricma.com.tr\/sektorel-is-birliklerimiz\/\",\"name\":\"Sekt\u00f6rel \u0130\u015f Birliklerimiz - PDR International Coaching &amp; Mentoring Academy\",\"isPartOf\":{\"@id\":\"https:\/\/pdricma.com.tr\/#website\"},\"primaryImageOfPage\":{\"@id\":\"https:\/\/pdricma.com.tr\/sektorel-is-birliklerimiz\/#primaryimage\"},\"image\":{\"@id\":\"https:\/\/pdricma.com.tr\/sektorel-is-birliklerimiz\/#primaryimage\"},\"thumbnailUrl\":\"https:\/\/pdricma.com.tr\/wp-content\/uploads\/2024\/02\/peryon-logo.png\",\"datePublished\":\"2024-02-23T10:50:19+00:00\",\"dateModified\":\"2026-04-04T10:54:50+00:00\",\"breadcrumb\":{\"@id\":\"https:\/\/pdricma.com.tr\/sektorel-is-birliklerimiz\/#breadcrumb\"},\"inLanguage\":\"en-US\",\"potentialAction\":[{\"@type\":\"ReadAction\",\"target\":[\"https:\/\/pdricma.com.tr\/sektorel-is-birliklerimiz\/\"]}]},{\"@type\":\"ImageObject\",\"inLanguage\":\"en-US\",\"@id\":\"https:\/\/pdricma.com.tr\/sektorel-is-birliklerimiz\/#primaryimage\",\"url\":\"https:\/\/pdricma.com.tr\/wp-content\/uploads\/2024\/02\/peryon-logo.png\",\"contentUrl\":\"https:\/\/pdricma.com.tr\/wp-content\/uploads\/2024\/02\/peryon-logo.png\"},{\"@type\":\"BreadcrumbList\",\"@id\":\"https:\/\/pdricma.com.tr\/sektorel-is-birliklerimiz\/#breadcrumb\",\"itemListElement\":[{\"@type\":\"ListItem\",\"position\":1,\"name\":\"Anasayfa\",\"item\":\"https:\/\/pdricma.com.tr\/\"},{\"@type\":\"ListItem\",\"position\":2,\"name\":\"Sekt\u00f6rel \u0130\u015f Birliklerimiz\"}]},{\"@type\":\"WebSite\",\"@id\":\"https:\/\/pdricma.com.tr\/#website\",\"url\":\"https:\/\/pdricma.com.tr\/\",\"name\":\"PDR International Coaching & Mentoring Academy\",\"description\":\"\",\"publisher\":{\"@id\":\"https:\/\/pdricma.com.tr\/#organization\"},\"potentialAction\":[{\"@type\":\"SearchAction\",\"target\":{\"@type\":\"EntryPoint\",\"urlTemplate\":\"https:\/\/pdricma.com.tr\/?s={search_term_string}\"},\"query-input\":{\"@type\":\"PropertyValueSpecification\",\"valueRequired\":true,\"valueName\":\"search_term_string\"}}],\"inLanguage\":\"en-US\"},{\"@type\":\"Organization\",\"@id\":\"https:\/\/pdricma.com.tr\/#organization\",\"name\":\"PDR International Coaching & Mentoring Academy\",\"url\":\"https:\/\/pdricma.com.tr\/\",\"logo\":{\"@type\":\"ImageObject\",\"inLanguage\":\"en-US\",\"@id\":\"https:\/\/pdricma.com.tr\/#\/schema\/logo\/image\/\",\"url\":\"https:\/\/pdricma.com.tr\/wp-content\/uploads\/2023\/07\/PDRCOACHINGLOGO-01-002-1.png\",\"contentUrl\":\"https:\/\/pdricma.com.tr\/wp-content\/uploads\/2023\/07\/PDRCOACHINGLOGO-01-002-1.png\",\"width\":2307,\"height\":785,\"caption\":\"PDR International Coaching & Mentoring Academy\"},\"image\":{\"@id\":\"https:\/\/pdricma.com.tr\/#\/schema\/logo\/image\/\"},\"sameAs\":[\"https:\/\/www.facebook.com\/people\/PDR-ICMA\/100064844886292\/\",\"https:\/\/www.instagram.com\/pdricma\/\"]}]}<\/script>\n<!-- \/ Yoast SEO Premium plugin. -->","yoast_head_json":{"title":"Sekt\u00f6rel \u0130\u015f Birliklerimiz - PDR International Coaching &amp; Mentoring Academy","robots":{"index":"index","follow":"follow","max-snippet":"max-snippet:-1","max-image-preview":"max-image-preview:large","max-video-preview":"max-video-preview:-1"},"canonical":"https:\/\/pdricma.com.tr\/en\/sektorel-is-birliklerimiz\/","og_locale":"en_US","og_type":"article","og_title":"Sekt\u00f6rel \u0130\u015f Birliklerimiz","og_description":"Sekt\u00f6rel \u0130\u015f Birliklerimiz PDR Group sekt\u00f6r\u00fcn en eski oyuncular\u0131ndan biri olarak e\u011fitim geli\u015fim faaliyetlerini takip etmek ve g\u00fcncel bilgilerden an\u0131nda haberdar olabilmek i\u00e7in farkl\u0131 kurum ve derneklerle i\u015f ortakl\u0131\u011f\u0131 kurmaya \u00f6nem veriyoruz. Bu ba\u011flamda e\u011fitim geli\u015fim d\u00fcnyas\u0131n\u0131n \u00f6nde gelen iki kurumu Pery\u00f6n ve TEGEP \u00fcyeliklerimiz devam ediyor. \u0130\u015f Ortaklar\u0131m\u0131z PERY\u00d6N T\u00fcrkiye \u0130nsan Y\u00f6netimi Derne\u011fi Oda\u011f\u0131nda insan var slogan\u0131yla T\u00fcrkiye&#8217;nin insan kaynaklar\u0131 alan\u0131ndaki en k\u00f6kl\u00fc ve... Read More","og_url":"https:\/\/pdricma.com.tr\/en\/sektorel-is-birliklerimiz\/","og_site_name":"PDR International Coaching &amp; Mentoring Academy","article_publisher":"https:\/\/www.facebook.com\/people\/PDR-ICMA\/100064844886292\/","article_modified_time":"2026-04-04T10:54:50+00:00","og_image":[{"url":"https:\/\/pdricma.com.tr\/wp-content\/uploads\/2024\/02\/peryon-logo.png","type":"","width":"","height":""}],"twitter_card":"summary_large_image","twitter_misc":{"Est. reading time":"2 minutes"},"schema":{"@context":"https:\/\/schema.org","@graph":[{"@type":"WebPage","@id":"https:\/\/pdricma.com.tr\/sektorel-is-birliklerimiz\/","url":"https:\/\/pdricma.com.tr\/sektorel-is-birliklerimiz\/","name":"Sekt\u00f6rel \u0130\u015f Birliklerimiz - PDR International Coaching &amp; Mentoring Academy","isPartOf":{"@id":"https:\/\/pdricma.com.tr\/#website"},"primaryImageOfPage":{"@id":"https:\/\/pdricma.com.tr\/sektorel-is-birliklerimiz\/#primaryimage"},"image":{"@id":"https:\/\/pdricma.com.tr\/sektorel-is-birliklerimiz\/#primaryimage"},"thumbnailUrl":"https:\/\/pdricma.com.tr\/wp-content\/uploads\/2024\/02\/peryon-logo.png","datePublished":"2024-02-23T10:50:19+00:00","dateModified":"2026-04-04T10:54:50+00:00","breadcrumb":{"@id":"https:\/\/pdricma.com.tr\/sektorel-is-birliklerimiz\/#breadcrumb"},"inLanguage":"en-US","potentialAction":[{"@type":"ReadAction","target":["https:\/\/pdricma.com.tr\/sektorel-is-birliklerimiz\/"]}]},{"@type":"ImageObject","inLanguage":"en-US","@id":"https:\/\/pdricma.com.tr\/sektorel-is-birliklerimiz\/#primaryimage","url":"https:\/\/pdricma.com.tr\/wp-content\/uploads\/2024\/02\/peryon-logo.png","contentUrl":"https:\/\/pdricma.com.tr\/wp-content\/uploads\/2024\/02\/peryon-logo.png"},{"@type":"BreadcrumbList","@id":"https:\/\/pdricma.com.tr\/sektorel-is-birliklerimiz\/#breadcrumb","itemListElement":[{"@type":"ListItem","position":1,"name":"Anasayfa","item":"https:\/\/pdricma.com.tr\/"},{"@type":"ListItem","position":2,"name":"Sekt\u00f6rel \u0130\u015f Birliklerimiz"}]},{"@type":"WebSite","@id":"https:\/\/pdricma.com.tr\/#website","url":"https:\/\/pdricma.com.tr\/","name":"PDR International Coaching & Mentoring Academy","description":"","publisher":{"@id":"https:\/\/pdricma.com.tr\/#organization"},"potentialAction":[{"@type":"SearchAction","target":{"@type":"EntryPoint","urlTemplate":"https:\/\/pdricma.com.tr\/?s={search_term_string}"},"query-input":{"@type":"PropertyValueSpecification","valueRequired":true,"valueName":"search_term_string"}}],"inLanguage":"en-US"},{"@type":"Organization","@id":"https:\/\/pdricma.com.tr\/#organization","name":"PDR International Coaching & Mentoring Academy","url":"https:\/\/pdricma.com.tr\/","logo":{"@type":"ImageObject","inLanguage":"en-US","@id":"https:\/\/pdricma.com.tr\/#\/schema\/logo\/image\/","url":"https:\/\/pdricma.com.tr\/wp-content\/uploads\/2023\/07\/PDRCOACHINGLOGO-01-002-1.png","contentUrl":"https:\/\/pdricma.com.tr\/wp-content\/uploads\/2023\/07\/PDRCOACHINGLOGO-01-002-1.png","width":2307,"height":785,"caption":"PDR International Coaching & Mentoring Academy"},"image":{"@id":"https:\/\/pdricma.com.tr\/#\/schema\/logo\/image\/"},"sameAs":["https:\/\/www.facebook.com\/people\/PDR-ICMA\/100064844886292\/","https:\/\/www.instagram.com\/pdricma\/"]}]}},"_links":{"self":[{"href":"https:\/\/pdricma.com.tr\/en\/wp-json\/wp\/v2\/pages\/6857","targetHints":{"allow":["GET"]}}],"collection":[{"href":"https:\/\/pdricma.com.tr\/en\/wp-json\/wp\/v2\/pages"}],"about":[{"href":"https:\/\/pdricma.com.tr\/en\/wp-json\/wp\/v2\/types\/page"}],"author":[{"embeddable":true,"href":"https:\/\/pdricma.com.tr\/en\/wp-json\/wp\/v2\/users\/1"}],"replies":[{"embeddable":true,"href":"https:\/\/pdricma.com.tr\/en\/wp-json\/wp\/v2\/comments?post=6857"}],"version-history":[{"count":11,"href":"https:\/\/pdricma.com.tr\/en\/wp-json\/wp\/v2\/pages\/6857\/revisions"}],"predecessor-version":[{"id":8068,"href":"https:\/\/pdricma.com.tr\/en\/wp-json\/wp\/v2\/pages\/6857\/revisions\/8068"}],"wp:attachment":[{"href":"https:\/\/pdricma.com.tr\/en\/wp-json\/wp\/v2\/media?parent=6857"}],"curies":[{"name":"wp","href":"https:\/\/api.w.org\/{rel}","templated":true}]}}