{"id":7272,"date":"2024-12-25T10:31:45","date_gmt":"2024-12-25T07:31:45","guid":{"rendered":"https:\/\/pdricma.com.tr\/?page_id=7272"},"modified":"2026-04-05T01:32:40","modified_gmt":"2026-04-04T22:32:40","slug":"pdricma-kocluk-bulteni","status":"publish","type":"page","link":"https:\/\/pdricma.com.tr\/en\/pdricma-kocluk-bulteni\/","title":{"rendered":"PDRICMA Coaching Newsletter"},"content":{"rendered":"\t\t<div data-elementor-type=\"wp-post\" data-elementor-id=\"7272\" class=\"elementor elementor-7272\">\n\t\t\t\t\t\t<section class=\"elementor-section elementor-top-section elementor-element elementor-element-ab3dd66 elementor-section-height-min-height elementor-section-boxed elementor-section-height-default elementor-section-items-middle\" data-id=\"ab3dd66\" data-element_type=\"section\" data-settings=\"{&quot;background_background&quot;:&quot;classic&quot;,&quot;ekit_has_onepagescroll_dot&quot;:&quot;yes&quot;}\">\n\t\t\t\t\t\t\t<div class=\"elementor-background-overlay\"><\/div>\n\t\t\t\t\t\t\t<div class=\"elementor-container elementor-column-gap-default\">\n\t\t\t\t\t<div class=\"elementor-column elementor-col-100 elementor-top-column elementor-element elementor-element-\" data-id=\"\" data-element_type=\"column\">\n\t\t\t<div class=\"elementor-widget-wrap elementor-element-populated\">\n\t\t\t\t\t\t<div class=\"elementor-element elementor-element- elementor-widget elementor-widget-heading\" data-id=\"\" data-element_type=\"widget\" data-settings=\"{&quot;ekit_we_effect_on&quot;:&quot;none&quot;}\" data-widget_type=\"heading.default\">\n\t\t\t\t<div class=\"elementor-widget-container\">\n\t\t\t<style>\/*! elementor - v3.21.0 - 08-05-2024 *\/\n.elementor-heading-title{padding:0;margin:0;line-height:1}.elementor-widget-heading .elementor-heading-title[class*=elementor-size-]>a{color:inherit;font-size:inherit;line-height:inherit}.elementor-widget-heading .elementor-heading-title.elementor-size-small{font-size:15px}.elementor-widget-heading .elementor-heading-title.elementor-size-medium{font-size:19px}.elementor-widget-heading .elementor-heading-title.elementor-size-large{font-size:29px}.elementor-widget-heading .elementor-heading-title.elementor-size-xl{font-size:39px}.elementor-widget-heading .elementor-heading-title.elementor-size-xxl{font-size:59px}<\/style><h1 class=\"elementor-heading-title elementor-size-default\">PDRICMA Ko\u00e7luk B\u00fclteni<\/h1>\t\t<\/div>\n\t\t\t\t<\/div>\n\t\t\t\t\t<\/div>\n\t\t<\/div>\n\t\t\t\t\t<\/div>\n\t\t<\/section>\n\t\t\t\t<section class=\"elementor-section elementor-top-section elementor-element elementor-element-8dbdd9b elementor-section-full_width elementor-section-height-default elementor-section-height-default\" data-id=\"8dbdd9b\" data-element_type=\"section\" data-settings=\"{&quot;ekit_has_onepagescroll_dot&quot;:&quot;yes&quot;}\">\n\t\t\t\t\t\t<div class=\"elementor-container elementor-column-gap-default\">\n\t\t\t\t\t<div class=\"elementor-column elementor-col-100 elementor-top-column elementor-element elementor-element-\" data-id=\"\" data-element_type=\"column\">\n\t\t\t<div class=\"elementor-widget-wrap elementor-element-populated\">\n\t\t\t\t\t\t<div class=\"elementor-element elementor-element- elementor-widget elementor-widget-text-editor\" data-id=\"\" data-element_type=\"widget\" data-settings=\"{&quot;ekit_we_effect_on&quot;:&quot;none&quot;}\" data-widget_type=\"text-editor.default\">\n\t\t\t\t<div class=\"elementor-widget-container\">\n\t\t\t<style>\/*! elementor - v3.21.0 - 08-05-2024 *\/\n.elementor-widget-text-editor.elementor-drop-cap-view-stacked .elementor-drop-cap{background-color:#69727d;color:#fff}.elementor-widget-text-editor.elementor-drop-cap-view-framed .elementor-drop-cap{color:#69727d;border:3px solid;background-color:transparent}.elementor-widget-text-editor:not(.elementor-drop-cap-view-default) .elementor-drop-cap{margin-top:8px}.elementor-widget-text-editor:not(.elementor-drop-cap-view-default) .elementor-drop-cap-letter{width:1em;height:1em}.elementor-widget-text-editor .elementor-drop-cap{float:left;text-align:center;line-height:1;font-size:50px}.elementor-widget-text-editor .elementor-drop-cap-letter{display:inline-block}<\/style>\t\t\t\t<div style=\"max-width:900px;margin:0 auto;text-align:center;\"><p style=\"font-size:18px;color:#0a2540;line-height:1.8;margin-bottom:30px;\">PDRICMA olarak her hafta LinkedIn \u00fczerinden yay\u0131nlad\u0131\u011f\u0131m\u0131z <strong style=\"color:#1e6fbf;\">Profesyonel Ko\u00e7luk B\u00fclteni<\/strong> ile ko\u00e7luk ve mentorluk d\u00fcnyas\u0131ndan en g\u00fcncel bilgileri, ipu\u00e7lar\u0131n\u0131 ve ilham verici i\u00e7erikleri sizlerle payla\u015f\u0131yoruz.<\/p><\/div><table style=\"width:100%;max-width:700px;margin:0 auto 40px auto;border-collapse:collapse;\"><tr><td style=\"text-align:center;padding:20px;border-right:2px solid #e5e7eb;\"><p style=\"font-size:36px;font-weight:800;color:#0077b5;margin:0;\">42<\/p><p style=\"font-size:13px;color:#6b7280;margin:5px 0 0 0;\">Yay\u0131n<\/p><\/td><td style=\"text-align:center;padding:20px;border-right:2px solid #e5e7eb;\"><p style=\"font-size:36px;font-weight:800;color:#0077b5;margin:0;\">1.163<\/p><p style=\"font-size:13px;color:#6b7280;margin:5px 0 0 0;\">Abone<\/p><\/td><td style=\"text-align:center;padding:20px;\"><p style=\"font-size:36px;font-weight:800;color:#0077b5;margin:0;\">Haftal\u0131k<\/p><p style=\"font-size:13px;color:#6b7280;margin:5px 0 0 0;\">Yay\u0131n S\u0131kl\u0131\u011f\u0131<\/p><\/td><\/tr><\/table><h2 style=\"text-align:center;font-size:28px;color:#0a2540;font-weight:700;margin:0 0 25px 0;\">B\u00fcltenimizde Neler Var?<\/h2><table style=\"width:100%;max-width:900px;margin:0 auto;border-collapse:collapse;\"><tr><td style=\"width:50%;padding:15px;vertical-align:top;\"><div style=\"background:#f0f7ff;border-radius:12px;padding:25px;height:100%;border-left:4px solid #0077b5;\"><p style=\"font-size:24px;margin:0 0 10px 0;\">\ud83c\udfaf<\/p><p style=\"font-size:16px;font-weight:700;color:#0a2540;margin:0 0 8px 0;\">ICF Ko\u00e7luk Yetkinlikleri<\/p><p style=\"font-size:14px;color:#6b7280;margin:0;line-height:1.6;\">ICF yetkinlikleri, \u00fcnvanlama s\u00fcre\u00e7leri ve profesyonel ko\u00e7luk standartlar\u0131 hakk\u0131nda g\u00fcncel bilgiler.<\/p><\/div><\/td><td style=\"width:50%;padding:15px;vertical-align:top;\"><div style=\"background:#fff7ed;border-radius:12px;padding:25px;height:100%;border-left:4px solid #f59e0b;\"><p style=\"font-size:24px;margin:0 0 10px 0;\">\ud83d\udca1<\/p><p style=\"font-size:16px;font-weight:700;color:#0a2540;margin:0 0 8px 0;\">Ko\u00e7luk \u0130pu\u00e7lar\u0131<\/p><p style=\"font-size:14px;color:#6b7280;margin:0;line-height:1.6;\">Ko\u00e7luk prati\u011finizi g\u00fc\u00e7lendirecek teknikler, ara\u00e7lar ve profesyonel \u00f6neriler.<\/p><\/div><\/td><\/tr><tr><td style=\"width:50%;padding:15px;vertical-align:top;\"><div style=\"background:#f0fdf4;border-radius:12px;padding:25px;height:100%;border-left:4px solid #10b981;\"><p style=\"font-size:24px;margin:0 0 10px 0;\">\ud83d\udcca<\/p><p style=\"font-size:16px;font-weight:700;color:#0a2540;margin:0 0 8px 0;\">Sekt\u00f6rel Ara\u015ft\u0131rmalar<\/p><p style=\"font-size:14px;color:#6b7280;margin:0;line-height:1.6;\">Ko\u00e7luk ve mentorluk sekt\u00f6r\u00fcndeki en son ara\u015ft\u0131rmalar, trendler ve istatistikler.<\/p><\/div><\/td><td style=\"width:50%;padding:15px;vertical-align:top;\"><div style=\"background:#faf5ff;border-radius:12px;padding:25px;height:100%;border-left:4px solid #8b5cf6;\"><p style=\"font-size:24px;margin:0 0 10px 0;\">\ud83c\udf1f<\/p><p style=\"font-size:16px;font-weight:700;color:#0a2540;margin:0 0 8px 0;\">\u0130lham Veren Hikayeler<\/p><p style=\"font-size:14px;color:#6b7280;margin:0;line-height:1.6;\">Ko\u00e7luk yolculu\u011funda ba\u015far\u0131ya ula\u015fan profesyonellerin deneyimleri ve hikayeleri.<\/p><\/div><\/td><\/tr><\/table>\t\t\t\t\t\t<\/div>\n\t\t\t\t<\/div>\n\t\t\t\t\t<\/div>\n\t\t<\/div>\n\t\t\t\t\t<\/div>\n\t\t<\/section>\n\t\t\t\t<section class=\"elementor-section elementor-top-section elementor-element elementor-element-17a3d75 elementor-section-full_width elementor-section-height-default elementor-section-height-default\" data-id=\"17a3d75\" data-element_type=\"section\" data-settings=\"{&quot;background_background&quot;:&quot;classic&quot;,&quot;ekit_has_onepagescroll_dot&quot;:&quot;yes&quot;}\">\n\t\t\t\t\t\t<div class=\"elementor-container elementor-column-gap-default\">\n\t\t\t\t\t<div class=\"elementor-column elementor-col-100 elementor-top-column elementor-element elementor-element-\" data-id=\"\" data-element_type=\"column\">\n\t\t\t<div class=\"elementor-widget-wrap elementor-element-populated\">\n\t\t\t\t\t\t<div class=\"elementor-element elementor-element- elementor-widget elementor-widget-text-editor\" data-id=\"\" data-element_type=\"widget\" data-settings=\"{&quot;ekit_we_effect_on&quot;:&quot;none&quot;}\" data-widget_type=\"text-editor.default\">\n\t\t\t\t<div class=\"elementor-widget-container\">\n\t\t\t\t\t\t\t<h2 style=\"text-align:center;font-size:28px;color:#ffffff;font-weight:700;margin:0 0 10px 0;\">Son B\u00fcltenlerimiz<\/h2><p style=\"text-align:center;font-size:14px;color:rgba(255,255,255,0.7);margin:0 0 30px 0;\">LinkedIn&#8217;de yay\u0131nlanan en g\u00fcncel b\u00fclten i\u00e7eriklerimiz<\/p><table style=\"width:100%;max-width:900px;margin:0 auto;border-collapse:collapse;\"><tr><td style=\"padding:10px;width:50%;vertical-align:top;\"><div style=\"background:rgba(255,255,255,0.1);border:1px solid rgba(255,255,255,0.2);border-radius:12px;padding:25px;\"><p style=\"font-size:12px;color:#0077b5;letter-spacing:1px;margin:0 0 8px 0;\">EN YEN\u0130<\/p><p style=\"font-size:17px;font-weight:700;color:#ffffff;margin:0 0 8px 0;\">ACC \u00dcnvanlanma Yolculu\u011fu<\/p><p style=\"font-size:13px;color:rgba(255,255,255,0.7);margin:0;\">&#8220;Bir Sertifika De\u011fil, Bir E\u015fik&#8230;&#8221; \u2013 ACC Olman\u0131n Hik\u00e2yesi<\/p><\/div><\/td><td style=\"padding:10px;width:50%;vertical-align:top;\"><div style=\"background:rgba(255,255,255,0.1);border:1px solid rgba(255,255,255,0.2);border-radius:12px;padding:25px;\"><p style=\"font-size:12px;color:#0077b5;letter-spacing:1px;margin:0 0 8px 0;\">POP\u00dcLER<\/p><p style=\"font-size:17px;font-weight:700;color:#ffffff;margin:0 0 8px 0;\">Profesyonel Ko\u00e7luk Alg\u0131 Ara\u015ft\u0131rmas\u0131<\/p><p style=\"font-size:13px;color:rgba(255,255,255,0.7);margin:0;\">ICF Ko\u00e7luk Alg\u0131 Ara\u015ft\u0131rmas\u0131 sonu\u00e7lar\u0131 ve de\u011ferlendirmeler<\/p><\/div><\/td><\/tr><tr><td style=\"padding:10px;width:50%;vertical-align:top;\"><div style=\"background:rgba(255,255,255,0.1);border:1px solid rgba(255,255,255,0.2);border-radius:12px;padding:25px;\"><p style=\"font-size:12px;color:#0077b5;letter-spacing:1px;margin:0 0 8px 0;\">E\u011e\u0130T\u0130M<\/p><p style=\"font-size:17px;font-weight:700;color:#ffffff;margin:0 0 8px 0;\">Ko\u00e7vari Liderlik Nedir?<\/p><p style=\"font-size:13px;color:rgba(255,255,255,0.7);margin:0;\">Kurumlarda ko\u00e7vari liderlik yakla\u015f\u0131m\u0131 ve uygulamalar\u0131<\/p><\/div><\/td><td style=\"padding:10px;width:50%;vertical-align:top;\"><div style=\"background:rgba(255,255,255,0.1);border:1px solid rgba(255,255,255,0.2);border-radius:12px;padding:25px;\"><p style=\"font-size:12px;color:#0077b5;letter-spacing:1px;margin:0 0 8px 0;\">MENTORluk<\/p><p style=\"font-size:17px;font-weight:700;color:#ffffff;margin:0 0 8px 0;\">Mentorlukta Yeni Yakla\u015f\u0131mlar<\/p><p style=\"font-size:13px;color:rgba(255,255,255,0.7);margin:0;\">De\u011fi\u015fen d\u00fcnyada mentorluk uygulamalar\u0131 ve g\u00fcncel trendler<\/p><\/div><\/td><\/tr><\/table>\t\t\t\t\t\t<\/div>\n\t\t\t\t<\/div>\n\t\t\t\t\t<\/div>\n\t\t<\/div>\n\t\t\t\t\t<\/div>\n\t\t<\/section>\n\t\t\t\t<section class=\"elementor-section elementor-top-section elementor-element elementor-element-093fd70 elementor-section-full_width elementor-section-height-default elementor-section-height-default\" data-id=\"093fd70\" data-element_type=\"section\" data-settings=\"{&quot;background_background&quot;:&quot;classic&quot;,&quot;ekit_has_onepagescroll_dot&quot;:&quot;yes&quot;}\">\n\t\t\t\t\t\t<div class=\"elementor-container elementor-column-gap-default\">\n\t\t\t\t\t<div class=\"elementor-column elementor-col-100 elementor-top-column elementor-element elementor-element-\" data-id=\"\" data-element_type=\"column\">\n\t\t\t<div class=\"elementor-widget-wrap elementor-element-populated\">\n\t\t\t\t\t\t<div class=\"elementor-element elementor-element- elementor-widget elementor-widget-text-editor\" data-id=\"\" data-element_type=\"widget\" data-settings=\"{&quot;ekit_we_effect_on&quot;:&quot;none&quot;}\" data-widget_type=\"text-editor.default\">\n\t\t\t\t<div class=\"elementor-widget-container\">\n\t\t\t\t\t\t\t<div style=\"max-width:700px;margin:0 auto;text-align:center;\"><p style=\"font-size:48px;margin:0 0 15px 0;\">\ud83d\udce8<\/p><h2 style=\"font-size:32px;color:#0a2540;font-weight:700;margin:0 0 15px 0;\">B\u00fcltene Abone Olun<\/h2><p style=\"font-size:16px;color:#6b7280;line-height:1.7;margin:0 0 30px 0;\">Her hafta ko\u00e7luk ve mentorluk d\u00fcnyas\u0131ndan en g\u00fcncel bilgileri, pratik ipu\u00e7lar\u0131n\u0131 ve ilham verici hikayeleri do\u011frudan LinkedIn hesab\u0131n\u0131za al\u0131n.<\/p><a href=\"https:\/\/www.linkedin.com\/newsletters\/pdricma-profesyonel-ko%C3%A7luk-7202231505371164673\/\" target=\"_blank\" style=\"display:inline-block;background:#0077b5;color:#ffffff;padding:16px 40px;border-radius:8px;text-decoration:none;font-size:18px;font-weight:600;\">LinkedIn&#8217;de B\u00fcltene G\u00f6z At\u0131n<\/a><p style=\"font-size:13px;color:#9ca3af;margin-top:15px;\">Ko\u00e7luk yolculu\u011funuzda size rehberlik edecek profesyonel i\u00e7eriklere g\u00f6z at\u0131n!<\/p><\/div>\t\t\t\t\t\t<\/div>\n\t\t\t\t<\/div>\n\t\t\t\t\t<\/div>\n\t\t<\/div>\n\t\t\t\t\t<\/div>\n\t\t<\/section>\n\t\t\t\t<\/div>\n\t\t","protected":false},"excerpt":{"rendered":"<p>PDRICMA Ko\u00e7luk B\u00fclteni PDRICMA olarak her hafta LinkedIn \u00fczerinden yay\u0131nlad\u0131\u011f\u0131m\u0131z Profesyonel Ko\u00e7luk B\u00fclteni ile ko\u00e7luk ve mentorluk d\u00fcnyas\u0131ndan en g\u00fcncel bilgileri, ipu\u00e7lar\u0131n\u0131 ve ilham verici i\u00e7erikleri sizlerle payla\u015f\u0131yoruz. 42 Yay\u0131n 1.163 Abone Haftal\u0131k Yay\u0131n S\u0131kl\u0131\u011f\u0131 B\u00fcltenimizde Neler Var? \ud83c\udfaf ICF Ko\u00e7luk Yetkinlikleri ICF yetkinlikleri, \u00fcnvanlama s\u00fcre\u00e7leri ve profesyonel ko\u00e7luk standartlar\u0131 hakk\u0131nda g\u00fcncel bilgiler. \ud83d\udca1 Ko\u00e7luk \u0130pu\u00e7lar\u0131 Ko\u00e7luk prati\u011finizi g\u00fc\u00e7lendirecek teknikler, ara\u00e7lar ve profesyonel \u00f6neriler. \ud83d\udcca&#8230; <\/p>\n<p class=\"more\"><a class=\"more-link\" href=\"https:\/\/pdricma.com.tr\/en\/pdricma-kocluk-bulteni\/\">Read More<\/a><\/p>","protected":false},"author":6,"featured_media":0,"parent":0,"menu_order":0,"comment_status":"closed","ping_status":"closed","template":"elementor_header_footer","meta":{"footnotes":""},"class_list":["post-7272","page","type-page","status-publish","hentry","is-cat-link-solid-light is-cat-link-rounded"],"yoast_head":"<!-- This site is optimized with the Yoast SEO Premium plugin v24.0 (Yoast SEO v26.9) - https:\/\/yoast.com\/product\/yoast-seo-premium-wordpress\/ -->\n<title>PDRICMA Ko\u00e7luk B\u00fclteni - PDR International Coaching &amp; Mentoring Academy<\/title>\n<meta name=\"robots\" content=\"index, follow, max-snippet:-1, max-image-preview:large, max-video-preview:-1\" \/>\n<link rel=\"canonical\" href=\"https:\/\/pdricma.com.tr\/en\/pdricma-kocluk-bulteni\/\" \/>\n<meta property=\"og:locale\" content=\"en_US\" \/>\n<meta property=\"og:type\" content=\"article\" \/>\n<meta property=\"og:title\" content=\"PDRICMA Ko\u00e7luk B\u00fclteni\" \/>\n<meta property=\"og:description\" content=\"PDRICMA Ko\u00e7luk B\u00fclteni PDRICMA olarak her hafta LinkedIn \u00fczerinden yay\u0131nlad\u0131\u011f\u0131m\u0131z Profesyonel Ko\u00e7luk B\u00fclteni ile ko\u00e7luk ve mentorluk d\u00fcnyas\u0131ndan en g\u00fcncel bilgileri, ipu\u00e7lar\u0131n\u0131 ve ilham verici i\u00e7erikleri sizlerle payla\u015f\u0131yoruz. 42 Yay\u0131n 1.163 Abone Haftal\u0131k Yay\u0131n S\u0131kl\u0131\u011f\u0131 B\u00fcltenimizde Neler Var? \ud83c\udfaf ICF Ko\u00e7luk Yetkinlikleri ICF yetkinlikleri, \u00fcnvanlama s\u00fcre\u00e7leri ve profesyonel ko\u00e7luk standartlar\u0131 hakk\u0131nda g\u00fcncel bilgiler. \ud83d\udca1 Ko\u00e7luk \u0130pu\u00e7lar\u0131 Ko\u00e7luk prati\u011finizi g\u00fc\u00e7lendirecek teknikler, ara\u00e7lar ve profesyonel \u00f6neriler. \ud83d\udcca... Read More\" \/>\n<meta property=\"og:url\" content=\"https:\/\/pdricma.com.tr\/en\/pdricma-kocluk-bulteni\/\" \/>\n<meta property=\"og:site_name\" content=\"PDR International Coaching &amp; Mentoring Academy\" \/>\n<meta property=\"article:publisher\" content=\"https:\/\/www.facebook.com\/people\/PDR-ICMA\/100064844886292\/\" \/>\n<meta property=\"article:modified_time\" content=\"2026-04-04T22:32:40+00:00\" \/>\n<meta name=\"twitter:card\" content=\"summary_large_image\" \/>\n<meta name=\"twitter:label1\" content=\"Est. reading time\" \/>\n\t<meta name=\"twitter:data1\" content=\"3 minutes\" \/>\n<script type=\"application\/ld+json\" class=\"yoast-schema-graph\">{\"@context\":\"https:\/\/schema.org\",\"@graph\":[{\"@type\":\"WebPage\",\"@id\":\"https:\/\/pdricma.com.tr\/pdricma-kocluk-bulteni\/\",\"url\":\"https:\/\/pdricma.com.tr\/pdricma-kocluk-bulteni\/\",\"name\":\"PDRICMA Ko\u00e7luk B\u00fclteni - PDR International Coaching &amp; Mentoring Academy\",\"isPartOf\":{\"@id\":\"https:\/\/pdricma.com.tr\/#website\"},\"datePublished\":\"2024-12-25T07:31:45+00:00\",\"dateModified\":\"2026-04-04T22:32:40+00:00\",\"breadcrumb\":{\"@id\":\"https:\/\/pdricma.com.tr\/pdricma-kocluk-bulteni\/#breadcrumb\"},\"inLanguage\":\"en-US\",\"potentialAction\":[{\"@type\":\"ReadAction\",\"target\":[\"https:\/\/pdricma.com.tr\/pdricma-kocluk-bulteni\/\"]}]},{\"@type\":\"BreadcrumbList\",\"@id\":\"https:\/\/pdricma.com.tr\/pdricma-kocluk-bulteni\/#breadcrumb\",\"itemListElement\":[{\"@type\":\"ListItem\",\"position\":1,\"name\":\"Anasayfa\",\"item\":\"https:\/\/pdricma.com.tr\/\"},{\"@type\":\"ListItem\",\"position\":2,\"name\":\"PDRICMA Ko\u00e7luk B\u00fclteni\"}]},{\"@type\":\"WebSite\",\"@id\":\"https:\/\/pdricma.com.tr\/#website\",\"url\":\"https:\/\/pdricma.com.tr\/\",\"name\":\"PDR International Coaching & Mentoring Academy\",\"description\":\"\",\"publisher\":{\"@id\":\"https:\/\/pdricma.com.tr\/#organization\"},\"potentialAction\":[{\"@type\":\"SearchAction\",\"target\":{\"@type\":\"EntryPoint\",\"urlTemplate\":\"https:\/\/pdricma.com.tr\/?s={search_term_string}\"},\"query-input\":{\"@type\":\"PropertyValueSpecification\",\"valueRequired\":true,\"valueName\":\"search_term_string\"}}],\"inLanguage\":\"en-US\"},{\"@type\":\"Organization\",\"@id\":\"https:\/\/pdricma.com.tr\/#organization\",\"name\":\"PDR International Coaching & Mentoring Academy\",\"url\":\"https:\/\/pdricma.com.tr\/\",\"logo\":{\"@type\":\"ImageObject\",\"inLanguage\":\"en-US\",\"@id\":\"https:\/\/pdricma.com.tr\/#\/schema\/logo\/image\/\",\"url\":\"https:\/\/pdricma.com.tr\/wp-content\/uploads\/2023\/07\/PDRCOACHINGLOGO-01-002-1.png\",\"contentUrl\":\"https:\/\/pdricma.com.tr\/wp-content\/uploads\/2023\/07\/PDRCOACHINGLOGO-01-002-1.png\",\"width\":2307,\"height\":785,\"caption\":\"PDR International Coaching & Mentoring Academy\"},\"image\":{\"@id\":\"https:\/\/pdricma.com.tr\/#\/schema\/logo\/image\/\"},\"sameAs\":[\"https:\/\/www.facebook.com\/people\/PDR-ICMA\/100064844886292\/\",\"https:\/\/www.instagram.com\/pdricma\/\"]}]}<\/script>\n<!-- \/ Yoast SEO Premium plugin. -->","yoast_head_json":{"title":"PDRICMA Ko\u00e7luk B\u00fclteni - PDR International Coaching &amp; Mentoring Academy","robots":{"index":"index","follow":"follow","max-snippet":"max-snippet:-1","max-image-preview":"max-image-preview:large","max-video-preview":"max-video-preview:-1"},"canonical":"https:\/\/pdricma.com.tr\/en\/pdricma-kocluk-bulteni\/","og_locale":"en_US","og_type":"article","og_title":"PDRICMA Ko\u00e7luk B\u00fclteni","og_description":"PDRICMA Ko\u00e7luk B\u00fclteni PDRICMA olarak her hafta LinkedIn \u00fczerinden yay\u0131nlad\u0131\u011f\u0131m\u0131z Profesyonel Ko\u00e7luk B\u00fclteni ile ko\u00e7luk ve mentorluk d\u00fcnyas\u0131ndan en g\u00fcncel bilgileri, ipu\u00e7lar\u0131n\u0131 ve ilham verici i\u00e7erikleri sizlerle payla\u015f\u0131yoruz. 42 Yay\u0131n 1.163 Abone Haftal\u0131k Yay\u0131n S\u0131kl\u0131\u011f\u0131 B\u00fcltenimizde Neler Var? \ud83c\udfaf ICF Ko\u00e7luk Yetkinlikleri ICF yetkinlikleri, \u00fcnvanlama s\u00fcre\u00e7leri ve profesyonel ko\u00e7luk standartlar\u0131 hakk\u0131nda g\u00fcncel bilgiler. \ud83d\udca1 Ko\u00e7luk \u0130pu\u00e7lar\u0131 Ko\u00e7luk prati\u011finizi g\u00fc\u00e7lendirecek teknikler, ara\u00e7lar ve profesyonel \u00f6neriler. \ud83d\udcca... Read More","og_url":"https:\/\/pdricma.com.tr\/en\/pdricma-kocluk-bulteni\/","og_site_name":"PDR International Coaching &amp; Mentoring Academy","article_publisher":"https:\/\/www.facebook.com\/people\/PDR-ICMA\/100064844886292\/","article_modified_time":"2026-04-04T22:32:40+00:00","twitter_card":"summary_large_image","twitter_misc":{"Est. reading time":"3 minutes"},"schema":{"@context":"https:\/\/schema.org","@graph":[{"@type":"WebPage","@id":"https:\/\/pdricma.com.tr\/pdricma-kocluk-bulteni\/","url":"https:\/\/pdricma.com.tr\/pdricma-kocluk-bulteni\/","name":"PDRICMA Ko\u00e7luk B\u00fclteni - PDR International Coaching &amp; Mentoring Academy","isPartOf":{"@id":"https:\/\/pdricma.com.tr\/#website"},"datePublished":"2024-12-25T07:31:45+00:00","dateModified":"2026-04-04T22:32:40+00:00","breadcrumb":{"@id":"https:\/\/pdricma.com.tr\/pdricma-kocluk-bulteni\/#breadcrumb"},"inLanguage":"en-US","potentialAction":[{"@type":"ReadAction","target":["https:\/\/pdricma.com.tr\/pdricma-kocluk-bulteni\/"]}]},{"@type":"BreadcrumbList","@id":"https:\/\/pdricma.com.tr\/pdricma-kocluk-bulteni\/#breadcrumb","itemListElement":[{"@type":"ListItem","position":1,"name":"Anasayfa","item":"https:\/\/pdricma.com.tr\/"},{"@type":"ListItem","position":2,"name":"PDRICMA Ko\u00e7luk B\u00fclteni"}]},{"@type":"WebSite","@id":"https:\/\/pdricma.com.tr\/#website","url":"https:\/\/pdricma.com.tr\/","name":"PDR International Coaching & Mentoring Academy","description":"","publisher":{"@id":"https:\/\/pdricma.com.tr\/#organization"},"potentialAction":[{"@type":"SearchAction","target":{"@type":"EntryPoint","urlTemplate":"https:\/\/pdricma.com.tr\/?s={search_term_string}"},"query-input":{"@type":"PropertyValueSpecification","valueRequired":true,"valueName":"search_term_string"}}],"inLanguage":"en-US"},{"@type":"Organization","@id":"https:\/\/pdricma.com.tr\/#organization","name":"PDR International Coaching & Mentoring Academy","url":"https:\/\/pdricma.com.tr\/","logo":{"@type":"ImageObject","inLanguage":"en-US","@id":"https:\/\/pdricma.com.tr\/#\/schema\/logo\/image\/","url":"https:\/\/pdricma.com.tr\/wp-content\/uploads\/2023\/07\/PDRCOACHINGLOGO-01-002-1.png","contentUrl":"https:\/\/pdricma.com.tr\/wp-content\/uploads\/2023\/07\/PDRCOACHINGLOGO-01-002-1.png","width":2307,"height":785,"caption":"PDR International Coaching & Mentoring Academy"},"image":{"@id":"https:\/\/pdricma.com.tr\/#\/schema\/logo\/image\/"},"sameAs":["https:\/\/www.facebook.com\/people\/PDR-ICMA\/100064844886292\/","https:\/\/www.instagram.com\/pdricma\/"]}]}},"_links":{"self":[{"href":"https:\/\/pdricma.com.tr\/en\/wp-json\/wp\/v2\/pages\/7272","targetHints":{"allow":["GET"]}}],"collection":[{"href":"https:\/\/pdricma.com.tr\/en\/wp-json\/wp\/v2\/pages"}],"about":[{"href":"https:\/\/pdricma.com.tr\/en\/wp-json\/wp\/v2\/types\/page"}],"author":[{"embeddable":true,"href":"https:\/\/pdricma.com.tr\/en\/wp-json\/wp\/v2\/users\/6"}],"replies":[{"embeddable":true,"href":"https:\/\/pdricma.com.tr\/en\/wp-json\/wp\/v2\/comments?post=7272"}],"version-history":[{"count":46,"href":"https:\/\/pdricma.com.tr\/en\/wp-json\/wp\/v2\/pages\/7272\/revisions"}],"predecessor-version":[{"id":8131,"href":"https:\/\/pdricma.com.tr\/en\/wp-json\/wp\/v2\/pages\/7272\/revisions\/8131"}],"wp:attachment":[{"href":"https:\/\/pdricma.com.tr\/en\/wp-json\/wp\/v2\/media?parent=7272"}],"curies":[{"name":"wp","href":"https:\/\/api.w.org\/{rel}","templated":true}]}}