{"id":959,"date":"2018-09-08T13:03:15","date_gmt":"2018-09-08T10:03:15","guid":{"rendered":"http:\/\/themes.pixelwars.org\/efor\/demo-01\/?page_id=959"},"modified":"2026-04-04T15:34:25","modified_gmt":"2026-04-04T12:34:25","slug":"iletisim-2","status":"publish","type":"page","link":"https:\/\/pdricma.com.tr\/en\/iletisim-2\/","title":{"rendered":"Contact"},"content":{"rendered":"\t\t<div data-elementor-type=\"wp-post\" data-elementor-id=\"959\" class=\"elementor elementor-959\">\n\t\t\t\t\t\t<section class=\"elementor-section elementor-top-section elementor-element elementor-element-e06541d elementor-section-height-min-height elementor-section-boxed elementor-section-height-default elementor-section-items-middle\" data-id=\"e06541d\" data-element_type=\"section\" data-settings=\"{&quot;background_background&quot;:&quot;classic&quot;,&quot;ekit_has_onepagescroll_dot&quot;:&quot;yes&quot;}\">\n\t\t\t\t\t\t\t<div class=\"elementor-background-overlay\"><\/div>\n\t\t\t\t\t\t\t<div class=\"elementor-container elementor-column-gap-default\">\n\t\t\t\t\t<div class=\"elementor-column elementor-col-100 elementor-top-column elementor-element elementor-element-\" data-id=\"\" data-element_type=\"column\">\n\t\t\t<div class=\"elementor-widget-wrap elementor-element-populated\">\n\t\t\t\t\t\t<div class=\"elementor-element elementor-element- elementor-widget elementor-widget-heading\" data-id=\"\" data-element_type=\"widget\" data-settings=\"{&quot;ekit_we_effect_on&quot;:&quot;none&quot;}\" data-widget_type=\"heading.default\">\n\t\t\t\t<div class=\"elementor-widget-container\">\n\t\t\t<style>\/*! elementor - v3.21.0 - 08-05-2024 *\/\n.elementor-heading-title{padding:0;margin:0;line-height:1}.elementor-widget-heading .elementor-heading-title[class*=elementor-size-]>a{color:inherit;font-size:inherit;line-height:inherit}.elementor-widget-heading .elementor-heading-title.elementor-size-small{font-size:15px}.elementor-widget-heading .elementor-heading-title.elementor-size-medium{font-size:19px}.elementor-widget-heading .elementor-heading-title.elementor-size-large{font-size:29px}.elementor-widget-heading .elementor-heading-title.elementor-size-xl{font-size:39px}.elementor-widget-heading .elementor-heading-title.elementor-size-xxl{font-size:59px}<\/style><h1 class=\"elementor-heading-title elementor-size-default\">\u0130leti\u015fim<\/h1>\t\t<\/div>\n\t\t\t\t<\/div>\n\t\t\t\t\t<\/div>\n\t\t<\/div>\n\t\t\t\t\t<\/div>\n\t\t<\/section>\n\t\t\t\t<section class=\"elementor-section elementor-top-section elementor-element elementor-element-3baf3d0 elementor-section-full_width elementor-section-height-default elementor-section-height-default\" data-id=\"3baf3d0\" data-element_type=\"section\" data-settings=\"{&quot;background_background&quot;:&quot;classic&quot;,&quot;ekit_has_onepagescroll_dot&quot;:&quot;yes&quot;}\">\n\t\t\t\t\t\t<div class=\"elementor-container elementor-column-gap-default\">\n\t\t\t\t\t<div class=\"elementor-column elementor-col-100 elementor-top-column elementor-element elementor-element-\" data-id=\"\" data-element_type=\"column\">\n\t\t\t<div class=\"elementor-widget-wrap elementor-element-populated\">\n\t\t\t\t\t\t<div class=\"elementor-element elementor-element- elementor-widget elementor-widget-text-editor\" data-id=\"\" data-element_type=\"widget\" data-settings=\"{&quot;ekit_we_effect_on&quot;:&quot;none&quot;}\" data-widget_type=\"text-editor.default\">\n\t\t\t\t<div class=\"elementor-widget-container\">\n\t\t\t<style>\/*! elementor - v3.21.0 - 08-05-2024 *\/\n.elementor-widget-text-editor.elementor-drop-cap-view-stacked .elementor-drop-cap{background-color:#69727d;color:#fff}.elementor-widget-text-editor.elementor-drop-cap-view-framed .elementor-drop-cap{color:#69727d;border:3px solid;background-color:transparent}.elementor-widget-text-editor:not(.elementor-drop-cap-view-default) .elementor-drop-cap{margin-top:8px}.elementor-widget-text-editor:not(.elementor-drop-cap-view-default) .elementor-drop-cap-letter{width:1em;height:1em}.elementor-widget-text-editor .elementor-drop-cap{float:left;text-align:center;line-height:1;font-size:50px}.elementor-widget-text-editor .elementor-drop-cap-letter{display:inline-block}<\/style>\t\t\t\t\n<div style=\"max-width:1100px; margin:0 auto; padding:60px 20px;\">\n  <div style=\"text-align:center; margin-bottom:50px;\">\n    <div style=\"display:inline-block; width:80px; height:4px; background:linear-gradient(90deg, #0d8a8a, #c8a951); border-radius:2px; margin-bottom:20px;\"><\/div>\n    <p style=\"font-size:17px; color:#374151; max-width:700px; margin:0 auto; line-height:1.7;\">Ko\u00e7luk ve mentorluk \u00e7\u00f6z\u00fcmlerimiz hakk\u0131nda bilgi almak, e\u011fitim programlar\u0131m\u0131za kat\u0131lmak veya kurumsal ihtiya\u00e7lar\u0131n\u0131z i\u00e7in bizimle ileti\u015fime ge\u00e7in.<\/p>\n  <\/div>\n\n  <div style=\"display:flex; gap:30px; flex-wrap:wrap; margin-bottom:50px;\">\n    \n    <div style=\"flex:1; min-width:280px; background:#fff; border-radius:16px; padding:35px; box-shadow:0 4px 20px rgba(0,0,0,0.08); border-top:5px solid #0d8a8a; text-align:center;\">\n      <div style=\"width:60px; height:60px; margin:0 auto 20px; background:linear-gradient(135deg, #0d8a8a, #0fb3b3); border-radius:50%; display:flex; align-items:center; justify-content:center;\">\n        <span style=\"font-size:28px; color:#fff;\">&#9742;<\/span>\n      <\/div>\n      <h3 style=\"font-size:18px; color:#0a2540; font-weight:700; margin:0 0 10px 0;\">Telefon<\/h3>\n      <p style=\"font-size:16px; color:#374151; margin:0; font-weight:600;\">(0) 216 709 17 37<\/p>\n    <\/div>\n\n    <div style=\"flex:1; min-width:280px; background:#fff; border-radius:16px; padding:35px; box-shadow:0 4px 20px rgba(0,0,0,0.08); border-top:5px solid #c8a951; text-align:center;\">\n      <div style=\"width:60px; height:60px; margin:0 auto 20px; background:linear-gradient(135deg, #c8a951, #e8c961); border-radius:50%; display:flex; align-items:center; justify-content:center;\">\n        <span style=\"font-size:28px; color:#fff;\">&#9993;<\/span>\n      <\/div>\n      <h3 style=\"font-size:18px; color:#0a2540; font-weight:700; margin:0 0 10px 0;\">E-posta<\/h3>\n      <p style=\"font-size:16px; color:#374151; margin:0;\"><a href=\"mailto:info@pdricma.com.tr\" style=\"color:#0d8a8a; font-weight:600; text-decoration:none;\">info@pdricma.com.tr<\/a><\/p>\n    <\/div>\n\n    <div style=\"flex:1; min-width:280px; background:#fff; border-radius:16px; padding:35px; box-shadow:0 4px 20px rgba(0,0,0,0.08); border-top:5px solid #0d8a8a; text-align:center;\">\n      <div style=\"width:60px; height:60px; margin:0 auto 20px; background:linear-gradient(135deg, #0d8a8a, #0fb3b3); border-radius:50%; display:flex; align-items:center; justify-content:center;\">\n        <span style=\"font-size:28px; color:#fff;\">&#9873;<\/span>\n      <\/div>\n      <h3 style=\"font-size:18px; color:#0a2540; font-weight:700; margin:0 0 10px 0;\">Adres<\/h3>\n      <p style=\"font-size:14px; color:#374151; margin:0; line-height:1.6;\">19 May\u0131s Mah. \u0130n\u00f6n\u00fc Cad. S\u00fcmer Sok.<br>Zita\u015f Bloklar\u0131 D2 Blok Kat:2 Daire:5,<br>34736 Kozyata\u011f\u0131 Kad\u0131k\u00f6y \u0130stanbul<\/p>\n    <\/div>\n\n  <\/div>\n\n  <div style=\"background:#fff; border-radius:16px; padding:50px; box-shadow:0 8px 30px rgba(0,0,0,0.1); border-left:5px solid #0d8a8a;\">\n    <h2 style=\"font-size:28px; color:#0a2540; font-weight:700; margin:0 0 10px 0; text-align:center;\">Bize Yaz\u0131n<\/h2>\n    <p style=\"font-size:15px; color:#6b7280; margin:0 0 30px 0; text-align:center;\">A\u015fa\u011f\u0131daki formu doldurarak bizimle ileti\u015fime ge\u00e7ebilirsiniz.<\/p>\n    \n<div class=\"wpcf7 no-js\" id=\"wpcf7-f3921-o1\" lang=\"tr-TR\" dir=\"ltr\" data-wpcf7-id=\"3921\">\n<div class=\"screen-reader-response\"><p role=\"status\" aria-live=\"polite\" aria-atomic=\"true\"><\/p> <ul><\/ul><\/div>\n<form action=\"\/en\/wp-json\/wp\/v2\/pages\/959#wpcf7-f3921-o1\" method=\"post\" class=\"wpcf7-form init\" aria-label=\"\u0130leti\u015fim Formu\" novalidate=\"novalidate\" data-status=\"init\">\n<fieldset class=\"hidden-fields-container\"><input type=\"hidden\" name=\"_wpcf7\" value=\"3921\" \/><input type=\"hidden\" name=\"_wpcf7_version\" value=\"6.1.5\" \/><input type=\"hidden\" name=\"_wpcf7_locale\" value=\"tr_TR\" \/><input type=\"hidden\" name=\"_wpcf7_unit_tag\" value=\"wpcf7-f3921-o1\" \/><input type=\"hidden\" name=\"_wpcf7_container_post\" value=\"0\" \/><input type=\"hidden\" name=\"_wpcf7_posted_data_hash\" value=\"\" \/>\n<\/fieldset>\n<p><label> Ad\u0131n\u0131z\/Soyad\u0131n\u0131z<br \/>\n<span class=\"wpcf7-form-control-wrap\" data-name=\"your-name\"><input size=\"40\" maxlength=\"400\" class=\"wpcf7-form-control wpcf7-text wpcf7-validates-as-required\" autocomplete=\"name\" aria-required=\"true\" aria-invalid=\"false\" value=\"\" type=\"text\" name=\"your-name\" \/><\/span> <\/label>\n<\/p>\n<p><label> E-Mail Adresiniz<br \/>\n<span class=\"wpcf7-form-control-wrap\" data-name=\"your-email\"><input size=\"40\" maxlength=\"400\" class=\"wpcf7-form-control wpcf7-email wpcf7-validates-as-required wpcf7-text wpcf7-validates-as-email\" autocomplete=\"email\" aria-required=\"true\" aria-invalid=\"false\" value=\"\" type=\"email\" name=\"your-email\" \/><\/span> <\/label>\n<\/p>\n<p><label> Konu<br \/>\n<span class=\"wpcf7-form-control-wrap\" data-name=\"your-subject\"><input size=\"40\" maxlength=\"400\" class=\"wpcf7-form-control wpcf7-text wpcf7-validates-as-required\" aria-required=\"true\" aria-invalid=\"false\" value=\"\" type=\"text\" name=\"your-subject\" \/><\/span> <\/label>\n<\/p>\n<p><label> Mesaj (\u0130ste\u011fe Ba\u011fl\u0131)<br \/>\n<span class=\"wpcf7-form-control-wrap\" data-name=\"your-message\"><textarea cols=\"40\" rows=\"10\" maxlength=\"2000\" class=\"wpcf7-form-control wpcf7-textarea\" aria-invalid=\"false\" name=\"your-message\"><\/textarea><\/span> <\/label>\n<\/p>\n<p><input class=\"wpcf7-form-control wpcf7-submit has-spinner\" type=\"submit\" value=\"G\u00d6NDER\" \/>\n<\/p><div class=\"wpcf7-response-output\" aria-hidden=\"true\"><\/div>\n<\/form>\n<\/div>\n\n  <\/div>\n<\/div>\t\t\t\t\t\t<\/div>\n\t\t\t\t<\/div>\n\t\t\t\t\t<\/div>\n\t\t<\/div>\n\t\t\t\t\t<\/div>\n\t\t<\/section>\n\t\t\t\t<\/div>\n\t\t","protected":false},"excerpt":{"rendered":"<p>\u0130leti\u015fim Ko\u00e7luk ve mentorluk \u00e7\u00f6z\u00fcmlerimiz hakk\u0131nda bilgi almak, e\u011fitim programlar\u0131m\u0131za kat\u0131lmak veya kurumsal ihtiya\u00e7lar\u0131n\u0131z i\u00e7in bizimle ileti\u015fime ge\u00e7in. &#9742; Telefon (0) 216 709 17 37 &#9993; E-posta info@pdricma.com.tr &#9873; Adres 19 May\u0131s Mah. \u0130n\u00f6n\u00fc Cad. S\u00fcmer Sok.Zita\u015f Bloklar\u0131 D2 Blok Kat:2 Daire:5,34736 Kozyata\u011f\u0131 Kad\u0131k\u00f6y \u0130stanbul Bize Yaz\u0131n A\u015fa\u011f\u0131daki formu doldurarak bizimle ileti\u015fime ge\u00e7ebilirsiniz.<\/p>","protected":false},"author":1,"featured_media":0,"parent":0,"menu_order":0,"comment_status":"closed","ping_status":"closed","template":"elementor_header_footer","meta":{"footnotes":""},"class_list":["post-959","page","type-page","status-publish","hentry","is-cat-link-solid-light is-cat-link-rounded"],"yoast_head":"<!-- This site is optimized with the Yoast SEO Premium plugin v24.0 (Yoast SEO v26.9) - https:\/\/yoast.com\/product\/yoast-seo-premium-wordpress\/ -->\n<title>\u0130leti\u015fim - PDR International Coaching &amp; Mentoring Academy<\/title>\n<meta name=\"robots\" content=\"index, follow, max-snippet:-1, max-image-preview:large, max-video-preview:-1\" \/>\n<link rel=\"canonical\" href=\"https:\/\/pdricma.com.tr\/en\/iletisim-2\/\" \/>\n<meta property=\"og:locale\" content=\"en_US\" \/>\n<meta property=\"og:type\" content=\"article\" \/>\n<meta property=\"og:title\" content=\"\u0130leti\u015fim\" \/>\n<meta property=\"og:description\" content=\"\u0130leti\u015fim Ko\u00e7luk ve mentorluk \u00e7\u00f6z\u00fcmlerimiz hakk\u0131nda bilgi almak, e\u011fitim programlar\u0131m\u0131za kat\u0131lmak veya kurumsal ihtiya\u00e7lar\u0131n\u0131z i\u00e7in bizimle ileti\u015fime ge\u00e7in. &#9742; Telefon (0) 216 709 17 37 &#9993; E-posta info@pdricma.com.tr &#9873; Adres 19 May\u0131s Mah. \u0130n\u00f6n\u00fc Cad. S\u00fcmer Sok.Zita\u015f Bloklar\u0131 D2 Blok Kat:2 Daire:5,34736 Kozyata\u011f\u0131 Kad\u0131k\u00f6y \u0130stanbul Bize Yaz\u0131n A\u015fa\u011f\u0131daki formu doldurarak bizimle ileti\u015fime ge\u00e7ebilirsiniz.\" \/>\n<meta property=\"og:url\" content=\"https:\/\/pdricma.com.tr\/en\/iletisim-2\/\" \/>\n<meta property=\"og:site_name\" content=\"PDR International Coaching &amp; Mentoring Academy\" \/>\n<meta property=\"article:publisher\" content=\"https:\/\/www.facebook.com\/people\/PDR-ICMA\/100064844886292\/\" \/>\n<meta property=\"article:modified_time\" content=\"2026-04-04T12:34:25+00:00\" \/>\n<meta name=\"twitter:card\" content=\"summary_large_image\" \/>\n<meta name=\"twitter:label1\" content=\"Est. reading time\" \/>\n\t<meta name=\"twitter:data1\" content=\"1 minute\" \/>\n<script type=\"application\/ld+json\" class=\"yoast-schema-graph\">{\"@context\":\"https:\/\/schema.org\",\"@graph\":[{\"@type\":\"WebPage\",\"@id\":\"https:\/\/pdricma.com.tr\/iletisim-2\/\",\"url\":\"https:\/\/pdricma.com.tr\/iletisim-2\/\",\"name\":\"\u0130leti\u015fim - PDR International Coaching &amp; Mentoring Academy\",\"isPartOf\":{\"@id\":\"https:\/\/pdricma.com.tr\/#website\"},\"datePublished\":\"2018-09-08T10:03:15+00:00\",\"dateModified\":\"2026-04-04T12:34:25+00:00\",\"breadcrumb\":{\"@id\":\"https:\/\/pdricma.com.tr\/iletisim-2\/#breadcrumb\"},\"inLanguage\":\"en-US\",\"potentialAction\":[{\"@type\":\"ReadAction\",\"target\":[\"https:\/\/pdricma.com.tr\/iletisim-2\/\"]}]},{\"@type\":\"BreadcrumbList\",\"@id\":\"https:\/\/pdricma.com.tr\/iletisim-2\/#breadcrumb\",\"itemListElement\":[{\"@type\":\"ListItem\",\"position\":1,\"name\":\"Anasayfa\",\"item\":\"https:\/\/pdricma.com.tr\/\"},{\"@type\":\"ListItem\",\"position\":2,\"name\":\"\u0130leti\u015fim\"}]},{\"@type\":\"WebSite\",\"@id\":\"https:\/\/pdricma.com.tr\/#website\",\"url\":\"https:\/\/pdricma.com.tr\/\",\"name\":\"PDR International Coaching & Mentoring Academy\",\"description\":\"\",\"publisher\":{\"@id\":\"https:\/\/pdricma.com.tr\/#organization\"},\"potentialAction\":[{\"@type\":\"SearchAction\",\"target\":{\"@type\":\"EntryPoint\",\"urlTemplate\":\"https:\/\/pdricma.com.tr\/?s={search_term_string}\"},\"query-input\":{\"@type\":\"PropertyValueSpecification\",\"valueRequired\":true,\"valueName\":\"search_term_string\"}}],\"inLanguage\":\"en-US\"},{\"@type\":\"Organization\",\"@id\":\"https:\/\/pdricma.com.tr\/#organization\",\"name\":\"PDR International Coaching & Mentoring Academy\",\"url\":\"https:\/\/pdricma.com.tr\/\",\"logo\":{\"@type\":\"ImageObject\",\"inLanguage\":\"en-US\",\"@id\":\"https:\/\/pdricma.com.tr\/#\/schema\/logo\/image\/\",\"url\":\"https:\/\/pdricma.com.tr\/wp-content\/uploads\/2023\/07\/PDRCOACHINGLOGO-01-002-1.png\",\"contentUrl\":\"https:\/\/pdricma.com.tr\/wp-content\/uploads\/2023\/07\/PDRCOACHINGLOGO-01-002-1.png\",\"width\":2307,\"height\":785,\"caption\":\"PDR International Coaching & Mentoring Academy\"},\"image\":{\"@id\":\"https:\/\/pdricma.com.tr\/#\/schema\/logo\/image\/\"},\"sameAs\":[\"https:\/\/www.facebook.com\/people\/PDR-ICMA\/100064844886292\/\",\"https:\/\/www.instagram.com\/pdricma\/\"]}]}<\/script>\n<!-- \/ Yoast SEO Premium plugin. -->","yoast_head_json":{"title":"\u0130leti\u015fim - PDR International Coaching &amp; Mentoring Academy","robots":{"index":"index","follow":"follow","max-snippet":"max-snippet:-1","max-image-preview":"max-image-preview:large","max-video-preview":"max-video-preview:-1"},"canonical":"https:\/\/pdricma.com.tr\/en\/iletisim-2\/","og_locale":"en_US","og_type":"article","og_title":"\u0130leti\u015fim","og_description":"\u0130leti\u015fim Ko\u00e7luk ve mentorluk \u00e7\u00f6z\u00fcmlerimiz hakk\u0131nda bilgi almak, e\u011fitim programlar\u0131m\u0131za kat\u0131lmak veya kurumsal ihtiya\u00e7lar\u0131n\u0131z i\u00e7in bizimle ileti\u015fime ge\u00e7in. &#9742; Telefon (0) 216 709 17 37 &#9993; E-posta info@pdricma.com.tr &#9873; Adres 19 May\u0131s Mah. \u0130n\u00f6n\u00fc Cad. S\u00fcmer Sok.Zita\u015f Bloklar\u0131 D2 Blok Kat:2 Daire:5,34736 Kozyata\u011f\u0131 Kad\u0131k\u00f6y \u0130stanbul Bize Yaz\u0131n A\u015fa\u011f\u0131daki formu doldurarak bizimle ileti\u015fime ge\u00e7ebilirsiniz.","og_url":"https:\/\/pdricma.com.tr\/en\/iletisim-2\/","og_site_name":"PDR International Coaching &amp; Mentoring Academy","article_publisher":"https:\/\/www.facebook.com\/people\/PDR-ICMA\/100064844886292\/","article_modified_time":"2026-04-04T12:34:25+00:00","twitter_card":"summary_large_image","twitter_misc":{"Est. reading time":"1 minute"},"schema":{"@context":"https:\/\/schema.org","@graph":[{"@type":"WebPage","@id":"https:\/\/pdricma.com.tr\/iletisim-2\/","url":"https:\/\/pdricma.com.tr\/iletisim-2\/","name":"\u0130leti\u015fim - PDR International Coaching &amp; Mentoring Academy","isPartOf":{"@id":"https:\/\/pdricma.com.tr\/#website"},"datePublished":"2018-09-08T10:03:15+00:00","dateModified":"2026-04-04T12:34:25+00:00","breadcrumb":{"@id":"https:\/\/pdricma.com.tr\/iletisim-2\/#breadcrumb"},"inLanguage":"en-US","potentialAction":[{"@type":"ReadAction","target":["https:\/\/pdricma.com.tr\/iletisim-2\/"]}]},{"@type":"BreadcrumbList","@id":"https:\/\/pdricma.com.tr\/iletisim-2\/#breadcrumb","itemListElement":[{"@type":"ListItem","position":1,"name":"Anasayfa","item":"https:\/\/pdricma.com.tr\/"},{"@type":"ListItem","position":2,"name":"\u0130leti\u015fim"}]},{"@type":"WebSite","@id":"https:\/\/pdricma.com.tr\/#website","url":"https:\/\/pdricma.com.tr\/","name":"PDR International Coaching & Mentoring Academy","description":"","publisher":{"@id":"https:\/\/pdricma.com.tr\/#organization"},"potentialAction":[{"@type":"SearchAction","target":{"@type":"EntryPoint","urlTemplate":"https:\/\/pdricma.com.tr\/?s={search_term_string}"},"query-input":{"@type":"PropertyValueSpecification","valueRequired":true,"valueName":"search_term_string"}}],"inLanguage":"en-US"},{"@type":"Organization","@id":"https:\/\/pdricma.com.tr\/#organization","name":"PDR International Coaching & Mentoring Academy","url":"https:\/\/pdricma.com.tr\/","logo":{"@type":"ImageObject","inLanguage":"en-US","@id":"https:\/\/pdricma.com.tr\/#\/schema\/logo\/image\/","url":"https:\/\/pdricma.com.tr\/wp-content\/uploads\/2023\/07\/PDRCOACHINGLOGO-01-002-1.png","contentUrl":"https:\/\/pdricma.com.tr\/wp-content\/uploads\/2023\/07\/PDRCOACHINGLOGO-01-002-1.png","width":2307,"height":785,"caption":"PDR International Coaching & Mentoring Academy"},"image":{"@id":"https:\/\/pdricma.com.tr\/#\/schema\/logo\/image\/"},"sameAs":["https:\/\/www.facebook.com\/people\/PDR-ICMA\/100064844886292\/","https:\/\/www.instagram.com\/pdricma\/"]}]}},"_links":{"self":[{"href":"https:\/\/pdricma.com.tr\/en\/wp-json\/wp\/v2\/pages\/959","targetHints":{"allow":["GET"]}}],"collection":[{"href":"https:\/\/pdricma.com.tr\/en\/wp-json\/wp\/v2\/pages"}],"about":[{"href":"https:\/\/pdricma.com.tr\/en\/wp-json\/wp\/v2\/types\/page"}],"author":[{"embeddable":true,"href":"https:\/\/pdricma.com.tr\/en\/wp-json\/wp\/v2\/users\/1"}],"replies":[{"embeddable":true,"href":"https:\/\/pdricma.com.tr\/en\/wp-json\/wp\/v2\/comments?post=959"}],"version-history":[{"count":23,"href":"https:\/\/pdricma.com.tr\/en\/wp-json\/wp\/v2\/pages\/959\/revisions"}],"predecessor-version":[{"id":8072,"href":"https:\/\/pdricma.com.tr\/en\/wp-json\/wp\/v2\/pages\/959\/revisions\/8072"}],"wp:attachment":[{"href":"https:\/\/pdricma.com.tr\/en\/wp-json\/wp\/v2\/media?parent=959"}],"curies":[{"name":"wp","href":"https:\/\/api.w.org\/{rel}","templated":true}]}}